{"id":956,"date":"2020-10-08T11:48:18","date_gmt":"2020-10-08T11:48:18","guid":{"rendered":"http:\/\/profenict.bootests.com\/services\/ICT-network-services\/"},"modified":"2025-10-13T13:20:20","modified_gmt":"2025-10-13T13:20:20","slug":"uydu-ag-hizmetleri","status":"publish","type":"page","link":"https:\/\/ict.com.tr\/tr\/hizmetlerimiz\/uydu-ag-hizmetleri\/","title":{"rendered":"Uydu A\u011f Hizmetleri"},"content":{"rendered":"<div class=\"wpb-content-wrapper\"><p>[vc_row][vc_column][vc_row_inner el_class=&#8221;ic-section-1&#8243;][vc_column_inner el_class=&#8221;ic-img&#8221; width=&#8221;1\/2&#8243;][vc_single_image image=&#8221;2808&#8243; img_size=&#8221;full&#8221;][\/vc_column_inner][vc_column_inner el_class=&#8221;ic-section-padding&#8221; width=&#8221;1\/2&#8243;][vc_custom_heading text=&#8221;Uydu A\u011f Hizmetleri&#8221; use_theme_fonts=&#8221;yes&#8221;][vc_column_text css=&#8221;&#8221;]<span style=\"font-weight: 400;\">ICT Telekom\u00fcnikasyon, T\u00fcrkiye, Ortado\u011fu, Orta Asya T\u00fcrki Cumhuriyetler ve Afrika pazar\u0131nda uydu teknolojisine dayal\u0131 radyo ve televizyon yay\u0131nc\u0131l\u0131k hizmeti sunan kurumlar i\u00e7in altyap\u0131 tedari\u011fi yapmakta olup, geni\u015fbant internet ve veri iletim servisleri, bu servislere dayal\u0131 sistem ve entegrasyon hizmetleri sunmaktad\u0131r.<\/span><\/p>\n<p><span style=\"font-weight: 400;\">T\u00fcrkiye\u2019de, BTK taraf\u0131ndan lisansl\u0131 yasal bir uydu hizmetleri sa\u011flay\u0131c\u0131s\u0131 olarak geni\u015fbant \u0130nternet, GMPCS Mobil Telefon hizmetleri ve data hizmetleri sunmakla beraber, VSAT \u00e7\u00f6z\u00fcmleri i\u00e7erisinde SCPC, Ku ve Ka band, DVBS2X, MFTDMA teknolojilerini kullanarak kurumsal ileti\u015fim ve network servisleri sa\u011flamaktad\u0131r.<\/span>[\/vc_column_text][\/vc_column_inner][\/vc_row_inner][vc_row_inner el_class=&#8221;ic-section-2 reverse-row&#8221;][vc_column_inner width=&#8221;1\/2&#8243; offset=&#8221;vc_col-lg-6&#8243;][vc_empty_space height=&#8221;20px&#8221; el_class=&#8221;display&#8221;][vc_custom_heading text=&#8221;Hizmetler&#8221; google_fonts=&#8221;font_family:Montserrat%3Aregular%2C700|font_style:400%20regular%3A400%3Anormal&#8221; el_class=&#8221;ic-sayfa-top&#8221;][vc_column_text]<\/p>\n<ul>\n<li><span style=\"font-weight: 400;\">Uydu \u00fczerinden Internet \u00c7\u00f6z\u00fcmleri<\/span><\/li>\n<li><span style=\"font-weight: 400;\">GSM Backhaul<\/span><\/li>\n<li><span style=\"font-weight: 400;\">\u0130nternet Ba\u011flant\u0131s\u0131 (IPLC)<\/span><\/li>\n<li><span style=\"font-weight: 400;\">SCPC Data Linkleri<\/span><\/li>\n<li><span style=\"font-weight: 400;\">Mesh \u00c7\u00f6z\u00fcmler<\/span><\/li>\n<li><span style=\"font-weight: 400;\">VSAT Networkleri (TDM \/ TMA &amp; DVB-S2 ACM)<\/span><\/li>\n<li><span style=\"font-weight: 400;\">Inmarsat, Iridium, Thuraya Uydu Telefon &amp; Data Hizmetleri&#8221;<\/span><\/li>\n<\/ul>\n<p>[\/vc_column_text][\/vc_column_inner][vc_column_inner el_class=&#8221;ic-img&#8221; width=&#8221;1\/2&#8243;][vc_single_image image=&#8221;2811&#8243; img_size=&#8221;full&#8221; el_class=&#8221;ic-img&#8221;][\/vc_column_inner][\/vc_row_inner][\/vc_column][\/vc_row]<\/p>\n<\/div>","protected":false},"excerpt":{"rendered":"<p>[vc_row][vc_column][vc_row_inner el_class=&#8221;ic-section-1&#8243;][vc_column_inner el_class=&#8221;ic-img&#8221; width=&#8221;1\/2&#8243;][vc_single_image image=&#8221;2808&#8243; img_size=&#8221;full&#8221;][\/vc_column_inner][vc_column_inner el_class=&#8221;ic-section-padding&#8221; width=&#8221;1\/2&#8243;][vc_custom_heading text=&#8221;Uydu A\u011f Hizmetleri&#8221; use_theme_fonts=&#8221;yes&#8221;][vc_column_text css=&#8221;&#8221;]ICT Telekom\u00fcnikasyon, T\u00fcrkiye, Ortado\u011fu, Orta Asya T\u00fcrki Cumhuriyetler [&hellip;]<\/p>\n","protected":false},"author":1,"featured_media":2668,"parent":116,"menu_order":0,"comment_status":"closed","ping_status":"closed","template":"","meta":{"_acf_changed":false,"footnotes":""},"class_list":["post-956","page","type-page","status-publish","has-post-thumbnail","hentry"],"acf":[],"yoast_head":"<!-- This site is optimized with the Yoast SEO plugin v27.2 - https:\/\/yoast.com\/product\/yoast-seo-wordpress\/ -->\n<title>ICT Telekom\u00fcnikasyon - Uydu A\u011f Hizmetleri<\/title>\n<meta name=\"description\" content=\"ICT Telekom\u00fcnikasyon, T\u00fcrkiye, Ortado\u011fu, Orta Asya T\u00fcrki Cumhuriyetler ve Afrika pazar\u0131nda uydu teknolojis ile\u0131 radyo ve televizyon yay\u0131nc\u0131l\u0131k hizmeti sunar\" \/>\n<meta name=\"robots\" content=\"index, follow, max-snippet:-1, max-image-preview:large, max-video-preview:-1\" \/>\n<link rel=\"canonical\" href=\"https:\/\/ict.com.tr\/tr\/hizmetlerimiz\/uydu-ag-hizmetleri\/\" \/>\n<meta property=\"og:locale\" content=\"tr_TR\" \/>\n<meta property=\"og:type\" content=\"article\" \/>\n<meta property=\"og:title\" content=\"ICT Telekom\u00fcnikasyon - Uydu A\u011f Hizmetleri\" \/>\n<meta property=\"og:description\" content=\"ICT Telekom\u00fcnikasyon, T\u00fcrkiye, Ortado\u011fu, Orta Asya T\u00fcrki Cumhuriyetler ve Afrika pazar\u0131nda uydu teknolojis ile\u0131 radyo ve televizyon yay\u0131nc\u0131l\u0131k hizmeti sunar\" \/>\n<meta property=\"og:url\" content=\"https:\/\/ict.com.tr\/tr\/hizmetlerimiz\/uydu-ag-hizmetleri\/\" \/>\n<meta property=\"og:site_name\" content=\"ICT Telekom\u00fcnikasyon\" \/>\n<meta property=\"article:modified_time\" content=\"2025-10-13T13:20:20+00:00\" \/>\n<meta property=\"og:image\" content=\"https:\/\/ict.com.tr\/wp-content\/uploads\/2020\/11\/haberlesme-teknolojileri-background-1.jpg\" \/>\n\t<meta property=\"og:image:width\" content=\"1920\" \/>\n\t<meta property=\"og:image:height\" content=\"500\" \/>\n\t<meta property=\"og:image:type\" content=\"image\/jpeg\" \/>\n<meta name=\"twitter:card\" content=\"summary_large_image\" \/>\n<meta name=\"twitter:label1\" content=\"Tahmini okuma s\u00fcresi\" \/>\n\t<meta name=\"twitter:data1\" content=\"2 dakika\" \/>\n<script type=\"application\/ld+json\" class=\"yoast-schema-graph\">{\"@context\":\"https:\/\/schema.org\",\"@graph\":[{\"@type\":\"WebPage\",\"@id\":\"https:\/\/ict.com.tr\/tr\/hizmetlerimiz\/uydu-ag-hizmetleri\/\",\"url\":\"https:\/\/ict.com.tr\/tr\/hizmetlerimiz\/uydu-ag-hizmetleri\/\",\"name\":\"ICT Telekom\u00fcnikasyon - Uydu A\u011f Hizmetleri\",\"isPartOf\":{\"@id\":\"https:\/\/ict.com.tr\/#website\"},\"primaryImageOfPage\":{\"@id\":\"https:\/\/ict.com.tr\/tr\/hizmetlerimiz\/uydu-ag-hizmetleri\/#primaryimage\"},\"image\":{\"@id\":\"https:\/\/ict.com.tr\/tr\/hizmetlerimiz\/uydu-ag-hizmetleri\/#primaryimage\"},\"thumbnailUrl\":\"https:\/\/ict.com.tr\/wp-content\/uploads\/2020\/11\/haberlesme-teknolojileri-background-1.jpg\",\"datePublished\":\"2020-10-08T11:48:18+00:00\",\"dateModified\":\"2025-10-13T13:20:20+00:00\",\"description\":\"ICT Telekom\u00fcnikasyon, T\u00fcrkiye, Ortado\u011fu, Orta Asya T\u00fcrki Cumhuriyetler ve Afrika pazar\u0131nda uydu teknolojis ile\u0131 radyo ve televizyon yay\u0131nc\u0131l\u0131k hizmeti sunar\",\"breadcrumb\":{\"@id\":\"https:\/\/ict.com.tr\/tr\/hizmetlerimiz\/uydu-ag-hizmetleri\/#breadcrumb\"},\"inLanguage\":\"tr\",\"potentialAction\":[{\"@type\":\"ReadAction\",\"target\":[\"https:\/\/ict.com.tr\/tr\/hizmetlerimiz\/uydu-ag-hizmetleri\/\"]}]},{\"@type\":\"ImageObject\",\"inLanguage\":\"tr\",\"@id\":\"https:\/\/ict.com.tr\/tr\/hizmetlerimiz\/uydu-ag-hizmetleri\/#primaryimage\",\"url\":\"https:\/\/ict.com.tr\/wp-content\/uploads\/2020\/11\/haberlesme-teknolojileri-background-1.jpg\",\"contentUrl\":\"https:\/\/ict.com.tr\/wp-content\/uploads\/2020\/11\/haberlesme-teknolojileri-background-1.jpg\",\"width\":1920,\"height\":500},{\"@type\":\"BreadcrumbList\",\"@id\":\"https:\/\/ict.com.tr\/tr\/hizmetlerimiz\/uydu-ag-hizmetleri\/#breadcrumb\",\"itemListElement\":[{\"@type\":\"ListItem\",\"position\":1,\"name\":\"Home\",\"item\":\"https:\/\/ict.com.tr\/tr\/\"},{\"@type\":\"ListItem\",\"position\":2,\"name\":\"Hizmetlerimiz\",\"item\":\"https:\/\/ict.com.tr\/tr\/hizmetlerimiz\/\"},{\"@type\":\"ListItem\",\"position\":3,\"name\":\"Uydu A\u011f Hizmetleri\"}]},{\"@type\":\"WebSite\",\"@id\":\"https:\/\/ict.com.tr\/#website\",\"url\":\"https:\/\/ict.com.tr\/\",\"name\":\"ICT Telekom\u00fcnikasyon\",\"description\":\"\",\"potentialAction\":[{\"@type\":\"SearchAction\",\"target\":{\"@type\":\"EntryPoint\",\"urlTemplate\":\"https:\/\/ict.com.tr\/?s={search_term_string}\"},\"query-input\":{\"@type\":\"PropertyValueSpecification\",\"valueRequired\":true,\"valueName\":\"search_term_string\"}}],\"inLanguage\":\"tr\"}]}<\/script>\n<!-- \/ Yoast SEO plugin. -->","yoast_head_json":{"title":"ICT Telekom\u00fcnikasyon - Uydu A\u011f Hizmetleri","description":"ICT Telekom\u00fcnikasyon, T\u00fcrkiye, Ortado\u011fu, Orta Asya T\u00fcrki Cumhuriyetler ve Afrika pazar\u0131nda uydu teknolojis ile\u0131 radyo ve televizyon yay\u0131nc\u0131l\u0131k hizmeti sunar","robots":{"index":"index","follow":"follow","max-snippet":"max-snippet:-1","max-image-preview":"max-image-preview:large","max-video-preview":"max-video-preview:-1"},"canonical":"https:\/\/ict.com.tr\/tr\/hizmetlerimiz\/uydu-ag-hizmetleri\/","og_locale":"tr_TR","og_type":"article","og_title":"ICT Telekom\u00fcnikasyon - Uydu A\u011f Hizmetleri","og_description":"ICT Telekom\u00fcnikasyon, T\u00fcrkiye, Ortado\u011fu, Orta Asya T\u00fcrki Cumhuriyetler ve Afrika pazar\u0131nda uydu teknolojis ile\u0131 radyo ve televizyon yay\u0131nc\u0131l\u0131k hizmeti sunar","og_url":"https:\/\/ict.com.tr\/tr\/hizmetlerimiz\/uydu-ag-hizmetleri\/","og_site_name":"ICT Telekom\u00fcnikasyon","article_modified_time":"2025-10-13T13:20:20+00:00","og_image":[{"width":1920,"height":500,"url":"https:\/\/ict.com.tr\/wp-content\/uploads\/2020\/11\/haberlesme-teknolojileri-background-1.jpg","type":"image\/jpeg"}],"twitter_card":"summary_large_image","twitter_misc":{"Tahmini okuma s\u00fcresi":"2 dakika"},"schema":{"@context":"https:\/\/schema.org","@graph":[{"@type":"WebPage","@id":"https:\/\/ict.com.tr\/tr\/hizmetlerimiz\/uydu-ag-hizmetleri\/","url":"https:\/\/ict.com.tr\/tr\/hizmetlerimiz\/uydu-ag-hizmetleri\/","name":"ICT Telekom\u00fcnikasyon - Uydu A\u011f Hizmetleri","isPartOf":{"@id":"https:\/\/ict.com.tr\/#website"},"primaryImageOfPage":{"@id":"https:\/\/ict.com.tr\/tr\/hizmetlerimiz\/uydu-ag-hizmetleri\/#primaryimage"},"image":{"@id":"https:\/\/ict.com.tr\/tr\/hizmetlerimiz\/uydu-ag-hizmetleri\/#primaryimage"},"thumbnailUrl":"https:\/\/ict.com.tr\/wp-content\/uploads\/2020\/11\/haberlesme-teknolojileri-background-1.jpg","datePublished":"2020-10-08T11:48:18+00:00","dateModified":"2025-10-13T13:20:20+00:00","description":"ICT Telekom\u00fcnikasyon, T\u00fcrkiye, Ortado\u011fu, Orta Asya T\u00fcrki Cumhuriyetler ve Afrika pazar\u0131nda uydu teknolojis ile\u0131 radyo ve televizyon yay\u0131nc\u0131l\u0131k hizmeti sunar","breadcrumb":{"@id":"https:\/\/ict.com.tr\/tr\/hizmetlerimiz\/uydu-ag-hizmetleri\/#breadcrumb"},"inLanguage":"tr","potentialAction":[{"@type":"ReadAction","target":["https:\/\/ict.com.tr\/tr\/hizmetlerimiz\/uydu-ag-hizmetleri\/"]}]},{"@type":"ImageObject","inLanguage":"tr","@id":"https:\/\/ict.com.tr\/tr\/hizmetlerimiz\/uydu-ag-hizmetleri\/#primaryimage","url":"https:\/\/ict.com.tr\/wp-content\/uploads\/2020\/11\/haberlesme-teknolojileri-background-1.jpg","contentUrl":"https:\/\/ict.com.tr\/wp-content\/uploads\/2020\/11\/haberlesme-teknolojileri-background-1.jpg","width":1920,"height":500},{"@type":"BreadcrumbList","@id":"https:\/\/ict.com.tr\/tr\/hizmetlerimiz\/uydu-ag-hizmetleri\/#breadcrumb","itemListElement":[{"@type":"ListItem","position":1,"name":"Home","item":"https:\/\/ict.com.tr\/tr\/"},{"@type":"ListItem","position":2,"name":"Hizmetlerimiz","item":"https:\/\/ict.com.tr\/tr\/hizmetlerimiz\/"},{"@type":"ListItem","position":3,"name":"Uydu A\u011f Hizmetleri"}]},{"@type":"WebSite","@id":"https:\/\/ict.com.tr\/#website","url":"https:\/\/ict.com.tr\/","name":"ICT Telekom\u00fcnikasyon","description":"","potentialAction":[{"@type":"SearchAction","target":{"@type":"EntryPoint","urlTemplate":"https:\/\/ict.com.tr\/?s={search_term_string}"},"query-input":{"@type":"PropertyValueSpecification","valueRequired":true,"valueName":"search_term_string"}}],"inLanguage":"tr"}]}},"_links":{"self":[{"href":"https:\/\/ict.com.tr\/tr\/wp-json\/wp\/v2\/pages\/956","targetHints":{"allow":["GET"]}}],"collection":[{"href":"https:\/\/ict.com.tr\/tr\/wp-json\/wp\/v2\/pages"}],"about":[{"href":"https:\/\/ict.com.tr\/tr\/wp-json\/wp\/v2\/types\/page"}],"author":[{"embeddable":true,"href":"https:\/\/ict.com.tr\/tr\/wp-json\/wp\/v2\/users\/1"}],"replies":[{"embeddable":true,"href":"https:\/\/ict.com.tr\/tr\/wp-json\/wp\/v2\/comments?post=956"}],"version-history":[{"count":26,"href":"https:\/\/ict.com.tr\/tr\/wp-json\/wp\/v2\/pages\/956\/revisions"}],"predecessor-version":[{"id":4296,"href":"https:\/\/ict.com.tr\/tr\/wp-json\/wp\/v2\/pages\/956\/revisions\/4296"}],"up":[{"embeddable":true,"href":"https:\/\/ict.com.tr\/tr\/wp-json\/wp\/v2\/pages\/116"}],"wp:featuredmedia":[{"embeddable":true,"href":"https:\/\/ict.com.tr\/tr\/wp-json\/wp\/v2\/media\/2668"}],"wp:attachment":[{"href":"https:\/\/ict.com.tr\/tr\/wp-json\/wp\/v2\/media?parent=956"}],"curies":[{"name":"wp","href":"https:\/\/api.w.org\/{rel}","templated":true}]}}