{"id":79,"date":"2020-08-21T10:26:36","date_gmt":"2020-08-21T10:26:36","guid":{"rendered":"http:\/\/ict-kurumsal.lc\/home\/"},"modified":"2025-12-10T06:55:04","modified_gmt":"2025-12-10T06:55:04","slug":"home","status":"publish","type":"page","link":"https:\/\/ict.com.tr\/tr\/","title":{"rendered":"Anasayfa"},"content":{"rendered":"<div class=\"wpb-content-wrapper\"><p>[vc_row][vc_column]\n        \n        <div class=\"section-header\">\n            <div class=\"section-header__subtitle\">\n                <p> Hizmetlerimiz <\/p>\n            <\/div>\n            <div class=\"section-header__title\">\n                <h2>ICT Telekom\u00fcnikasyon, Medya &amp; Yay\u0131nc\u0131l\u0131k, Uydu Networkleri, Teleport, TV da\u011f\u0131t\u0131m\u0131 ve Uplink &amp; Downlink faaliyet alanlar\u0131nda \u00fcr\u00fcn ve hizmet sunar. <\/h2>\n            <\/div>\n        <\/div>\n        [vc_row_inner el_class=&#8221;anasayfa-section-1 animate__animated wow animate__zoomIn animate__faster&#8221;][vc_column_inner el_class=&#8221;anasayfa-img&#8221; width=&#8221;1\/2&#8243;][vc_single_image image=&#8221;2746&#8243; img_size=&#8221;full&#8221; el_class=&#8221;sag-img&#8221;][\/vc_column_inner][vc_column_inner el_class=&#8221;anasayfa-section-col&#8221; width=&#8221;5\/12&#8243; offset=&#8221;vc_col-lg-offset-1&#8243;][vc_custom_heading text=&#8221;Medya ve Yay\u0131nc\u0131l\u0131k Hizmetleri&#8221; google_fonts=&#8221;font_family:Montserrat%3Aregular%2C700|font_style:400%20regular%3A400%3Anormal&#8221; el_class=&#8221;h2-yazi&#8221;][vc_column_text css=&#8221;&#8221;]ICT Telekom\u00fcnikasyon, 25 y\u0131l\u0131 a\u015fk\u0131n bir s\u00fcredir Medya ve Yay\u0131nc\u0131l\u0131k sekt\u00f6r\u00fcndeki faaliyetlerini geni\u015fletmeye devam ediyor. S\u00fcrekli de\u011fi\u015fimin zorlu ortam\u0131nda, ICT Telekom\u00fcnikasyon, \u00f6zveri ve tecr\u00fcbesi ile teknolojik geli\u015fmeleri devaml\u0131 takip eder ve y\u00fcksek kaliteli hizmet sunarak pazar taleplerini kar\u015f\u0131lar.[\/vc_column_text]<div class=\"ict_butonicts\">\n               <div class=\"butonicts_single\">\n                <a href=\"#\">Devam\u0131n\u0131 Oku <img decoding=\"async\" src=\"\/wp-content\/uploads\/2020\/08\/buton-ict.png\"> <\/a>\n                <\/div>\n               \n            <\/div>[\/vc_column_inner][\/vc_row_inner][vc_row_inner el_class=&#8221;anasayfa-section-2 reverse-row animate__animated wow animate__zoomIn animate__faster&#8221;][vc_column_inner el_class=&#8221;anasayfa-section-col&#8221; width=&#8221;1\/2&#8243; offset=&#8221;vc_col-lg-6&#8243;][vc_custom_heading text=&#8221;Uydu A\u011f Hizmetleri&#8221; font_container=&#8221;tag:h2|text_align:right&#8221; google_fonts=&#8221;font_family:Montserrat%3Aregular%2C700|font_style:400%20regular%3A400%3Anormal&#8221; el_class=&#8221;h2-yazi-sag&#8221;][vc_column_text css=&#8221;&#8221; el_class=&#8221;anasayfa-sag-yazi&#8221;]<\/p>\n<p style=\"text-align: left;\">ICT Telekom\u00fcnikasyon, T\u00fcrkiye, Ortado\u011fu, Orta Asya T\u00fcrki Cumhuriyetler ve Afrika pazar\u0131nda uydu teknolojisine dayal\u0131 radyo ve televizyon yay\u0131nc\u0131l\u0131k hizmeti sunan kurumlar i\u00e7in altyap\u0131 tedari\u011fi yapmakta olup, geni\u015fbant internet ve veri iletim servisleri, bu servislere dayal\u0131 sistem ve entegrasyon hizmetleri sunmaktad\u0131r.<\/p>\n<p>[\/vc_column_text]<div class=\"ict_butonicts\">\n               <div class=\"butonicts_single\">\n                <a href=\"#\">Devam\u0131n\u0131 Oku <img decoding=\"async\" src=\"\/wp-content\/uploads\/2020\/08\/buton-ict.png\"> <\/a>\n                <\/div>\n               \n            <\/div>[\/vc_column_inner][vc_column_inner el_class=&#8221;anasayfa-img&#8221; width=&#8221;1\/2&#8243;][vc_single_image image=&#8221;2808&#8243; img_size=&#8221;full&#8221; el_class=&#8221;sol-img&#8221;][\/vc_column_inner][\/vc_row_inner][vc_row_inner el_class=&#8221;anasayfa-section-1 animate__animated wow animate__zoomIn animate__faster&#8221;][vc_column_inner el_class=&#8221;anasayfa-img&#8221; width=&#8221;1\/2&#8243;][vc_single_image image=&#8221;2811&#8243; img_size=&#8221;full&#8221; el_class=&#8221;sag-img&#8221;][\/vc_column_inner][vc_column_inner el_class=&#8221;anasayfa-section-col&#8221; width=&#8221;5\/12&#8243; offset=&#8221;vc_col-lg-offset-1&#8243;][vc_custom_heading text=&#8221;Teleport Hizmetleri&#8221; google_fonts=&#8221;font_family:Montserrat%3Aregular%2C700|font_style:400%20regular%3A400%3Anormal&#8221; el_class=&#8221;h2-yazi&#8221;][vc_column_text css=&#8221;&#8221;]ICT Telekom\u00fcnikasyon, merkez \u00fcss\u00fc veya aktarma noktas\u0131 olarak T\u00fcrkiye ve di\u011fer uluslararas\u0131 co\u011frafyalarda DTH hizmetleri ba\u015fta olmak \u00fczere, GEO, MEO ve LEO uydular i\u00e7in Teleport hizmetleri i\u00e7in altyap\u0131 \u00e7al\u0131\u015fmalar\u0131n\u0131 tamamlam\u0131\u015ft\u0131r.[\/vc_column_text]<div class=\"ict_butonicts\">\n               <div class=\"butonicts_single\">\n                <a href=\"#\">Devam\u0131n\u0131 Oku <img decoding=\"async\" src=\"\/wp-content\/uploads\/2020\/08\/buton-ict.png\"> <\/a>\n                <\/div>\n               \n            <\/div>[\/vc_column_inner][\/vc_row_inner][\/vc_column][\/vc_row][vc_row full_width=&#8221;stretch_row&#8221; el_class=&#8221;section-icon icon-bg&#8221;][vc_column el_class=&#8221;section-icon-ic&#8221;]\n        \n        <div class=\"section-header\">\n            <div class=\"section-header__subtitle\">\n                <p> \u00c7\u00f6z\u00fcmler <\/p>\n            <\/div>\n            <div class=\"section-header__title\">\n                <h2>ICT Telekom\u00fcnikasyon bir\u00e7ok i\u015f alan\u0131nda \u00e7\u00f6z\u00fcm sunmaktad\u0131r. <\/h2>\n            <\/div>\n        <\/div>\n        [vc_row_inner][vc_column_inner el_class=&#8221;animate__animated wow animate__zoomIn animate__faster&#8221; width=&#8221;1\/4&#8243; offset=&#8221;vc_col-xs-6&#8243;]<div class=\"ict_iconbox\">\n                <div class=\"ict_iconbox_img\">\n                    <img decoding=\"async\" src=\"https:\/\/ict.com.tr\/wp-content\/uploads\/2020\/08\/Enterprise.png\" alt=\"Kurumsal\">\n                <\/div> \n                <div class=\"ict_iconbox_content\">\n                    \n                    <div class=\"ict_iconbox_content_title\">\n                    <a href=\"https:\/\/ict.com.tr\/tr\/cozumler\/kurumsal\/\">\n                        Kurumsal\n                        <img decoding=\"async\" src=\"\/wp-content\/uploads\/2020\/08\/right-arrow.png\">\n                        <\/a>\n                    <\/div>\n                \n                <\/div>\n            <\/div> [\/vc_column_inner][vc_column_inner el_class=&#8221;section-icon-2 animate__animated wow animate__zoomIn animate__faster&#8221; width=&#8221;1\/4&#8243; offset=&#8221;vc_col-xs-6&#8243;]<div class=\"ict_iconbox\">\n                <div class=\"ict_iconbox_img\">\n                    <img decoding=\"async\" src=\"https:\/\/ict.com.tr\/wp-content\/uploads\/2020\/08\/Military.png\" alt=\"Devlet &amp; Askeri\">\n                <\/div> \n                <div class=\"ict_iconbox_content\">\n                    \n                    <div class=\"ict_iconbox_content_title\">\n                    <a href=\"https:\/\/ict.com.tr\/tr\/cozumler\/devlet-askeri\/\">\n                        Devlet &amp; Askeri\n                        <img decoding=\"async\" src=\"\/wp-content\/uploads\/2020\/08\/right-arrow.png\">\n                        <\/a>\n                    <\/div>\n                \n                <\/div>\n            <\/div> [\/vc_column_inner][vc_column_inner el_class=&#8221;section-icon-3 animate__animated wow animate__zoomIn animate__faster&#8221; width=&#8221;1\/4&#8243; offset=&#8221;vc_col-xs-6&#8243;]<div class=\"ict_iconbox\">\n                <div class=\"ict_iconbox_img\">\n                    <img decoding=\"async\" src=\"https:\/\/ict.com.tr\/wp-content\/uploads\/2020\/08\/Healthcare.png\" alt=\"Sa\u011fl\u0131k\">\n                <\/div> \n                <div class=\"ict_iconbox_content\">\n                    \n                    <div class=\"ict_iconbox_content_title\">\n                    <a href=\"https:\/\/ict.com.tr\/tr\/cozumler\/saglik\/\">\n                        Sa\u011fl\u0131k\n                        <img decoding=\"async\" src=\"\/wp-content\/uploads\/2020\/08\/right-arrow.png\">\n                        <\/a>\n                    <\/div>\n                \n                <\/div>\n            <\/div> [\/vc_column_inner][vc_column_inner el_class=&#8221;section-icon-4 animate__animated wow animate__zoomIn animate__faster&#8221; width=&#8221;1\/4&#8243; offset=&#8221;vc_col-xs-6&#8243;]<div class=\"ict_iconbox\">\n                <div class=\"ict_iconbox_img\">\n                    <img decoding=\"async\" src=\"https:\/\/ict.com.tr\/wp-content\/uploads\/2020\/08\/oil.png\" alt=\"Petrol &amp; Gaz\">\n                <\/div> \n                <div class=\"ict_iconbox_content\">\n                    \n                    <div class=\"ict_iconbox_content_title\">\n                    <a href=\"https:\/\/ict.com.tr\/tr\/cozumler\/petrol-gaz\/\">\n                        Petrol &amp; Gaz\n                        <img decoding=\"async\" src=\"\/wp-content\/uploads\/2020\/08\/right-arrow.png\">\n                        <\/a>\n                    <\/div>\n                \n                <\/div>\n            <\/div> [\/vc_column_inner][\/vc_row_inner][vc_row_inner][vc_column_inner el_class=&#8221;animate__animated wow animate__zoomIn animate__faster&#8221; width=&#8221;1\/4&#8243; offset=&#8221;vc_col-xs-6&#8243;]<div class=\"ict_iconbox\">\n                <div class=\"ict_iconbox_img\">\n                    <img decoding=\"async\" src=\"https:\/\/ict.com.tr\/wp-content\/uploads\/2020\/08\/antenna.png\" alt=\"ISP\u2019lar\">\n                <\/div> \n                <div class=\"ict_iconbox_content\">\n                    \n                    <div class=\"ict_iconbox_content_title\">\n                    <a href=\"https:\/\/ict.com.tr\/tr\/cozumler\/isplar\/\">\n                        ISP\u2019lar\n                        <img decoding=\"async\" src=\"\/wp-content\/uploads\/2020\/08\/right-arrow.png\">\n                        <\/a>\n                    <\/div>\n                \n                <\/div>\n            <\/div> [\/vc_column_inner][vc_column_inner el_class=&#8221;section-icon-2 animate__animated wow animate__zoomIn animate__faster&#8221; width=&#8221;1\/4&#8243; offset=&#8221;vc_col-xs-6&#8243;]<div class=\"ict_iconbox\">\n                <div class=\"ict_iconbox_img\">\n                    <img decoding=\"async\" src=\"https:\/\/ict.com.tr\/wp-content\/uploads\/2020\/08\/boat.png\" alt=\"Denizcilik\">\n                <\/div> \n                <div class=\"ict_iconbox_content\">\n                    \n                    <div class=\"ict_iconbox_content_title\">\n                    <a href=\"https:\/\/ict.com.tr\/tr\/cozumler\/denizcilik\/\">\n                        Denizcilik\n                        <img decoding=\"async\" src=\"\/wp-content\/uploads\/2020\/08\/right-arrow.png\">\n                        <\/a>\n                    <\/div>\n                \n                <\/div>\n            <\/div> [\/vc_column_inner][vc_column_inner el_class=&#8221;section-icon-3 animate__animated wow animate__zoomIn animate__faster&#8221; width=&#8221;1\/4&#8243; offset=&#8221;vc_col-xs-6&#8243;]<div class=\"ict_iconbox\">\n                <div class=\"ict_iconbox_img\">\n                    <img decoding=\"async\" src=\"https:\/\/ict.com.tr\/wp-content\/uploads\/2020\/08\/crane.png\" alt=\"\u0130n\u015faat\">\n                <\/div> \n                <div class=\"ict_iconbox_content\">\n                    \n                    <div class=\"ict_iconbox_content_title\">\n                    <a href=\"https:\/\/ict.com.tr\/tr\/cozumler\/insaat\/\">\n                        \u0130n\u015faat\n                        <img decoding=\"async\" src=\"\/wp-content\/uploads\/2020\/08\/right-arrow.png\">\n                        <\/a>\n                    <\/div>\n                \n                <\/div>\n            <\/div> [\/vc_column_inner][vc_column_inner el_class=&#8221;section-icon-4 animate__animated wow animate__zoomIn animate__faster&#8221; width=&#8221;1\/4&#8243; offset=&#8221;vc_col-xs-6&#8243;]<div class=\"ict_iconbox\">\n                <div class=\"ict_iconbox_img\">\n                    <img decoding=\"async\" src=\"https:\/\/ict.com.tr\/wp-content\/uploads\/2020\/08\/paper-diploma.png\" alt=\"Uzaktan \u00d6\u011frenim \/<br \/>\nE\u011fitim\">\n                <\/div> \n                <div class=\"ict_iconbox_content\">\n                    \n                    <div class=\"ict_iconbox_content_title\">\n                    <a href=\"https:\/\/ict.com.tr\/tr\/cozumler\/uzaktan-ogrenim-egitim\/\">\n                        Uzaktan \u00d6\u011frenim \/<br \/>\nE\u011fitim\n                        <img decoding=\"async\" src=\"\/wp-content\/uploads\/2020\/08\/right-arrow.png\">\n                        <\/a>\n                    <\/div>\n                \n                <\/div>\n            <\/div> [\/vc_column_inner][\/vc_row_inner][vc_row_inner][vc_column_inner el_class=&#8221;animate__animated wow animate__zoomIn animate__faster&#8221; width=&#8221;1\/4&#8243; offset=&#8221;vc_col-xs-6&#8243;]<div class=\"ict_iconbox\">\n                <div class=\"ict_iconbox_img\">\n                    <img decoding=\"async\" src=\"https:\/\/ict.com.tr\/wp-content\/uploads\/2020\/08\/flight.png\" alt=\"Havac\u0131l\u0131k\">\n                <\/div> \n                <div class=\"ict_iconbox_content\">\n                    \n                    <div class=\"ict_iconbox_content_title\">\n                    <a href=\"https:\/\/ict.com.tr\/tr\/cozumler\/havacilik\/\">\n                        Havac\u0131l\u0131k\n                        <img decoding=\"async\" src=\"\/wp-content\/uploads\/2020\/08\/right-arrow.png\">\n                        <\/a>\n                    <\/div>\n                \n                <\/div>\n            <\/div> [\/vc_column_inner][vc_column_inner el_class=&#8221;section-icon-2 animate__animated wow animate__zoomIn animate__faster&#8221; width=&#8221;1\/4&#8243; offset=&#8221;vc_col-xs-6&#8243;]<div class=\"ict_iconbox\">\n                <div class=\"ict_iconbox_img\">\n                    <img decoding=\"async\" src=\"https:\/\/ict.com.tr\/wp-content\/uploads\/2020\/08\/surface1.png\" alt=\"Madencilik\">\n                <\/div> \n                <div class=\"ict_iconbox_content\">\n                    \n                    <div class=\"ict_iconbox_content_title\">\n                    <a href=\"https:\/\/ict.com.tr\/tr\/cozumler\/madencilik\/\">\n                        Madencilik\n                        <img decoding=\"async\" src=\"\/wp-content\/uploads\/2020\/08\/right-arrow.png\">\n                        <\/a>\n                    <\/div>\n                \n                <\/div>\n            <\/div> [\/vc_column_inner][vc_column_inner el_class=&#8221;section-icon-3 animate__animated wow animate__zoomIn animate__faster&#8221; width=&#8221;1\/4&#8243; offset=&#8221;vc_col-xs-6&#8243;]<div class=\"ict_iconbox\">\n                <div class=\"ict_iconbox_img\">\n                    <img decoding=\"async\" src=\"https:\/\/ict.com.tr\/wp-content\/uploads\/2020\/08\/wireless-charging.png\" alt=\"Enerji\">\n                <\/div> \n                <div class=\"ict_iconbox_content\">\n                    \n                    <div class=\"ict_iconbox_content_title\">\n                    <a href=\"https:\/\/ict.com.tr\/tr\/cozumler\/enerji\/\">\n                        Enerji\n                        <img decoding=\"async\" src=\"\/wp-content\/uploads\/2020\/08\/right-arrow.png\">\n                        <\/a>\n                    <\/div>\n                \n                <\/div>\n            <\/div> [\/vc_column_inner][vc_column_inner el_class=&#8221;section-icon-4&#8243; width=&#8221;1\/4&#8243;][\/vc_column_inner][\/vc_row_inner][\/vc_column][\/vc_row]<\/p>\n<\/div>","protected":false},"excerpt":{"rendered":"<p>[vc_row][vc_column][vc_row_inner el_class=&#8221;anasayfa-section-1 animate__animated wow animate__zoomIn animate__faster&#8221;][vc_column_inner el_class=&#8221;anasayfa-img&#8221; width=&#8221;1\/2&#8243;][vc_single_image image=&#8221;2746&#8243; img_size=&#8221;full&#8221; el_class=&#8221;sag-img&#8221;][\/vc_column_inner][vc_column_inner el_class=&#8221;anasayfa-section-col&#8221; width=&#8221;5\/12&#8243; offset=&#8221;vc_col-lg-offset-1&#8243;][vc_custom_heading text=&#8221;Medya ve Yay\u0131nc\u0131l\u0131k Hizmetleri&#8221; google_fonts=&#8221;font_family:Montserrat%3Aregular%2C700|font_style:400%20regular%3A400%3Anormal&#8221; el_class=&#8221;h2-yazi&#8221;][vc_column_text [&hellip;]<\/p>\n","protected":false},"author":1,"featured_media":0,"parent":0,"menu_order":-10,"comment_status":"closed","ping_status":"closed","template":"","meta":{"_acf_changed":false,"footnotes":""},"class_list":["post-79","page","type-page","status-publish","hentry"],"acf":[],"yoast_head":"<!-- This site is optimized with the Yoast SEO plugin v27.2 - https:\/\/yoast.com\/product\/yoast-seo-wordpress\/ -->\n<title>ICT Telekom\u00fcnikasyon<\/title>\n<meta name=\"description\" content=\"ICT Telekom\u00fcnikasyon, Medya, Uydu Networkleri, Teleport, TV da\u011f\u0131t\u0131m\u0131 ve Uplink &amp; Downlink faaliyet alanlar\u0131nda \u00fcr\u00fcn ve hizmet sunar.\" \/>\n<meta name=\"robots\" content=\"index, follow, max-snippet:-1, max-image-preview:large, max-video-preview:-1\" \/>\n<link rel=\"canonical\" href=\"https:\/\/ict.com.tr\/tr\/\" \/>\n<meta property=\"og:locale\" content=\"tr_TR\" \/>\n<meta property=\"og:type\" content=\"article\" \/>\n<meta property=\"og:title\" content=\"ICT Telekom\u00fcnikasyon\" \/>\n<meta property=\"og:description\" content=\"ICT Telekom\u00fcnikasyon, Medya, Uydu Networkleri, Teleport, TV da\u011f\u0131t\u0131m\u0131 ve Uplink &amp; Downlink faaliyet alanlar\u0131nda \u00fcr\u00fcn ve hizmet sunar.\" \/>\n<meta property=\"og:url\" content=\"https:\/\/ict.com.tr\/tr\/\" \/>\n<meta property=\"og:site_name\" content=\"ICT Telekom\u00fcnikasyon\" \/>\n<meta property=\"article:modified_time\" content=\"2025-12-10T06:55:04+00:00\" \/>\n<meta property=\"og:image\" content=\"https:\/\/ict.com.tr\/wp-content\/uploads\/2023\/10\/ict-logo-1.png\" \/>\n\t<meta property=\"og:image:width\" content=\"80\" \/>\n\t<meta property=\"og:image:height\" content=\"55\" \/>\n\t<meta property=\"og:image:type\" content=\"image\/png\" \/>\n<meta name=\"twitter:card\" content=\"summary_large_image\" \/>\n<meta name=\"twitter:label1\" content=\"Tahmini okuma s\u00fcresi\" \/>\n\t<meta name=\"twitter:data1\" content=\"5 dakika\" \/>\n<script type=\"application\/ld+json\" class=\"yoast-schema-graph\">{\"@context\":\"https:\/\/schema.org\",\"@graph\":[{\"@type\":\"WebPage\",\"@id\":\"https:\/\/ict.com.tr\/tr\/\",\"url\":\"https:\/\/ict.com.tr\/tr\/\",\"name\":\"ICT Telekom\u00fcnikasyon\",\"isPartOf\":{\"@id\":\"https:\/\/ict.com.tr\/#website\"},\"datePublished\":\"2020-08-21T10:26:36+00:00\",\"dateModified\":\"2025-12-10T06:55:04+00:00\",\"description\":\"ICT Telekom\u00fcnikasyon, Medya, Uydu Networkleri, Teleport, TV da\u011f\u0131t\u0131m\u0131 ve Uplink & Downlink faaliyet alanlar\u0131nda \u00fcr\u00fcn ve hizmet sunar.\",\"breadcrumb\":{\"@id\":\"https:\/\/ict.com.tr\/tr\/#breadcrumb\"},\"inLanguage\":\"tr\",\"potentialAction\":[{\"@type\":\"ReadAction\",\"target\":[\"https:\/\/ict.com.tr\/tr\/\"]}]},{\"@type\":\"BreadcrumbList\",\"@id\":\"https:\/\/ict.com.tr\/tr\/#breadcrumb\",\"itemListElement\":[{\"@type\":\"ListItem\",\"position\":1,\"name\":\"Home\",\"item\":\"https:\/\/ict.com.tr\/tr\/\"},{\"@type\":\"ListItem\",\"position\":2,\"name\":\"Anasayfa\"}]},{\"@type\":\"WebSite\",\"@id\":\"https:\/\/ict.com.tr\/#website\",\"url\":\"https:\/\/ict.com.tr\/\",\"name\":\"ICT Telekom\u00fcnikasyon\",\"description\":\"\",\"potentialAction\":[{\"@type\":\"SearchAction\",\"target\":{\"@type\":\"EntryPoint\",\"urlTemplate\":\"https:\/\/ict.com.tr\/?s={search_term_string}\"},\"query-input\":{\"@type\":\"PropertyValueSpecification\",\"valueRequired\":true,\"valueName\":\"search_term_string\"}}],\"inLanguage\":\"tr\"}]}<\/script>\n<!-- \/ Yoast SEO plugin. -->","yoast_head_json":{"title":"ICT Telekom\u00fcnikasyon","description":"ICT Telekom\u00fcnikasyon, Medya, Uydu Networkleri, Teleport, TV da\u011f\u0131t\u0131m\u0131 ve Uplink & Downlink faaliyet alanlar\u0131nda \u00fcr\u00fcn ve hizmet sunar.","robots":{"index":"index","follow":"follow","max-snippet":"max-snippet:-1","max-image-preview":"max-image-preview:large","max-video-preview":"max-video-preview:-1"},"canonical":"https:\/\/ict.com.tr\/tr\/","og_locale":"tr_TR","og_type":"article","og_title":"ICT Telekom\u00fcnikasyon","og_description":"ICT Telekom\u00fcnikasyon, Medya, Uydu Networkleri, Teleport, TV da\u011f\u0131t\u0131m\u0131 ve Uplink & Downlink faaliyet alanlar\u0131nda \u00fcr\u00fcn ve hizmet sunar.","og_url":"https:\/\/ict.com.tr\/tr\/","og_site_name":"ICT Telekom\u00fcnikasyon","article_modified_time":"2025-12-10T06:55:04+00:00","og_image":[{"width":80,"height":55,"url":"https:\/\/ict.com.tr\/wp-content\/uploads\/2023\/10\/ict-logo-1.png","type":"image\/png"}],"twitter_card":"summary_large_image","twitter_misc":{"Tahmini okuma s\u00fcresi":"5 dakika"},"schema":{"@context":"https:\/\/schema.org","@graph":[{"@type":"WebPage","@id":"https:\/\/ict.com.tr\/tr\/","url":"https:\/\/ict.com.tr\/tr\/","name":"ICT Telekom\u00fcnikasyon","isPartOf":{"@id":"https:\/\/ict.com.tr\/#website"},"datePublished":"2020-08-21T10:26:36+00:00","dateModified":"2025-12-10T06:55:04+00:00","description":"ICT Telekom\u00fcnikasyon, Medya, Uydu Networkleri, Teleport, TV da\u011f\u0131t\u0131m\u0131 ve Uplink & Downlink faaliyet alanlar\u0131nda \u00fcr\u00fcn ve hizmet sunar.","breadcrumb":{"@id":"https:\/\/ict.com.tr\/tr\/#breadcrumb"},"inLanguage":"tr","potentialAction":[{"@type":"ReadAction","target":["https:\/\/ict.com.tr\/tr\/"]}]},{"@type":"BreadcrumbList","@id":"https:\/\/ict.com.tr\/tr\/#breadcrumb","itemListElement":[{"@type":"ListItem","position":1,"name":"Home","item":"https:\/\/ict.com.tr\/tr\/"},{"@type":"ListItem","position":2,"name":"Anasayfa"}]},{"@type":"WebSite","@id":"https:\/\/ict.com.tr\/#website","url":"https:\/\/ict.com.tr\/","name":"ICT Telekom\u00fcnikasyon","description":"","potentialAction":[{"@type":"SearchAction","target":{"@type":"EntryPoint","urlTemplate":"https:\/\/ict.com.tr\/?s={search_term_string}"},"query-input":{"@type":"PropertyValueSpecification","valueRequired":true,"valueName":"search_term_string"}}],"inLanguage":"tr"}]}},"_links":{"self":[{"href":"https:\/\/ict.com.tr\/tr\/wp-json\/wp\/v2\/pages\/79","targetHints":{"allow":["GET"]}}],"collection":[{"href":"https:\/\/ict.com.tr\/tr\/wp-json\/wp\/v2\/pages"}],"about":[{"href":"https:\/\/ict.com.tr\/tr\/wp-json\/wp\/v2\/types\/page"}],"author":[{"embeddable":true,"href":"https:\/\/ict.com.tr\/tr\/wp-json\/wp\/v2\/users\/1"}],"replies":[{"embeddable":true,"href":"https:\/\/ict.com.tr\/tr\/wp-json\/wp\/v2\/comments?post=79"}],"version-history":[{"count":55,"href":"https:\/\/ict.com.tr\/tr\/wp-json\/wp\/v2\/pages\/79\/revisions"}],"predecessor-version":[{"id":4343,"href":"https:\/\/ict.com.tr\/tr\/wp-json\/wp\/v2\/pages\/79\/revisions\/4343"}],"wp:attachment":[{"href":"https:\/\/ict.com.tr\/tr\/wp-json\/wp\/v2\/media?parent=79"}],"curies":[{"name":"wp","href":"https:\/\/api.w.org\/{rel}","templated":true}]}}