{"id":578,"date":"2020-10-13T10:27:03","date_gmt":"2020-10-13T10:27:03","guid":{"rendered":"http:\/\/ict-kurumsal.lc\/?page_id=578"},"modified":"2025-10-13T13:26:09","modified_gmt":"2025-10-13T13:26:09","slug":"kariyer","status":"publish","type":"page","link":"https:\/\/ict.com.tr\/tr\/kurumsal\/kariyer\/","title":{"rendered":"Kariyer"},"content":{"rendered":"<div class=\"wpb-content-wrapper\"><p>[vc_row css=&#8221;.vc_custom_1605511818729{background-color: #e5e5e5 !important;}&#8221;][vc_column][vc_row_inner][vc_column_inner width=&#8221;1\/2&#8243;][vc_custom_heading text=&#8221;Genel Ba\u015fvuru&#8221;][vc_column_text css=&#8221;&#8221;]Genel Ba\u015fvuru belirli bir pozisyona ba\u011fl\u0131 olarak yay\u0131nlanmamaktad\u0131r.<\/p>\n<p>Ba\u015fvuruda bulunmak istedi\u011finiz alanda yay\u0131nlanm\u0131\u015f bir ilan\u0131m\u0131z bulunmuyorsa, \u00e7al\u0131\u015fmak istedi\u011finiz alan, pozisyon, lokasyon bilgisini \u201cEklemek \u0130stedikleriniz\u201d b\u00f6l\u00fcm\u00fcne yazabilirsiniz.<\/p>\n<p>Sahip oldu\u011funuz nitelikler ve kariyer beklentileriniz uyu\u015fmas\u0131 durumunda sizinle irtibata ge\u00e7ilecektir. Yapm\u0131\u015f oldu\u011funuz ba\u015fvurular sadece ICT Telekom\u00fcnikasyon \u0130nsan Kaynaklar\u0131 taraf\u0131ndan incelenecek olup t\u00fcm ba\u015fvurular gizlilik esas\u0131 \u00e7er\u00e7evesinde de\u011ferlendirilecektir.<\/p>\n<p>ICT Telekom\u00fcnikasyon&#8217;a g\u00f6stermi\u015f oldu\u011funuz ilgiden dolay\u0131 te\u015fekk\u00fcr eder, \u00e7al\u0131\u015fma ya\u015fam\u0131n\u0131zda ba\u015far\u0131lar dileriz.[\/vc_column_text][\/vc_column_inner][vc_column_inner width=&#8221;1\/2&#8243;][vc_custom_heading text=&#8221;Staj Ba\u015fvuru&#8221;][vc_column_text]Gelecek ku\u015faklar\u0131 \u201cYar\u0131n\u0131n D\u00fcnyas\u0131na\u201d haz\u0131rlamak, onlar\u0131n potansiyellerini g\u00f6sterebilmeleri i\u00e7in f\u0131rsat sunuyoruz.<\/p>\n<p>\u00dcniversitelerin ilgili b\u00f6l\u00fcmlerinde e\u011fitim g\u00f6ren staj yapmay\u0131 talep eden \u00f6\u011frencilerin ba\u015fvurular\u0131, proje konusu ve \u015firket ihtiyac\u0131 do\u011frultusunda de\u011ferlendirmeye al\u0131nmaktad\u0131r.[\/vc_column_text][\/vc_column_inner][\/vc_row_inner][vc_empty_space height=&#8221;50px&#8221;][\/vc_column][\/vc_row][vc_row][vc_column]<div class=\"container\">\n\n\n\n            <div class=\"tctf row\">\n\n                <div class=\"tctf__form col-lg-8\">\n\n                    <span class=\"contactform-title\"><\/span>\n\n                    <p><\/p>\n\n                    <div class=\"tctf__form-shortcode\">\n<div class=\"wpcf7 no-js\" id=\"wpcf7-f1329-o1\" lang=\"en-US\" dir=\"ltr\" data-wpcf7-id=\"1329\">\n<div class=\"screen-reader-response\"><p role=\"status\" aria-live=\"polite\" aria-atomic=\"true\"><\/p> <ul><\/ul><\/div>\n<form action=\"\/tr\/wp-json\/wp\/v2\/pages\/578#wpcf7-f1329-o1\" method=\"post\" class=\"wpcf7-form init cf7mls-no-scroll cf7mls-no-moving-animation\" aria-label=\"Contact form\" enctype=\"multipart\/form-data\" novalidate=\"novalidate\" data-status=\"init\">\n<fieldset class=\"hidden-fields-container\"><input type=\"hidden\" name=\"_wpcf7\" value=\"1329\" \/><input type=\"hidden\" name=\"_wpcf7_version\" value=\"6.1.5\" \/><input type=\"hidden\" name=\"_wpcf7_locale\" value=\"en_US\" \/><input type=\"hidden\" name=\"_wpcf7_unit_tag\" value=\"wpcf7-f1329-o1\" \/><input type=\"hidden\" name=\"_wpcf7_container_post\" value=\"0\" \/><input type=\"hidden\" name=\"_wpcf7_posted_data_hash\" value=\"\" \/><input type=\"hidden\" name=\"_wpcf7_recaptcha_response\" value=\"\" \/>\n<\/fieldset>\n<div class=\"profen-contact-form\">\n\t<div class=\"row\">\n\t\t<div class=\"col-lg-6 col-12\">\n\t\t\t<p><label> *Ad, Soyad<br \/>\n<span class=\"wpcf7-form-control-wrap\" data-name=\"your-name\"><input size=\"40\" maxlength=\"400\" class=\"wpcf7-form-control wpcf7-text wpcf7-validates-as-required alphaonly\" aria-required=\"true\" aria-invalid=\"false\" value=\"\" type=\"text\" name=\"your-name\" \/><\/span><\/label>\n\t\t\t<\/p>\n\t\t<\/div>\n\t\t<div class=\"col-lg-6 col-12\">\n\t\t\t<p><label> *Mail<br \/>\n<span class=\"wpcf7-form-control-wrap\" data-name=\"your-email\"><input size=\"40\" maxlength=\"400\" class=\"wpcf7-form-control wpcf7-email wpcf7-validates-as-required wpcf7-text wpcf7-validates-as-email\" aria-required=\"true\" aria-invalid=\"false\" value=\"\" type=\"email\" name=\"your-email\" \/><\/span> <\/label>\n\t\t\t<\/p>\n\t\t<\/div>\n\t<\/div>\n\t<div class=\"row\">\n\t\t<div class=\"col-lg-6 col-12\">\n\t\t\t<p><label> *Telefon<br \/>\n<span class=\"wpcf7-form-control-wrap\" data-name=\"phone\"><input size=\"40\" maxlength=\"400\" class=\"wpcf7-form-control wpcf7-tel wpcf7-validates-as-required wpcf7-text wpcf7-validates-as-tel\" aria-required=\"true\" aria-invalid=\"false\" value=\"\" type=\"tel\" name=\"phone\" \/><\/span><\/label>\n\t\t\t<\/p>\n\t\t<\/div>\n\t\t<div class=\"col-lg-6 col-12\">\n\t\t\t<p><label> *Ba\u015fvuru Pozisyonu<br \/>\n<span class=\"wpcf7-form-control-wrap\" data-name=\"basvuru-pozisyonu\"><input size=\"40\" maxlength=\"400\" class=\"wpcf7-form-control wpcf7-text wpcf7-validates-as-required\" aria-required=\"true\" aria-invalid=\"false\" value=\"\" type=\"text\" name=\"basvuru-pozisyonu\" \/><\/span><\/label>\n\t\t\t<\/p>\n\t\t<\/div>\n\t<\/div>\n\t<div class=\"row\">\n\t\t<div class=\"col-lg-6 col-12\">\n\t\t\t<p><label> *Linkedin Adresi<br \/>\n<span class=\"wpcf7-form-control-wrap\" data-name=\"linkedin-adresi\"><input size=\"40\" maxlength=\"400\" class=\"wpcf7-form-control wpcf7-text wpcf7-validates-as-required\" aria-required=\"true\" aria-invalid=\"false\" value=\"\" type=\"text\" name=\"linkedin-adresi\" \/><\/span><\/label>\n\t\t\t<\/p>\n\t\t<\/div>\n\t\t<div class=\"col-lg-6 col-12\">\n\t\t\t<p><label> *CV (pdf | png | jpg | jpeg) <\/label><br \/>\n<span class=\"wpcf7-form-control-wrap\" data-name=\"id:cv-yukleme\"><input size=\"40\" class=\"wpcf7-form-control wpcf7-file wpcf7-validates-as-required\" accept=\".pdf,.png,.jpg,.jpeg\" aria-required=\"true\" aria-invalid=\"false\" type=\"file\" name=\"id:cv-yukleme\" \/><\/span>\n\t\t\t<\/p>\n\t\t<\/div>\n\t<\/div>\n\t<div class=\"row\">\n\t\t<div class=\"col-12 textarea\">\n\t\t\t<p><label> Mesaj <\/label><br \/>\n<span class=\"wpcf7-form-control-wrap\" data-name=\"your-message\"><textarea cols=\"40\" rows=\"1\" maxlength=\"2000\" class=\"wpcf7-form-control wpcf7-textarea\" aria-invalid=\"false\" name=\"your-message\"><\/textarea><\/span>\n\t\t\t<\/p>\n\t\t<\/div>\n\t<\/div>\n\t<div class=\"row\">\n\t<\/div>\n\t<div class=\"row\">\n\t\t<div class=\"col-12 textarea\">\n\t\t\t<p><span class=\"wpcf7-form-control-wrap\" data-name=\"veri-onay\"><span class=\"wpcf7-form-control wpcf7-acceptance\"><span class=\"wpcf7-list-item\"><label><input type=\"checkbox\" name=\"veri-onay\" value=\"1\" aria-invalid=\"false\" \/><span class=\"wpcf7-list-item-label\"><a href=\"\/kvkk\/\" target=\"_blank\">KVKK<\/a>'y\u0131 okudum, kabul ediyorum.<\/span><\/label><\/span><\/span><\/span>\n\t\t\t<\/p>\n\t\t<\/div>\n\t<\/div>\n\t<div class=\"row\">\n\t\t<div class=\"col-12 text-lg-right send-btn\">\n\t\t\t<p><input class=\"wpcf7-form-control wpcf7-submit has-spinner\" type=\"submit\" value=\"G\u00f6nder\" \/>\n\t\t\t<\/p>\n\t\t<\/div>\n\t<\/div>\n<\/div><div class=\"wpcf7-response-output\" aria-hidden=\"true\"><\/div>\n<\/form>\n<\/div>\n<\/div>\n\n                <\/div>\n\n                <div class=\"tctf__dtls col-lg-4\">\n\n                    <div class=\"row title\">\n\n                        <div class=\"col-12\">\n\n                            <h3><\/h3>\n\n                        <\/div>\n\n                    <\/div>\n\n\n\n                    <div class=\"row\">\n\n                        <div class=\"col-2\">\n\n                            <img decoding=\"async\" class=\"m-0\" src=\"https:\/\/ict.com.tr\/wp-content\/themes\/ict-profen\/assets\/icon\/phone.svg\" style=\"width: 26px; height: 26px;\" alt=\"phone\">\n\n                        <\/div>\n\n                        <div class=\"col-10\">\n\n                            <p> Phone <\/p>\n\n                            <a href=\"tel:+90 (212) 210 27 70\">+90 (212) 210 27 70<\/a>\n\n                        <\/div>\n\n                    <\/div>\n\n\n\n               \n\n\n\n                    <div class=\"row\">\n\n                        <div class=\"col-2\">\n\n                            <img decoding=\"async\" class=\"m-0\" src=\"https:\/\/ict.com.tr\/wp-content\/themes\/ict-profen\/assets\/icon\/home.svg\" style=\"width: 26px; height: 27px;\" alt=\"address\">\n\n                        <\/div>\n\n                        <div class=\"col-10\">\n\n                            <p> Addres <\/p>\n\n                            <span>Piyalepa\u015fa Bulvar\u0131 Famas Plaza C Blok, \u015ei\u015fli \/ \u0130stanbul<\/span>\n\n                        <\/div>\n\n                    <\/div>\n\n\n\n                <\/div>\n\n            <\/div>\n\n        \n\n        <\/div>[\/vc_column][\/vc_row]<\/p>\n<\/div>","protected":false},"excerpt":{"rendered":"<p>[vc_row css=&#8221;.vc_custom_1605511818729{background-color: #e5e5e5 !important;}&#8221;][vc_column][vc_row_inner][vc_column_inner width=&#8221;1\/2&#8243;][vc_custom_heading text=&#8221;Genel Ba\u015fvuru&#8221;][vc_column_text css=&#8221;&#8221;]Genel Ba\u015fvuru belirli bir pozisyona ba\u011fl\u0131 olarak yay\u0131nlanmamaktad\u0131r. Ba\u015fvuruda bulunmak istedi\u011finiz alanda yay\u0131nlanm\u0131\u015f [&hellip;]<\/p>\n","protected":false},"author":1,"featured_media":2650,"parent":108,"menu_order":0,"comment_status":"closed","ping_status":"closed","template":"","meta":{"_acf_changed":false,"footnotes":""},"class_list":["post-578","page","type-page","status-publish","has-post-thumbnail","hentry"],"acf":[],"yoast_head":"<!-- This site is optimized with the Yoast SEO plugin v27.2 - https:\/\/yoast.com\/product\/yoast-seo-wordpress\/ -->\n<title>ICT Telekom\u00fcnikasyon - Kariyer<\/title>\n<meta name=\"description\" content=\"Gelecek ku\u015faklar\u0131 \u201cYar\u0131n\u0131n D\u00fcnyas\u0131na\u201d haz\u0131rlamak, onlar\u0131n potansiyellerini g\u00f6sterebilmeleri i\u00e7in f\u0131rsat sunuyoruz.\" \/>\n<meta name=\"robots\" content=\"index, follow, max-snippet:-1, max-image-preview:large, max-video-preview:-1\" \/>\n<link rel=\"canonical\" href=\"https:\/\/ict.com.tr\/tr\/kurumsal\/kariyer\/\" \/>\n<meta property=\"og:locale\" content=\"tr_TR\" \/>\n<meta property=\"og:type\" content=\"article\" \/>\n<meta property=\"og:title\" content=\"ICT Telekom\u00fcnikasyon - Kariyer\" \/>\n<meta property=\"og:description\" content=\"Gelecek ku\u015faklar\u0131 \u201cYar\u0131n\u0131n D\u00fcnyas\u0131na\u201d haz\u0131rlamak, onlar\u0131n potansiyellerini g\u00f6sterebilmeleri i\u00e7in f\u0131rsat sunuyoruz.\" \/>\n<meta property=\"og:url\" content=\"https:\/\/ict.com.tr\/tr\/kurumsal\/kariyer\/\" \/>\n<meta property=\"og:site_name\" content=\"ICT Telekom\u00fcnikasyon\" \/>\n<meta property=\"article:modified_time\" content=\"2025-10-13T13:26:09+00:00\" \/>\n<meta property=\"og:image\" content=\"https:\/\/ict.com.tr\/wp-content\/uploads\/2020\/11\/ekibimize-katilin-background-1-2.jpg\" \/>\n\t<meta property=\"og:image:width\" content=\"1920\" \/>\n\t<meta property=\"og:image:height\" content=\"500\" \/>\n\t<meta property=\"og:image:type\" content=\"image\/jpeg\" \/>\n<meta name=\"twitter:card\" content=\"summary_large_image\" \/>\n<meta name=\"twitter:label1\" content=\"Tahmini okuma s\u00fcresi\" \/>\n\t<meta name=\"twitter:data1\" content=\"1 dakika\" \/>\n<script type=\"application\/ld+json\" class=\"yoast-schema-graph\">{\"@context\":\"https:\/\/schema.org\",\"@graph\":[{\"@type\":\"WebPage\",\"@id\":\"https:\/\/ict.com.tr\/tr\/kurumsal\/kariyer\/\",\"url\":\"https:\/\/ict.com.tr\/tr\/kurumsal\/kariyer\/\",\"name\":\"ICT Telekom\u00fcnikasyon - Kariyer\",\"isPartOf\":{\"@id\":\"https:\/\/ict.com.tr\/#website\"},\"primaryImageOfPage\":{\"@id\":\"https:\/\/ict.com.tr\/tr\/kurumsal\/kariyer\/#primaryimage\"},\"image\":{\"@id\":\"https:\/\/ict.com.tr\/tr\/kurumsal\/kariyer\/#primaryimage\"},\"thumbnailUrl\":\"https:\/\/ict.com.tr\/wp-content\/uploads\/2020\/11\/ekibimize-katilin-background-1-2.jpg\",\"datePublished\":\"2020-10-13T10:27:03+00:00\",\"dateModified\":\"2025-10-13T13:26:09+00:00\",\"description\":\"Gelecek ku\u015faklar\u0131 \u201cYar\u0131n\u0131n D\u00fcnyas\u0131na\u201d haz\u0131rlamak, onlar\u0131n potansiyellerini g\u00f6sterebilmeleri i\u00e7in f\u0131rsat sunuyoruz.\",\"breadcrumb\":{\"@id\":\"https:\/\/ict.com.tr\/tr\/kurumsal\/kariyer\/#breadcrumb\"},\"inLanguage\":\"tr\",\"potentialAction\":[{\"@type\":\"ReadAction\",\"target\":[\"https:\/\/ict.com.tr\/tr\/kurumsal\/kariyer\/\"]}]},{\"@type\":\"ImageObject\",\"inLanguage\":\"tr\",\"@id\":\"https:\/\/ict.com.tr\/tr\/kurumsal\/kariyer\/#primaryimage\",\"url\":\"https:\/\/ict.com.tr\/wp-content\/uploads\/2020\/11\/ekibimize-katilin-background-1-2.jpg\",\"contentUrl\":\"https:\/\/ict.com.tr\/wp-content\/uploads\/2020\/11\/ekibimize-katilin-background-1-2.jpg\",\"width\":1920,\"height\":500},{\"@type\":\"BreadcrumbList\",\"@id\":\"https:\/\/ict.com.tr\/tr\/kurumsal\/kariyer\/#breadcrumb\",\"itemListElement\":[{\"@type\":\"ListItem\",\"position\":1,\"name\":\"Home\",\"item\":\"https:\/\/ict.com.tr\/tr\/\"},{\"@type\":\"ListItem\",\"position\":2,\"name\":\"Kurumsal\",\"item\":\"https:\/\/ict.com.tr\/tr\/kurumsal\/\"},{\"@type\":\"ListItem\",\"position\":3,\"name\":\"Kariyer\"}]},{\"@type\":\"WebSite\",\"@id\":\"https:\/\/ict.com.tr\/#website\",\"url\":\"https:\/\/ict.com.tr\/\",\"name\":\"ICT Telekom\u00fcnikasyon\",\"description\":\"\",\"potentialAction\":[{\"@type\":\"SearchAction\",\"target\":{\"@type\":\"EntryPoint\",\"urlTemplate\":\"https:\/\/ict.com.tr\/?s={search_term_string}\"},\"query-input\":{\"@type\":\"PropertyValueSpecification\",\"valueRequired\":true,\"valueName\":\"search_term_string\"}}],\"inLanguage\":\"tr\"}]}<\/script>\n<!-- \/ Yoast SEO plugin. -->","yoast_head_json":{"title":"ICT Telekom\u00fcnikasyon - Kariyer","description":"Gelecek ku\u015faklar\u0131 \u201cYar\u0131n\u0131n D\u00fcnyas\u0131na\u201d haz\u0131rlamak, onlar\u0131n potansiyellerini g\u00f6sterebilmeleri i\u00e7in f\u0131rsat sunuyoruz.","robots":{"index":"index","follow":"follow","max-snippet":"max-snippet:-1","max-image-preview":"max-image-preview:large","max-video-preview":"max-video-preview:-1"},"canonical":"https:\/\/ict.com.tr\/tr\/kurumsal\/kariyer\/","og_locale":"tr_TR","og_type":"article","og_title":"ICT Telekom\u00fcnikasyon - Kariyer","og_description":"Gelecek ku\u015faklar\u0131 \u201cYar\u0131n\u0131n D\u00fcnyas\u0131na\u201d haz\u0131rlamak, onlar\u0131n potansiyellerini g\u00f6sterebilmeleri i\u00e7in f\u0131rsat sunuyoruz.","og_url":"https:\/\/ict.com.tr\/tr\/kurumsal\/kariyer\/","og_site_name":"ICT Telekom\u00fcnikasyon","article_modified_time":"2025-10-13T13:26:09+00:00","og_image":[{"width":1920,"height":500,"url":"https:\/\/ict.com.tr\/wp-content\/uploads\/2020\/11\/ekibimize-katilin-background-1-2.jpg","type":"image\/jpeg"}],"twitter_card":"summary_large_image","twitter_misc":{"Tahmini okuma s\u00fcresi":"1 dakika"},"schema":{"@context":"https:\/\/schema.org","@graph":[{"@type":"WebPage","@id":"https:\/\/ict.com.tr\/tr\/kurumsal\/kariyer\/","url":"https:\/\/ict.com.tr\/tr\/kurumsal\/kariyer\/","name":"ICT Telekom\u00fcnikasyon - Kariyer","isPartOf":{"@id":"https:\/\/ict.com.tr\/#website"},"primaryImageOfPage":{"@id":"https:\/\/ict.com.tr\/tr\/kurumsal\/kariyer\/#primaryimage"},"image":{"@id":"https:\/\/ict.com.tr\/tr\/kurumsal\/kariyer\/#primaryimage"},"thumbnailUrl":"https:\/\/ict.com.tr\/wp-content\/uploads\/2020\/11\/ekibimize-katilin-background-1-2.jpg","datePublished":"2020-10-13T10:27:03+00:00","dateModified":"2025-10-13T13:26:09+00:00","description":"Gelecek ku\u015faklar\u0131 \u201cYar\u0131n\u0131n D\u00fcnyas\u0131na\u201d haz\u0131rlamak, onlar\u0131n potansiyellerini g\u00f6sterebilmeleri i\u00e7in f\u0131rsat sunuyoruz.","breadcrumb":{"@id":"https:\/\/ict.com.tr\/tr\/kurumsal\/kariyer\/#breadcrumb"},"inLanguage":"tr","potentialAction":[{"@type":"ReadAction","target":["https:\/\/ict.com.tr\/tr\/kurumsal\/kariyer\/"]}]},{"@type":"ImageObject","inLanguage":"tr","@id":"https:\/\/ict.com.tr\/tr\/kurumsal\/kariyer\/#primaryimage","url":"https:\/\/ict.com.tr\/wp-content\/uploads\/2020\/11\/ekibimize-katilin-background-1-2.jpg","contentUrl":"https:\/\/ict.com.tr\/wp-content\/uploads\/2020\/11\/ekibimize-katilin-background-1-2.jpg","width":1920,"height":500},{"@type":"BreadcrumbList","@id":"https:\/\/ict.com.tr\/tr\/kurumsal\/kariyer\/#breadcrumb","itemListElement":[{"@type":"ListItem","position":1,"name":"Home","item":"https:\/\/ict.com.tr\/tr\/"},{"@type":"ListItem","position":2,"name":"Kurumsal","item":"https:\/\/ict.com.tr\/tr\/kurumsal\/"},{"@type":"ListItem","position":3,"name":"Kariyer"}]},{"@type":"WebSite","@id":"https:\/\/ict.com.tr\/#website","url":"https:\/\/ict.com.tr\/","name":"ICT Telekom\u00fcnikasyon","description":"","potentialAction":[{"@type":"SearchAction","target":{"@type":"EntryPoint","urlTemplate":"https:\/\/ict.com.tr\/?s={search_term_string}"},"query-input":{"@type":"PropertyValueSpecification","valueRequired":true,"valueName":"search_term_string"}}],"inLanguage":"tr"}]}},"_links":{"self":[{"href":"https:\/\/ict.com.tr\/tr\/wp-json\/wp\/v2\/pages\/578","targetHints":{"allow":["GET"]}}],"collection":[{"href":"https:\/\/ict.com.tr\/tr\/wp-json\/wp\/v2\/pages"}],"about":[{"href":"https:\/\/ict.com.tr\/tr\/wp-json\/wp\/v2\/types\/page"}],"author":[{"embeddable":true,"href":"https:\/\/ict.com.tr\/tr\/wp-json\/wp\/v2\/users\/1"}],"replies":[{"embeddable":true,"href":"https:\/\/ict.com.tr\/tr\/wp-json\/wp\/v2\/comments?post=578"}],"version-history":[{"count":12,"href":"https:\/\/ict.com.tr\/tr\/wp-json\/wp\/v2\/pages\/578\/revisions"}],"predecessor-version":[{"id":4308,"href":"https:\/\/ict.com.tr\/tr\/wp-json\/wp\/v2\/pages\/578\/revisions\/4308"}],"up":[{"embeddable":true,"href":"https:\/\/ict.com.tr\/tr\/wp-json\/wp\/v2\/pages\/108"}],"wp:featuredmedia":[{"embeddable":true,"href":"https:\/\/ict.com.tr\/tr\/wp-json\/wp\/v2\/media\/2650"}],"wp:attachment":[{"href":"https:\/\/ict.com.tr\/tr\/wp-json\/wp\/v2\/media?parent=578"}],"curies":[{"name":"wp","href":"https:\/\/api.w.org\/{rel}","templated":true}]}}