{"id":576,"date":"2020-10-13T10:25:40","date_gmt":"2020-10-13T10:25:40","guid":{"rendered":"http:\/\/ict-kurumsal.lc\/?page_id=576"},"modified":"2025-11-03T07:41:36","modified_gmt":"2025-11-03T07:41:36","slug":"hakkimizda","status":"publish","type":"page","link":"https:\/\/ict.com.tr\/tr\/kurumsal\/hakkimizda\/","title":{"rendered":"Hakk\u0131m\u0131zda"},"content":{"rendered":"<div class=\"wpb-content-wrapper\"><p>[vc_row][vc_column width=&#8221;1\/2&#8243;][vc_single_image image=&#8221;4333&#8243; img_size=&#8221;full&#8221; css=&#8221;&#8221;][\/vc_column][vc_column width=&#8221;1\/2&#8243;][vc_custom_heading text=&#8221;Hakk\u0131m\u0131zda&#8221; google_fonts=&#8221;font_family:Montserrat%3Aregular%2C700|font_style:400%20regular%3A400%3Anormal&#8221;][vc_column_text css=&#8221;&#8221;]2002 y\u0131l\u0131nda kurulan ICT Telekom\u00fcnikasyon; T\u00fcrkiye, Ortado\u011fu, T\u00fcrki Cumhuriyetler ve Afrika pazar\u0131nda uydu teknolojisine dayal\u0131 radyo ve televizyon yay\u0131nc\u0131l\u0131k hizmetleri, geni\u015fbant Internet ve veri iletim servisleri, bu servislere ait sistem ve altyap\u0131 entegrasyon hizmetleri sunar.<\/p>\n<p>ICT Telekom\u00fcnikasyon teknolojileriyle ilgili her alanda faaliyetlerini geni\u015fleten ICT Telekom\u00fcnikasyon, radyo ve televizyon yay\u0131nc\u0131l\u0131\u011f\u0131 alan\u0131nda s\u00fcrekli veya ge\u00e7ici kapasite servislerinin yan\u0131nda lisans dan\u0131\u015fmanl\u0131k hizmetleri, uplink sistemleri, A\/V aktar\u0131m \u00e7\u00f6z\u00fcmleri, SNG hizmetleri, CDN (Web Streaming) ve IP TV \u00e7\u00f6z\u00fcmlerini i\u00e7eren geni\u015f bir yelpazeye sahiptir.<\/p>\n<p>T\u00fcrkiye\u2019de, BTK taraf\u0131ndan lisansl\u0131 yasal bir sa\u011flay\u0131c\u0131 olarak geni\u015fbant Internet ve data hizmetleri sunmakla beraber, VSAT \u00e7\u00f6z\u00fcmleri i\u00e7erisinde SCPC, TDMA teknolojilerini kullanarak kurumsal ileti\u015fim servisleri sa\u011flamaktad\u0131r. Ayn\u0131 zamanda SOTM teknolojisi ile birlikte Mobil VSAT hizmetleri de sunmaktad\u0131r.[\/vc_column_text][\/vc_column][\/vc_row]<\/p>\n<\/div>","protected":false},"excerpt":{"rendered":"<p>[vc_row][vc_column width=&#8221;1\/2&#8243;][vc_single_image image=&#8221;4333&#8243; img_size=&#8221;full&#8221; css=&#8221;&#8221;][\/vc_column][vc_column width=&#8221;1\/2&#8243;][vc_custom_heading text=&#8221;Hakk\u0131m\u0131zda&#8221; google_fonts=&#8221;font_family:Montserrat%3Aregular%2C700|font_style:400%20regular%3A400%3Anormal&#8221;][vc_column_text css=&#8221;&#8221;]2002 y\u0131l\u0131nda kurulan ICT Telekom\u00fcnikasyon; T\u00fcrkiye, Ortado\u011fu, T\u00fcrki Cumhuriyetler ve Afrika pazar\u0131nda [&hellip;]<\/p>\n","protected":false},"author":1,"featured_media":2676,"parent":108,"menu_order":0,"comment_status":"closed","ping_status":"closed","template":"","meta":{"_acf_changed":false,"footnotes":""},"class_list":["post-576","page","type-page","status-publish","has-post-thumbnail","hentry"],"acf":[],"yoast_head":"<!-- This site is optimized with the Yoast SEO plugin v27.2 - https:\/\/yoast.com\/product\/yoast-seo-wordpress\/ -->\n<title>ICT Telekom\u00fcnikasyon - Hakk\u0131m\u0131zda<\/title>\n<meta name=\"description\" content=\"Profen Uydu Hizmetleri; geni\u015fbant Internet ve veri iletim servisleri, bu servislere ait sistem ve altyap\u0131 entegrasyon hizmetleri sunar.\" \/>\n<meta name=\"robots\" content=\"index, follow, max-snippet:-1, max-image-preview:large, max-video-preview:-1\" \/>\n<link rel=\"canonical\" href=\"https:\/\/ict.com.tr\/tr\/kurumsal\/hakkimizda\/\" \/>\n<meta property=\"og:locale\" content=\"tr_TR\" \/>\n<meta property=\"og:type\" content=\"article\" \/>\n<meta property=\"og:title\" content=\"ICT Telekom\u00fcnikasyon - Hakk\u0131m\u0131zda\" \/>\n<meta property=\"og:description\" content=\"Profen Uydu Hizmetleri; geni\u015fbant Internet ve veri iletim servisleri, bu servislere ait sistem ve altyap\u0131 entegrasyon hizmetleri sunar.\" \/>\n<meta property=\"og:url\" content=\"https:\/\/ict.com.tr\/tr\/kurumsal\/hakkimizda\/\" \/>\n<meta property=\"og:site_name\" content=\"ICT Telekom\u00fcnikasyon\" \/>\n<meta property=\"article:modified_time\" content=\"2025-11-03T07:41:36+00:00\" \/>\n<meta property=\"og:image\" content=\"https:\/\/ict.com.tr\/wp-content\/uploads\/2020\/11\/profene-bakis-background-1-1.jpg\" \/>\n\t<meta property=\"og:image:width\" content=\"1920\" \/>\n\t<meta property=\"og:image:height\" content=\"500\" \/>\n\t<meta property=\"og:image:type\" content=\"image\/jpeg\" \/>\n<meta name=\"twitter:card\" content=\"summary_large_image\" \/>\n<meta name=\"twitter:label1\" content=\"Tahmini okuma s\u00fcresi\" \/>\n\t<meta name=\"twitter:data1\" content=\"1 dakika\" \/>\n<script type=\"application\/ld+json\" class=\"yoast-schema-graph\">{\"@context\":\"https:\/\/schema.org\",\"@graph\":[{\"@type\":\"WebPage\",\"@id\":\"https:\/\/ict.com.tr\/tr\/kurumsal\/hakkimizda\/\",\"url\":\"https:\/\/ict.com.tr\/tr\/kurumsal\/hakkimizda\/\",\"name\":\"ICT Telekom\u00fcnikasyon - Hakk\u0131m\u0131zda\",\"isPartOf\":{\"@id\":\"https:\/\/ict.com.tr\/#website\"},\"primaryImageOfPage\":{\"@id\":\"https:\/\/ict.com.tr\/tr\/kurumsal\/hakkimizda\/#primaryimage\"},\"image\":{\"@id\":\"https:\/\/ict.com.tr\/tr\/kurumsal\/hakkimizda\/#primaryimage\"},\"thumbnailUrl\":\"https:\/\/ict.com.tr\/wp-content\/uploads\/2020\/11\/profene-bakis-background-1-1.jpg\",\"datePublished\":\"2020-10-13T10:25:40+00:00\",\"dateModified\":\"2025-11-03T07:41:36+00:00\",\"description\":\"Profen Uydu Hizmetleri; geni\u015fbant Internet ve veri iletim servisleri, bu servislere ait sistem ve altyap\u0131 entegrasyon hizmetleri sunar.\",\"breadcrumb\":{\"@id\":\"https:\/\/ict.com.tr\/tr\/kurumsal\/hakkimizda\/#breadcrumb\"},\"inLanguage\":\"tr\",\"potentialAction\":[{\"@type\":\"ReadAction\",\"target\":[\"https:\/\/ict.com.tr\/tr\/kurumsal\/hakkimizda\/\"]}]},{\"@type\":\"ImageObject\",\"inLanguage\":\"tr\",\"@id\":\"https:\/\/ict.com.tr\/tr\/kurumsal\/hakkimizda\/#primaryimage\",\"url\":\"https:\/\/ict.com.tr\/wp-content\/uploads\/2020\/11\/profene-bakis-background-1-1.jpg\",\"contentUrl\":\"https:\/\/ict.com.tr\/wp-content\/uploads\/2020\/11\/profene-bakis-background-1-1.jpg\",\"width\":1920,\"height\":500},{\"@type\":\"BreadcrumbList\",\"@id\":\"https:\/\/ict.com.tr\/tr\/kurumsal\/hakkimizda\/#breadcrumb\",\"itemListElement\":[{\"@type\":\"ListItem\",\"position\":1,\"name\":\"Home\",\"item\":\"https:\/\/ict.com.tr\/tr\/\"},{\"@type\":\"ListItem\",\"position\":2,\"name\":\"Kurumsal\",\"item\":\"https:\/\/ict.com.tr\/tr\/kurumsal\/\"},{\"@type\":\"ListItem\",\"position\":3,\"name\":\"Hakk\u0131m\u0131zda\"}]},{\"@type\":\"WebSite\",\"@id\":\"https:\/\/ict.com.tr\/#website\",\"url\":\"https:\/\/ict.com.tr\/\",\"name\":\"ICT Telekom\u00fcnikasyon\",\"description\":\"\",\"potentialAction\":[{\"@type\":\"SearchAction\",\"target\":{\"@type\":\"EntryPoint\",\"urlTemplate\":\"https:\/\/ict.com.tr\/?s={search_term_string}\"},\"query-input\":{\"@type\":\"PropertyValueSpecification\",\"valueRequired\":true,\"valueName\":\"search_term_string\"}}],\"inLanguage\":\"tr\"}]}<\/script>\n<!-- \/ Yoast SEO plugin. -->","yoast_head_json":{"title":"ICT Telekom\u00fcnikasyon - Hakk\u0131m\u0131zda","description":"Profen Uydu Hizmetleri; geni\u015fbant Internet ve veri iletim servisleri, bu servislere ait sistem ve altyap\u0131 entegrasyon hizmetleri sunar.","robots":{"index":"index","follow":"follow","max-snippet":"max-snippet:-1","max-image-preview":"max-image-preview:large","max-video-preview":"max-video-preview:-1"},"canonical":"https:\/\/ict.com.tr\/tr\/kurumsal\/hakkimizda\/","og_locale":"tr_TR","og_type":"article","og_title":"ICT Telekom\u00fcnikasyon - Hakk\u0131m\u0131zda","og_description":"Profen Uydu Hizmetleri; geni\u015fbant Internet ve veri iletim servisleri, bu servislere ait sistem ve altyap\u0131 entegrasyon hizmetleri sunar.","og_url":"https:\/\/ict.com.tr\/tr\/kurumsal\/hakkimizda\/","og_site_name":"ICT Telekom\u00fcnikasyon","article_modified_time":"2025-11-03T07:41:36+00:00","og_image":[{"width":1920,"height":500,"url":"https:\/\/ict.com.tr\/wp-content\/uploads\/2020\/11\/profene-bakis-background-1-1.jpg","type":"image\/jpeg"}],"twitter_card":"summary_large_image","twitter_misc":{"Tahmini okuma s\u00fcresi":"1 dakika"},"schema":{"@context":"https:\/\/schema.org","@graph":[{"@type":"WebPage","@id":"https:\/\/ict.com.tr\/tr\/kurumsal\/hakkimizda\/","url":"https:\/\/ict.com.tr\/tr\/kurumsal\/hakkimizda\/","name":"ICT Telekom\u00fcnikasyon - Hakk\u0131m\u0131zda","isPartOf":{"@id":"https:\/\/ict.com.tr\/#website"},"primaryImageOfPage":{"@id":"https:\/\/ict.com.tr\/tr\/kurumsal\/hakkimizda\/#primaryimage"},"image":{"@id":"https:\/\/ict.com.tr\/tr\/kurumsal\/hakkimizda\/#primaryimage"},"thumbnailUrl":"https:\/\/ict.com.tr\/wp-content\/uploads\/2020\/11\/profene-bakis-background-1-1.jpg","datePublished":"2020-10-13T10:25:40+00:00","dateModified":"2025-11-03T07:41:36+00:00","description":"Profen Uydu Hizmetleri; geni\u015fbant Internet ve veri iletim servisleri, bu servislere ait sistem ve altyap\u0131 entegrasyon hizmetleri sunar.","breadcrumb":{"@id":"https:\/\/ict.com.tr\/tr\/kurumsal\/hakkimizda\/#breadcrumb"},"inLanguage":"tr","potentialAction":[{"@type":"ReadAction","target":["https:\/\/ict.com.tr\/tr\/kurumsal\/hakkimizda\/"]}]},{"@type":"ImageObject","inLanguage":"tr","@id":"https:\/\/ict.com.tr\/tr\/kurumsal\/hakkimizda\/#primaryimage","url":"https:\/\/ict.com.tr\/wp-content\/uploads\/2020\/11\/profene-bakis-background-1-1.jpg","contentUrl":"https:\/\/ict.com.tr\/wp-content\/uploads\/2020\/11\/profene-bakis-background-1-1.jpg","width":1920,"height":500},{"@type":"BreadcrumbList","@id":"https:\/\/ict.com.tr\/tr\/kurumsal\/hakkimizda\/#breadcrumb","itemListElement":[{"@type":"ListItem","position":1,"name":"Home","item":"https:\/\/ict.com.tr\/tr\/"},{"@type":"ListItem","position":2,"name":"Kurumsal","item":"https:\/\/ict.com.tr\/tr\/kurumsal\/"},{"@type":"ListItem","position":3,"name":"Hakk\u0131m\u0131zda"}]},{"@type":"WebSite","@id":"https:\/\/ict.com.tr\/#website","url":"https:\/\/ict.com.tr\/","name":"ICT Telekom\u00fcnikasyon","description":"","potentialAction":[{"@type":"SearchAction","target":{"@type":"EntryPoint","urlTemplate":"https:\/\/ict.com.tr\/?s={search_term_string}"},"query-input":{"@type":"PropertyValueSpecification","valueRequired":true,"valueName":"search_term_string"}}],"inLanguage":"tr"}]}},"_links":{"self":[{"href":"https:\/\/ict.com.tr\/tr\/wp-json\/wp\/v2\/pages\/576","targetHints":{"allow":["GET"]}}],"collection":[{"href":"https:\/\/ict.com.tr\/tr\/wp-json\/wp\/v2\/pages"}],"about":[{"href":"https:\/\/ict.com.tr\/tr\/wp-json\/wp\/v2\/types\/page"}],"author":[{"embeddable":true,"href":"https:\/\/ict.com.tr\/tr\/wp-json\/wp\/v2\/users\/1"}],"replies":[{"embeddable":true,"href":"https:\/\/ict.com.tr\/tr\/wp-json\/wp\/v2\/comments?post=576"}],"version-history":[{"count":27,"href":"https:\/\/ict.com.tr\/tr\/wp-json\/wp\/v2\/pages\/576\/revisions"}],"predecessor-version":[{"id":4336,"href":"https:\/\/ict.com.tr\/tr\/wp-json\/wp\/v2\/pages\/576\/revisions\/4336"}],"up":[{"embeddable":true,"href":"https:\/\/ict.com.tr\/tr\/wp-json\/wp\/v2\/pages\/108"}],"wp:featuredmedia":[{"embeddable":true,"href":"https:\/\/ict.com.tr\/tr\/wp-json\/wp\/v2\/media\/2676"}],"wp:attachment":[{"href":"https:\/\/ict.com.tr\/tr\/wp-json\/wp\/v2\/media?parent=576"}],"curies":[{"name":"wp","href":"https:\/\/api.w.org\/{rel}","templated":true}]}}