{"id":545,"date":"2020-10-13T10:12:06","date_gmt":"2020-10-13T10:12:06","guid":{"rendered":"http:\/\/ict-kurumsal.lc\/?page_id=545"},"modified":"2025-10-13T13:17:03","modified_gmt":"2025-10-13T13:17:03","slug":"havacilik","status":"publish","type":"page","link":"https:\/\/ict.com.tr\/tr\/cozumler\/havacilik\/","title":{"rendered":"Havac\u0131l\u0131k"},"content":{"rendered":"<div class=\"wpb-content-wrapper\"><p>[vc_row][vc_column width=&#8221;1\/2&#8243;][vc_single_image image=&#8221;2853&#8243; img_size=&#8221;full&#8221;][\/vc_column][vc_column width=&#8221;1\/2&#8243;][vc_custom_heading text=&#8221;Havac\u0131l\u0131k&#8221; google_fonts=&#8221;font_family:Montserrat%3Aregular%2C700|font_style:400%20regular%3A400%3Anormal&#8221;][vc_column_text css=&#8221;&#8221;]<span style=\"font-weight: 400;\">ICT Telekom\u00fcnikasyon olarak, havac\u0131l\u0131k sekt\u00f6r\u00fc i\u00e7in geni\u015f bantl\u0131 uydu u\u00e7u\u015f ba\u011flant\u0131s\u0131 ve u\u00e7u\u015f esnas\u0131 e\u011flence hizmetleri sa\u011fl\u0131yoruz. Havayollar\u0131na ve yolcular\u0131na u\u00e7u\u015f esnas\u0131nda eksiksiz video i\u00e7eri\u011fi, e-ticaret ve bilgi hizmetleri sunuyoruz. Birle\u015ftirilmi\u015f i\u00e7erik, da\u011f\u0131t\u0131m ve teknoloji platformlar\u0131m\u0131z, sekt\u00f6rdeki en ileri teknoloji ve ba\u011flant\u0131 \u00e7\u00f6z\u00fcmleri kullan\u0131larak sunulmaktad\u0131r. Hali haz\u0131rda, ba\u011flant\u0131 hizmetlerimizi Ku band\u0131 ile geli\u015ftiriyoruz. <\/span><span style=\"font-weight: 400;\">Teknolojimiz, \u00e7oklu, geli\u015fmekte olan ve art\u0131\u015f g\u00f6steren gelir ak\u0131\u015f\u0131yla konuk gelirinizi en \u00fcst d\u00fczeye \u00e7\u0131karacak \u015fekilde benzersiz bir u\u00e7u\u015f esnas\u0131 yolcu ba\u011flant\u0131 deneyimi yarat\u0131r<\/span><\/p>\n<p><span style=\"font-weight: 400;\">Ba\u011flant\u0131 hizmetlerimiz a\u015fa\u011f\u0131dakileri kapsar:<\/span><\/p>\n<ul>\n<li style=\"font-weight: 400;\"><span style=\"font-weight: 400;\">Yolcular\u0131n kendi cihazlar\u0131 i\u00e7in kesintisiz ba\u011flant\u0131<\/span><\/li>\n<li style=\"font-weight: 400;\"><span style=\"font-weight: 400;\">Birinci s\u0131n\u0131f e\u011flence ve i\u00e7erik<\/span><\/li>\n<li style=\"font-weight: 400;\"><span style=\"font-weight: 400;\">Sekt\u00f6r\u00fcn en g\u00fcvenilir ve denenmi\u015f \u00e7\u00f6z\u00fcm\u00fc<\/span><\/li>\n<li style=\"font-weight: 400;\"><span style=\"font-weight: 400;\">Yolcu deneyimini en uygun hale getiren esnek tasar\u0131ml\u0131 portal<\/span><\/li>\n<li style=\"font-weight: 400;\"><span style=\"font-weight: 400;\">\u00c7oklu gelir ak\u0131\u015f\u0131 i\u00e7in f\u0131rsatlar<\/span><\/li>\n<\/ul>\n<p>[\/vc_column_text][\/vc_column][\/vc_row]<\/p>\n<\/div>","protected":false},"excerpt":{"rendered":"<p>[vc_row][vc_column width=&#8221;1\/2&#8243;][vc_single_image image=&#8221;2853&#8243; img_size=&#8221;full&#8221;][\/vc_column][vc_column width=&#8221;1\/2&#8243;][vc_custom_heading text=&#8221;Havac\u0131l\u0131k&#8221; google_fonts=&#8221;font_family:Montserrat%3Aregular%2C700|font_style:400%20regular%3A400%3Anormal&#8221;][vc_column_text css=&#8221;&#8221;]ICT Telekom\u00fcnikasyon olarak, havac\u0131l\u0131k sekt\u00f6r\u00fc i\u00e7in geni\u015f bantl\u0131 uydu u\u00e7u\u015f ba\u011flant\u0131s\u0131 ve u\u00e7u\u015f [&hellip;]<\/p>\n","protected":false},"author":1,"featured_media":2850,"parent":118,"menu_order":0,"comment_status":"closed","ping_status":"closed","template":"","meta":{"_acf_changed":false,"footnotes":""},"class_list":["post-545","page","type-page","status-publish","has-post-thumbnail","hentry"],"acf":[],"yoast_head":"<!-- This site is optimized with the Yoast SEO plugin v27.2 - https:\/\/yoast.com\/product\/yoast-seo-wordpress\/ -->\n<title>ICT Telekom\u00fcnikasyon - Havac\u0131l\u0131k<\/title>\n<meta name=\"description\" content=\"ICT Telekom\u00fcnikasyon olarak, havac\u0131l\u0131k sekt\u00f6r\u00fc i\u00e7in geni\u015f bantl\u0131 uydu u\u00e7u\u015f ba\u011flant\u0131s\u0131 ve u\u00e7u\u015f esnas\u0131 e\u011flence hizmetleri sa\u011fl\u0131yoruz.\" \/>\n<meta name=\"robots\" content=\"index, follow, max-snippet:-1, max-image-preview:large, max-video-preview:-1\" \/>\n<link rel=\"canonical\" href=\"https:\/\/ict.com.tr\/tr\/cozumler\/havacilik\/\" \/>\n<meta property=\"og:locale\" content=\"tr_TR\" \/>\n<meta property=\"og:type\" content=\"article\" \/>\n<meta property=\"og:title\" content=\"ICT Telekom\u00fcnikasyon - Havac\u0131l\u0131k\" \/>\n<meta property=\"og:description\" content=\"ICT Telekom\u00fcnikasyon olarak, havac\u0131l\u0131k sekt\u00f6r\u00fc i\u00e7in geni\u015f bantl\u0131 uydu u\u00e7u\u015f ba\u011flant\u0131s\u0131 ve u\u00e7u\u015f esnas\u0131 e\u011flence hizmetleri sa\u011fl\u0131yoruz.\" \/>\n<meta property=\"og:url\" content=\"https:\/\/ict.com.tr\/tr\/cozumler\/havacilik\/\" \/>\n<meta property=\"og:site_name\" content=\"ICT Telekom\u00fcnikasyon\" \/>\n<meta property=\"article:modified_time\" content=\"2025-10-13T13:17:03+00:00\" \/>\n<meta property=\"og:image\" content=\"https:\/\/ict.com.tr\/wp-content\/uploads\/2020\/11\/havacilik-bg.jpg\" \/>\n\t<meta property=\"og:image:width\" content=\"1920\" \/>\n\t<meta property=\"og:image:height\" content=\"500\" \/>\n\t<meta property=\"og:image:type\" content=\"image\/jpeg\" \/>\n<meta name=\"twitter:card\" content=\"summary_large_image\" \/>\n<meta name=\"twitter:label1\" content=\"Tahmini okuma s\u00fcresi\" \/>\n\t<meta name=\"twitter:data1\" content=\"1 dakika\" \/>\n<script type=\"application\/ld+json\" class=\"yoast-schema-graph\">{\"@context\":\"https:\/\/schema.org\",\"@graph\":[{\"@type\":\"WebPage\",\"@id\":\"https:\/\/ict.com.tr\/tr\/cozumler\/havacilik\/\",\"url\":\"https:\/\/ict.com.tr\/tr\/cozumler\/havacilik\/\",\"name\":\"ICT Telekom\u00fcnikasyon - Havac\u0131l\u0131k\",\"isPartOf\":{\"@id\":\"https:\/\/ict.com.tr\/#website\"},\"primaryImageOfPage\":{\"@id\":\"https:\/\/ict.com.tr\/tr\/cozumler\/havacilik\/#primaryimage\"},\"image\":{\"@id\":\"https:\/\/ict.com.tr\/tr\/cozumler\/havacilik\/#primaryimage\"},\"thumbnailUrl\":\"https:\/\/ict.com.tr\/wp-content\/uploads\/2020\/11\/havacilik-bg.jpg\",\"datePublished\":\"2020-10-13T10:12:06+00:00\",\"dateModified\":\"2025-10-13T13:17:03+00:00\",\"description\":\"ICT Telekom\u00fcnikasyon olarak, havac\u0131l\u0131k sekt\u00f6r\u00fc i\u00e7in geni\u015f bantl\u0131 uydu u\u00e7u\u015f ba\u011flant\u0131s\u0131 ve u\u00e7u\u015f esnas\u0131 e\u011flence hizmetleri sa\u011fl\u0131yoruz.\",\"breadcrumb\":{\"@id\":\"https:\/\/ict.com.tr\/tr\/cozumler\/havacilik\/#breadcrumb\"},\"inLanguage\":\"tr\",\"potentialAction\":[{\"@type\":\"ReadAction\",\"target\":[\"https:\/\/ict.com.tr\/tr\/cozumler\/havacilik\/\"]}]},{\"@type\":\"ImageObject\",\"inLanguage\":\"tr\",\"@id\":\"https:\/\/ict.com.tr\/tr\/cozumler\/havacilik\/#primaryimage\",\"url\":\"https:\/\/ict.com.tr\/wp-content\/uploads\/2020\/11\/havacilik-bg.jpg\",\"contentUrl\":\"https:\/\/ict.com.tr\/wp-content\/uploads\/2020\/11\/havacilik-bg.jpg\",\"width\":1920,\"height\":500},{\"@type\":\"BreadcrumbList\",\"@id\":\"https:\/\/ict.com.tr\/tr\/cozumler\/havacilik\/#breadcrumb\",\"itemListElement\":[{\"@type\":\"ListItem\",\"position\":1,\"name\":\"Home\",\"item\":\"https:\/\/ict.com.tr\/tr\/\"},{\"@type\":\"ListItem\",\"position\":2,\"name\":\"\u00c7\u00f6z\u00fcmler\",\"item\":\"https:\/\/ict.com.tr\/tr\/cozumler\/\"},{\"@type\":\"ListItem\",\"position\":3,\"name\":\"Havac\u0131l\u0131k\"}]},{\"@type\":\"WebSite\",\"@id\":\"https:\/\/ict.com.tr\/#website\",\"url\":\"https:\/\/ict.com.tr\/\",\"name\":\"ICT Telekom\u00fcnikasyon\",\"description\":\"\",\"potentialAction\":[{\"@type\":\"SearchAction\",\"target\":{\"@type\":\"EntryPoint\",\"urlTemplate\":\"https:\/\/ict.com.tr\/?s={search_term_string}\"},\"query-input\":{\"@type\":\"PropertyValueSpecification\",\"valueRequired\":true,\"valueName\":\"search_term_string\"}}],\"inLanguage\":\"tr\"}]}<\/script>\n<!-- \/ Yoast SEO plugin. -->","yoast_head_json":{"title":"ICT Telekom\u00fcnikasyon - Havac\u0131l\u0131k","description":"ICT Telekom\u00fcnikasyon olarak, havac\u0131l\u0131k sekt\u00f6r\u00fc i\u00e7in geni\u015f bantl\u0131 uydu u\u00e7u\u015f ba\u011flant\u0131s\u0131 ve u\u00e7u\u015f esnas\u0131 e\u011flence hizmetleri sa\u011fl\u0131yoruz.","robots":{"index":"index","follow":"follow","max-snippet":"max-snippet:-1","max-image-preview":"max-image-preview:large","max-video-preview":"max-video-preview:-1"},"canonical":"https:\/\/ict.com.tr\/tr\/cozumler\/havacilik\/","og_locale":"tr_TR","og_type":"article","og_title":"ICT Telekom\u00fcnikasyon - Havac\u0131l\u0131k","og_description":"ICT Telekom\u00fcnikasyon olarak, havac\u0131l\u0131k sekt\u00f6r\u00fc i\u00e7in geni\u015f bantl\u0131 uydu u\u00e7u\u015f ba\u011flant\u0131s\u0131 ve u\u00e7u\u015f esnas\u0131 e\u011flence hizmetleri sa\u011fl\u0131yoruz.","og_url":"https:\/\/ict.com.tr\/tr\/cozumler\/havacilik\/","og_site_name":"ICT Telekom\u00fcnikasyon","article_modified_time":"2025-10-13T13:17:03+00:00","og_image":[{"width":1920,"height":500,"url":"https:\/\/ict.com.tr\/wp-content\/uploads\/2020\/11\/havacilik-bg.jpg","type":"image\/jpeg"}],"twitter_card":"summary_large_image","twitter_misc":{"Tahmini okuma s\u00fcresi":"1 dakika"},"schema":{"@context":"https:\/\/schema.org","@graph":[{"@type":"WebPage","@id":"https:\/\/ict.com.tr\/tr\/cozumler\/havacilik\/","url":"https:\/\/ict.com.tr\/tr\/cozumler\/havacilik\/","name":"ICT Telekom\u00fcnikasyon - Havac\u0131l\u0131k","isPartOf":{"@id":"https:\/\/ict.com.tr\/#website"},"primaryImageOfPage":{"@id":"https:\/\/ict.com.tr\/tr\/cozumler\/havacilik\/#primaryimage"},"image":{"@id":"https:\/\/ict.com.tr\/tr\/cozumler\/havacilik\/#primaryimage"},"thumbnailUrl":"https:\/\/ict.com.tr\/wp-content\/uploads\/2020\/11\/havacilik-bg.jpg","datePublished":"2020-10-13T10:12:06+00:00","dateModified":"2025-10-13T13:17:03+00:00","description":"ICT Telekom\u00fcnikasyon olarak, havac\u0131l\u0131k sekt\u00f6r\u00fc i\u00e7in geni\u015f bantl\u0131 uydu u\u00e7u\u015f ba\u011flant\u0131s\u0131 ve u\u00e7u\u015f esnas\u0131 e\u011flence hizmetleri sa\u011fl\u0131yoruz.","breadcrumb":{"@id":"https:\/\/ict.com.tr\/tr\/cozumler\/havacilik\/#breadcrumb"},"inLanguage":"tr","potentialAction":[{"@type":"ReadAction","target":["https:\/\/ict.com.tr\/tr\/cozumler\/havacilik\/"]}]},{"@type":"ImageObject","inLanguage":"tr","@id":"https:\/\/ict.com.tr\/tr\/cozumler\/havacilik\/#primaryimage","url":"https:\/\/ict.com.tr\/wp-content\/uploads\/2020\/11\/havacilik-bg.jpg","contentUrl":"https:\/\/ict.com.tr\/wp-content\/uploads\/2020\/11\/havacilik-bg.jpg","width":1920,"height":500},{"@type":"BreadcrumbList","@id":"https:\/\/ict.com.tr\/tr\/cozumler\/havacilik\/#breadcrumb","itemListElement":[{"@type":"ListItem","position":1,"name":"Home","item":"https:\/\/ict.com.tr\/tr\/"},{"@type":"ListItem","position":2,"name":"\u00c7\u00f6z\u00fcmler","item":"https:\/\/ict.com.tr\/tr\/cozumler\/"},{"@type":"ListItem","position":3,"name":"Havac\u0131l\u0131k"}]},{"@type":"WebSite","@id":"https:\/\/ict.com.tr\/#website","url":"https:\/\/ict.com.tr\/","name":"ICT Telekom\u00fcnikasyon","description":"","potentialAction":[{"@type":"SearchAction","target":{"@type":"EntryPoint","urlTemplate":"https:\/\/ict.com.tr\/?s={search_term_string}"},"query-input":{"@type":"PropertyValueSpecification","valueRequired":true,"valueName":"search_term_string"}}],"inLanguage":"tr"}]}},"_links":{"self":[{"href":"https:\/\/ict.com.tr\/tr\/wp-json\/wp\/v2\/pages\/545","targetHints":{"allow":["GET"]}}],"collection":[{"href":"https:\/\/ict.com.tr\/tr\/wp-json\/wp\/v2\/pages"}],"about":[{"href":"https:\/\/ict.com.tr\/tr\/wp-json\/wp\/v2\/types\/page"}],"author":[{"embeddable":true,"href":"https:\/\/ict.com.tr\/tr\/wp-json\/wp\/v2\/users\/1"}],"replies":[{"embeddable":true,"href":"https:\/\/ict.com.tr\/tr\/wp-json\/wp\/v2\/comments?post=545"}],"version-history":[{"count":12,"href":"https:\/\/ict.com.tr\/tr\/wp-json\/wp\/v2\/pages\/545\/revisions"}],"predecessor-version":[{"id":4287,"href":"https:\/\/ict.com.tr\/tr\/wp-json\/wp\/v2\/pages\/545\/revisions\/4287"}],"up":[{"embeddable":true,"href":"https:\/\/ict.com.tr\/tr\/wp-json\/wp\/v2\/pages\/118"}],"wp:featuredmedia":[{"embeddable":true,"href":"https:\/\/ict.com.tr\/tr\/wp-json\/wp\/v2\/media\/2850"}],"wp:attachment":[{"href":"https:\/\/ict.com.tr\/tr\/wp-json\/wp\/v2\/media?parent=545"}],"curies":[{"name":"wp","href":"https:\/\/api.w.org\/{rel}","templated":true}]}}