{"id":542,"date":"2020-10-13T10:06:11","date_gmt":"2020-10-13T10:06:11","guid":{"rendered":"http:\/\/ict-kurumsal.lc\/?page_id=542"},"modified":"2025-10-13T13:16:45","modified_gmt":"2025-10-13T13:16:45","slug":"uzaktan-ogrenim-egitim","status":"publish","type":"page","link":"https:\/\/ict.com.tr\/tr\/cozumler\/uzaktan-ogrenim-egitim\/","title":{"rendered":"Uzaktan \u00d6\u011frenim \/ E\u011fitim"},"content":{"rendered":"<div class=\"wpb-content-wrapper\"><p>[vc_row][vc_column width=&#8221;1\/2&#8243;][vc_single_image image=&#8221;2895&#8243; img_size=&#8221;full&#8221;][\/vc_column][vc_column width=&#8221;1\/2&#8243;][vc_custom_heading text=&#8221;Uzaktan \u00d6\u011frenim \/ E\u011fitim&#8221; google_fonts=&#8221;font_family:Montserrat%3Aregular%2C700|font_style:400%20regular%3A400%3Anormal&#8221;][vc_column_text css=&#8221;&#8221;]<span style=\"font-weight: 400;\">Uzaktan E\u011fitim son d\u00f6nemde olduk\u00e7a \u00f6n plana \u00e7\u0131kt\u0131. B\u00fct\u00fcn ba\u015far\u0131l\u0131 uzaktan e\u011fitim uygulamalar\u0131n\u0131n temelinde sa\u011fl\u0131kl\u0131 bir ileti\u015fim altyap\u0131s\u0131 yer almaktad\u0131r. \u00d6\u011frencilere g\u00f6sterilecek e\u011fitim videolar\u0131, payla\u015f\u0131lacak materyallerin sa\u011fl\u0131kl\u0131 bir internet ba\u011flant\u0131s\u0131na sahip olmas\u0131 gerekmektedir. Aksi taktirde gelecek olan trafik band geni\u015fli\u011finin k\u0131sa s\u00fcrede dolmas\u0131na ve \u00f6\u011frencilerin sulunalacak olan materyallerin tamam\u0131na eri\u015fememesine sebep olacakt\u0131r. Ayr\u0131ca \u00f6zellikle karasal altyap\u0131n\u0131n zay\u0131f oldu\u011fu yerlerde oturan \u00f6\u011frencilerin kaliteli Internet ba\u011flant\u0131lar\u0131n\u0131n olmas\u0131 b\u00fcy\u00fck \u00f6nem ta\u015f\u0131maktad\u0131r.<\/span><\/p>\n<p><span style=\"font-weight: 400;\">ICT Telekom\u00fcnikasyon olarak sa\u011flayaca\u011f\u0131m\u0131z uydu \u00e7\u00f6z\u00fcmleri ile kurumlar\u0131n i\u00e7 networklerini kuvvetlendirebilir, yedekleyebilir ve e\u011fitim i\u00e7in kullan\u0131lan sunucular\u0131n Internete h\u0131zl\u0131 ve sa\u011fl\u0131kl\u0131 eri\u015fmesini sa\u011flayabiliriz.\u00a0\u00a0<\/span>[\/vc_column_text][\/vc_column][\/vc_row][vc_row][vc_column][vc_column_text el_class=&#8221;ic-sayfa-top&#8221;]Mobil anten \u00e7\u00f6z\u00fcmlerimiz ile gezici s\u0131n\u0131flar, gezici k\u00fct\u00fcphaneler veya Internet eri\u015fim imkanlar\u0131 sunabilir, bilginin en \u00fccra k\u00f6\u015felere kadar ula\u015fmas\u0131na yard\u0131mc\u0131 olabiliriz.[\/vc_column_text][\/vc_column][\/vc_row]<\/p>\n<\/div>","protected":false},"excerpt":{"rendered":"<p>[vc_row][vc_column width=&#8221;1\/2&#8243;][vc_single_image image=&#8221;2895&#8243; img_size=&#8221;full&#8221;][\/vc_column][vc_column width=&#8221;1\/2&#8243;][vc_custom_heading text=&#8221;Uzaktan \u00d6\u011frenim \/ E\u011fitim&#8221; google_fonts=&#8221;font_family:Montserrat%3Aregular%2C700|font_style:400%20regular%3A400%3Anormal&#8221;][vc_column_text css=&#8221;&#8221;]Uzaktan E\u011fitim son d\u00f6nemde olduk\u00e7a \u00f6n plana \u00e7\u0131kt\u0131. B\u00fct\u00fcn ba\u015far\u0131l\u0131 [&hellip;]<\/p>\n","protected":false},"author":1,"featured_media":2899,"parent":118,"menu_order":0,"comment_status":"closed","ping_status":"closed","template":"","meta":{"_acf_changed":false,"footnotes":""},"class_list":["post-542","page","type-page","status-publish","has-post-thumbnail","hentry"],"acf":[],"yoast_head":"<!-- This site is optimized with the Yoast SEO plugin v27.2 - https:\/\/yoast.com\/product\/yoast-seo-wordpress\/ -->\n<title>ICT Telekom\u00fcnikasyon - Uzaktan \u00d6\u011frenim \/ E\u011fitim<\/title>\n<meta name=\"description\" content=\"ICT Telekom\u00fcnikasyon, b\u00fct\u00fcn ba\u015far\u0131l\u0131 uzaktan e\u011fitim uygulamalar\u0131n\u0131n temelinde sa\u011fl\u0131kl\u0131 bir ileti\u015fim altyap\u0131s\u0131 yer ald\u0131\u011f\u0131n\u0131 bilir.\" \/>\n<meta name=\"robots\" content=\"index, follow, max-snippet:-1, max-image-preview:large, max-video-preview:-1\" \/>\n<link rel=\"canonical\" href=\"https:\/\/ict.com.tr\/tr\/cozumler\/uzaktan-ogrenim-egitim\/\" \/>\n<meta property=\"og:locale\" content=\"tr_TR\" \/>\n<meta property=\"og:type\" content=\"article\" \/>\n<meta property=\"og:title\" content=\"ICT Telekom\u00fcnikasyon - Uzaktan \u00d6\u011frenim \/ E\u011fitim\" \/>\n<meta property=\"og:description\" content=\"ICT Telekom\u00fcnikasyon, b\u00fct\u00fcn ba\u015far\u0131l\u0131 uzaktan e\u011fitim uygulamalar\u0131n\u0131n temelinde sa\u011fl\u0131kl\u0131 bir ileti\u015fim altyap\u0131s\u0131 yer ald\u0131\u011f\u0131n\u0131 bilir.\" \/>\n<meta property=\"og:url\" content=\"https:\/\/ict.com.tr\/tr\/cozumler\/uzaktan-ogrenim-egitim\/\" \/>\n<meta property=\"og:site_name\" content=\"ICT Telekom\u00fcnikasyon\" \/>\n<meta property=\"article:modified_time\" content=\"2025-10-13T13:16:45+00:00\" \/>\n<meta property=\"og:image\" content=\"https:\/\/ict.com.tr\/wp-content\/uploads\/2020\/11\/egitim-bg.jpg\" \/>\n\t<meta property=\"og:image:width\" content=\"1920\" \/>\n\t<meta property=\"og:image:height\" content=\"500\" \/>\n\t<meta property=\"og:image:type\" content=\"image\/jpeg\" \/>\n<meta name=\"twitter:card\" content=\"summary_large_image\" \/>\n<meta name=\"twitter:label1\" content=\"Tahmini okuma s\u00fcresi\" \/>\n\t<meta name=\"twitter:data1\" content=\"1 dakika\" \/>\n<script type=\"application\/ld+json\" class=\"yoast-schema-graph\">{\"@context\":\"https:\/\/schema.org\",\"@graph\":[{\"@type\":\"WebPage\",\"@id\":\"https:\/\/ict.com.tr\/tr\/cozumler\/uzaktan-ogrenim-egitim\/\",\"url\":\"https:\/\/ict.com.tr\/tr\/cozumler\/uzaktan-ogrenim-egitim\/\",\"name\":\"ICT Telekom\u00fcnikasyon - Uzaktan \u00d6\u011frenim \/ E\u011fitim\",\"isPartOf\":{\"@id\":\"https:\/\/ict.com.tr\/#website\"},\"primaryImageOfPage\":{\"@id\":\"https:\/\/ict.com.tr\/tr\/cozumler\/uzaktan-ogrenim-egitim\/#primaryimage\"},\"image\":{\"@id\":\"https:\/\/ict.com.tr\/tr\/cozumler\/uzaktan-ogrenim-egitim\/#primaryimage\"},\"thumbnailUrl\":\"https:\/\/ict.com.tr\/wp-content\/uploads\/2020\/11\/egitim-bg.jpg\",\"datePublished\":\"2020-10-13T10:06:11+00:00\",\"dateModified\":\"2025-10-13T13:16:45+00:00\",\"description\":\"ICT Telekom\u00fcnikasyon, b\u00fct\u00fcn ba\u015far\u0131l\u0131 uzaktan e\u011fitim uygulamalar\u0131n\u0131n temelinde sa\u011fl\u0131kl\u0131 bir ileti\u015fim altyap\u0131s\u0131 yer ald\u0131\u011f\u0131n\u0131 bilir.\",\"breadcrumb\":{\"@id\":\"https:\/\/ict.com.tr\/tr\/cozumler\/uzaktan-ogrenim-egitim\/#breadcrumb\"},\"inLanguage\":\"tr\",\"potentialAction\":[{\"@type\":\"ReadAction\",\"target\":[\"https:\/\/ict.com.tr\/tr\/cozumler\/uzaktan-ogrenim-egitim\/\"]}]},{\"@type\":\"ImageObject\",\"inLanguage\":\"tr\",\"@id\":\"https:\/\/ict.com.tr\/tr\/cozumler\/uzaktan-ogrenim-egitim\/#primaryimage\",\"url\":\"https:\/\/ict.com.tr\/wp-content\/uploads\/2020\/11\/egitim-bg.jpg\",\"contentUrl\":\"https:\/\/ict.com.tr\/wp-content\/uploads\/2020\/11\/egitim-bg.jpg\",\"width\":1920,\"height\":500},{\"@type\":\"BreadcrumbList\",\"@id\":\"https:\/\/ict.com.tr\/tr\/cozumler\/uzaktan-ogrenim-egitim\/#breadcrumb\",\"itemListElement\":[{\"@type\":\"ListItem\",\"position\":1,\"name\":\"Home\",\"item\":\"https:\/\/ict.com.tr\/tr\/\"},{\"@type\":\"ListItem\",\"position\":2,\"name\":\"\u00c7\u00f6z\u00fcmler\",\"item\":\"https:\/\/ict.com.tr\/tr\/cozumler\/\"},{\"@type\":\"ListItem\",\"position\":3,\"name\":\"Uzaktan \u00d6\u011frenim \/ E\u011fitim\"}]},{\"@type\":\"WebSite\",\"@id\":\"https:\/\/ict.com.tr\/#website\",\"url\":\"https:\/\/ict.com.tr\/\",\"name\":\"ICT Telekom\u00fcnikasyon\",\"description\":\"\",\"potentialAction\":[{\"@type\":\"SearchAction\",\"target\":{\"@type\":\"EntryPoint\",\"urlTemplate\":\"https:\/\/ict.com.tr\/?s={search_term_string}\"},\"query-input\":{\"@type\":\"PropertyValueSpecification\",\"valueRequired\":true,\"valueName\":\"search_term_string\"}}],\"inLanguage\":\"tr\"}]}<\/script>\n<!-- \/ Yoast SEO plugin. -->","yoast_head_json":{"title":"ICT Telekom\u00fcnikasyon - Uzaktan \u00d6\u011frenim \/ E\u011fitim","description":"ICT Telekom\u00fcnikasyon, b\u00fct\u00fcn ba\u015far\u0131l\u0131 uzaktan e\u011fitim uygulamalar\u0131n\u0131n temelinde sa\u011fl\u0131kl\u0131 bir ileti\u015fim altyap\u0131s\u0131 yer ald\u0131\u011f\u0131n\u0131 bilir.","robots":{"index":"index","follow":"follow","max-snippet":"max-snippet:-1","max-image-preview":"max-image-preview:large","max-video-preview":"max-video-preview:-1"},"canonical":"https:\/\/ict.com.tr\/tr\/cozumler\/uzaktan-ogrenim-egitim\/","og_locale":"tr_TR","og_type":"article","og_title":"ICT Telekom\u00fcnikasyon - Uzaktan \u00d6\u011frenim \/ E\u011fitim","og_description":"ICT Telekom\u00fcnikasyon, b\u00fct\u00fcn ba\u015far\u0131l\u0131 uzaktan e\u011fitim uygulamalar\u0131n\u0131n temelinde sa\u011fl\u0131kl\u0131 bir ileti\u015fim altyap\u0131s\u0131 yer ald\u0131\u011f\u0131n\u0131 bilir.","og_url":"https:\/\/ict.com.tr\/tr\/cozumler\/uzaktan-ogrenim-egitim\/","og_site_name":"ICT Telekom\u00fcnikasyon","article_modified_time":"2025-10-13T13:16:45+00:00","og_image":[{"width":1920,"height":500,"url":"https:\/\/ict.com.tr\/wp-content\/uploads\/2020\/11\/egitim-bg.jpg","type":"image\/jpeg"}],"twitter_card":"summary_large_image","twitter_misc":{"Tahmini okuma s\u00fcresi":"1 dakika"},"schema":{"@context":"https:\/\/schema.org","@graph":[{"@type":"WebPage","@id":"https:\/\/ict.com.tr\/tr\/cozumler\/uzaktan-ogrenim-egitim\/","url":"https:\/\/ict.com.tr\/tr\/cozumler\/uzaktan-ogrenim-egitim\/","name":"ICT Telekom\u00fcnikasyon - Uzaktan \u00d6\u011frenim \/ E\u011fitim","isPartOf":{"@id":"https:\/\/ict.com.tr\/#website"},"primaryImageOfPage":{"@id":"https:\/\/ict.com.tr\/tr\/cozumler\/uzaktan-ogrenim-egitim\/#primaryimage"},"image":{"@id":"https:\/\/ict.com.tr\/tr\/cozumler\/uzaktan-ogrenim-egitim\/#primaryimage"},"thumbnailUrl":"https:\/\/ict.com.tr\/wp-content\/uploads\/2020\/11\/egitim-bg.jpg","datePublished":"2020-10-13T10:06:11+00:00","dateModified":"2025-10-13T13:16:45+00:00","description":"ICT Telekom\u00fcnikasyon, b\u00fct\u00fcn ba\u015far\u0131l\u0131 uzaktan e\u011fitim uygulamalar\u0131n\u0131n temelinde sa\u011fl\u0131kl\u0131 bir ileti\u015fim altyap\u0131s\u0131 yer ald\u0131\u011f\u0131n\u0131 bilir.","breadcrumb":{"@id":"https:\/\/ict.com.tr\/tr\/cozumler\/uzaktan-ogrenim-egitim\/#breadcrumb"},"inLanguage":"tr","potentialAction":[{"@type":"ReadAction","target":["https:\/\/ict.com.tr\/tr\/cozumler\/uzaktan-ogrenim-egitim\/"]}]},{"@type":"ImageObject","inLanguage":"tr","@id":"https:\/\/ict.com.tr\/tr\/cozumler\/uzaktan-ogrenim-egitim\/#primaryimage","url":"https:\/\/ict.com.tr\/wp-content\/uploads\/2020\/11\/egitim-bg.jpg","contentUrl":"https:\/\/ict.com.tr\/wp-content\/uploads\/2020\/11\/egitim-bg.jpg","width":1920,"height":500},{"@type":"BreadcrumbList","@id":"https:\/\/ict.com.tr\/tr\/cozumler\/uzaktan-ogrenim-egitim\/#breadcrumb","itemListElement":[{"@type":"ListItem","position":1,"name":"Home","item":"https:\/\/ict.com.tr\/tr\/"},{"@type":"ListItem","position":2,"name":"\u00c7\u00f6z\u00fcmler","item":"https:\/\/ict.com.tr\/tr\/cozumler\/"},{"@type":"ListItem","position":3,"name":"Uzaktan \u00d6\u011frenim \/ E\u011fitim"}]},{"@type":"WebSite","@id":"https:\/\/ict.com.tr\/#website","url":"https:\/\/ict.com.tr\/","name":"ICT Telekom\u00fcnikasyon","description":"","potentialAction":[{"@type":"SearchAction","target":{"@type":"EntryPoint","urlTemplate":"https:\/\/ict.com.tr\/?s={search_term_string}"},"query-input":{"@type":"PropertyValueSpecification","valueRequired":true,"valueName":"search_term_string"}}],"inLanguage":"tr"}]}},"_links":{"self":[{"href":"https:\/\/ict.com.tr\/tr\/wp-json\/wp\/v2\/pages\/542","targetHints":{"allow":["GET"]}}],"collection":[{"href":"https:\/\/ict.com.tr\/tr\/wp-json\/wp\/v2\/pages"}],"about":[{"href":"https:\/\/ict.com.tr\/tr\/wp-json\/wp\/v2\/types\/page"}],"author":[{"embeddable":true,"href":"https:\/\/ict.com.tr\/tr\/wp-json\/wp\/v2\/users\/1"}],"replies":[{"embeddable":true,"href":"https:\/\/ict.com.tr\/tr\/wp-json\/wp\/v2\/comments?post=542"}],"version-history":[{"count":9,"href":"https:\/\/ict.com.tr\/tr\/wp-json\/wp\/v2\/pages\/542\/revisions"}],"predecessor-version":[{"id":4286,"href":"https:\/\/ict.com.tr\/tr\/wp-json\/wp\/v2\/pages\/542\/revisions\/4286"}],"up":[{"embeddable":true,"href":"https:\/\/ict.com.tr\/tr\/wp-json\/wp\/v2\/pages\/118"}],"wp:featuredmedia":[{"embeddable":true,"href":"https:\/\/ict.com.tr\/tr\/wp-json\/wp\/v2\/media\/2899"}],"wp:attachment":[{"href":"https:\/\/ict.com.tr\/tr\/wp-json\/wp\/v2\/media?parent=542"}],"curies":[{"name":"wp","href":"https:\/\/api.w.org\/{rel}","templated":true}]}}