{"id":539,"date":"2020-10-13T10:04:38","date_gmt":"2020-10-13T10:04:38","guid":{"rendered":"http:\/\/ict-kurumsal.lc\/?page_id=539"},"modified":"2025-10-13T13:16:11","modified_gmt":"2025-10-13T13:16:11","slug":"madencilik","status":"publish","type":"page","link":"https:\/\/ict.com.tr\/tr\/cozumler\/madencilik\/","title":{"rendered":"Madencilik"},"content":{"rendered":"<div class=\"wpb-content-wrapper\"><p>[vc_row][vc_column width=&#8221;1\/2&#8243;][vc_single_image image=&#8221;2967&#8243; img_size=&#8221;full&#8221;][\/vc_column][vc_column width=&#8221;1\/2&#8243;][vc_custom_heading text=&#8221;Madencilik&#8221; google_fonts=&#8221;font_family:Montserrat%3Aregular%2C700|font_style:400%20regular%3A400%3Anormal&#8221;][vc_column_text css=&#8221;&#8221;]<span style=\"font-weight: 400;\">Madencilik zorlu \u015fartlarda ve \u00e7o\u011fu kez mesk\u00fbn yerlerden uzakta hizmet veren bir sekt\u00f6rd\u00fcr. ICT Telekom\u00fcnikasyon olarak maden firmalar\u0131n\u0131n, g\u00fcvenilir ba\u011flant\u0131 ve sa\u011flam \u00fcr\u00fcnlere ihtiya\u00e7 duydu\u011funun bilincindeyiz.\u00a0<\/span><\/p>\n<p><span style=\"font-weight: 400;\">Bu y\u00fczden m\u00fc\u015fterimizle yak\u0131n \u00e7al\u0131\u015farak onlara gerek haz\u0131r gerek \u0131smarlama \u00e7\u00f6z\u00fcmler sunarak onlar\u0131n ileti\u015fim ihtiya\u00e7lar\u0131n\u0131 kar\u015f\u0131l\u0131yoruz. Uzak maden sahalar\u0131 i\u00e7in g\u00fcvenilir, dayan\u0131kl\u0131 ve yetenekli ileti\u015fim, bir maden sahas\u0131n\u0131n kurumsal merkez ile ayn\u0131 g\u00fcvenilir, y\u00fcksek performansl\u0131 eri\u015fime sahip olmas\u0131n\u0131 sa\u011flar.<\/span><\/p>\n<p><span style=\"font-weight: 400;\">Verdi\u011fimiz L-, Ku- ve Ka-Band uydu ba\u011flant\u0131 hizmetleri sadece kurulmu\u015f maden saha i\u00e7in de\u011fil, potansiyel maden b\u00f6lgelerini ara\u015ft\u0131ran ke\u015fif ekipleri i\u00e7inde uygundur. <\/span>[\/vc_column_text][\/vc_column][\/vc_row]<\/p>\n<\/div>","protected":false},"excerpt":{"rendered":"<p>[vc_row][vc_column width=&#8221;1\/2&#8243;][vc_single_image image=&#8221;2967&#8243; img_size=&#8221;full&#8221;][\/vc_column][vc_column width=&#8221;1\/2&#8243;][vc_custom_heading text=&#8221;Madencilik&#8221; google_fonts=&#8221;font_family:Montserrat%3Aregular%2C700|font_style:400%20regular%3A400%3Anormal&#8221;][vc_column_text css=&#8221;&#8221;]Madencilik zorlu \u015fartlarda ve \u00e7o\u011fu kez mesk\u00fbn yerlerden uzakta hizmet veren bir sekt\u00f6rd\u00fcr. [&hellip;]<\/p>\n","protected":false},"author":1,"featured_media":2964,"parent":118,"menu_order":0,"comment_status":"closed","ping_status":"closed","template":"","meta":{"_acf_changed":false,"footnotes":""},"class_list":["post-539","page","type-page","status-publish","has-post-thumbnail","hentry"],"acf":[],"yoast_head":"<!-- This site is optimized with the Yoast SEO plugin v27.2 - https:\/\/yoast.com\/product\/yoast-seo-wordpress\/ -->\n<title>ICT Telekom\u00fcnikasyon - Madencilik<\/title>\n<meta name=\"description\" content=\"ICT Telekom\u00fcnikasyon olarak madencili\u011fin zorlu \u015fartlarda ve \u00e7o\u011fu kez mesk\u00fbn yerlerden uzakta hizmet veren bir sekt\u00f6r oldu\u011funun bilincindeyiz.\" \/>\n<meta name=\"robots\" content=\"index, follow, max-snippet:-1, max-image-preview:large, max-video-preview:-1\" \/>\n<link rel=\"canonical\" href=\"https:\/\/ict.com.tr\/tr\/cozumler\/madencilik\/\" \/>\n<meta property=\"og:locale\" content=\"tr_TR\" \/>\n<meta property=\"og:type\" content=\"article\" \/>\n<meta property=\"og:title\" content=\"ICT Telekom\u00fcnikasyon - Madencilik\" \/>\n<meta property=\"og:description\" content=\"ICT Telekom\u00fcnikasyon olarak madencili\u011fin zorlu \u015fartlarda ve \u00e7o\u011fu kez mesk\u00fbn yerlerden uzakta hizmet veren bir sekt\u00f6r oldu\u011funun bilincindeyiz.\" \/>\n<meta property=\"og:url\" content=\"https:\/\/ict.com.tr\/tr\/cozumler\/madencilik\/\" \/>\n<meta property=\"og:site_name\" content=\"ICT Telekom\u00fcnikasyon\" \/>\n<meta property=\"article:modified_time\" content=\"2025-10-13T13:16:11+00:00\" \/>\n<meta property=\"og:image\" content=\"https:\/\/ict.com.tr\/wp-content\/uploads\/2020\/12\/madencilik-bg.jpg\" \/>\n\t<meta property=\"og:image:width\" content=\"1920\" \/>\n\t<meta property=\"og:image:height\" content=\"500\" \/>\n\t<meta property=\"og:image:type\" content=\"image\/jpeg\" \/>\n<meta name=\"twitter:card\" content=\"summary_large_image\" \/>\n<meta name=\"twitter:label1\" content=\"Tahmini okuma s\u00fcresi\" \/>\n\t<meta name=\"twitter:data1\" content=\"1 dakika\" \/>\n<script type=\"application\/ld+json\" class=\"yoast-schema-graph\">{\"@context\":\"https:\/\/schema.org\",\"@graph\":[{\"@type\":\"WebPage\",\"@id\":\"https:\/\/ict.com.tr\/tr\/cozumler\/madencilik\/\",\"url\":\"https:\/\/ict.com.tr\/tr\/cozumler\/madencilik\/\",\"name\":\"ICT Telekom\u00fcnikasyon - Madencilik\",\"isPartOf\":{\"@id\":\"https:\/\/ict.com.tr\/#website\"},\"primaryImageOfPage\":{\"@id\":\"https:\/\/ict.com.tr\/tr\/cozumler\/madencilik\/#primaryimage\"},\"image\":{\"@id\":\"https:\/\/ict.com.tr\/tr\/cozumler\/madencilik\/#primaryimage\"},\"thumbnailUrl\":\"https:\/\/ict.com.tr\/wp-content\/uploads\/2020\/12\/madencilik-bg.jpg\",\"datePublished\":\"2020-10-13T10:04:38+00:00\",\"dateModified\":\"2025-10-13T13:16:11+00:00\",\"description\":\"ICT Telekom\u00fcnikasyon olarak madencili\u011fin zorlu \u015fartlarda ve \u00e7o\u011fu kez mesk\u00fbn yerlerden uzakta hizmet veren bir sekt\u00f6r oldu\u011funun bilincindeyiz.\",\"breadcrumb\":{\"@id\":\"https:\/\/ict.com.tr\/tr\/cozumler\/madencilik\/#breadcrumb\"},\"inLanguage\":\"tr\",\"potentialAction\":[{\"@type\":\"ReadAction\",\"target\":[\"https:\/\/ict.com.tr\/tr\/cozumler\/madencilik\/\"]}]},{\"@type\":\"ImageObject\",\"inLanguage\":\"tr\",\"@id\":\"https:\/\/ict.com.tr\/tr\/cozumler\/madencilik\/#primaryimage\",\"url\":\"https:\/\/ict.com.tr\/wp-content\/uploads\/2020\/12\/madencilik-bg.jpg\",\"contentUrl\":\"https:\/\/ict.com.tr\/wp-content\/uploads\/2020\/12\/madencilik-bg.jpg\",\"width\":1920,\"height\":500},{\"@type\":\"BreadcrumbList\",\"@id\":\"https:\/\/ict.com.tr\/tr\/cozumler\/madencilik\/#breadcrumb\",\"itemListElement\":[{\"@type\":\"ListItem\",\"position\":1,\"name\":\"Home\",\"item\":\"https:\/\/ict.com.tr\/tr\/\"},{\"@type\":\"ListItem\",\"position\":2,\"name\":\"\u00c7\u00f6z\u00fcmler\",\"item\":\"https:\/\/ict.com.tr\/tr\/cozumler\/\"},{\"@type\":\"ListItem\",\"position\":3,\"name\":\"Madencilik\"}]},{\"@type\":\"WebSite\",\"@id\":\"https:\/\/ict.com.tr\/#website\",\"url\":\"https:\/\/ict.com.tr\/\",\"name\":\"ICT Telekom\u00fcnikasyon\",\"description\":\"\",\"potentialAction\":[{\"@type\":\"SearchAction\",\"target\":{\"@type\":\"EntryPoint\",\"urlTemplate\":\"https:\/\/ict.com.tr\/?s={search_term_string}\"},\"query-input\":{\"@type\":\"PropertyValueSpecification\",\"valueRequired\":true,\"valueName\":\"search_term_string\"}}],\"inLanguage\":\"tr\"}]}<\/script>\n<!-- \/ Yoast SEO plugin. -->","yoast_head_json":{"title":"ICT Telekom\u00fcnikasyon - Madencilik","description":"ICT Telekom\u00fcnikasyon olarak madencili\u011fin zorlu \u015fartlarda ve \u00e7o\u011fu kez mesk\u00fbn yerlerden uzakta hizmet veren bir sekt\u00f6r oldu\u011funun bilincindeyiz.","robots":{"index":"index","follow":"follow","max-snippet":"max-snippet:-1","max-image-preview":"max-image-preview:large","max-video-preview":"max-video-preview:-1"},"canonical":"https:\/\/ict.com.tr\/tr\/cozumler\/madencilik\/","og_locale":"tr_TR","og_type":"article","og_title":"ICT Telekom\u00fcnikasyon - Madencilik","og_description":"ICT Telekom\u00fcnikasyon olarak madencili\u011fin zorlu \u015fartlarda ve \u00e7o\u011fu kez mesk\u00fbn yerlerden uzakta hizmet veren bir sekt\u00f6r oldu\u011funun bilincindeyiz.","og_url":"https:\/\/ict.com.tr\/tr\/cozumler\/madencilik\/","og_site_name":"ICT Telekom\u00fcnikasyon","article_modified_time":"2025-10-13T13:16:11+00:00","og_image":[{"width":1920,"height":500,"url":"https:\/\/ict.com.tr\/wp-content\/uploads\/2020\/12\/madencilik-bg.jpg","type":"image\/jpeg"}],"twitter_card":"summary_large_image","twitter_misc":{"Tahmini okuma s\u00fcresi":"1 dakika"},"schema":{"@context":"https:\/\/schema.org","@graph":[{"@type":"WebPage","@id":"https:\/\/ict.com.tr\/tr\/cozumler\/madencilik\/","url":"https:\/\/ict.com.tr\/tr\/cozumler\/madencilik\/","name":"ICT Telekom\u00fcnikasyon - Madencilik","isPartOf":{"@id":"https:\/\/ict.com.tr\/#website"},"primaryImageOfPage":{"@id":"https:\/\/ict.com.tr\/tr\/cozumler\/madencilik\/#primaryimage"},"image":{"@id":"https:\/\/ict.com.tr\/tr\/cozumler\/madencilik\/#primaryimage"},"thumbnailUrl":"https:\/\/ict.com.tr\/wp-content\/uploads\/2020\/12\/madencilik-bg.jpg","datePublished":"2020-10-13T10:04:38+00:00","dateModified":"2025-10-13T13:16:11+00:00","description":"ICT Telekom\u00fcnikasyon olarak madencili\u011fin zorlu \u015fartlarda ve \u00e7o\u011fu kez mesk\u00fbn yerlerden uzakta hizmet veren bir sekt\u00f6r oldu\u011funun bilincindeyiz.","breadcrumb":{"@id":"https:\/\/ict.com.tr\/tr\/cozumler\/madencilik\/#breadcrumb"},"inLanguage":"tr","potentialAction":[{"@type":"ReadAction","target":["https:\/\/ict.com.tr\/tr\/cozumler\/madencilik\/"]}]},{"@type":"ImageObject","inLanguage":"tr","@id":"https:\/\/ict.com.tr\/tr\/cozumler\/madencilik\/#primaryimage","url":"https:\/\/ict.com.tr\/wp-content\/uploads\/2020\/12\/madencilik-bg.jpg","contentUrl":"https:\/\/ict.com.tr\/wp-content\/uploads\/2020\/12\/madencilik-bg.jpg","width":1920,"height":500},{"@type":"BreadcrumbList","@id":"https:\/\/ict.com.tr\/tr\/cozumler\/madencilik\/#breadcrumb","itemListElement":[{"@type":"ListItem","position":1,"name":"Home","item":"https:\/\/ict.com.tr\/tr\/"},{"@type":"ListItem","position":2,"name":"\u00c7\u00f6z\u00fcmler","item":"https:\/\/ict.com.tr\/tr\/cozumler\/"},{"@type":"ListItem","position":3,"name":"Madencilik"}]},{"@type":"WebSite","@id":"https:\/\/ict.com.tr\/#website","url":"https:\/\/ict.com.tr\/","name":"ICT Telekom\u00fcnikasyon","description":"","potentialAction":[{"@type":"SearchAction","target":{"@type":"EntryPoint","urlTemplate":"https:\/\/ict.com.tr\/?s={search_term_string}"},"query-input":{"@type":"PropertyValueSpecification","valueRequired":true,"valueName":"search_term_string"}}],"inLanguage":"tr"}]}},"_links":{"self":[{"href":"https:\/\/ict.com.tr\/tr\/wp-json\/wp\/v2\/pages\/539","targetHints":{"allow":["GET"]}}],"collection":[{"href":"https:\/\/ict.com.tr\/tr\/wp-json\/wp\/v2\/pages"}],"about":[{"href":"https:\/\/ict.com.tr\/tr\/wp-json\/wp\/v2\/types\/page"}],"author":[{"embeddable":true,"href":"https:\/\/ict.com.tr\/tr\/wp-json\/wp\/v2\/users\/1"}],"replies":[{"embeddable":true,"href":"https:\/\/ict.com.tr\/tr\/wp-json\/wp\/v2\/comments?post=539"}],"version-history":[{"count":8,"href":"https:\/\/ict.com.tr\/tr\/wp-json\/wp\/v2\/pages\/539\/revisions"}],"predecessor-version":[{"id":4282,"href":"https:\/\/ict.com.tr\/tr\/wp-json\/wp\/v2\/pages\/539\/revisions\/4282"}],"up":[{"embeddable":true,"href":"https:\/\/ict.com.tr\/tr\/wp-json\/wp\/v2\/pages\/118"}],"wp:featuredmedia":[{"embeddable":true,"href":"https:\/\/ict.com.tr\/tr\/wp-json\/wp\/v2\/media\/2964"}],"wp:attachment":[{"href":"https:\/\/ict.com.tr\/tr\/wp-json\/wp\/v2\/media?parent=539"}],"curies":[{"name":"wp","href":"https:\/\/api.w.org\/{rel}","templated":true}]}}