{"id":536,"date":"2020-10-13T09:06:32","date_gmt":"2020-10-13T09:06:32","guid":{"rendered":"http:\/\/ict-kurumsal.lc\/?page_id=536"},"modified":"2025-10-13T13:15:39","modified_gmt":"2025-10-13T13:15:39","slug":"insaat","status":"publish","type":"page","link":"https:\/\/ict.com.tr\/tr\/cozumler\/insaat\/","title":{"rendered":"\u0130n\u015faat"},"content":{"rendered":"<div class=\"wpb-content-wrapper\"><p>[vc_row][vc_column width=&#8221;1\/2&#8243;][vc_single_image image=&#8221;2859&#8243; img_size=&#8221;full&#8221;][\/vc_column][vc_column width=&#8221;1\/2&#8243;][vc_custom_heading text=&#8221;\u0130n\u015faat&#8221; google_fonts=&#8221;font_family:Montserrat%3Aregular%2C700|font_style:400%20regular%3A400%3Anormal&#8221;][vc_column_text css=&#8221;&#8221;]<span style=\"font-weight: 400;\">\u00dcretkenli\u011fi art\u0131rmak ve maliyeti d\u00fc\u015f\u00fcrmek t\u00fcm in\u015faat projeleri i\u00e7in \u00e7ok \u00f6nemlidir. \u00c7o\u011fu b\u00fcy\u00fck in\u015faat projesi ak\u0131c\u0131 ve h\u0131zl\u0131 hareket eder, a\u011f proje geli\u015ftik\u00e7e h\u0131zl\u0131 bir \u015fekilde \u00f6l\u00e7eklenebilmeli ve uyarlanabilmelidir. <\/span><span style=\"font-weight: 400;\">\u015eantiye ne kadar uzak olursa olsun, ister T\u00fcrkiye\u2019de ister yurtd\u0131\u015f\u0131nda, ICT Telekom\u00fcnikasyon sa\u011flad\u0131\u011f\u0131 y\u00fcksek performansl\u0131, g\u00fcvenilir uydu ileti\u015fim \u00e7\u00f6z\u00fcmleri ile in\u015faat\u0131n ilk ad\u0131m\u0131 olan mobilizasyon a\u015famas\u0131ndan itibaren\u00a0 sahada yerini al\u0131r.\u00a0<\/span><\/p>\n<p><span style=\"font-weight: 400;\">Sundu\u011fumuz \u00e7\u00f6z\u00fcmler b\u00fcy\u00fck in\u015faat projelerinin ak\u0131c\u0131 ve h\u0131zl\u0131 dinamiklerine paralel ve h\u0131zl\u0131 bir \u015fekilde \u00f6l\u00e7eklenebilir ve uyarlanabilir.\u00a0<\/span><span style=\"font-weight: 400;\">Ak\u0131ll\u0131 telefon ve tabletlerdeki kullan\u0131m yo\u011funlu\u011funun artmas\u0131 ve\u00a0 sosyal medyan\u0131n artan kullan\u0131m\u0131yla \u00e7al\u0131\u015fanlar nerede olurlarsa olsunlar Internet eri\u015fimine ihtiya\u00e7 duyuyorlar. \u0130n\u015faat i\u015f\u00e7ileri \u00f6zellikle de yurtd\u0131\u015f\u0131nda \u00e7al\u0131\u015fanlar haftalarca kamp\u00fcs\u00fcn i\u00e7inde kald\u0131klar\u0131 i\u00e7in arkada\u015flar\u0131 ve aileleri ile g\u00f6r\u00fcnt\u00fcl\u00fc sohbetlere, medya ak\u0131\u015f\u0131na veya sadece evde oldu\u011fu gibi Internette gezinmeye izin veren istikrarl\u0131 bir ba\u011flant\u0131dan faydalanabilirler.<\/span>[\/vc_column_text][\/vc_column][\/vc_row]<\/p>\n<\/div>","protected":false},"excerpt":{"rendered":"<p>[vc_row][vc_column width=&#8221;1\/2&#8243;][vc_single_image image=&#8221;2859&#8243; img_size=&#8221;full&#8221;][\/vc_column][vc_column width=&#8221;1\/2&#8243;][vc_custom_heading text=&#8221;\u0130n\u015faat&#8221; google_fonts=&#8221;font_family:Montserrat%3Aregular%2C700|font_style:400%20regular%3A400%3Anormal&#8221;][vc_column_text css=&#8221;&#8221;]\u00dcretkenli\u011fi art\u0131rmak ve maliyeti d\u00fc\u015f\u00fcrmek t\u00fcm in\u015faat projeleri i\u00e7in \u00e7ok \u00f6nemlidir. \u00c7o\u011fu b\u00fcy\u00fck [&hellip;]<\/p>\n","protected":false},"author":1,"featured_media":2665,"parent":118,"menu_order":0,"comment_status":"closed","ping_status":"closed","template":"","meta":{"_acf_changed":false,"footnotes":""},"class_list":["post-536","page","type-page","status-publish","has-post-thumbnail","hentry"],"acf":[],"yoast_head":"<!-- This site is optimized with the Yoast SEO plugin v27.2 - https:\/\/yoast.com\/product\/yoast-seo-wordpress\/ -->\n<title>ICT Telekom\u00fcnikasyon - \u0130n\u015faat<\/title>\n<meta name=\"description\" content=\"\u00dcretkenli\u011fi art\u0131rmak ve maliyeti d\u00fc\u015f\u00fcrmek t\u00fcm in\u015faat projeleri i\u00e7in \u00e7ok \u00f6nemlidir. ICT Telekom\u00fcnikasyon h\u0131zl\u0131 hareket eder.\" \/>\n<meta name=\"robots\" content=\"index, follow, max-snippet:-1, max-image-preview:large, max-video-preview:-1\" \/>\n<link rel=\"canonical\" href=\"https:\/\/ict.com.tr\/tr\/cozumler\/insaat\/\" \/>\n<meta property=\"og:locale\" content=\"tr_TR\" \/>\n<meta property=\"og:type\" content=\"article\" \/>\n<meta property=\"og:title\" content=\"ICT Telekom\u00fcnikasyon - \u0130n\u015faat\" \/>\n<meta property=\"og:description\" content=\"\u00dcretkenli\u011fi art\u0131rmak ve maliyeti d\u00fc\u015f\u00fcrmek t\u00fcm in\u015faat projeleri i\u00e7in \u00e7ok \u00f6nemlidir. ICT Telekom\u00fcnikasyon h\u0131zl\u0131 hareket eder.\" \/>\n<meta property=\"og:url\" content=\"https:\/\/ict.com.tr\/tr\/cozumler\/insaat\/\" \/>\n<meta property=\"og:site_name\" content=\"ICT Telekom\u00fcnikasyon\" \/>\n<meta property=\"article:modified_time\" content=\"2025-10-13T13:15:39+00:00\" \/>\n<meta property=\"og:image\" content=\"https:\/\/ict.com.tr\/wp-content\/uploads\/2020\/11\/insaat-background-1.jpg\" \/>\n\t<meta property=\"og:image:width\" content=\"1920\" \/>\n\t<meta property=\"og:image:height\" content=\"500\" \/>\n\t<meta property=\"og:image:type\" content=\"image\/jpeg\" \/>\n<meta name=\"twitter:card\" content=\"summary_large_image\" \/>\n<meta name=\"twitter:label1\" content=\"Tahmini okuma s\u00fcresi\" \/>\n\t<meta name=\"twitter:data1\" content=\"2 dakika\" \/>\n<script type=\"application\/ld+json\" class=\"yoast-schema-graph\">{\"@context\":\"https:\/\/schema.org\",\"@graph\":[{\"@type\":\"WebPage\",\"@id\":\"https:\/\/ict.com.tr\/tr\/cozumler\/insaat\/\",\"url\":\"https:\/\/ict.com.tr\/tr\/cozumler\/insaat\/\",\"name\":\"ICT Telekom\u00fcnikasyon - \u0130n\u015faat\",\"isPartOf\":{\"@id\":\"https:\/\/ict.com.tr\/#website\"},\"primaryImageOfPage\":{\"@id\":\"https:\/\/ict.com.tr\/tr\/cozumler\/insaat\/#primaryimage\"},\"image\":{\"@id\":\"https:\/\/ict.com.tr\/tr\/cozumler\/insaat\/#primaryimage\"},\"thumbnailUrl\":\"https:\/\/ict.com.tr\/wp-content\/uploads\/2020\/11\/insaat-background-1.jpg\",\"datePublished\":\"2020-10-13T09:06:32+00:00\",\"dateModified\":\"2025-10-13T13:15:39+00:00\",\"description\":\"\u00dcretkenli\u011fi art\u0131rmak ve maliyeti d\u00fc\u015f\u00fcrmek t\u00fcm in\u015faat projeleri i\u00e7in \u00e7ok \u00f6nemlidir. ICT Telekom\u00fcnikasyon h\u0131zl\u0131 hareket eder.\",\"breadcrumb\":{\"@id\":\"https:\/\/ict.com.tr\/tr\/cozumler\/insaat\/#breadcrumb\"},\"inLanguage\":\"tr\",\"potentialAction\":[{\"@type\":\"ReadAction\",\"target\":[\"https:\/\/ict.com.tr\/tr\/cozumler\/insaat\/\"]}]},{\"@type\":\"ImageObject\",\"inLanguage\":\"tr\",\"@id\":\"https:\/\/ict.com.tr\/tr\/cozumler\/insaat\/#primaryimage\",\"url\":\"https:\/\/ict.com.tr\/wp-content\/uploads\/2020\/11\/insaat-background-1.jpg\",\"contentUrl\":\"https:\/\/ict.com.tr\/wp-content\/uploads\/2020\/11\/insaat-background-1.jpg\",\"width\":1920,\"height\":500},{\"@type\":\"BreadcrumbList\",\"@id\":\"https:\/\/ict.com.tr\/tr\/cozumler\/insaat\/#breadcrumb\",\"itemListElement\":[{\"@type\":\"ListItem\",\"position\":1,\"name\":\"Home\",\"item\":\"https:\/\/ict.com.tr\/tr\/\"},{\"@type\":\"ListItem\",\"position\":2,\"name\":\"\u00c7\u00f6z\u00fcmler\",\"item\":\"https:\/\/ict.com.tr\/tr\/cozumler\/\"},{\"@type\":\"ListItem\",\"position\":3,\"name\":\"\u0130n\u015faat\"}]},{\"@type\":\"WebSite\",\"@id\":\"https:\/\/ict.com.tr\/#website\",\"url\":\"https:\/\/ict.com.tr\/\",\"name\":\"ICT Telekom\u00fcnikasyon\",\"description\":\"\",\"potentialAction\":[{\"@type\":\"SearchAction\",\"target\":{\"@type\":\"EntryPoint\",\"urlTemplate\":\"https:\/\/ict.com.tr\/?s={search_term_string}\"},\"query-input\":{\"@type\":\"PropertyValueSpecification\",\"valueRequired\":true,\"valueName\":\"search_term_string\"}}],\"inLanguage\":\"tr\"}]}<\/script>\n<!-- \/ Yoast SEO plugin. -->","yoast_head_json":{"title":"ICT Telekom\u00fcnikasyon - \u0130n\u015faat","description":"\u00dcretkenli\u011fi art\u0131rmak ve maliyeti d\u00fc\u015f\u00fcrmek t\u00fcm in\u015faat projeleri i\u00e7in \u00e7ok \u00f6nemlidir. ICT Telekom\u00fcnikasyon h\u0131zl\u0131 hareket eder.","robots":{"index":"index","follow":"follow","max-snippet":"max-snippet:-1","max-image-preview":"max-image-preview:large","max-video-preview":"max-video-preview:-1"},"canonical":"https:\/\/ict.com.tr\/tr\/cozumler\/insaat\/","og_locale":"tr_TR","og_type":"article","og_title":"ICT Telekom\u00fcnikasyon - \u0130n\u015faat","og_description":"\u00dcretkenli\u011fi art\u0131rmak ve maliyeti d\u00fc\u015f\u00fcrmek t\u00fcm in\u015faat projeleri i\u00e7in \u00e7ok \u00f6nemlidir. ICT Telekom\u00fcnikasyon h\u0131zl\u0131 hareket eder.","og_url":"https:\/\/ict.com.tr\/tr\/cozumler\/insaat\/","og_site_name":"ICT Telekom\u00fcnikasyon","article_modified_time":"2025-10-13T13:15:39+00:00","og_image":[{"width":1920,"height":500,"url":"https:\/\/ict.com.tr\/wp-content\/uploads\/2020\/11\/insaat-background-1.jpg","type":"image\/jpeg"}],"twitter_card":"summary_large_image","twitter_misc":{"Tahmini okuma s\u00fcresi":"2 dakika"},"schema":{"@context":"https:\/\/schema.org","@graph":[{"@type":"WebPage","@id":"https:\/\/ict.com.tr\/tr\/cozumler\/insaat\/","url":"https:\/\/ict.com.tr\/tr\/cozumler\/insaat\/","name":"ICT Telekom\u00fcnikasyon - \u0130n\u015faat","isPartOf":{"@id":"https:\/\/ict.com.tr\/#website"},"primaryImageOfPage":{"@id":"https:\/\/ict.com.tr\/tr\/cozumler\/insaat\/#primaryimage"},"image":{"@id":"https:\/\/ict.com.tr\/tr\/cozumler\/insaat\/#primaryimage"},"thumbnailUrl":"https:\/\/ict.com.tr\/wp-content\/uploads\/2020\/11\/insaat-background-1.jpg","datePublished":"2020-10-13T09:06:32+00:00","dateModified":"2025-10-13T13:15:39+00:00","description":"\u00dcretkenli\u011fi art\u0131rmak ve maliyeti d\u00fc\u015f\u00fcrmek t\u00fcm in\u015faat projeleri i\u00e7in \u00e7ok \u00f6nemlidir. ICT Telekom\u00fcnikasyon h\u0131zl\u0131 hareket eder.","breadcrumb":{"@id":"https:\/\/ict.com.tr\/tr\/cozumler\/insaat\/#breadcrumb"},"inLanguage":"tr","potentialAction":[{"@type":"ReadAction","target":["https:\/\/ict.com.tr\/tr\/cozumler\/insaat\/"]}]},{"@type":"ImageObject","inLanguage":"tr","@id":"https:\/\/ict.com.tr\/tr\/cozumler\/insaat\/#primaryimage","url":"https:\/\/ict.com.tr\/wp-content\/uploads\/2020\/11\/insaat-background-1.jpg","contentUrl":"https:\/\/ict.com.tr\/wp-content\/uploads\/2020\/11\/insaat-background-1.jpg","width":1920,"height":500},{"@type":"BreadcrumbList","@id":"https:\/\/ict.com.tr\/tr\/cozumler\/insaat\/#breadcrumb","itemListElement":[{"@type":"ListItem","position":1,"name":"Home","item":"https:\/\/ict.com.tr\/tr\/"},{"@type":"ListItem","position":2,"name":"\u00c7\u00f6z\u00fcmler","item":"https:\/\/ict.com.tr\/tr\/cozumler\/"},{"@type":"ListItem","position":3,"name":"\u0130n\u015faat"}]},{"@type":"WebSite","@id":"https:\/\/ict.com.tr\/#website","url":"https:\/\/ict.com.tr\/","name":"ICT Telekom\u00fcnikasyon","description":"","potentialAction":[{"@type":"SearchAction","target":{"@type":"EntryPoint","urlTemplate":"https:\/\/ict.com.tr\/?s={search_term_string}"},"query-input":{"@type":"PropertyValueSpecification","valueRequired":true,"valueName":"search_term_string"}}],"inLanguage":"tr"}]}},"_links":{"self":[{"href":"https:\/\/ict.com.tr\/tr\/wp-json\/wp\/v2\/pages\/536","targetHints":{"allow":["GET"]}}],"collection":[{"href":"https:\/\/ict.com.tr\/tr\/wp-json\/wp\/v2\/pages"}],"about":[{"href":"https:\/\/ict.com.tr\/tr\/wp-json\/wp\/v2\/types\/page"}],"author":[{"embeddable":true,"href":"https:\/\/ict.com.tr\/tr\/wp-json\/wp\/v2\/users\/1"}],"replies":[{"embeddable":true,"href":"https:\/\/ict.com.tr\/tr\/wp-json\/wp\/v2\/comments?post=536"}],"version-history":[{"count":10,"href":"https:\/\/ict.com.tr\/tr\/wp-json\/wp\/v2\/pages\/536\/revisions"}],"predecessor-version":[{"id":4276,"href":"https:\/\/ict.com.tr\/tr\/wp-json\/wp\/v2\/pages\/536\/revisions\/4276"}],"up":[{"embeddable":true,"href":"https:\/\/ict.com.tr\/tr\/wp-json\/wp\/v2\/pages\/118"}],"wp:featuredmedia":[{"embeddable":true,"href":"https:\/\/ict.com.tr\/tr\/wp-json\/wp\/v2\/media\/2665"}],"wp:attachment":[{"href":"https:\/\/ict.com.tr\/tr\/wp-json\/wp\/v2\/media?parent=536"}],"curies":[{"name":"wp","href":"https:\/\/api.w.org\/{rel}","templated":true}]}}