{"id":533,"date":"2020-10-13T09:05:39","date_gmt":"2020-10-13T09:05:39","guid":{"rendered":"http:\/\/ict-kurumsal.lc\/?page_id=533"},"modified":"2023-10-30T12:28:46","modified_gmt":"2023-10-30T12:28:46","slug":"enerji","status":"publish","type":"page","link":"https:\/\/ict.com.tr\/tr\/cozumler\/enerji\/","title":{"rendered":"Enerji"},"content":{"rendered":"<div class=\"wpb-content-wrapper\"><p>[vc_row][vc_column width=&#8221;1\/2&#8243;][vc_single_image image=&#8221;3065&#8243; img_size=&#8221;full&#8221;][\/vc_column][vc_column width=&#8221;1\/2&#8243;][vc_custom_heading text=&#8221;Enerji&#8221;][vc_column_text]<span style=\"font-weight: 400;\">Enerji \u00fcretimi ve da\u011f\u0131t\u0131m\u0131 yapan firmalar sekt\u00f6r\u00fcn h\u0131zla dijitalle\u015fti\u011finin fark\u0131ndad\u0131rlar. \u0130ster r\u00fczgarl\u0131 \u0131ss\u0131z bir tepenin \u00fczerindeki r\u00fczgar enerji santrali olsun, ister u\u00e7suz bucaks\u0131z bir ovadaki g\u00fcne\u015f enerji santrali olsun b\u00fct\u00fcn enerji \u00fcretim tesislerinin Internet ve eri\u015fim ihtiyac\u0131 vard\u0131r. Bu hem orada bulunan sistemlerin sa\u011fl\u0131kl\u0131 \u00e7al\u0131\u015f\u0131p \u00e7al\u0131\u015fmad\u0131klar\u0131n\u0131n uzaktan denetlenmesi i\u00e7in gerekli, hem de \u00fcretim datas\u0131n\u0131n sorunsuz, do\u011fru ve dakik bir \u015fekilde EPDK\u2019ya aktar\u0131lmas\u0131 i\u00e7in gereklidir.<\/span><\/p>\n<p><span style=\"font-weight: 400;\">Enerji da\u011f\u0131t\u0131m\u0131 yapan \u015firketlerinde kendi altyap\u0131lar\u0131n\u0131 IoT \u00fczerinden takip edebilmeleri ve olas\u0131 kesintilere h\u0131zl\u0131ca m\u00fcdahale etmeleri \u00e7ok \u00f6nemlidir. Enerji da\u011f\u0131t\u0131m\u0131 sistemleri art\u0131k her \u00fclke i\u00e7in en kritik altyap\u0131lar\u0131 olu\u015fturmaktad\u0131r. Bu y\u00fczden\u00a0 enerji da\u011f\u0131t\u0131m\u0131 \u015firketlerinin uzak yerlerdeki altyap\u0131 \u00fcnitelerinden do\u011fru ve sa\u011fl\u0131kl\u0131 bilgiyi g\u00fcvenle alabilmeleri i\u00e7in uydu ba\u011flant\u0131s\u0131 \u00f6nemli rol oynamaktad\u0131r.<\/span>[\/vc_column_text][\/vc_column][\/vc_row]<\/p>\n<\/div>","protected":false},"excerpt":{"rendered":"<p>[vc_row][vc_column width=&#8221;1\/2&#8243;][vc_single_image image=&#8221;3065&#8243; img_size=&#8221;full&#8221;][\/vc_column][vc_column width=&#8221;1\/2&#8243;][vc_custom_heading text=&#8221;Enerji&#8221;][vc_column_text]Enerji \u00fcretimi ve da\u011f\u0131t\u0131m\u0131 yapan firmalar sekt\u00f6r\u00fcn h\u0131zla dijitalle\u015fti\u011finin fark\u0131ndad\u0131rlar. \u0130ster r\u00fczgarl\u0131 \u0131ss\u0131z bir tepenin [&hellip;]<\/p>\n","protected":false},"author":1,"featured_media":2846,"parent":118,"menu_order":0,"comment_status":"closed","ping_status":"closed","template":"","meta":{"_acf_changed":false,"footnotes":""},"class_list":["post-533","page","type-page","status-publish","has-post-thumbnail","hentry"],"acf":[],"yoast_head":"<!-- This site is optimized with the Yoast SEO plugin v27.2 - https:\/\/yoast.com\/product\/yoast-seo-wordpress\/ -->\n<title>ICT Telekom\u00fcnikasyon - Enerji<\/title>\n<meta name=\"description\" content=\"Enerji da\u011f\u0131t\u0131m\u0131 yapan \u015firketlerinde kendi altyap\u0131lar\u0131n\u0131 IoT \u00fczerinden takip edebilmeleri h\u0131zl\u0131ca m\u00fcdahale etmeleri \u00e7ok \u00f6nemlidir.\" \/>\n<meta name=\"robots\" content=\"index, follow, max-snippet:-1, max-image-preview:large, max-video-preview:-1\" \/>\n<link rel=\"canonical\" href=\"https:\/\/ict.com.tr\/tr\/cozumler\/enerji\/\" \/>\n<meta property=\"og:locale\" content=\"tr_TR\" \/>\n<meta property=\"og:type\" content=\"article\" \/>\n<meta property=\"og:title\" content=\"ICT Telekom\u00fcnikasyon - Enerji\" \/>\n<meta property=\"og:description\" content=\"Enerji da\u011f\u0131t\u0131m\u0131 yapan \u015firketlerinde kendi altyap\u0131lar\u0131n\u0131 IoT \u00fczerinden takip edebilmeleri h\u0131zl\u0131ca m\u00fcdahale etmeleri \u00e7ok \u00f6nemlidir.\" \/>\n<meta property=\"og:url\" content=\"https:\/\/ict.com.tr\/tr\/cozumler\/enerji\/\" \/>\n<meta property=\"og:site_name\" content=\"ICT Telekom\u00fcnikasyon\" \/>\n<meta property=\"article:modified_time\" content=\"2023-10-30T12:28:46+00:00\" \/>\n<meta property=\"og:image\" content=\"https:\/\/ict.com.tr\/wp-content\/uploads\/2020\/11\/enerji.jpg\" \/>\n\t<meta property=\"og:image:width\" content=\"1920\" \/>\n\t<meta property=\"og:image:height\" content=\"500\" \/>\n\t<meta property=\"og:image:type\" content=\"image\/jpeg\" \/>\n<meta name=\"twitter:card\" content=\"summary_large_image\" \/>\n<meta name=\"twitter:label1\" content=\"Tahmini okuma s\u00fcresi\" \/>\n\t<meta name=\"twitter:data1\" content=\"1 dakika\" \/>\n<script type=\"application\/ld+json\" class=\"yoast-schema-graph\">{\"@context\":\"https:\/\/schema.org\",\"@graph\":[{\"@type\":\"WebPage\",\"@id\":\"https:\/\/ict.com.tr\/tr\/cozumler\/enerji\/\",\"url\":\"https:\/\/ict.com.tr\/tr\/cozumler\/enerji\/\",\"name\":\"ICT Telekom\u00fcnikasyon - Enerji\",\"isPartOf\":{\"@id\":\"https:\/\/ict.com.tr\/#website\"},\"primaryImageOfPage\":{\"@id\":\"https:\/\/ict.com.tr\/tr\/cozumler\/enerji\/#primaryimage\"},\"image\":{\"@id\":\"https:\/\/ict.com.tr\/tr\/cozumler\/enerji\/#primaryimage\"},\"thumbnailUrl\":\"https:\/\/ict.com.tr\/wp-content\/uploads\/2020\/11\/enerji.jpg\",\"datePublished\":\"2020-10-13T09:05:39+00:00\",\"dateModified\":\"2023-10-30T12:28:46+00:00\",\"description\":\"Enerji da\u011f\u0131t\u0131m\u0131 yapan \u015firketlerinde kendi altyap\u0131lar\u0131n\u0131 IoT \u00fczerinden takip edebilmeleri h\u0131zl\u0131ca m\u00fcdahale etmeleri \u00e7ok \u00f6nemlidir.\",\"breadcrumb\":{\"@id\":\"https:\/\/ict.com.tr\/tr\/cozumler\/enerji\/#breadcrumb\"},\"inLanguage\":\"tr\",\"potentialAction\":[{\"@type\":\"ReadAction\",\"target\":[\"https:\/\/ict.com.tr\/tr\/cozumler\/enerji\/\"]}]},{\"@type\":\"ImageObject\",\"inLanguage\":\"tr\",\"@id\":\"https:\/\/ict.com.tr\/tr\/cozumler\/enerji\/#primaryimage\",\"url\":\"https:\/\/ict.com.tr\/wp-content\/uploads\/2020\/11\/enerji.jpg\",\"contentUrl\":\"https:\/\/ict.com.tr\/wp-content\/uploads\/2020\/11\/enerji.jpg\",\"width\":1920,\"height\":500},{\"@type\":\"BreadcrumbList\",\"@id\":\"https:\/\/ict.com.tr\/tr\/cozumler\/enerji\/#breadcrumb\",\"itemListElement\":[{\"@type\":\"ListItem\",\"position\":1,\"name\":\"Home\",\"item\":\"https:\/\/ict.com.tr\/tr\/\"},{\"@type\":\"ListItem\",\"position\":2,\"name\":\"\u00c7\u00f6z\u00fcmler\",\"item\":\"https:\/\/ict.com.tr\/tr\/cozumler\/\"},{\"@type\":\"ListItem\",\"position\":3,\"name\":\"Enerji\"}]},{\"@type\":\"WebSite\",\"@id\":\"https:\/\/ict.com.tr\/#website\",\"url\":\"https:\/\/ict.com.tr\/\",\"name\":\"ICT Telekom\u00fcnikasyon\",\"description\":\"\",\"potentialAction\":[{\"@type\":\"SearchAction\",\"target\":{\"@type\":\"EntryPoint\",\"urlTemplate\":\"https:\/\/ict.com.tr\/?s={search_term_string}\"},\"query-input\":{\"@type\":\"PropertyValueSpecification\",\"valueRequired\":true,\"valueName\":\"search_term_string\"}}],\"inLanguage\":\"tr\"}]}<\/script>\n<!-- \/ Yoast SEO plugin. -->","yoast_head_json":{"title":"ICT Telekom\u00fcnikasyon - Enerji","description":"Enerji da\u011f\u0131t\u0131m\u0131 yapan \u015firketlerinde kendi altyap\u0131lar\u0131n\u0131 IoT \u00fczerinden takip edebilmeleri h\u0131zl\u0131ca m\u00fcdahale etmeleri \u00e7ok \u00f6nemlidir.","robots":{"index":"index","follow":"follow","max-snippet":"max-snippet:-1","max-image-preview":"max-image-preview:large","max-video-preview":"max-video-preview:-1"},"canonical":"https:\/\/ict.com.tr\/tr\/cozumler\/enerji\/","og_locale":"tr_TR","og_type":"article","og_title":"ICT Telekom\u00fcnikasyon - Enerji","og_description":"Enerji da\u011f\u0131t\u0131m\u0131 yapan \u015firketlerinde kendi altyap\u0131lar\u0131n\u0131 IoT \u00fczerinden takip edebilmeleri h\u0131zl\u0131ca m\u00fcdahale etmeleri \u00e7ok \u00f6nemlidir.","og_url":"https:\/\/ict.com.tr\/tr\/cozumler\/enerji\/","og_site_name":"ICT Telekom\u00fcnikasyon","article_modified_time":"2023-10-30T12:28:46+00:00","og_image":[{"width":1920,"height":500,"url":"https:\/\/ict.com.tr\/wp-content\/uploads\/2020\/11\/enerji.jpg","type":"image\/jpeg"}],"twitter_card":"summary_large_image","twitter_misc":{"Tahmini okuma s\u00fcresi":"1 dakika"},"schema":{"@context":"https:\/\/schema.org","@graph":[{"@type":"WebPage","@id":"https:\/\/ict.com.tr\/tr\/cozumler\/enerji\/","url":"https:\/\/ict.com.tr\/tr\/cozumler\/enerji\/","name":"ICT Telekom\u00fcnikasyon - Enerji","isPartOf":{"@id":"https:\/\/ict.com.tr\/#website"},"primaryImageOfPage":{"@id":"https:\/\/ict.com.tr\/tr\/cozumler\/enerji\/#primaryimage"},"image":{"@id":"https:\/\/ict.com.tr\/tr\/cozumler\/enerji\/#primaryimage"},"thumbnailUrl":"https:\/\/ict.com.tr\/wp-content\/uploads\/2020\/11\/enerji.jpg","datePublished":"2020-10-13T09:05:39+00:00","dateModified":"2023-10-30T12:28:46+00:00","description":"Enerji da\u011f\u0131t\u0131m\u0131 yapan \u015firketlerinde kendi altyap\u0131lar\u0131n\u0131 IoT \u00fczerinden takip edebilmeleri h\u0131zl\u0131ca m\u00fcdahale etmeleri \u00e7ok \u00f6nemlidir.","breadcrumb":{"@id":"https:\/\/ict.com.tr\/tr\/cozumler\/enerji\/#breadcrumb"},"inLanguage":"tr","potentialAction":[{"@type":"ReadAction","target":["https:\/\/ict.com.tr\/tr\/cozumler\/enerji\/"]}]},{"@type":"ImageObject","inLanguage":"tr","@id":"https:\/\/ict.com.tr\/tr\/cozumler\/enerji\/#primaryimage","url":"https:\/\/ict.com.tr\/wp-content\/uploads\/2020\/11\/enerji.jpg","contentUrl":"https:\/\/ict.com.tr\/wp-content\/uploads\/2020\/11\/enerji.jpg","width":1920,"height":500},{"@type":"BreadcrumbList","@id":"https:\/\/ict.com.tr\/tr\/cozumler\/enerji\/#breadcrumb","itemListElement":[{"@type":"ListItem","position":1,"name":"Home","item":"https:\/\/ict.com.tr\/tr\/"},{"@type":"ListItem","position":2,"name":"\u00c7\u00f6z\u00fcmler","item":"https:\/\/ict.com.tr\/tr\/cozumler\/"},{"@type":"ListItem","position":3,"name":"Enerji"}]},{"@type":"WebSite","@id":"https:\/\/ict.com.tr\/#website","url":"https:\/\/ict.com.tr\/","name":"ICT Telekom\u00fcnikasyon","description":"","potentialAction":[{"@type":"SearchAction","target":{"@type":"EntryPoint","urlTemplate":"https:\/\/ict.com.tr\/?s={search_term_string}"},"query-input":{"@type":"PropertyValueSpecification","valueRequired":true,"valueName":"search_term_string"}}],"inLanguage":"tr"}]}},"_links":{"self":[{"href":"https:\/\/ict.com.tr\/tr\/wp-json\/wp\/v2\/pages\/533","targetHints":{"allow":["GET"]}}],"collection":[{"href":"https:\/\/ict.com.tr\/tr\/wp-json\/wp\/v2\/pages"}],"about":[{"href":"https:\/\/ict.com.tr\/tr\/wp-json\/wp\/v2\/types\/page"}],"author":[{"embeddable":true,"href":"https:\/\/ict.com.tr\/tr\/wp-json\/wp\/v2\/users\/1"}],"replies":[{"embeddable":true,"href":"https:\/\/ict.com.tr\/tr\/wp-json\/wp\/v2\/comments?post=533"}],"version-history":[{"count":9,"href":"https:\/\/ict.com.tr\/tr\/wp-json\/wp\/v2\/pages\/533\/revisions"}],"predecessor-version":[{"id":3484,"href":"https:\/\/ict.com.tr\/tr\/wp-json\/wp\/v2\/pages\/533\/revisions\/3484"}],"up":[{"embeddable":true,"href":"https:\/\/ict.com.tr\/tr\/wp-json\/wp\/v2\/pages\/118"}],"wp:featuredmedia":[{"embeddable":true,"href":"https:\/\/ict.com.tr\/tr\/wp-json\/wp\/v2\/media\/2846"}],"wp:attachment":[{"href":"https:\/\/ict.com.tr\/tr\/wp-json\/wp\/v2\/media?parent=533"}],"curies":[{"name":"wp","href":"https:\/\/api.w.org\/{rel}","templated":true}]}}