{"id":530,"date":"2020-10-13T09:05:01","date_gmt":"2020-10-13T09:05:01","guid":{"rendered":"http:\/\/ict-kurumsal.lc\/?page_id=530"},"modified":"2025-10-13T13:13:26","modified_gmt":"2025-10-13T13:13:26","slug":"denizcilik","status":"publish","type":"page","link":"https:\/\/ict.com.tr\/tr\/cozumler\/denizcilik\/","title":{"rendered":"Denizcilik"},"content":{"rendered":"<div class=\"wpb-content-wrapper\"><p>[vc_row][vc_column width=&#8221;1\/2&#8243;][vc_single_image image=&#8221;2833&#8243; img_size=&#8221;full&#8221;][\/vc_column][vc_column width=&#8221;1\/2&#8243;][vc_custom_heading text=&#8221;Denizcilik&#8221; google_fonts=&#8221;font_family:Montserrat%3Aregular%2C700|font_style:400%20regular%3A400%3Anormal&#8221;][vc_column_text css=&#8221;&#8221;]<span style=\"font-weight: 400;\">\u00dc\u00e7te ikisi denizlerle kapl\u0131 d\u00fcnyam\u0131zda bu denizlerde seyir eden gemiler, denizciler ve yolcular i\u00e7in g\u00fcvenli ve sa\u011fl\u0131kl\u0131 veri ve Internet eri\u015fimi karadakiler i\u00e7in oldu\u011fu kadar \u00f6nemlidir. Deniz ta\u015f\u0131tlar\u0131na uydu \u00fczerinden veri ve Internet hizmeti sa\u011flamak \u00f6zel bir uzmanl\u0131k gerektirmektedir.\u00a0<\/span><\/p>\n<p><span style=\"font-weight: 400;\">Deniz ta\u015f\u0131tlar\u0131n\u0131n Internete ba\u011flanmas\u0131 sadece \u015firket merkezi ile gemi aras\u0131nda s\u00fcrekli, h\u0131zl\u0131 ve g\u00fcncel bilgi aktar\u0131m\u0131n\u0131 sa\u011flamakla kalm\u0131yor, ayn\u0131 zamanda gemide karadan uzak kalm\u0131\u015f olan personelin moral ve motivasyonunun y\u00fcksek kalmas\u0131n\u0131 sa\u011flar, mesleki e\u011fitimleri i\u00e7in imkanlar sunar.\u00a0<\/span><\/p>\n<p><span style=\"font-weight: 400;\">B\u00fcy\u00fck y\u00fck gemileri, yolcu gemileri, bal\u0131k\u00e7\u0131 tekneleri, mega yatlar\u0131n denizde duydu\u011fu ileti\u015fim ihtiyac\u0131 farkl\u0131d\u0131r. ICT Telekom\u00fcnikasyon her farkl\u0131 ihtiyaca uygun \u00e7\u00f6z\u00fcmler sa\u011flamaktad\u0131r.<\/span>[\/vc_column_text][\/vc_column][\/vc_row]<\/p>\n<\/div>","protected":false},"excerpt":{"rendered":"<p>[vc_row][vc_column width=&#8221;1\/2&#8243;][vc_single_image image=&#8221;2833&#8243; img_size=&#8221;full&#8221;][\/vc_column][vc_column width=&#8221;1\/2&#8243;][vc_custom_heading text=&#8221;Denizcilik&#8221; google_fonts=&#8221;font_family:Montserrat%3Aregular%2C700|font_style:400%20regular%3A400%3Anormal&#8221;][vc_column_text css=&#8221;&#8221;]\u00dc\u00e7te ikisi denizlerle kapl\u0131 d\u00fcnyam\u0131zda bu denizlerde seyir eden gemiler, denizciler ve yolcular [&hellip;]<\/p>\n","protected":false},"author":1,"featured_media":2830,"parent":118,"menu_order":0,"comment_status":"closed","ping_status":"closed","template":"","meta":{"_acf_changed":false,"footnotes":""},"class_list":["post-530","page","type-page","status-publish","has-post-thumbnail","hentry"],"acf":[],"yoast_head":"<!-- This site is optimized with the Yoast SEO plugin v27.2 - https:\/\/yoast.com\/product\/yoast-seo-wordpress\/ -->\n<title>ICT Telekom\u00fcnikasyon - Denizcilik<\/title>\n<meta name=\"description\" content=\"B\u00fcy\u00fck y\u00fck gemileri, yolcu gemileri, bal\u0131k\u00e7\u0131 teknelerinin \u00e7e\u015fitli ihtiya\u00e7lar\u0131na ICT Telekom\u00fcnikasyon her uygun \u00e7\u00f6z\u00fcmler sa\u011flamaktad\u0131r.\" \/>\n<meta name=\"robots\" content=\"index, follow, max-snippet:-1, max-image-preview:large, max-video-preview:-1\" \/>\n<link rel=\"canonical\" href=\"https:\/\/ict.com.tr\/tr\/cozumler\/denizcilik\/\" \/>\n<meta property=\"og:locale\" content=\"tr_TR\" \/>\n<meta property=\"og:type\" content=\"article\" \/>\n<meta property=\"og:title\" content=\"ICT Telekom\u00fcnikasyon - Denizcilik\" \/>\n<meta property=\"og:description\" content=\"B\u00fcy\u00fck y\u00fck gemileri, yolcu gemileri, bal\u0131k\u00e7\u0131 teknelerinin \u00e7e\u015fitli ihtiya\u00e7lar\u0131na ICT Telekom\u00fcnikasyon her uygun \u00e7\u00f6z\u00fcmler sa\u011flamaktad\u0131r.\" \/>\n<meta property=\"og:url\" content=\"https:\/\/ict.com.tr\/tr\/cozumler\/denizcilik\/\" \/>\n<meta property=\"og:site_name\" content=\"ICT Telekom\u00fcnikasyon\" \/>\n<meta property=\"article:modified_time\" content=\"2025-10-13T13:13:26+00:00\" \/>\n<meta property=\"og:image\" content=\"https:\/\/ict.com.tr\/wp-content\/uploads\/2020\/11\/denizcilik-bg.jpg\" \/>\n\t<meta property=\"og:image:width\" content=\"1920\" \/>\n\t<meta property=\"og:image:height\" content=\"500\" \/>\n\t<meta property=\"og:image:type\" content=\"image\/jpeg\" \/>\n<meta name=\"twitter:card\" content=\"summary_large_image\" \/>\n<meta name=\"twitter:label1\" content=\"Tahmini okuma s\u00fcresi\" \/>\n\t<meta name=\"twitter:data1\" content=\"1 dakika\" \/>\n<script type=\"application\/ld+json\" class=\"yoast-schema-graph\">{\"@context\":\"https:\/\/schema.org\",\"@graph\":[{\"@type\":\"WebPage\",\"@id\":\"https:\/\/ict.com.tr\/tr\/cozumler\/denizcilik\/\",\"url\":\"https:\/\/ict.com.tr\/tr\/cozumler\/denizcilik\/\",\"name\":\"ICT Telekom\u00fcnikasyon - Denizcilik\",\"isPartOf\":{\"@id\":\"https:\/\/ict.com.tr\/#website\"},\"primaryImageOfPage\":{\"@id\":\"https:\/\/ict.com.tr\/tr\/cozumler\/denizcilik\/#primaryimage\"},\"image\":{\"@id\":\"https:\/\/ict.com.tr\/tr\/cozumler\/denizcilik\/#primaryimage\"},\"thumbnailUrl\":\"https:\/\/ict.com.tr\/wp-content\/uploads\/2020\/11\/denizcilik-bg.jpg\",\"datePublished\":\"2020-10-13T09:05:01+00:00\",\"dateModified\":\"2025-10-13T13:13:26+00:00\",\"description\":\"B\u00fcy\u00fck y\u00fck gemileri, yolcu gemileri, bal\u0131k\u00e7\u0131 teknelerinin \u00e7e\u015fitli ihtiya\u00e7lar\u0131na ICT Telekom\u00fcnikasyon her uygun \u00e7\u00f6z\u00fcmler sa\u011flamaktad\u0131r.\",\"breadcrumb\":{\"@id\":\"https:\/\/ict.com.tr\/tr\/cozumler\/denizcilik\/#breadcrumb\"},\"inLanguage\":\"tr\",\"potentialAction\":[{\"@type\":\"ReadAction\",\"target\":[\"https:\/\/ict.com.tr\/tr\/cozumler\/denizcilik\/\"]}]},{\"@type\":\"ImageObject\",\"inLanguage\":\"tr\",\"@id\":\"https:\/\/ict.com.tr\/tr\/cozumler\/denizcilik\/#primaryimage\",\"url\":\"https:\/\/ict.com.tr\/wp-content\/uploads\/2020\/11\/denizcilik-bg.jpg\",\"contentUrl\":\"https:\/\/ict.com.tr\/wp-content\/uploads\/2020\/11\/denizcilik-bg.jpg\",\"width\":1920,\"height\":500},{\"@type\":\"BreadcrumbList\",\"@id\":\"https:\/\/ict.com.tr\/tr\/cozumler\/denizcilik\/#breadcrumb\",\"itemListElement\":[{\"@type\":\"ListItem\",\"position\":1,\"name\":\"Home\",\"item\":\"https:\/\/ict.com.tr\/tr\/\"},{\"@type\":\"ListItem\",\"position\":2,\"name\":\"\u00c7\u00f6z\u00fcmler\",\"item\":\"https:\/\/ict.com.tr\/tr\/cozumler\/\"},{\"@type\":\"ListItem\",\"position\":3,\"name\":\"Denizcilik\"}]},{\"@type\":\"WebSite\",\"@id\":\"https:\/\/ict.com.tr\/#website\",\"url\":\"https:\/\/ict.com.tr\/\",\"name\":\"ICT Telekom\u00fcnikasyon\",\"description\":\"\",\"potentialAction\":[{\"@type\":\"SearchAction\",\"target\":{\"@type\":\"EntryPoint\",\"urlTemplate\":\"https:\/\/ict.com.tr\/?s={search_term_string}\"},\"query-input\":{\"@type\":\"PropertyValueSpecification\",\"valueRequired\":true,\"valueName\":\"search_term_string\"}}],\"inLanguage\":\"tr\"}]}<\/script>\n<!-- \/ Yoast SEO plugin. -->","yoast_head_json":{"title":"ICT Telekom\u00fcnikasyon - Denizcilik","description":"B\u00fcy\u00fck y\u00fck gemileri, yolcu gemileri, bal\u0131k\u00e7\u0131 teknelerinin \u00e7e\u015fitli ihtiya\u00e7lar\u0131na ICT Telekom\u00fcnikasyon her uygun \u00e7\u00f6z\u00fcmler sa\u011flamaktad\u0131r.","robots":{"index":"index","follow":"follow","max-snippet":"max-snippet:-1","max-image-preview":"max-image-preview:large","max-video-preview":"max-video-preview:-1"},"canonical":"https:\/\/ict.com.tr\/tr\/cozumler\/denizcilik\/","og_locale":"tr_TR","og_type":"article","og_title":"ICT Telekom\u00fcnikasyon - Denizcilik","og_description":"B\u00fcy\u00fck y\u00fck gemileri, yolcu gemileri, bal\u0131k\u00e7\u0131 teknelerinin \u00e7e\u015fitli ihtiya\u00e7lar\u0131na ICT Telekom\u00fcnikasyon her uygun \u00e7\u00f6z\u00fcmler sa\u011flamaktad\u0131r.","og_url":"https:\/\/ict.com.tr\/tr\/cozumler\/denizcilik\/","og_site_name":"ICT Telekom\u00fcnikasyon","article_modified_time":"2025-10-13T13:13:26+00:00","og_image":[{"width":1920,"height":500,"url":"https:\/\/ict.com.tr\/wp-content\/uploads\/2020\/11\/denizcilik-bg.jpg","type":"image\/jpeg"}],"twitter_card":"summary_large_image","twitter_misc":{"Tahmini okuma s\u00fcresi":"1 dakika"},"schema":{"@context":"https:\/\/schema.org","@graph":[{"@type":"WebPage","@id":"https:\/\/ict.com.tr\/tr\/cozumler\/denizcilik\/","url":"https:\/\/ict.com.tr\/tr\/cozumler\/denizcilik\/","name":"ICT Telekom\u00fcnikasyon - Denizcilik","isPartOf":{"@id":"https:\/\/ict.com.tr\/#website"},"primaryImageOfPage":{"@id":"https:\/\/ict.com.tr\/tr\/cozumler\/denizcilik\/#primaryimage"},"image":{"@id":"https:\/\/ict.com.tr\/tr\/cozumler\/denizcilik\/#primaryimage"},"thumbnailUrl":"https:\/\/ict.com.tr\/wp-content\/uploads\/2020\/11\/denizcilik-bg.jpg","datePublished":"2020-10-13T09:05:01+00:00","dateModified":"2025-10-13T13:13:26+00:00","description":"B\u00fcy\u00fck y\u00fck gemileri, yolcu gemileri, bal\u0131k\u00e7\u0131 teknelerinin \u00e7e\u015fitli ihtiya\u00e7lar\u0131na ICT Telekom\u00fcnikasyon her uygun \u00e7\u00f6z\u00fcmler sa\u011flamaktad\u0131r.","breadcrumb":{"@id":"https:\/\/ict.com.tr\/tr\/cozumler\/denizcilik\/#breadcrumb"},"inLanguage":"tr","potentialAction":[{"@type":"ReadAction","target":["https:\/\/ict.com.tr\/tr\/cozumler\/denizcilik\/"]}]},{"@type":"ImageObject","inLanguage":"tr","@id":"https:\/\/ict.com.tr\/tr\/cozumler\/denizcilik\/#primaryimage","url":"https:\/\/ict.com.tr\/wp-content\/uploads\/2020\/11\/denizcilik-bg.jpg","contentUrl":"https:\/\/ict.com.tr\/wp-content\/uploads\/2020\/11\/denizcilik-bg.jpg","width":1920,"height":500},{"@type":"BreadcrumbList","@id":"https:\/\/ict.com.tr\/tr\/cozumler\/denizcilik\/#breadcrumb","itemListElement":[{"@type":"ListItem","position":1,"name":"Home","item":"https:\/\/ict.com.tr\/tr\/"},{"@type":"ListItem","position":2,"name":"\u00c7\u00f6z\u00fcmler","item":"https:\/\/ict.com.tr\/tr\/cozumler\/"},{"@type":"ListItem","position":3,"name":"Denizcilik"}]},{"@type":"WebSite","@id":"https:\/\/ict.com.tr\/#website","url":"https:\/\/ict.com.tr\/","name":"ICT Telekom\u00fcnikasyon","description":"","potentialAction":[{"@type":"SearchAction","target":{"@type":"EntryPoint","urlTemplate":"https:\/\/ict.com.tr\/?s={search_term_string}"},"query-input":{"@type":"PropertyValueSpecification","valueRequired":true,"valueName":"search_term_string"}}],"inLanguage":"tr"}]}},"_links":{"self":[{"href":"https:\/\/ict.com.tr\/tr\/wp-json\/wp\/v2\/pages\/530","targetHints":{"allow":["GET"]}}],"collection":[{"href":"https:\/\/ict.com.tr\/tr\/wp-json\/wp\/v2\/pages"}],"about":[{"href":"https:\/\/ict.com.tr\/tr\/wp-json\/wp\/v2\/types\/page"}],"author":[{"embeddable":true,"href":"https:\/\/ict.com.tr\/tr\/wp-json\/wp\/v2\/users\/1"}],"replies":[{"embeddable":true,"href":"https:\/\/ict.com.tr\/tr\/wp-json\/wp\/v2\/comments?post=530"}],"version-history":[{"count":15,"href":"https:\/\/ict.com.tr\/tr\/wp-json\/wp\/v2\/pages\/530\/revisions"}],"predecessor-version":[{"id":4272,"href":"https:\/\/ict.com.tr\/tr\/wp-json\/wp\/v2\/pages\/530\/revisions\/4272"}],"up":[{"embeddable":true,"href":"https:\/\/ict.com.tr\/tr\/wp-json\/wp\/v2\/pages\/118"}],"wp:featuredmedia":[{"embeddable":true,"href":"https:\/\/ict.com.tr\/tr\/wp-json\/wp\/v2\/media\/2830"}],"wp:attachment":[{"href":"https:\/\/ict.com.tr\/tr\/wp-json\/wp\/v2\/media?parent=530"}],"curies":[{"name":"wp","href":"https:\/\/api.w.org\/{rel}","templated":true}]}}