{"id":527,"date":"2020-10-13T09:03:55","date_gmt":"2020-10-13T09:03:55","guid":{"rendered":"http:\/\/ict-kurumsal.lc\/?page_id=527"},"modified":"2025-10-13T13:15:43","modified_gmt":"2025-10-13T13:15:43","slug":"issler","status":"publish","type":"page","link":"https:\/\/ict.com.tr\/tr\/cozumler\/issler\/","title":{"rendered":"ISS&#8217;ler"},"content":{"rendered":"<div class=\"wpb-content-wrapper\"><p>[vc_row][vc_column width=&#8221;1\/2&#8243;][vc_single_image image=&#8221;2866&#8243; img_size=&#8221;full&#8221;][\/vc_column][vc_column width=&#8221;1\/2&#8243;][vc_custom_heading text=&#8221;ISS&#8217;ler&#8221; google_fonts=&#8221;font_family:Montserrat%3Aregular%2C700|font_style:400%20regular%3A400%3Anormal&#8221;][vc_column_text css=&#8221;&#8221;]<span style=\"font-weight: 400;\">G\u00fcn\u00fcm\u00fczde Internet servis sa\u011flay\u0131c\u0131lar\u0131n g\u00fc\u00e7l\u00fc, kaliteli ve yedekli bir ileti\u015fim omurgas\u0131na sahip olmalar\u0131 beklenmektedir. Kendi m\u00fc\u015fterilerine sunduklar\u0131 hizmetleri kesintisiz ve problemsiz olarak iletmeleri bu omurgaya ba\u011fl\u0131d\u0131r. Ancak bazen g\u00fc\u00e7l\u00fc ileti\u015fim omurgas\u0131 olmas\u0131 beklenen firmalar bile \u00e7\u00f6z\u00fcms\u00fcz kald\u0131klar\u0131 altyap\u0131 sorunlar\u0131 ile kar\u015f\u0131la\u015fabilirler.<br \/>\n<\/span><br \/>\n<span style=\"font-weight: 400;\">B\u00f6yle sorunlar\u0131 giderebilmek i\u00e7in ICT Telekom\u00fcnikasyon \u00e7e\u015fitli \u00e7\u00f6z\u00fcmler sunmaktad\u0131r. Bunlar ana omurgan\u0131n ve kritik sunucu merkezlerinin uydu \u00fczerinden yedeklenmesi, karasal altyap\u0131s\u0131 sorunlu b\u00f6lgelerdeki nod\u2019lar\u0131n uydu ile ana omurgaya ba\u011flanmas\u0131, uydu \u00fczerinden toptan Internet kapasitesi sunulmas\u0131 gibi geni\u015f bir yelpazaye yay\u0131lm\u0131\u015ft\u0131r<\/span><b>.<\/b>[\/vc_column_text][\/vc_column][\/vc_row]<\/p>\n<\/div>","protected":false},"excerpt":{"rendered":"<p>[vc_row][vc_column width=&#8221;1\/2&#8243;][vc_single_image image=&#8221;2866&#8243; img_size=&#8221;full&#8221;][\/vc_column][vc_column width=&#8221;1\/2&#8243;][vc_custom_heading text=&#8221;ISS&#8217;ler&#8221; google_fonts=&#8221;font_family:Montserrat%3Aregular%2C700|font_style:400%20regular%3A400%3Anormal&#8221;][vc_column_text css=&#8221;&#8221;]G\u00fcn\u00fcm\u00fczde Internet servis sa\u011flay\u0131c\u0131lar\u0131n g\u00fc\u00e7l\u00fc, kaliteli ve yedekli bir ileti\u015fim omurgas\u0131na sahip olmalar\u0131 [&hellip;]<\/p>\n","protected":false},"author":1,"featured_media":2869,"parent":118,"menu_order":0,"comment_status":"closed","ping_status":"closed","template":"","meta":{"_acf_changed":false,"footnotes":""},"class_list":["post-527","page","type-page","status-publish","has-post-thumbnail","hentry"],"acf":[],"yoast_head":"<!-- This site is optimized with the Yoast SEO plugin v27.2 - https:\/\/yoast.com\/product\/yoast-seo-wordpress\/ -->\n<title>ICT Telekom\u00fcnikasyon - ISS&#039;ler<\/title>\n<meta name=\"description\" content=\"G\u00fcn\u00fcm\u00fczde Internet servis sa\u011flay\u0131c\u0131lar\u0131n g\u00fc\u00e7l\u00fc, kaliteli ve yedekli bir ileti\u015fim omurgas\u0131na sahip olmalar\u0131 beklenmektedir.\" \/>\n<meta name=\"robots\" content=\"index, follow, max-snippet:-1, max-image-preview:large, max-video-preview:-1\" \/>\n<link rel=\"canonical\" href=\"https:\/\/ict.com.tr\/tr\/cozumler\/issler\/\" \/>\n<meta property=\"og:locale\" content=\"tr_TR\" \/>\n<meta property=\"og:type\" content=\"article\" \/>\n<meta property=\"og:title\" content=\"ICT Telekom\u00fcnikasyon - ISS&#039;ler\" \/>\n<meta property=\"og:description\" content=\"G\u00fcn\u00fcm\u00fczde Internet servis sa\u011flay\u0131c\u0131lar\u0131n g\u00fc\u00e7l\u00fc, kaliteli ve yedekli bir ileti\u015fim omurgas\u0131na sahip olmalar\u0131 beklenmektedir.\" \/>\n<meta property=\"og:url\" content=\"https:\/\/ict.com.tr\/tr\/cozumler\/issler\/\" \/>\n<meta property=\"og:site_name\" content=\"ICT Telekom\u00fcnikasyon\" \/>\n<meta property=\"article:modified_time\" content=\"2025-10-13T13:15:43+00:00\" \/>\n<meta property=\"og:image\" content=\"https:\/\/ict.com.tr\/wp-content\/uploads\/2020\/11\/\u0131sp.jpg\" \/>\n\t<meta property=\"og:image:width\" content=\"1920\" \/>\n\t<meta property=\"og:image:height\" content=\"500\" \/>\n\t<meta property=\"og:image:type\" content=\"image\/jpeg\" \/>\n<meta name=\"twitter:card\" content=\"summary_large_image\" \/>\n<meta name=\"twitter:label1\" content=\"Tahmini okuma s\u00fcresi\" \/>\n\t<meta name=\"twitter:data1\" content=\"1 dakika\" \/>\n<script type=\"application\/ld+json\" class=\"yoast-schema-graph\">{\"@context\":\"https:\/\/schema.org\",\"@graph\":[{\"@type\":\"WebPage\",\"@id\":\"https:\/\/ict.com.tr\/tr\/cozumler\/issler\/\",\"url\":\"https:\/\/ict.com.tr\/tr\/cozumler\/issler\/\",\"name\":\"ICT Telekom\u00fcnikasyon - ISS'ler\",\"isPartOf\":{\"@id\":\"https:\/\/ict.com.tr\/#website\"},\"primaryImageOfPage\":{\"@id\":\"https:\/\/ict.com.tr\/tr\/cozumler\/issler\/#primaryimage\"},\"image\":{\"@id\":\"https:\/\/ict.com.tr\/tr\/cozumler\/issler\/#primaryimage\"},\"thumbnailUrl\":\"https:\/\/ict.com.tr\/wp-content\/uploads\/2020\/11\/\u0131sp.jpg\",\"datePublished\":\"2020-10-13T09:03:55+00:00\",\"dateModified\":\"2025-10-13T13:15:43+00:00\",\"description\":\"G\u00fcn\u00fcm\u00fczde Internet servis sa\u011flay\u0131c\u0131lar\u0131n g\u00fc\u00e7l\u00fc, kaliteli ve yedekli bir ileti\u015fim omurgas\u0131na sahip olmalar\u0131 beklenmektedir.\",\"breadcrumb\":{\"@id\":\"https:\/\/ict.com.tr\/tr\/cozumler\/issler\/#breadcrumb\"},\"inLanguage\":\"tr\",\"potentialAction\":[{\"@type\":\"ReadAction\",\"target\":[\"https:\/\/ict.com.tr\/tr\/cozumler\/issler\/\"]}]},{\"@type\":\"ImageObject\",\"inLanguage\":\"tr\",\"@id\":\"https:\/\/ict.com.tr\/tr\/cozumler\/issler\/#primaryimage\",\"url\":\"https:\/\/ict.com.tr\/wp-content\/uploads\/2020\/11\/\u0131sp.jpg\",\"contentUrl\":\"https:\/\/ict.com.tr\/wp-content\/uploads\/2020\/11\/\u0131sp.jpg\",\"width\":1920,\"height\":500},{\"@type\":\"BreadcrumbList\",\"@id\":\"https:\/\/ict.com.tr\/tr\/cozumler\/issler\/#breadcrumb\",\"itemListElement\":[{\"@type\":\"ListItem\",\"position\":1,\"name\":\"Home\",\"item\":\"https:\/\/ict.com.tr\/tr\/\"},{\"@type\":\"ListItem\",\"position\":2,\"name\":\"\u00c7\u00f6z\u00fcmler\",\"item\":\"https:\/\/ict.com.tr\/tr\/cozumler\/\"},{\"@type\":\"ListItem\",\"position\":3,\"name\":\"ISS&#8217;ler\"}]},{\"@type\":\"WebSite\",\"@id\":\"https:\/\/ict.com.tr\/#website\",\"url\":\"https:\/\/ict.com.tr\/\",\"name\":\"ICT Telekom\u00fcnikasyon\",\"description\":\"\",\"potentialAction\":[{\"@type\":\"SearchAction\",\"target\":{\"@type\":\"EntryPoint\",\"urlTemplate\":\"https:\/\/ict.com.tr\/?s={search_term_string}\"},\"query-input\":{\"@type\":\"PropertyValueSpecification\",\"valueRequired\":true,\"valueName\":\"search_term_string\"}}],\"inLanguage\":\"tr\"}]}<\/script>\n<!-- \/ Yoast SEO plugin. -->","yoast_head_json":{"title":"ICT Telekom\u00fcnikasyon - ISS'ler","description":"G\u00fcn\u00fcm\u00fczde Internet servis sa\u011flay\u0131c\u0131lar\u0131n g\u00fc\u00e7l\u00fc, kaliteli ve yedekli bir ileti\u015fim omurgas\u0131na sahip olmalar\u0131 beklenmektedir.","robots":{"index":"index","follow":"follow","max-snippet":"max-snippet:-1","max-image-preview":"max-image-preview:large","max-video-preview":"max-video-preview:-1"},"canonical":"https:\/\/ict.com.tr\/tr\/cozumler\/issler\/","og_locale":"tr_TR","og_type":"article","og_title":"ICT Telekom\u00fcnikasyon - ISS'ler","og_description":"G\u00fcn\u00fcm\u00fczde Internet servis sa\u011flay\u0131c\u0131lar\u0131n g\u00fc\u00e7l\u00fc, kaliteli ve yedekli bir ileti\u015fim omurgas\u0131na sahip olmalar\u0131 beklenmektedir.","og_url":"https:\/\/ict.com.tr\/tr\/cozumler\/issler\/","og_site_name":"ICT Telekom\u00fcnikasyon","article_modified_time":"2025-10-13T13:15:43+00:00","og_image":[{"width":1920,"height":500,"url":"https:\/\/ict.com.tr\/wp-content\/uploads\/2020\/11\/\u0131sp.jpg","type":"image\/jpeg"}],"twitter_card":"summary_large_image","twitter_misc":{"Tahmini okuma s\u00fcresi":"1 dakika"},"schema":{"@context":"https:\/\/schema.org","@graph":[{"@type":"WebPage","@id":"https:\/\/ict.com.tr\/tr\/cozumler\/issler\/","url":"https:\/\/ict.com.tr\/tr\/cozumler\/issler\/","name":"ICT Telekom\u00fcnikasyon - ISS'ler","isPartOf":{"@id":"https:\/\/ict.com.tr\/#website"},"primaryImageOfPage":{"@id":"https:\/\/ict.com.tr\/tr\/cozumler\/issler\/#primaryimage"},"image":{"@id":"https:\/\/ict.com.tr\/tr\/cozumler\/issler\/#primaryimage"},"thumbnailUrl":"https:\/\/ict.com.tr\/wp-content\/uploads\/2020\/11\/\u0131sp.jpg","datePublished":"2020-10-13T09:03:55+00:00","dateModified":"2025-10-13T13:15:43+00:00","description":"G\u00fcn\u00fcm\u00fczde Internet servis sa\u011flay\u0131c\u0131lar\u0131n g\u00fc\u00e7l\u00fc, kaliteli ve yedekli bir ileti\u015fim omurgas\u0131na sahip olmalar\u0131 beklenmektedir.","breadcrumb":{"@id":"https:\/\/ict.com.tr\/tr\/cozumler\/issler\/#breadcrumb"},"inLanguage":"tr","potentialAction":[{"@type":"ReadAction","target":["https:\/\/ict.com.tr\/tr\/cozumler\/issler\/"]}]},{"@type":"ImageObject","inLanguage":"tr","@id":"https:\/\/ict.com.tr\/tr\/cozumler\/issler\/#primaryimage","url":"https:\/\/ict.com.tr\/wp-content\/uploads\/2020\/11\/\u0131sp.jpg","contentUrl":"https:\/\/ict.com.tr\/wp-content\/uploads\/2020\/11\/\u0131sp.jpg","width":1920,"height":500},{"@type":"BreadcrumbList","@id":"https:\/\/ict.com.tr\/tr\/cozumler\/issler\/#breadcrumb","itemListElement":[{"@type":"ListItem","position":1,"name":"Home","item":"https:\/\/ict.com.tr\/tr\/"},{"@type":"ListItem","position":2,"name":"\u00c7\u00f6z\u00fcmler","item":"https:\/\/ict.com.tr\/tr\/cozumler\/"},{"@type":"ListItem","position":3,"name":"ISS&#8217;ler"}]},{"@type":"WebSite","@id":"https:\/\/ict.com.tr\/#website","url":"https:\/\/ict.com.tr\/","name":"ICT Telekom\u00fcnikasyon","description":"","potentialAction":[{"@type":"SearchAction","target":{"@type":"EntryPoint","urlTemplate":"https:\/\/ict.com.tr\/?s={search_term_string}"},"query-input":{"@type":"PropertyValueSpecification","valueRequired":true,"valueName":"search_term_string"}}],"inLanguage":"tr"}]}},"_links":{"self":[{"href":"https:\/\/ict.com.tr\/tr\/wp-json\/wp\/v2\/pages\/527","targetHints":{"allow":["GET"]}}],"collection":[{"href":"https:\/\/ict.com.tr\/tr\/wp-json\/wp\/v2\/pages"}],"about":[{"href":"https:\/\/ict.com.tr\/tr\/wp-json\/wp\/v2\/types\/page"}],"author":[{"embeddable":true,"href":"https:\/\/ict.com.tr\/tr\/wp-json\/wp\/v2\/users\/1"}],"replies":[{"embeddable":true,"href":"https:\/\/ict.com.tr\/tr\/wp-json\/wp\/v2\/comments?post=527"}],"version-history":[{"count":11,"href":"https:\/\/ict.com.tr\/tr\/wp-json\/wp\/v2\/pages\/527\/revisions"}],"predecessor-version":[{"id":4278,"href":"https:\/\/ict.com.tr\/tr\/wp-json\/wp\/v2\/pages\/527\/revisions\/4278"}],"up":[{"embeddable":true,"href":"https:\/\/ict.com.tr\/tr\/wp-json\/wp\/v2\/pages\/118"}],"wp:featuredmedia":[{"embeddable":true,"href":"https:\/\/ict.com.tr\/tr\/wp-json\/wp\/v2\/media\/2869"}],"wp:attachment":[{"href":"https:\/\/ict.com.tr\/tr\/wp-json\/wp\/v2\/media?parent=527"}],"curies":[{"name":"wp","href":"https:\/\/api.w.org\/{rel}","templated":true}]}}