{"id":524,"date":"2020-10-13T09:03:09","date_gmt":"2020-10-13T09:03:09","guid":{"rendered":"http:\/\/ict-kurumsal.lc\/?page_id=524"},"modified":"2025-10-13T13:16:23","modified_gmt":"2025-10-13T13:16:23","slug":"petrol-gaz","status":"publish","type":"page","link":"https:\/\/ict.com.tr\/tr\/cozumler\/petrol-gaz\/","title":{"rendered":"Petrol &#038; Gaz"},"content":{"rendered":"<div class=\"wpb-content-wrapper\"><p>[vc_row][vc_column width=&#8221;1\/2&#8243;][vc_single_image image=&#8221;2878&#8243; img_size=&#8221;full&#8221;][\/vc_column][vc_column width=&#8221;1\/2&#8243;][vc_custom_heading text=&#8221;Petrol &amp; Gaz&#8221; google_fonts=&#8221;font_family:Montserrat%3Aregular%2C700|font_style:400%20regular%3A400%3Anormal&#8221;][vc_column_text css=&#8221;&#8221;]<span style=\"font-weight: 400;\">Petrol ve gaz operasyonlar\u0131 genellikle karasal a\u011f altyap\u0131s\u0131n\u0131n bulunmad\u0131\u011f\u0131 en uzak ve zorlu ortamlarda\u00a0 ger\u00e7ekle\u015fir, bu nedenle projelerin sa\u011fl\u0131kl\u0131 bir \u015fekilde y\u00fcr\u00fct\u00fclmesi i\u00e7in uydu ileti\u015fimleri gereklidir. Ke\u015fif veya sondaj yap\u0131lan alanlardan ileti\u015fim a\u011f\u0131na ve merkez ofise ba\u011flamak i\u00e7in uydu teknolojisine artan bir talep vard\u0131r.<\/span><\/p>\n<p><span style=\"font-weight: 400;\">ICT Telekom\u00fcnikasyon, jeologlar, jeofizik\u00e7iler, sondaj m\u00fchendisleri, sismik veri analistleri ekiplerine, yeni petrol ve gaz rezervlerini bulup, bunlar\u0131 yerden ve okyanus taban\u0131n\u0131n alt\u0131ndan b\u00fcy\u00fck miktarlarda toplanan birden \u00e7ok formatta farkl\u0131 verilerin sa\u011fl\u0131kl\u0131 ve h\u0131zl\u0131 bir \u015fekilde minimum maliyetle aktar\u0131lmas\u0131n\u0131 tamamlay\u0131p, ekonomik a\u00e7\u0131dan avantaj sa\u011flar.<\/span><\/p>\n<p><span style=\"font-weight: 400;\">Petrol ve Gaz end\u00fcstrisi, g\u00fcvenli\u011fi ve operasyonel sonu\u00e7lar\u0131 iyile\u015ftirmek i\u00e7in s\u00fcrekli bask\u0131 alt\u0131ndayken, ICT Telekom\u00fcnikasyon m\u00fcrettebat\u0131n refah\u0131n\u0131 ve operasyonlar\u0131n\u0131 desteklemek i\u00e7in en son ba\u011flant\u0131 teknolojilerini kullanman\u0131za yard\u0131mc\u0131 olabilir.<\/span>[\/vc_column_text][\/vc_column][\/vc_row]<\/p>\n<\/div>","protected":false},"excerpt":{"rendered":"<p>[vc_row][vc_column width=&#8221;1\/2&#8243;][vc_single_image image=&#8221;2878&#8243; img_size=&#8221;full&#8221;][\/vc_column][vc_column width=&#8221;1\/2&#8243;][vc_custom_heading text=&#8221;Petrol &amp; Gaz&#8221; google_fonts=&#8221;font_family:Montserrat%3Aregular%2C700|font_style:400%20regular%3A400%3Anormal&#8221;][vc_column_text css=&#8221;&#8221;]Petrol ve gaz operasyonlar\u0131 genellikle karasal a\u011f altyap\u0131s\u0131n\u0131n bulunmad\u0131\u011f\u0131 en uzak [&hellip;]<\/p>\n","protected":false},"author":1,"featured_media":2875,"parent":118,"menu_order":0,"comment_status":"closed","ping_status":"closed","template":"","meta":{"_acf_changed":false,"footnotes":""},"class_list":["post-524","page","type-page","status-publish","has-post-thumbnail","hentry"],"acf":[],"yoast_head":"<!-- This site is optimized with the Yoast SEO plugin v27.2 - https:\/\/yoast.com\/product\/yoast-seo-wordpress\/ -->\n<title>ICT Telekom\u00fcnikasyon - Petrol &amp; Gaz<\/title>\n<meta name=\"description\" content=\"Petrol ve gaz operasyonlar\u0131 genellikle karasal a\u011f altyap\u0131s\u0131n\u0131n bulunmad\u0131\u011f\u0131 en uzak ve zorlu ortamlarda\u00a0 ger\u00e7ekle\u015fir.\" \/>\n<meta name=\"robots\" content=\"index, follow, max-snippet:-1, max-image-preview:large, max-video-preview:-1\" \/>\n<link rel=\"canonical\" href=\"https:\/\/ict.com.tr\/tr\/cozumler\/petrol-gaz\/\" \/>\n<meta property=\"og:locale\" content=\"tr_TR\" \/>\n<meta property=\"og:type\" content=\"article\" \/>\n<meta property=\"og:title\" content=\"ICT Telekom\u00fcnikasyon - Petrol &amp; Gaz\" \/>\n<meta property=\"og:description\" content=\"Petrol ve gaz operasyonlar\u0131 genellikle karasal a\u011f altyap\u0131s\u0131n\u0131n bulunmad\u0131\u011f\u0131 en uzak ve zorlu ortamlarda\u00a0 ger\u00e7ekle\u015fir.\" \/>\n<meta property=\"og:url\" content=\"https:\/\/ict.com.tr\/tr\/cozumler\/petrol-gaz\/\" \/>\n<meta property=\"og:site_name\" content=\"ICT Telekom\u00fcnikasyon\" \/>\n<meta property=\"article:modified_time\" content=\"2025-10-13T13:16:23+00:00\" \/>\n<meta property=\"og:image\" content=\"https:\/\/ict.com.tr\/wp-content\/uploads\/2020\/11\/petrol-bg.jpg\" \/>\n\t<meta property=\"og:image:width\" content=\"1920\" \/>\n\t<meta property=\"og:image:height\" content=\"500\" \/>\n\t<meta property=\"og:image:type\" content=\"image\/jpeg\" \/>\n<meta name=\"twitter:card\" content=\"summary_large_image\" \/>\n<meta name=\"twitter:label1\" content=\"Tahmini okuma s\u00fcresi\" \/>\n\t<meta name=\"twitter:data1\" content=\"1 dakika\" \/>\n<script type=\"application\/ld+json\" class=\"yoast-schema-graph\">{\"@context\":\"https:\/\/schema.org\",\"@graph\":[{\"@type\":\"WebPage\",\"@id\":\"https:\/\/ict.com.tr\/tr\/cozumler\/petrol-gaz\/\",\"url\":\"https:\/\/ict.com.tr\/tr\/cozumler\/petrol-gaz\/\",\"name\":\"ICT Telekom\u00fcnikasyon - Petrol & Gaz\",\"isPartOf\":{\"@id\":\"https:\/\/ict.com.tr\/#website\"},\"primaryImageOfPage\":{\"@id\":\"https:\/\/ict.com.tr\/tr\/cozumler\/petrol-gaz\/#primaryimage\"},\"image\":{\"@id\":\"https:\/\/ict.com.tr\/tr\/cozumler\/petrol-gaz\/#primaryimage\"},\"thumbnailUrl\":\"https:\/\/ict.com.tr\/wp-content\/uploads\/2020\/11\/petrol-bg.jpg\",\"datePublished\":\"2020-10-13T09:03:09+00:00\",\"dateModified\":\"2025-10-13T13:16:23+00:00\",\"description\":\"Petrol ve gaz operasyonlar\u0131 genellikle karasal a\u011f altyap\u0131s\u0131n\u0131n bulunmad\u0131\u011f\u0131 en uzak ve zorlu ortamlarda\u00a0 ger\u00e7ekle\u015fir.\",\"breadcrumb\":{\"@id\":\"https:\/\/ict.com.tr\/tr\/cozumler\/petrol-gaz\/#breadcrumb\"},\"inLanguage\":\"tr\",\"potentialAction\":[{\"@type\":\"ReadAction\",\"target\":[\"https:\/\/ict.com.tr\/tr\/cozumler\/petrol-gaz\/\"]}]},{\"@type\":\"ImageObject\",\"inLanguage\":\"tr\",\"@id\":\"https:\/\/ict.com.tr\/tr\/cozumler\/petrol-gaz\/#primaryimage\",\"url\":\"https:\/\/ict.com.tr\/wp-content\/uploads\/2020\/11\/petrol-bg.jpg\",\"contentUrl\":\"https:\/\/ict.com.tr\/wp-content\/uploads\/2020\/11\/petrol-bg.jpg\",\"width\":1920,\"height\":500},{\"@type\":\"BreadcrumbList\",\"@id\":\"https:\/\/ict.com.tr\/tr\/cozumler\/petrol-gaz\/#breadcrumb\",\"itemListElement\":[{\"@type\":\"ListItem\",\"position\":1,\"name\":\"Home\",\"item\":\"https:\/\/ict.com.tr\/tr\/\"},{\"@type\":\"ListItem\",\"position\":2,\"name\":\"\u00c7\u00f6z\u00fcmler\",\"item\":\"https:\/\/ict.com.tr\/tr\/cozumler\/\"},{\"@type\":\"ListItem\",\"position\":3,\"name\":\"Petrol &#038; Gaz\"}]},{\"@type\":\"WebSite\",\"@id\":\"https:\/\/ict.com.tr\/#website\",\"url\":\"https:\/\/ict.com.tr\/\",\"name\":\"ICT Telekom\u00fcnikasyon\",\"description\":\"\",\"potentialAction\":[{\"@type\":\"SearchAction\",\"target\":{\"@type\":\"EntryPoint\",\"urlTemplate\":\"https:\/\/ict.com.tr\/?s={search_term_string}\"},\"query-input\":{\"@type\":\"PropertyValueSpecification\",\"valueRequired\":true,\"valueName\":\"search_term_string\"}}],\"inLanguage\":\"tr\"}]}<\/script>\n<!-- \/ Yoast SEO plugin. -->","yoast_head_json":{"title":"ICT Telekom\u00fcnikasyon - Petrol & Gaz","description":"Petrol ve gaz operasyonlar\u0131 genellikle karasal a\u011f altyap\u0131s\u0131n\u0131n bulunmad\u0131\u011f\u0131 en uzak ve zorlu ortamlarda\u00a0 ger\u00e7ekle\u015fir.","robots":{"index":"index","follow":"follow","max-snippet":"max-snippet:-1","max-image-preview":"max-image-preview:large","max-video-preview":"max-video-preview:-1"},"canonical":"https:\/\/ict.com.tr\/tr\/cozumler\/petrol-gaz\/","og_locale":"tr_TR","og_type":"article","og_title":"ICT Telekom\u00fcnikasyon - Petrol & Gaz","og_description":"Petrol ve gaz operasyonlar\u0131 genellikle karasal a\u011f altyap\u0131s\u0131n\u0131n bulunmad\u0131\u011f\u0131 en uzak ve zorlu ortamlarda\u00a0 ger\u00e7ekle\u015fir.","og_url":"https:\/\/ict.com.tr\/tr\/cozumler\/petrol-gaz\/","og_site_name":"ICT Telekom\u00fcnikasyon","article_modified_time":"2025-10-13T13:16:23+00:00","og_image":[{"width":1920,"height":500,"url":"https:\/\/ict.com.tr\/wp-content\/uploads\/2020\/11\/petrol-bg.jpg","type":"image\/jpeg"}],"twitter_card":"summary_large_image","twitter_misc":{"Tahmini okuma s\u00fcresi":"1 dakika"},"schema":{"@context":"https:\/\/schema.org","@graph":[{"@type":"WebPage","@id":"https:\/\/ict.com.tr\/tr\/cozumler\/petrol-gaz\/","url":"https:\/\/ict.com.tr\/tr\/cozumler\/petrol-gaz\/","name":"ICT Telekom\u00fcnikasyon - Petrol & Gaz","isPartOf":{"@id":"https:\/\/ict.com.tr\/#website"},"primaryImageOfPage":{"@id":"https:\/\/ict.com.tr\/tr\/cozumler\/petrol-gaz\/#primaryimage"},"image":{"@id":"https:\/\/ict.com.tr\/tr\/cozumler\/petrol-gaz\/#primaryimage"},"thumbnailUrl":"https:\/\/ict.com.tr\/wp-content\/uploads\/2020\/11\/petrol-bg.jpg","datePublished":"2020-10-13T09:03:09+00:00","dateModified":"2025-10-13T13:16:23+00:00","description":"Petrol ve gaz operasyonlar\u0131 genellikle karasal a\u011f altyap\u0131s\u0131n\u0131n bulunmad\u0131\u011f\u0131 en uzak ve zorlu ortamlarda\u00a0 ger\u00e7ekle\u015fir.","breadcrumb":{"@id":"https:\/\/ict.com.tr\/tr\/cozumler\/petrol-gaz\/#breadcrumb"},"inLanguage":"tr","potentialAction":[{"@type":"ReadAction","target":["https:\/\/ict.com.tr\/tr\/cozumler\/petrol-gaz\/"]}]},{"@type":"ImageObject","inLanguage":"tr","@id":"https:\/\/ict.com.tr\/tr\/cozumler\/petrol-gaz\/#primaryimage","url":"https:\/\/ict.com.tr\/wp-content\/uploads\/2020\/11\/petrol-bg.jpg","contentUrl":"https:\/\/ict.com.tr\/wp-content\/uploads\/2020\/11\/petrol-bg.jpg","width":1920,"height":500},{"@type":"BreadcrumbList","@id":"https:\/\/ict.com.tr\/tr\/cozumler\/petrol-gaz\/#breadcrumb","itemListElement":[{"@type":"ListItem","position":1,"name":"Home","item":"https:\/\/ict.com.tr\/tr\/"},{"@type":"ListItem","position":2,"name":"\u00c7\u00f6z\u00fcmler","item":"https:\/\/ict.com.tr\/tr\/cozumler\/"},{"@type":"ListItem","position":3,"name":"Petrol &#038; Gaz"}]},{"@type":"WebSite","@id":"https:\/\/ict.com.tr\/#website","url":"https:\/\/ict.com.tr\/","name":"ICT Telekom\u00fcnikasyon","description":"","potentialAction":[{"@type":"SearchAction","target":{"@type":"EntryPoint","urlTemplate":"https:\/\/ict.com.tr\/?s={search_term_string}"},"query-input":{"@type":"PropertyValueSpecification","valueRequired":true,"valueName":"search_term_string"}}],"inLanguage":"tr"}]}},"_links":{"self":[{"href":"https:\/\/ict.com.tr\/tr\/wp-json\/wp\/v2\/pages\/524","targetHints":{"allow":["GET"]}}],"collection":[{"href":"https:\/\/ict.com.tr\/tr\/wp-json\/wp\/v2\/pages"}],"about":[{"href":"https:\/\/ict.com.tr\/tr\/wp-json\/wp\/v2\/types\/page"}],"author":[{"embeddable":true,"href":"https:\/\/ict.com.tr\/tr\/wp-json\/wp\/v2\/users\/1"}],"replies":[{"embeddable":true,"href":"https:\/\/ict.com.tr\/tr\/wp-json\/wp\/v2\/comments?post=524"}],"version-history":[{"count":10,"href":"https:\/\/ict.com.tr\/tr\/wp-json\/wp\/v2\/pages\/524\/revisions"}],"predecessor-version":[{"id":4284,"href":"https:\/\/ict.com.tr\/tr\/wp-json\/wp\/v2\/pages\/524\/revisions\/4284"}],"up":[{"embeddable":true,"href":"https:\/\/ict.com.tr\/tr\/wp-json\/wp\/v2\/pages\/118"}],"wp:featuredmedia":[{"embeddable":true,"href":"https:\/\/ict.com.tr\/tr\/wp-json\/wp\/v2\/media\/2875"}],"wp:attachment":[{"href":"https:\/\/ict.com.tr\/tr\/wp-json\/wp\/v2\/media?parent=524"}],"curies":[{"name":"wp","href":"https:\/\/api.w.org\/{rel}","templated":true}]}}