{"id":518,"date":"2020-10-13T09:01:54","date_gmt":"2020-10-13T09:01:54","guid":{"rendered":"http:\/\/ict-kurumsal.lc\/?page_id=518"},"modified":"2023-10-30T12:38:01","modified_gmt":"2023-10-30T12:38:01","slug":"saglik","status":"publish","type":"page","link":"https:\/\/ict.com.tr\/tr\/cozumler\/saglik\/","title":{"rendered":"Sa\u011fl\u0131k"},"content":{"rendered":"<div class=\"wpb-content-wrapper\"><p>[vc_row][vc_column width=&#8221;1\/2&#8243;][vc_single_image image=&#8221;2886&#8243; img_size=&#8221;full&#8221;][\/vc_column][vc_column width=&#8221;1\/2&#8243;][vc_custom_heading text=&#8221;Sa\u011fl\u0131k&#8221; google_fonts=&#8221;font_family:Montserrat%3Aregular%2C700|font_style:400%20regular%3A400%3Anormal&#8221;][vc_column_text]<span style=\"font-weight: 400;\">K\u0131rsal alanlar\u0131n \u00e7o\u011funda h\u00e2l\u00e2 sa\u011fl\u0131k altyap\u0131s\u0131, vas\u0131fl\u0131 sa\u011fl\u0131k personeli ve kaliteli sa\u011fl\u0131k hizmetlerine eri\u015fim \u00e7ok k\u0131s\u0131tl\u0131d\u0131r. Teknoloji etkin hizmetlerin uydu ba\u011flant\u0131s\u0131 ile entegrasyonu, bu t\u00fcr mahrumiyet alanlar\u0131na daha iyi sa\u011fl\u0131k hizmetlerine daha iyi eri\u015fim sa\u011flanmas\u0131na yard\u0131mc\u0131 olur. Uydu ba\u011flant\u0131s\u0131 ile, dijital g\u00f6r\u00fcnt\u00fcleme, uzaktan hasta izleme, e-\u00f6\u011frenme ve kons\u00fcltasyon ve uzaktaki t\u0131p uzmanlar\u0131n\u0131n bilgilerini geli\u015ftirmek i\u00e7in ya\u015fam oturumlar\u0131na eri\u015fim sa\u011flanabilir.<\/span><\/p>\n<p><span style=\"font-weight: 400;\">Do\u011fal afetlerde GSM ve karasal ileti\u015fim altyap\u0131lar\u0131 zarar g\u00f6recek ve afet b\u00f6lgesi ile sa\u011fl\u0131kl\u0131 ileti\u015fim kurmak m\u00fcmk\u00fcn olmayacakt\u0131r. Do\u011fal afetlerden sonra afet b\u00f6lgesindeki durum hakk\u0131nda d\u0131\u015far\u0131ya en sa\u011fl\u0131kl\u0131 ve do\u011fru bilgiyi vermenin g\u00fcvenilir yolu uydu antenlerinin h\u0131zl\u0131 ve kolay kurulmas\u0131yla olacakt\u0131r<\/span>[\/vc_column_text][\/vc_column][\/vc_row]<\/p>\n<\/div>","protected":false},"excerpt":{"rendered":"<p>[vc_row][vc_column width=&#8221;1\/2&#8243;][vc_single_image image=&#8221;2886&#8243; img_size=&#8221;full&#8221;][\/vc_column][vc_column width=&#8221;1\/2&#8243;][vc_custom_heading text=&#8221;Sa\u011fl\u0131k&#8221; google_fonts=&#8221;font_family:Montserrat%3Aregular%2C700|font_style:400%20regular%3A400%3Anormal&#8221;][vc_column_text]K\u0131rsal alanlar\u0131n \u00e7o\u011funda h\u00e2l\u00e2 sa\u011fl\u0131k altyap\u0131s\u0131, vas\u0131fl\u0131 sa\u011fl\u0131k personeli ve kaliteli sa\u011fl\u0131k hizmetlerine eri\u015fim [&hellip;]<\/p>\n","protected":false},"author":1,"featured_media":2889,"parent":118,"menu_order":0,"comment_status":"closed","ping_status":"closed","template":"","meta":{"_acf_changed":false,"footnotes":""},"class_list":["post-518","page","type-page","status-publish","has-post-thumbnail","hentry"],"acf":[],"yoast_head":"<!-- This site is optimized with the Yoast SEO plugin v27.2 - https:\/\/yoast.com\/product\/yoast-seo-wordpress\/ -->\n<title>ICT Telekom\u00fcnikasyon - Sa\u011fl\u0131k<\/title>\n<meta name=\"description\" content=\"K\u0131rsal alanlar\u0131n \u00e7o\u011funda h\u00e2l\u00e2 sa\u011fl\u0131k altyap\u0131s\u0131, vas\u0131fl\u0131 sa\u011fl\u0131k personeli ve kaliteli sa\u011fl\u0131k hizmetlerine eri\u015fim \u00e7ok k\u0131s\u0131tl\u0131d\u0131r.\" \/>\n<meta name=\"robots\" content=\"index, follow, max-snippet:-1, max-image-preview:large, max-video-preview:-1\" \/>\n<link rel=\"canonical\" href=\"https:\/\/ict.com.tr\/tr\/cozumler\/saglik\/\" \/>\n<meta property=\"og:locale\" content=\"tr_TR\" \/>\n<meta property=\"og:type\" content=\"article\" \/>\n<meta property=\"og:title\" content=\"ICT Telekom\u00fcnikasyon - Sa\u011fl\u0131k\" \/>\n<meta property=\"og:description\" content=\"K\u0131rsal alanlar\u0131n \u00e7o\u011funda h\u00e2l\u00e2 sa\u011fl\u0131k altyap\u0131s\u0131, vas\u0131fl\u0131 sa\u011fl\u0131k personeli ve kaliteli sa\u011fl\u0131k hizmetlerine eri\u015fim \u00e7ok k\u0131s\u0131tl\u0131d\u0131r.\" \/>\n<meta property=\"og:url\" content=\"https:\/\/ict.com.tr\/tr\/cozumler\/saglik\/\" \/>\n<meta property=\"og:site_name\" content=\"ICT Telekom\u00fcnikasyon\" \/>\n<meta property=\"article:modified_time\" content=\"2023-10-30T12:38:01+00:00\" \/>\n<meta property=\"og:image\" content=\"https:\/\/ict.com.tr\/wp-content\/uploads\/2020\/11\/saglik-bg.jpg\" \/>\n\t<meta property=\"og:image:width\" content=\"1920\" \/>\n\t<meta property=\"og:image:height\" content=\"500\" \/>\n\t<meta property=\"og:image:type\" content=\"image\/jpeg\" \/>\n<meta name=\"twitter:card\" content=\"summary_large_image\" \/>\n<meta name=\"twitter:label1\" content=\"Tahmini okuma s\u00fcresi\" \/>\n\t<meta name=\"twitter:data1\" content=\"1 dakika\" \/>\n<script type=\"application\/ld+json\" class=\"yoast-schema-graph\">{\"@context\":\"https:\/\/schema.org\",\"@graph\":[{\"@type\":\"WebPage\",\"@id\":\"https:\/\/ict.com.tr\/tr\/cozumler\/saglik\/\",\"url\":\"https:\/\/ict.com.tr\/tr\/cozumler\/saglik\/\",\"name\":\"ICT Telekom\u00fcnikasyon - Sa\u011fl\u0131k\",\"isPartOf\":{\"@id\":\"https:\/\/ict.com.tr\/#website\"},\"primaryImageOfPage\":{\"@id\":\"https:\/\/ict.com.tr\/tr\/cozumler\/saglik\/#primaryimage\"},\"image\":{\"@id\":\"https:\/\/ict.com.tr\/tr\/cozumler\/saglik\/#primaryimage\"},\"thumbnailUrl\":\"https:\/\/ict.com.tr\/wp-content\/uploads\/2020\/11\/saglik-bg.jpg\",\"datePublished\":\"2020-10-13T09:01:54+00:00\",\"dateModified\":\"2023-10-30T12:38:01+00:00\",\"description\":\"K\u0131rsal alanlar\u0131n \u00e7o\u011funda h\u00e2l\u00e2 sa\u011fl\u0131k altyap\u0131s\u0131, vas\u0131fl\u0131 sa\u011fl\u0131k personeli ve kaliteli sa\u011fl\u0131k hizmetlerine eri\u015fim \u00e7ok k\u0131s\u0131tl\u0131d\u0131r.\",\"breadcrumb\":{\"@id\":\"https:\/\/ict.com.tr\/tr\/cozumler\/saglik\/#breadcrumb\"},\"inLanguage\":\"tr\",\"potentialAction\":[{\"@type\":\"ReadAction\",\"target\":[\"https:\/\/ict.com.tr\/tr\/cozumler\/saglik\/\"]}]},{\"@type\":\"ImageObject\",\"inLanguage\":\"tr\",\"@id\":\"https:\/\/ict.com.tr\/tr\/cozumler\/saglik\/#primaryimage\",\"url\":\"https:\/\/ict.com.tr\/wp-content\/uploads\/2020\/11\/saglik-bg.jpg\",\"contentUrl\":\"https:\/\/ict.com.tr\/wp-content\/uploads\/2020\/11\/saglik-bg.jpg\",\"width\":1920,\"height\":500},{\"@type\":\"BreadcrumbList\",\"@id\":\"https:\/\/ict.com.tr\/tr\/cozumler\/saglik\/#breadcrumb\",\"itemListElement\":[{\"@type\":\"ListItem\",\"position\":1,\"name\":\"Home\",\"item\":\"https:\/\/ict.com.tr\/tr\/\"},{\"@type\":\"ListItem\",\"position\":2,\"name\":\"\u00c7\u00f6z\u00fcmler\",\"item\":\"https:\/\/ict.com.tr\/tr\/cozumler\/\"},{\"@type\":\"ListItem\",\"position\":3,\"name\":\"Sa\u011fl\u0131k\"}]},{\"@type\":\"WebSite\",\"@id\":\"https:\/\/ict.com.tr\/#website\",\"url\":\"https:\/\/ict.com.tr\/\",\"name\":\"ICT Telekom\u00fcnikasyon\",\"description\":\"\",\"potentialAction\":[{\"@type\":\"SearchAction\",\"target\":{\"@type\":\"EntryPoint\",\"urlTemplate\":\"https:\/\/ict.com.tr\/?s={search_term_string}\"},\"query-input\":{\"@type\":\"PropertyValueSpecification\",\"valueRequired\":true,\"valueName\":\"search_term_string\"}}],\"inLanguage\":\"tr\"}]}<\/script>\n<!-- \/ Yoast SEO plugin. -->","yoast_head_json":{"title":"ICT Telekom\u00fcnikasyon - Sa\u011fl\u0131k","description":"K\u0131rsal alanlar\u0131n \u00e7o\u011funda h\u00e2l\u00e2 sa\u011fl\u0131k altyap\u0131s\u0131, vas\u0131fl\u0131 sa\u011fl\u0131k personeli ve kaliteli sa\u011fl\u0131k hizmetlerine eri\u015fim \u00e7ok k\u0131s\u0131tl\u0131d\u0131r.","robots":{"index":"index","follow":"follow","max-snippet":"max-snippet:-1","max-image-preview":"max-image-preview:large","max-video-preview":"max-video-preview:-1"},"canonical":"https:\/\/ict.com.tr\/tr\/cozumler\/saglik\/","og_locale":"tr_TR","og_type":"article","og_title":"ICT Telekom\u00fcnikasyon - Sa\u011fl\u0131k","og_description":"K\u0131rsal alanlar\u0131n \u00e7o\u011funda h\u00e2l\u00e2 sa\u011fl\u0131k altyap\u0131s\u0131, vas\u0131fl\u0131 sa\u011fl\u0131k personeli ve kaliteli sa\u011fl\u0131k hizmetlerine eri\u015fim \u00e7ok k\u0131s\u0131tl\u0131d\u0131r.","og_url":"https:\/\/ict.com.tr\/tr\/cozumler\/saglik\/","og_site_name":"ICT Telekom\u00fcnikasyon","article_modified_time":"2023-10-30T12:38:01+00:00","og_image":[{"width":1920,"height":500,"url":"https:\/\/ict.com.tr\/wp-content\/uploads\/2020\/11\/saglik-bg.jpg","type":"image\/jpeg"}],"twitter_card":"summary_large_image","twitter_misc":{"Tahmini okuma s\u00fcresi":"1 dakika"},"schema":{"@context":"https:\/\/schema.org","@graph":[{"@type":"WebPage","@id":"https:\/\/ict.com.tr\/tr\/cozumler\/saglik\/","url":"https:\/\/ict.com.tr\/tr\/cozumler\/saglik\/","name":"ICT Telekom\u00fcnikasyon - Sa\u011fl\u0131k","isPartOf":{"@id":"https:\/\/ict.com.tr\/#website"},"primaryImageOfPage":{"@id":"https:\/\/ict.com.tr\/tr\/cozumler\/saglik\/#primaryimage"},"image":{"@id":"https:\/\/ict.com.tr\/tr\/cozumler\/saglik\/#primaryimage"},"thumbnailUrl":"https:\/\/ict.com.tr\/wp-content\/uploads\/2020\/11\/saglik-bg.jpg","datePublished":"2020-10-13T09:01:54+00:00","dateModified":"2023-10-30T12:38:01+00:00","description":"K\u0131rsal alanlar\u0131n \u00e7o\u011funda h\u00e2l\u00e2 sa\u011fl\u0131k altyap\u0131s\u0131, vas\u0131fl\u0131 sa\u011fl\u0131k personeli ve kaliteli sa\u011fl\u0131k hizmetlerine eri\u015fim \u00e7ok k\u0131s\u0131tl\u0131d\u0131r.","breadcrumb":{"@id":"https:\/\/ict.com.tr\/tr\/cozumler\/saglik\/#breadcrumb"},"inLanguage":"tr","potentialAction":[{"@type":"ReadAction","target":["https:\/\/ict.com.tr\/tr\/cozumler\/saglik\/"]}]},{"@type":"ImageObject","inLanguage":"tr","@id":"https:\/\/ict.com.tr\/tr\/cozumler\/saglik\/#primaryimage","url":"https:\/\/ict.com.tr\/wp-content\/uploads\/2020\/11\/saglik-bg.jpg","contentUrl":"https:\/\/ict.com.tr\/wp-content\/uploads\/2020\/11\/saglik-bg.jpg","width":1920,"height":500},{"@type":"BreadcrumbList","@id":"https:\/\/ict.com.tr\/tr\/cozumler\/saglik\/#breadcrumb","itemListElement":[{"@type":"ListItem","position":1,"name":"Home","item":"https:\/\/ict.com.tr\/tr\/"},{"@type":"ListItem","position":2,"name":"\u00c7\u00f6z\u00fcmler","item":"https:\/\/ict.com.tr\/tr\/cozumler\/"},{"@type":"ListItem","position":3,"name":"Sa\u011fl\u0131k"}]},{"@type":"WebSite","@id":"https:\/\/ict.com.tr\/#website","url":"https:\/\/ict.com.tr\/","name":"ICT Telekom\u00fcnikasyon","description":"","potentialAction":[{"@type":"SearchAction","target":{"@type":"EntryPoint","urlTemplate":"https:\/\/ict.com.tr\/?s={search_term_string}"},"query-input":{"@type":"PropertyValueSpecification","valueRequired":true,"valueName":"search_term_string"}}],"inLanguage":"tr"}]}},"_links":{"self":[{"href":"https:\/\/ict.com.tr\/tr\/wp-json\/wp\/v2\/pages\/518","targetHints":{"allow":["GET"]}}],"collection":[{"href":"https:\/\/ict.com.tr\/tr\/wp-json\/wp\/v2\/pages"}],"about":[{"href":"https:\/\/ict.com.tr\/tr\/wp-json\/wp\/v2\/types\/page"}],"author":[{"embeddable":true,"href":"https:\/\/ict.com.tr\/tr\/wp-json\/wp\/v2\/users\/1"}],"replies":[{"embeddable":true,"href":"https:\/\/ict.com.tr\/tr\/wp-json\/wp\/v2\/comments?post=518"}],"version-history":[{"count":8,"href":"https:\/\/ict.com.tr\/tr\/wp-json\/wp\/v2\/pages\/518\/revisions"}],"predecessor-version":[{"id":3453,"href":"https:\/\/ict.com.tr\/tr\/wp-json\/wp\/v2\/pages\/518\/revisions\/3453"}],"up":[{"embeddable":true,"href":"https:\/\/ict.com.tr\/tr\/wp-json\/wp\/v2\/pages\/118"}],"wp:featuredmedia":[{"embeddable":true,"href":"https:\/\/ict.com.tr\/tr\/wp-json\/wp\/v2\/media\/2889"}],"wp:attachment":[{"href":"https:\/\/ict.com.tr\/tr\/wp-json\/wp\/v2\/media?parent=518"}],"curies":[{"name":"wp","href":"https:\/\/api.w.org\/{rel}","templated":true}]}}