{"id":512,"date":"2020-10-13T09:00:22","date_gmt":"2020-10-13T09:00:22","guid":{"rendered":"http:\/\/ict-kurumsal.lc\/?page_id=512"},"modified":"2025-10-13T13:14:41","modified_gmt":"2025-10-13T13:14:41","slug":"devlet-askeri","status":"publish","type":"page","link":"https:\/\/ict.com.tr\/tr\/cozumler\/devlet-askeri\/","title":{"rendered":"Devlet &#038; Askeri"},"content":{"rendered":"<div class=\"wpb-content-wrapper\"><p>[vc_row][vc_column width=&#8221;1\/2&#8243;][vc_single_image image=&#8221;2839&#8243; img_size=&#8221;full&#8221;][\/vc_column][vc_column width=&#8221;1\/2&#8243;][vc_custom_heading text=&#8221;Devlet &amp; Askeri&#8221; google_fonts=&#8221;font_family:Montserrat%3Aregular%2C700|font_style:400%20regular%3A400%3Anormal&#8221;][vc_column_text css=&#8221;&#8221;]<span style=\"font-weight: 400;\">Farkl\u0131 co\u011frafyalardaki devlet ve askeri kurulu\u015flara uydu \u00e7\u00f6z\u00fcmleri sunmaktay\u0131z. Bu \u00e7\u00f6z\u00fcmlerle birlikte, Satcom ekipmanlar\u0131n\u0131 askeri teknik \u00f6zelliklerde kullanarak g\u00fcvenli uydu \u00e7\u00f6z\u00fcmleri sa\u011flar\u0131z. Farkl\u0131 askeri ve resmi uygulamalar i\u00e7in, Satcom \u00e7\u00f6z\u00fcmlerini farkl\u0131 bantlarda kullanabiliriz: X-band\u0131, S-band\u0131, KU ve C band\u0131.\u00a0<\/span><\/p>\n<p><span style=\"font-weight: 400;\">ICT Telekom\u00fcnikasyon olarak resmi ve askeri hizmetler i\u00e7in esnek \u0131smarlama uydu \u00e7\u00f6z\u00fcmleri ile\u00a0 <\/span><span style=\"font-weight: 400;\">denizcilik ve havac\u0131l\u0131k platformlar\u0131 dahil olmak \u00fczere SOTM, drive-away, manpack ve her t\u00fcrl\u00fc h\u0131zl\u0131 ve g\u00fcvenilir \u00e7\u00f6z\u00fcmler sunar\u0131z. Uydu a\u011flar\u0131 birincil, yedek veya acil kurtarma \u00e7\u00f6z\u00fcmleri kapsayacak \u015fekilde tasarlanabilir. <\/span><span style=\"font-weight: 400;\">Tipik uygulamalar a\u015fa\u011f\u0131daki gibi olabilir: VoIP, g\u00fcvenli IP ba\u011flant\u0131s\u0131, CCTV, konferans g\u00f6r\u00fc\u015fme, Bulut bili\u015fim, multicasting, dosya aktar\u0131m\u0131 ve benzeri uygulamalar.<\/span>[\/vc_column_text][\/vc_column][\/vc_row][vc_row][vc_column][vc_column_text css=&#8221;&#8221; el_class=&#8221;ic-sayfa-top&#8221;]<span style=\"font-weight: 400;\">ICT Telekom\u00fcnikasyon, d\u00fcnyan\u0131n her yerinde sorunsuz ba\u011flant\u0131 sunan g\u00fcvenli, g\u00fcvenilir ve \u00f6zel uydu a\u011flar\u0131 tasarlamakta ve uygulamaya ge\u00e7irmektedir.<\/span>[\/vc_column_text][\/vc_column][\/vc_row]<\/p>\n<\/div>","protected":false},"excerpt":{"rendered":"<p>[vc_row][vc_column width=&#8221;1\/2&#8243;][vc_single_image image=&#8221;2839&#8243; img_size=&#8221;full&#8221;][\/vc_column][vc_column width=&#8221;1\/2&#8243;][vc_custom_heading text=&#8221;Devlet &amp; Askeri&#8221; google_fonts=&#8221;font_family:Montserrat%3Aregular%2C700|font_style:400%20regular%3A400%3Anormal&#8221;][vc_column_text css=&#8221;&#8221;]Farkl\u0131 co\u011frafyalardaki devlet ve askeri kurulu\u015flara uydu \u00e7\u00f6z\u00fcmleri sunmaktay\u0131z. Bu \u00e7\u00f6z\u00fcmlerle [&hellip;]<\/p>\n","protected":false},"author":1,"featured_media":2662,"parent":118,"menu_order":0,"comment_status":"closed","ping_status":"closed","template":"","meta":{"_acf_changed":false,"footnotes":""},"class_list":["post-512","page","type-page","status-publish","has-post-thumbnail","hentry"],"acf":[],"yoast_head":"<!-- This site is optimized with the Yoast SEO plugin v27.2 - https:\/\/yoast.com\/product\/yoast-seo-wordpress\/ -->\n<title>ICT Telekom\u00fcnikasyon - Devlet &amp; Askeri<\/title>\n<meta name=\"description\" content=\"Satcom ekipmanlar\u0131n\u0131 askeri teknik \u00f6zelliklerde kullanarak g\u00fcvenli uydu \u00e7\u00f6z\u00fcmleri ile farkl\u0131 uygulamalar kullanabiliriz:\" \/>\n<meta name=\"robots\" content=\"index, follow, max-snippet:-1, max-image-preview:large, max-video-preview:-1\" \/>\n<link rel=\"canonical\" href=\"https:\/\/ict.com.tr\/tr\/cozumler\/devlet-askeri\/\" \/>\n<meta property=\"og:locale\" content=\"tr_TR\" \/>\n<meta property=\"og:type\" content=\"article\" \/>\n<meta property=\"og:title\" content=\"ICT Telekom\u00fcnikasyon - Devlet &amp; Askeri\" \/>\n<meta property=\"og:description\" content=\"Satcom ekipmanlar\u0131n\u0131 askeri teknik \u00f6zelliklerde kullanarak g\u00fcvenli uydu \u00e7\u00f6z\u00fcmleri ile farkl\u0131 uygulamalar kullanabiliriz:\" \/>\n<meta property=\"og:url\" content=\"https:\/\/ict.com.tr\/tr\/cozumler\/devlet-askeri\/\" \/>\n<meta property=\"og:site_name\" content=\"ICT Telekom\u00fcnikasyon\" \/>\n<meta property=\"article:modified_time\" content=\"2025-10-13T13:14:41+00:00\" \/>\n<meta property=\"og:image\" content=\"https:\/\/ict.com.tr\/wp-content\/uploads\/2020\/11\/askeri-savunma-background-2-1.jpg\" \/>\n\t<meta property=\"og:image:width\" content=\"1920\" \/>\n\t<meta property=\"og:image:height\" content=\"500\" \/>\n\t<meta property=\"og:image:type\" content=\"image\/jpeg\" \/>\n<meta name=\"twitter:card\" content=\"summary_large_image\" \/>\n<meta name=\"twitter:label1\" content=\"Tahmini okuma s\u00fcresi\" \/>\n\t<meta name=\"twitter:data1\" content=\"1 dakika\" \/>\n<script type=\"application\/ld+json\" class=\"yoast-schema-graph\">{\"@context\":\"https:\/\/schema.org\",\"@graph\":[{\"@type\":\"WebPage\",\"@id\":\"https:\/\/ict.com.tr\/tr\/cozumler\/devlet-askeri\/\",\"url\":\"https:\/\/ict.com.tr\/tr\/cozumler\/devlet-askeri\/\",\"name\":\"ICT Telekom\u00fcnikasyon - Devlet & Askeri\",\"isPartOf\":{\"@id\":\"https:\/\/ict.com.tr\/#website\"},\"primaryImageOfPage\":{\"@id\":\"https:\/\/ict.com.tr\/tr\/cozumler\/devlet-askeri\/#primaryimage\"},\"image\":{\"@id\":\"https:\/\/ict.com.tr\/tr\/cozumler\/devlet-askeri\/#primaryimage\"},\"thumbnailUrl\":\"https:\/\/ict.com.tr\/wp-content\/uploads\/2020\/11\/askeri-savunma-background-2-1.jpg\",\"datePublished\":\"2020-10-13T09:00:22+00:00\",\"dateModified\":\"2025-10-13T13:14:41+00:00\",\"description\":\"Satcom ekipmanlar\u0131n\u0131 askeri teknik \u00f6zelliklerde kullanarak g\u00fcvenli uydu \u00e7\u00f6z\u00fcmleri ile farkl\u0131 uygulamalar kullanabiliriz:\",\"breadcrumb\":{\"@id\":\"https:\/\/ict.com.tr\/tr\/cozumler\/devlet-askeri\/#breadcrumb\"},\"inLanguage\":\"tr\",\"potentialAction\":[{\"@type\":\"ReadAction\",\"target\":[\"https:\/\/ict.com.tr\/tr\/cozumler\/devlet-askeri\/\"]}]},{\"@type\":\"ImageObject\",\"inLanguage\":\"tr\",\"@id\":\"https:\/\/ict.com.tr\/tr\/cozumler\/devlet-askeri\/#primaryimage\",\"url\":\"https:\/\/ict.com.tr\/wp-content\/uploads\/2020\/11\/askeri-savunma-background-2-1.jpg\",\"contentUrl\":\"https:\/\/ict.com.tr\/wp-content\/uploads\/2020\/11\/askeri-savunma-background-2-1.jpg\",\"width\":1920,\"height\":500},{\"@type\":\"BreadcrumbList\",\"@id\":\"https:\/\/ict.com.tr\/tr\/cozumler\/devlet-askeri\/#breadcrumb\",\"itemListElement\":[{\"@type\":\"ListItem\",\"position\":1,\"name\":\"Home\",\"item\":\"https:\/\/ict.com.tr\/tr\/\"},{\"@type\":\"ListItem\",\"position\":2,\"name\":\"\u00c7\u00f6z\u00fcmler\",\"item\":\"https:\/\/ict.com.tr\/tr\/cozumler\/\"},{\"@type\":\"ListItem\",\"position\":3,\"name\":\"Devlet &#038; Askeri\"}]},{\"@type\":\"WebSite\",\"@id\":\"https:\/\/ict.com.tr\/#website\",\"url\":\"https:\/\/ict.com.tr\/\",\"name\":\"ICT Telekom\u00fcnikasyon\",\"description\":\"\",\"potentialAction\":[{\"@type\":\"SearchAction\",\"target\":{\"@type\":\"EntryPoint\",\"urlTemplate\":\"https:\/\/ict.com.tr\/?s={search_term_string}\"},\"query-input\":{\"@type\":\"PropertyValueSpecification\",\"valueRequired\":true,\"valueName\":\"search_term_string\"}}],\"inLanguage\":\"tr\"}]}<\/script>\n<!-- \/ Yoast SEO plugin. -->","yoast_head_json":{"title":"ICT Telekom\u00fcnikasyon - Devlet & Askeri","description":"Satcom ekipmanlar\u0131n\u0131 askeri teknik \u00f6zelliklerde kullanarak g\u00fcvenli uydu \u00e7\u00f6z\u00fcmleri ile farkl\u0131 uygulamalar kullanabiliriz:","robots":{"index":"index","follow":"follow","max-snippet":"max-snippet:-1","max-image-preview":"max-image-preview:large","max-video-preview":"max-video-preview:-1"},"canonical":"https:\/\/ict.com.tr\/tr\/cozumler\/devlet-askeri\/","og_locale":"tr_TR","og_type":"article","og_title":"ICT Telekom\u00fcnikasyon - Devlet & Askeri","og_description":"Satcom ekipmanlar\u0131n\u0131 askeri teknik \u00f6zelliklerde kullanarak g\u00fcvenli uydu \u00e7\u00f6z\u00fcmleri ile farkl\u0131 uygulamalar kullanabiliriz:","og_url":"https:\/\/ict.com.tr\/tr\/cozumler\/devlet-askeri\/","og_site_name":"ICT Telekom\u00fcnikasyon","article_modified_time":"2025-10-13T13:14:41+00:00","og_image":[{"width":1920,"height":500,"url":"https:\/\/ict.com.tr\/wp-content\/uploads\/2020\/11\/askeri-savunma-background-2-1.jpg","type":"image\/jpeg"}],"twitter_card":"summary_large_image","twitter_misc":{"Tahmini okuma s\u00fcresi":"1 dakika"},"schema":{"@context":"https:\/\/schema.org","@graph":[{"@type":"WebPage","@id":"https:\/\/ict.com.tr\/tr\/cozumler\/devlet-askeri\/","url":"https:\/\/ict.com.tr\/tr\/cozumler\/devlet-askeri\/","name":"ICT Telekom\u00fcnikasyon - Devlet & Askeri","isPartOf":{"@id":"https:\/\/ict.com.tr\/#website"},"primaryImageOfPage":{"@id":"https:\/\/ict.com.tr\/tr\/cozumler\/devlet-askeri\/#primaryimage"},"image":{"@id":"https:\/\/ict.com.tr\/tr\/cozumler\/devlet-askeri\/#primaryimage"},"thumbnailUrl":"https:\/\/ict.com.tr\/wp-content\/uploads\/2020\/11\/askeri-savunma-background-2-1.jpg","datePublished":"2020-10-13T09:00:22+00:00","dateModified":"2025-10-13T13:14:41+00:00","description":"Satcom ekipmanlar\u0131n\u0131 askeri teknik \u00f6zelliklerde kullanarak g\u00fcvenli uydu \u00e7\u00f6z\u00fcmleri ile farkl\u0131 uygulamalar kullanabiliriz:","breadcrumb":{"@id":"https:\/\/ict.com.tr\/tr\/cozumler\/devlet-askeri\/#breadcrumb"},"inLanguage":"tr","potentialAction":[{"@type":"ReadAction","target":["https:\/\/ict.com.tr\/tr\/cozumler\/devlet-askeri\/"]}]},{"@type":"ImageObject","inLanguage":"tr","@id":"https:\/\/ict.com.tr\/tr\/cozumler\/devlet-askeri\/#primaryimage","url":"https:\/\/ict.com.tr\/wp-content\/uploads\/2020\/11\/askeri-savunma-background-2-1.jpg","contentUrl":"https:\/\/ict.com.tr\/wp-content\/uploads\/2020\/11\/askeri-savunma-background-2-1.jpg","width":1920,"height":500},{"@type":"BreadcrumbList","@id":"https:\/\/ict.com.tr\/tr\/cozumler\/devlet-askeri\/#breadcrumb","itemListElement":[{"@type":"ListItem","position":1,"name":"Home","item":"https:\/\/ict.com.tr\/tr\/"},{"@type":"ListItem","position":2,"name":"\u00c7\u00f6z\u00fcmler","item":"https:\/\/ict.com.tr\/tr\/cozumler\/"},{"@type":"ListItem","position":3,"name":"Devlet &#038; Askeri"}]},{"@type":"WebSite","@id":"https:\/\/ict.com.tr\/#website","url":"https:\/\/ict.com.tr\/","name":"ICT Telekom\u00fcnikasyon","description":"","potentialAction":[{"@type":"SearchAction","target":{"@type":"EntryPoint","urlTemplate":"https:\/\/ict.com.tr\/?s={search_term_string}"},"query-input":{"@type":"PropertyValueSpecification","valueRequired":true,"valueName":"search_term_string"}}],"inLanguage":"tr"}]}},"_links":{"self":[{"href":"https:\/\/ict.com.tr\/tr\/wp-json\/wp\/v2\/pages\/512","targetHints":{"allow":["GET"]}}],"collection":[{"href":"https:\/\/ict.com.tr\/tr\/wp-json\/wp\/v2\/pages"}],"about":[{"href":"https:\/\/ict.com.tr\/tr\/wp-json\/wp\/v2\/types\/page"}],"author":[{"embeddable":true,"href":"https:\/\/ict.com.tr\/tr\/wp-json\/wp\/v2\/users\/1"}],"replies":[{"embeddable":true,"href":"https:\/\/ict.com.tr\/tr\/wp-json\/wp\/v2\/comments?post=512"}],"version-history":[{"count":20,"href":"https:\/\/ict.com.tr\/tr\/wp-json\/wp\/v2\/pages\/512\/revisions"}],"predecessor-version":[{"id":4274,"href":"https:\/\/ict.com.tr\/tr\/wp-json\/wp\/v2\/pages\/512\/revisions\/4274"}],"up":[{"embeddable":true,"href":"https:\/\/ict.com.tr\/tr\/wp-json\/wp\/v2\/pages\/118"}],"wp:featuredmedia":[{"embeddable":true,"href":"https:\/\/ict.com.tr\/tr\/wp-json\/wp\/v2\/media\/2662"}],"wp:attachment":[{"href":"https:\/\/ict.com.tr\/tr\/wp-json\/wp\/v2\/media?parent=512"}],"curies":[{"name":"wp","href":"https:\/\/api.w.org\/{rel}","templated":true}]}}