{"id":510,"date":"2020-10-08T12:02:32","date_gmt":"2020-10-08T12:02:32","guid":{"rendered":"http:\/\/ict-kurumsal.lc\/solutions\/enterprise\/"},"modified":"2025-12-16T07:30:04","modified_gmt":"2025-12-16T07:30:04","slug":"kurumsal","status":"publish","type":"page","link":"https:\/\/ict.com.tr\/tr\/cozumler\/kurumsal\/","title":{"rendered":"Kurumsal"},"content":{"rendered":"<div class=\"wpb-content-wrapper\"><p>[vc_row][vc_column width=&#8221;1\/2&#8243;][vc_single_image image=&#8221;4333&#8243; img_size=&#8221;full&#8221; css=&#8221;&#8221;][\/vc_column][vc_column width=&#8221;1\/2&#8243;][vc_custom_heading text=&#8221;Kurumsal&#8221; google_fonts=&#8221;font_family:Montserrat%3Aregular%2C700|font_style:400%20regular%3A400%3Anormal&#8221;][vc_column_text css=&#8221;&#8221;]<span style=\"font-weight: 400;\">ICT Telekom\u00fcnikasyon olarak d\u00fcnyan\u0131n her noktas\u0131ndaki de\u011ferli kurumsal m\u00fc\u015fterilerimize uydu \u00e7\u00f6z\u00fcmleri sunuyoruz. Birka\u00e7 Mbps&#8217;den Gbps&#8217;ye kadar de\u011fi\u015fiklik g\u00f6teren farkl\u0131 h\u0131zlarda g\u00fcvenli SCPC ve VSAT \u00e7\u00f6z\u00fcmleri sa\u011flayabiliriz. QoS&#8217;yi ayarlayabilece\u011fimiz farkl\u0131 kurumsal a\u011f verilerini, video ve ses uygulamalar\u0131n\u0131 destekleyebiliriz. 7\/24 hizmet veren uydu A\u011f Operasyon Merkezimiz (NOC) arac\u0131l\u0131\u011f\u0131yla, deneyimli m\u00fchendislerimiz y\u0131l\u0131n 365 g\u00fcn\u00fc m\u00fc\u015fterilerimize destek vermektedir. M\u00fc\u015fterilerimizin uydu a\u011f\u0131n\u0131, SLA y\u0131ll\u0131k %99,5&#8217;in \u00fczerinde olacak \u015fekilde tasarl\u0131yoruz.<\/span><\/p>\n<p><span style=\"font-weight: 400;\">Farkl\u0131 d\u00fczlemlerdeki kurumsal m\u00fc\u015fterilerimiz i\u00e7in birincil veya yedek uydu ba\u011flant\u0131s\u0131 temin ederiz. Birden fazla lokasyona sahip bir M\u00fc\u015fteri a\u011f\u0131 (NW) i\u00e7in, uyduyu baz\u0131 d\u00fc\u011f\u00fcmlerde birincil ve di\u011ferlerinde yedek olarak kullan\u0131p hibrit \u00e7\u00f6z\u00fcmler getirebiliriz.\u00a0<\/span>[\/vc_column_text][\/vc_column][\/vc_row][vc_row el_class=&#8221;ic-sayfa-top&#8221;][vc_column][vc_column_text]<span style=\"font-weight: 400;\">Kurumsal m\u00fc\u015fterilerimiz i\u00e7in, SD-WAN topolojilerinin bir par\u00e7as\u0131 olabilecek g\u00fcvenilir, h\u0131zl\u0131 ve g\u00fcvenli uydu hizmetleri sunuyoruz. T\u00fcrkiye&#8217;nin her noktas\u0131nda bulunan onayl\u0131 VSAT saha ekiplerimizi kullanarak y\u00fczlerce uzak siteyi h\u0131zl\u0131 bir \u015fekilde kurabilir ve etkin hale getirebiliriz.<\/span>[\/vc_column_text][\/vc_column][\/vc_row]<\/p>\n<\/div>","protected":false},"excerpt":{"rendered":"<p>[vc_row][vc_column width=&#8221;1\/2&#8243;][vc_single_image image=&#8221;4333&#8243; img_size=&#8221;full&#8221; css=&#8221;&#8221;][\/vc_column][vc_column width=&#8221;1\/2&#8243;][vc_custom_heading text=&#8221;Kurumsal&#8221; google_fonts=&#8221;font_family:Montserrat%3Aregular%2C700|font_style:400%20regular%3A400%3Anormal&#8221;][vc_column_text css=&#8221;&#8221;]ICT Telekom\u00fcnikasyon olarak d\u00fcnyan\u0131n her noktas\u0131ndaki de\u011ferli kurumsal m\u00fc\u015fterilerimize uydu \u00e7\u00f6z\u00fcmleri sunuyoruz. [&hellip;]<\/p>\n","protected":false},"author":1,"featured_media":2671,"parent":118,"menu_order":0,"comment_status":"closed","ping_status":"closed","template":"","meta":{"_acf_changed":false,"footnotes":""},"class_list":["post-510","page","type-page","status-publish","has-post-thumbnail","hentry"],"acf":[],"yoast_head":"<!-- This site is optimized with the Yoast SEO plugin v27.2 - https:\/\/yoast.com\/product\/yoast-seo-wordpress\/ -->\n<title>ICT Telekom\u00fcnikasyon - Kurumsal<\/title>\n<meta name=\"description\" content=\"ICT Telekom\u00fcnikasyon olarak d\u00fcnyan\u0131n her noktas\u0131ndaki farkl\u0131 d\u00fczlemdeki de\u011ferli kurumsal m\u00fc\u015fterilerimize uydu \u00e7\u00f6z\u00fcmleri sunuyoruz.\" \/>\n<meta name=\"robots\" content=\"index, follow, max-snippet:-1, max-image-preview:large, max-video-preview:-1\" \/>\n<link rel=\"canonical\" href=\"https:\/\/ict.com.tr\/tr\/cozumler\/kurumsal\/\" \/>\n<meta property=\"og:locale\" content=\"tr_TR\" \/>\n<meta property=\"og:type\" content=\"article\" \/>\n<meta property=\"og:title\" content=\"ICT Telekom\u00fcnikasyon - Kurumsal\" \/>\n<meta property=\"og:description\" content=\"ICT Telekom\u00fcnikasyon olarak d\u00fcnyan\u0131n her noktas\u0131ndaki farkl\u0131 d\u00fczlemdeki de\u011ferli kurumsal m\u00fc\u015fterilerimize uydu \u00e7\u00f6z\u00fcmleri sunuyoruz.\" \/>\n<meta property=\"og:url\" content=\"https:\/\/ict.com.tr\/tr\/cozumler\/kurumsal\/\" \/>\n<meta property=\"og:site_name\" content=\"ICT Telekom\u00fcnikasyon\" \/>\n<meta property=\"article:modified_time\" content=\"2025-12-16T07:30:04+00:00\" \/>\n<meta property=\"og:image\" content=\"https:\/\/ict.com.tr\/wp-content\/uploads\/2020\/11\/surdurulebilirlik-background-1-2.jpg\" \/>\n\t<meta property=\"og:image:width\" content=\"1920\" \/>\n\t<meta property=\"og:image:height\" content=\"500\" \/>\n\t<meta property=\"og:image:type\" content=\"image\/jpeg\" \/>\n<meta name=\"twitter:card\" content=\"summary_large_image\" \/>\n<meta name=\"twitter:label1\" content=\"Tahmini okuma s\u00fcresi\" \/>\n\t<meta name=\"twitter:data1\" content=\"2 dakika\" \/>\n<script type=\"application\/ld+json\" class=\"yoast-schema-graph\">{\"@context\":\"https:\/\/schema.org\",\"@graph\":[{\"@type\":\"WebPage\",\"@id\":\"https:\/\/ict.com.tr\/tr\/cozumler\/kurumsal\/\",\"url\":\"https:\/\/ict.com.tr\/tr\/cozumler\/kurumsal\/\",\"name\":\"ICT Telekom\u00fcnikasyon - Kurumsal\",\"isPartOf\":{\"@id\":\"https:\/\/ict.com.tr\/#website\"},\"primaryImageOfPage\":{\"@id\":\"https:\/\/ict.com.tr\/tr\/cozumler\/kurumsal\/#primaryimage\"},\"image\":{\"@id\":\"https:\/\/ict.com.tr\/tr\/cozumler\/kurumsal\/#primaryimage\"},\"thumbnailUrl\":\"https:\/\/ict.com.tr\/wp-content\/uploads\/2020\/11\/surdurulebilirlik-background-1-2.jpg\",\"datePublished\":\"2020-10-08T12:02:32+00:00\",\"dateModified\":\"2025-12-16T07:30:04+00:00\",\"description\":\"ICT Telekom\u00fcnikasyon olarak d\u00fcnyan\u0131n her noktas\u0131ndaki farkl\u0131 d\u00fczlemdeki de\u011ferli kurumsal m\u00fc\u015fterilerimize uydu \u00e7\u00f6z\u00fcmleri sunuyoruz.\",\"breadcrumb\":{\"@id\":\"https:\/\/ict.com.tr\/tr\/cozumler\/kurumsal\/#breadcrumb\"},\"inLanguage\":\"tr\",\"potentialAction\":[{\"@type\":\"ReadAction\",\"target\":[\"https:\/\/ict.com.tr\/tr\/cozumler\/kurumsal\/\"]}]},{\"@type\":\"ImageObject\",\"inLanguage\":\"tr\",\"@id\":\"https:\/\/ict.com.tr\/tr\/cozumler\/kurumsal\/#primaryimage\",\"url\":\"https:\/\/ict.com.tr\/wp-content\/uploads\/2020\/11\/surdurulebilirlik-background-1-2.jpg\",\"contentUrl\":\"https:\/\/ict.com.tr\/wp-content\/uploads\/2020\/11\/surdurulebilirlik-background-1-2.jpg\",\"width\":1920,\"height\":500},{\"@type\":\"BreadcrumbList\",\"@id\":\"https:\/\/ict.com.tr\/tr\/cozumler\/kurumsal\/#breadcrumb\",\"itemListElement\":[{\"@type\":\"ListItem\",\"position\":1,\"name\":\"Home\",\"item\":\"https:\/\/ict.com.tr\/tr\/\"},{\"@type\":\"ListItem\",\"position\":2,\"name\":\"\u00c7\u00f6z\u00fcmler\",\"item\":\"https:\/\/ict.com.tr\/tr\/cozumler\/\"},{\"@type\":\"ListItem\",\"position\":3,\"name\":\"Kurumsal\"}]},{\"@type\":\"WebSite\",\"@id\":\"https:\/\/ict.com.tr\/#website\",\"url\":\"https:\/\/ict.com.tr\/\",\"name\":\"ICT Telekom\u00fcnikasyon\",\"description\":\"\",\"potentialAction\":[{\"@type\":\"SearchAction\",\"target\":{\"@type\":\"EntryPoint\",\"urlTemplate\":\"https:\/\/ict.com.tr\/?s={search_term_string}\"},\"query-input\":{\"@type\":\"PropertyValueSpecification\",\"valueRequired\":true,\"valueName\":\"search_term_string\"}}],\"inLanguage\":\"tr\"}]}<\/script>\n<!-- \/ Yoast SEO plugin. -->","yoast_head_json":{"title":"ICT Telekom\u00fcnikasyon - Kurumsal","description":"ICT Telekom\u00fcnikasyon olarak d\u00fcnyan\u0131n her noktas\u0131ndaki farkl\u0131 d\u00fczlemdeki de\u011ferli kurumsal m\u00fc\u015fterilerimize uydu \u00e7\u00f6z\u00fcmleri sunuyoruz.","robots":{"index":"index","follow":"follow","max-snippet":"max-snippet:-1","max-image-preview":"max-image-preview:large","max-video-preview":"max-video-preview:-1"},"canonical":"https:\/\/ict.com.tr\/tr\/cozumler\/kurumsal\/","og_locale":"tr_TR","og_type":"article","og_title":"ICT Telekom\u00fcnikasyon - Kurumsal","og_description":"ICT Telekom\u00fcnikasyon olarak d\u00fcnyan\u0131n her noktas\u0131ndaki farkl\u0131 d\u00fczlemdeki de\u011ferli kurumsal m\u00fc\u015fterilerimize uydu \u00e7\u00f6z\u00fcmleri sunuyoruz.","og_url":"https:\/\/ict.com.tr\/tr\/cozumler\/kurumsal\/","og_site_name":"ICT Telekom\u00fcnikasyon","article_modified_time":"2025-12-16T07:30:04+00:00","og_image":[{"width":1920,"height":500,"url":"https:\/\/ict.com.tr\/wp-content\/uploads\/2020\/11\/surdurulebilirlik-background-1-2.jpg","type":"image\/jpeg"}],"twitter_card":"summary_large_image","twitter_misc":{"Tahmini okuma s\u00fcresi":"2 dakika"},"schema":{"@context":"https:\/\/schema.org","@graph":[{"@type":"WebPage","@id":"https:\/\/ict.com.tr\/tr\/cozumler\/kurumsal\/","url":"https:\/\/ict.com.tr\/tr\/cozumler\/kurumsal\/","name":"ICT Telekom\u00fcnikasyon - Kurumsal","isPartOf":{"@id":"https:\/\/ict.com.tr\/#website"},"primaryImageOfPage":{"@id":"https:\/\/ict.com.tr\/tr\/cozumler\/kurumsal\/#primaryimage"},"image":{"@id":"https:\/\/ict.com.tr\/tr\/cozumler\/kurumsal\/#primaryimage"},"thumbnailUrl":"https:\/\/ict.com.tr\/wp-content\/uploads\/2020\/11\/surdurulebilirlik-background-1-2.jpg","datePublished":"2020-10-08T12:02:32+00:00","dateModified":"2025-12-16T07:30:04+00:00","description":"ICT Telekom\u00fcnikasyon olarak d\u00fcnyan\u0131n her noktas\u0131ndaki farkl\u0131 d\u00fczlemdeki de\u011ferli kurumsal m\u00fc\u015fterilerimize uydu \u00e7\u00f6z\u00fcmleri sunuyoruz.","breadcrumb":{"@id":"https:\/\/ict.com.tr\/tr\/cozumler\/kurumsal\/#breadcrumb"},"inLanguage":"tr","potentialAction":[{"@type":"ReadAction","target":["https:\/\/ict.com.tr\/tr\/cozumler\/kurumsal\/"]}]},{"@type":"ImageObject","inLanguage":"tr","@id":"https:\/\/ict.com.tr\/tr\/cozumler\/kurumsal\/#primaryimage","url":"https:\/\/ict.com.tr\/wp-content\/uploads\/2020\/11\/surdurulebilirlik-background-1-2.jpg","contentUrl":"https:\/\/ict.com.tr\/wp-content\/uploads\/2020\/11\/surdurulebilirlik-background-1-2.jpg","width":1920,"height":500},{"@type":"BreadcrumbList","@id":"https:\/\/ict.com.tr\/tr\/cozumler\/kurumsal\/#breadcrumb","itemListElement":[{"@type":"ListItem","position":1,"name":"Home","item":"https:\/\/ict.com.tr\/tr\/"},{"@type":"ListItem","position":2,"name":"\u00c7\u00f6z\u00fcmler","item":"https:\/\/ict.com.tr\/tr\/cozumler\/"},{"@type":"ListItem","position":3,"name":"Kurumsal"}]},{"@type":"WebSite","@id":"https:\/\/ict.com.tr\/#website","url":"https:\/\/ict.com.tr\/","name":"ICT Telekom\u00fcnikasyon","description":"","potentialAction":[{"@type":"SearchAction","target":{"@type":"EntryPoint","urlTemplate":"https:\/\/ict.com.tr\/?s={search_term_string}"},"query-input":{"@type":"PropertyValueSpecification","valueRequired":true,"valueName":"search_term_string"}}],"inLanguage":"tr"}]}},"_links":{"self":[{"href":"https:\/\/ict.com.tr\/tr\/wp-json\/wp\/v2\/pages\/510","targetHints":{"allow":["GET"]}}],"collection":[{"href":"https:\/\/ict.com.tr\/tr\/wp-json\/wp\/v2\/pages"}],"about":[{"href":"https:\/\/ict.com.tr\/tr\/wp-json\/wp\/v2\/types\/page"}],"author":[{"embeddable":true,"href":"https:\/\/ict.com.tr\/tr\/wp-json\/wp\/v2\/users\/1"}],"replies":[{"embeddable":true,"href":"https:\/\/ict.com.tr\/tr\/wp-json\/wp\/v2\/comments?post=510"}],"version-history":[{"count":12,"href":"https:\/\/ict.com.tr\/tr\/wp-json\/wp\/v2\/pages\/510\/revisions"}],"predecessor-version":[{"id":4348,"href":"https:\/\/ict.com.tr\/tr\/wp-json\/wp\/v2\/pages\/510\/revisions\/4348"}],"up":[{"embeddable":true,"href":"https:\/\/ict.com.tr\/tr\/wp-json\/wp\/v2\/pages\/118"}],"wp:featuredmedia":[{"embeddable":true,"href":"https:\/\/ict.com.tr\/tr\/wp-json\/wp\/v2\/media\/2671"}],"wp:attachment":[{"href":"https:\/\/ict.com.tr\/tr\/wp-json\/wp\/v2\/media?parent=510"}],"curies":[{"name":"wp","href":"https:\/\/api.w.org\/{rel}","templated":true}]}}