{"id":4035,"date":"2022-03-29T11:45:42","date_gmt":"2022-03-29T11:45:42","guid":{"rendered":"https:\/\/profenICT.com\/become-a-partner-form\/"},"modified":"2025-10-13T13:23:43","modified_gmt":"2025-10-13T13:23:43","slug":"is-ortagimiz-olun-form","status":"publish","type":"page","link":"https:\/\/ict.com.tr\/tr\/is-ortagimiz-olun-form\/","title":{"rendered":"\u0130\u015f Orta\u011f\u0131m\u0131z Olun Form"},"content":{"rendered":"<div class=\"wpb-content-wrapper\"><p>[vc_row el_class=&#8221;container-fluid become-a-partner-form&#8221;][vc_column width=&#8221;1\/3&#8243;][vc_column_text css=&#8221;&#8221;]<\/p>\n<h2><b>Kay\u0131t<\/b><b> Formu<\/b><\/h2>\n<p>ICT Telekom\u00fcnikasyon \u0130\u015f Orta\u011f\u0131 Ekosistemi\u2019ne g\u00f6sterdi\u011finiz ilgi i\u00e7in te\u015fekk\u00fcr ederiz.<\/p>\n<p>L\u00fctfen bize kendiniz, \u015firketiniz ve ICT Telekom\u00fcnikasyon&#8217;daki ilgi alanlar\u0131n\u0131z hakk\u0131nda bilgi verin.[\/vc_column_text][\/vc_column][vc_column width=&#8221;2\/3&#8243;]\n<div class=\"wpcf7 no-js\" id=\"wpcf7-f3946-o1\" lang=\"en-US\" dir=\"ltr\" data-wpcf7-id=\"3946\">\n<div class=\"screen-reader-response\"><p role=\"status\" aria-live=\"polite\" aria-atomic=\"true\"><\/p> <ul><\/ul><\/div>\n<form action=\"\/tr\/wp-json\/wp\/v2\/pages\/4035#wpcf7-f3946-o1\" method=\"post\" class=\"wpcf7-form init cf7mls-no-scroll cf7mls-no-moving-animation\" aria-label=\"Contact form\" novalidate=\"novalidate\" data-status=\"init\">\n<fieldset class=\"hidden-fields-container\"><input type=\"hidden\" name=\"_wpcf7\" value=\"3946\" \/><input type=\"hidden\" name=\"_wpcf7_version\" value=\"6.1.5\" \/><input type=\"hidden\" name=\"_wpcf7_locale\" value=\"en_US\" \/><input type=\"hidden\" name=\"_wpcf7_unit_tag\" value=\"wpcf7-f3946-o1\" \/><input type=\"hidden\" name=\"_wpcf7_container_post\" value=\"0\" \/><input type=\"hidden\" name=\"_wpcf7_posted_data_hash\" value=\"\" \/><input type=\"hidden\" name=\"_wpcf7_recaptcha_response\" value=\"\" \/>\n<\/fieldset>\n<div class=\"fieldset-cf7mls-wrapper\" data-transition-effects=\"\"><fieldset class=\"fieldset-cf7mls cf7mls_current_fs\"><div class=\"profen-contact-form\">\n\t<div class=\"row\">\n\t\t<div class=\"col-md-6 col-12\">\n\t\t\t<p><label> *Ad\u0131n\u0131z<br \/>\n<span class=\"wpcf7-form-control-wrap\" data-name=\"your-name\"><input size=\"40\" maxlength=\"400\" class=\"wpcf7-form-control wpcf7-text wpcf7-validates-as-required\" aria-required=\"true\" aria-invalid=\"false\" placeholder=\"Ad\u0131n\u0131z\u0131 giriniz\" value=\"\" type=\"text\" name=\"your-name\" \/><\/span><\/label>\n\t\t\t<\/p>\n\t\t<\/div>\n\t\t<div class=\"col-md-6 col-12\">\n\t\t\t<p><label> *Soyad\u0131n\u0131z<br \/>\n<span class=\"wpcf7-form-control-wrap\" data-name=\"your-surname\"><input size=\"40\" maxlength=\"400\" class=\"wpcf7-form-control wpcf7-text wpcf7-validates-as-required\" aria-required=\"true\" aria-invalid=\"false\" placeholder=\"Soyad\u0131n\u0131z\u0131 giriniz\" value=\"\" type=\"text\" name=\"your-surname\" \/><\/span> <\/label>\n\t\t\t<\/p>\n\t\t<\/div>\n\t\t<div class=\"col-md-6 col-12\">\n\t\t\t<p><label> *Firma Ad\u0131<br \/>\n<span class=\"wpcf7-form-control-wrap\" data-name=\"your-firmaadi\"><input size=\"40\" maxlength=\"400\" class=\"wpcf7-form-control wpcf7-text wpcf7-validates-as-required\" aria-required=\"true\" aria-invalid=\"false\" placeholder=\"Firma ad\u0131n\u0131z\u0131 giriniz\" value=\"\" type=\"text\" name=\"your-firmaadi\" \/><\/span><\/label>\n\t\t\t<\/p>\n\t\t<\/div>\n\t\t<div class=\"col-md-6 col-12\">\n\t\t\t<p><label> *G\u00f6rev Tan\u0131m\u0131<br \/>\n<span class=\"wpcf7-form-control-wrap\" data-name=\"your-gorev-adi\"><input size=\"40\" maxlength=\"400\" class=\"wpcf7-form-control wpcf7-text wpcf7-validates-as-required\" aria-required=\"true\" aria-invalid=\"false\" placeholder=\"G\u00f6rev tan\u0131m\u0131n\u0131z\u0131 giriniz\" value=\"\" type=\"text\" name=\"your-gorev-adi\" \/><\/span> <\/label>\n\t\t\t<\/p>\n\t\t<\/div>\n\t<\/div>\n\t<div class=\"row\">\n\t\t<div class=\"col-md-6 col-12\">\n\t\t\t<p><label> *Departman<br \/>\n<span class=\"wpcf7-form-control-wrap\" data-name=\"departman\"><select class=\"wpcf7-form-control wpcf7-select wpcf7-validates-as-required\" aria-required=\"true\" aria-invalid=\"false\" name=\"departman\"><option value=\"\">Departman  se\u00e7iniz<\/option><option value=\"\u00dcst D\u00fczey Y\u00f6netici\">\u00dcst D\u00fczey Y\u00f6netici<\/option><option value=\"Sat\u0131\u015f\">Sat\u0131\u015f<\/option><option value=\"Teknik\">Teknik<\/option><option value=\"Di\u011fer\">Di\u011fer<\/option><\/select><\/span><\/label>\n\t\t\t<\/p>\n\t\t<\/div>\n\t\t<div class=\"col-md-6 col-12\">\n\t\t\t<p><label> *\u00dclke<br \/>\n<span class=\"wpcf7-form-control-wrap\" data-name=\"your-ulke\"><input size=\"40\" class=\"wpcf7-form-control wpcf7-countrytext wpcf7-validates-as-required wpcf7-text wpcf7-validates-as-countrytext\" aria-required=\"true\" aria-invalid=\"false\" placeholder=\"\u00dclke giriniz\" value=\"\" type=\"text\" name=\"your-ulke\" \/><\/span> <\/label>\n\t\t\t<\/p>\n\t\t<\/div>\n\t\t<div class=\"col-md-6 col-12\">\n\t\t\t<p><label> *E-mail<br \/>\n<span class=\"wpcf7-form-control-wrap\" data-name=\"your-email\"><input size=\"40\" maxlength=\"400\" class=\"wpcf7-form-control wpcf7-email wpcf7-validates-as-required wpcf7-text wpcf7-validates-as-email\" aria-required=\"true\" aria-invalid=\"false\" placeholder=\"Email adresinizi giriniz\" value=\"\" type=\"email\" name=\"your-email\" \/><\/span><\/label>\n\t\t\t<\/p>\n\t\t<\/div>\n\t\t<div class=\"col-md-6 col-12\">\n\t\t\t<p><label> *Telefon Numaras\u0131<br \/>\n<span class=\"wpcf7-form-control-wrap\" data-name=\"phone\"><input size=\"40\" class=\"wpcf7-form-control wpcf7-phonetext wpcf7-validates-as-required wpcf7-text wpcf7-validates-as-phonetext\" data-numberonly=\"true\" aria-required=\"true\" aria-invalid=\"false\" placeholder=\"Telefon numaras\u0131 giriniz\" value=\"\" type=\"text\" name=\"phone\" \/><input type=\"hidden\" name=\"phone-country-code\" class=\"wpcf7-phonetext-country-code\" \/><\/span> <\/label>\n\t\t\t<\/p>\n\t\t<\/div>\n\t<\/div>\n<\/div>\n<div class=\"cf7mls-btns\"><button type=\"button\" class=\"cf7mls_next cf7mls_btn action-button\" name=\"cf7mls_next\" id=\"cf7mls-next-btn-cf7mls_step-1\">\u0130leri<img decoding=\"async\" src=\"https:\/\/ict.com.tr\/wp-content\/plugins\/contact-form-7-multi-step-pro\/\/assets\/frontend\/img\/loader.svg\" alt=\"\" data-lazy-src=\"https:\/\/ict.com.tr\/wp-content\/plugins\/contact-form-7-multi-step-pro\/\/assets\/frontend\/img\/loader.svg\" \/><\/button><\/div><p><\/p><\/fieldset><fieldset class=\"fieldset-cf7mls\">\n<\/p>\n<h2>Firma Bilgileri\n<\/h2>\n<div class=\"row\">\n\t<div class=\"col-md-6 col-12\">\n\t\t<p><label> *Ticari Firma Ad\u0131<br \/>\n<span class=\"wpcf7-form-control-wrap\" data-name=\"your-ticari\"><input size=\"40\" maxlength=\"400\" class=\"wpcf7-form-control wpcf7-text wpcf7-validates-as-required\" aria-required=\"true\" aria-invalid=\"false\" placeholder=\"Ticari firma ad\u0131n\u0131z\u0131 giriniz\" value=\"\" type=\"text\" name=\"your-ticari\" \/><\/span><\/label>\n\t\t<\/p>\n\t<\/div>\n\t<div class=\"col-md-6 col-12\">\n\t\t<p><label> *Firma Websitesi<br \/>\n<span class=\"wpcf7-form-control-wrap\" data-name=\"your-url\"><input size=\"40\" maxlength=\"400\" class=\"wpcf7-form-control wpcf7-url wpcf7-validates-as-required wpcf7-text wpcf7-validates-as-url\" aria-required=\"true\" aria-invalid=\"false\" placeholder=\"Firma websitesini giriniz\" value=\"\" type=\"url\" name=\"your-url\" \/><\/span> <\/label>\n\t\t<\/p>\n\t<\/div>\n\t<div class=\"col-md-12 col-12\">\n\t\t<p><label> *Firman\u0131z hakk\u0131nda k\u0131saca bilgi veriniz<br \/>\n<span class=\"wpcf7-form-control-wrap\" data-name=\"firmabilgi\"><textarea cols=\"40\" rows=\"10\" maxlength=\"500\" class=\"wpcf7-form-control wpcf7-textarea wpcf7-validates-as-required\" id=\"textarea-count\" aria-required=\"true\" aria-invalid=\"false\" placeholder=\"Firman\u0131z hakk\u0131nda k\u0131saca bilgi veriniz\" name=\"firmabilgi\"><\/textarea><\/span><br \/>\n<\/label>\n\t\t<\/p>\n\t\t<p class=\"p-500karakter\">*En fazla 500 karakter girebilirsiniz. <span id=\"textarea-count-span\"><\/span>\n\t\t<\/p>\n\t<\/div>\n\t<div class=\"col-md-6 col-12\">\n\t\t<p><label> *Faaliyet Y\u0131l\u0131n\u0131z<br \/>\n<span class=\"wpcf7-form-control-wrap\" data-name=\"faaliyet-yili\"><select class=\"wpcf7-form-control wpcf7-select wpcf7-validates-as-required\" aria-required=\"true\" aria-invalid=\"false\" name=\"faaliyet-yili\"><option value=\"\">Faaliyet y\u0131l\u0131n\u0131z\u0131 se\u00e7iniz<\/option><option value=\"1 y\u0131ldan az\">1 y\u0131ldan az<\/option><option value=\"1-3 y\u0131l\">1-3 y\u0131l<\/option><option value=\"3-5 y\u0131l\">3-5 y\u0131l<\/option><option value=\"5-10 y\u0131l\">5-10 y\u0131l<\/option><option value=\"10 y\u0131ldan fazla\">10 y\u0131ldan fazla<\/option><\/select><\/span><\/label>\n\t\t<\/p>\n\t<\/div>\n\t<div class=\"col-md-6 col-12\">\n\t\t<p><label> *\u00c7al\u0131\u015fan Say\u0131n\u0131z<br \/>\n<span class=\"wpcf7-form-control-wrap\" data-name=\"calisansayisi\"><input size=\"40\" maxlength=\"400\" class=\"wpcf7-form-control wpcf7-text wpcf7-validates-as-required\" aria-required=\"true\" aria-invalid=\"false\" placeholder=\"\u00c7al\u0131\u015fan say\u0131n\u0131z\" value=\"\" type=\"text\" name=\"calisansayisi\" \/><\/span> <\/label>\n\t\t<\/p>\n\t<\/div>\n<\/div>\n<h2>Firma Profili\n<\/h2>\n<div class=\"row\">\n\t<div class=\"col-md-12 col-12 become-label\">\n\t\t<p><label> <\/label>\n\t\t<\/p>\n\t\t<p class=\"label\">*Hedef M\u00fc\u015fterileriniz\n\t\t<\/p>\n\t\t<p><span class=\"wpcf7-form-control-wrap\" data-name=\"Thedef-musteri\"><span class=\"wpcf7-form-control wpcf7-checkbox wpcf7-validates-as-required\"><span class=\"wpcf7-list-item first\"><label><input type=\"checkbox\" name=\"Thedef-musteri[]\" value=\"Devlet \/ Kamu\" \/><span class=\"wpcf7-list-item-label\">Devlet \/ Kamu<\/span><\/label><\/span><span class=\"wpcf7-list-item\"><label><input type=\"checkbox\" name=\"Thedef-musteri[]\" value=\"Savunma Sanayi\" \/><span class=\"wpcf7-list-item-label\">Savunma Sanayi<\/span><\/label><\/span><span class=\"wpcf7-list-item\"><label><input type=\"checkbox\" name=\"Thedef-musteri[]\" value=\"Broadcast\" \/><span class=\"wpcf7-list-item-label\">Broadcast<\/span><\/label><\/span><span class=\"wpcf7-list-item\"><label><input type=\"checkbox\" name=\"Thedef-musteri[]\" value=\"Enerji\/Gaz ve Da\u011f\u0131t\u0131m Hizmetleri\" \/><span class=\"wpcf7-list-item-label\">Enerji\/Gaz ve Da\u011f\u0131t\u0131m Hizmetleri<\/span><\/label><\/span><span class=\"wpcf7-list-item\"><label><input type=\"checkbox\" name=\"Thedef-musteri[]\" value=\"B\u00fcy\u00fck \u00d6l\u00e7ekli Firmalar\" \/><span class=\"wpcf7-list-item-label\">B\u00fcy\u00fck \u00d6l\u00e7ekli Firmalar<\/span><\/label><\/span><span class=\"wpcf7-list-item\"><label><input type=\"checkbox\" name=\"Thedef-musteri[]\" value=\"KOB\u0130\" \/><span class=\"wpcf7-list-item-label\">KOB\u0130<\/span><\/label><\/span><span class=\"wpcf7-list-item\"><label><input type=\"checkbox\" name=\"Thedef-musteri[]\" value=\"Telekom\u00fcnikasyon\" \/><span class=\"wpcf7-list-item-label\">Telekom\u00fcnikasyon<\/span><\/label><\/span><span class=\"wpcf7-list-item last\"><label><input type=\"checkbox\" name=\"Thedef-musteri[]\" value=\"Lojistik ve Ula\u015f\u0131m\" \/><span class=\"wpcf7-list-item-label\">Lojistik ve Ula\u015f\u0131m<\/span><\/label><\/span><\/span><\/span>\n\t\t<\/p>\n\t<\/div>\n\t<div class=\"col-md-12 col-12 become-label\">\n\t\t<p><label><\/label>\n\t\t<\/p>\n\t\t<p class=\"label\"> *\u0130lgilendi\u011finiz Profen \u00dcr\u00fcnleri\n\t\t<\/p>\n\t\t<p><span class=\"wpcf7-form-control-wrap\" data-name=\"profenurunleri\"><span class=\"wpcf7-form-control wpcf7-checkbox wpcf7-validates-as-required\"><span class=\"wpcf7-list-item first\"><label><input type=\"checkbox\" name=\"profenurunleri[]\" value=\"Visionic NMS Sistemi\" \/><span class=\"wpcf7-list-item-label\">Visionic NMS Sistemi<\/span><\/label><\/span><span class=\"wpcf7-list-item\"><label><input type=\"checkbox\" name=\"profenurunleri[]\" value=\"Visiomax MRO \u00c7\u00f6z\u00fcm\u00fc\" \/><span class=\"wpcf7-list-item-label\">Visiomax MRO \u00c7\u00f6z\u00fcm\u00fc<\/span><\/label><\/span><span class=\"wpcf7-list-item\"><label><input type=\"checkbox\" name=\"profenurunleri[]\" value=\"Anten \u00c7\u00f6z\u00fcmleri\" \/><span class=\"wpcf7-list-item-label\">Anten \u00c7\u00f6z\u00fcmleri<\/span><\/label><\/span><span class=\"wpcf7-list-item\"><label><input type=\"checkbox\" name=\"profenurunleri[]\" value=\"Nspector Spektrum Analiz\u00f6r\" \/><span class=\"wpcf7-list-item-label\">Nspector Spektrum Analiz\u00f6r<\/span><\/label><\/span><span class=\"wpcf7-list-item\"><label><input type=\"checkbox\" name=\"profenurunleri[]\" value=\"Ozan May\u0131n Taray\u0131c\u0131s\u0131\" \/><span class=\"wpcf7-list-item-label\">Ozan May\u0131n Taray\u0131c\u0131s\u0131<\/span><\/label><\/span><span class=\"wpcf7-list-item\"><label><input type=\"checkbox\" name=\"profenurunleri[]\" value=\"Teleport Servisleri\" \/><span class=\"wpcf7-list-item-label\">Teleport Servisleri<\/span><\/label><\/span><span class=\"wpcf7-list-item\"><label><input type=\"checkbox\" name=\"profenurunleri[]\" value=\"IoT \u00c7\u00f6z\u00fcmleri\" \/><span class=\"wpcf7-list-item-label\">IoT \u00c7\u00f6z\u00fcmleri<\/span><\/label><\/span><span class=\"wpcf7-list-item\"><label><input type=\"checkbox\" name=\"profenurunleri[]\" value=\"RF \u00dcr\u00fcnleri\" \/><span class=\"wpcf7-list-item-label\">RF \u00dcr\u00fcnleri<\/span><\/label><\/span><span class=\"wpcf7-list-item last\"><label><input type=\"checkbox\" name=\"profenurunleri[]\" value=\"Profesyonel Hizmetler\" \/><span class=\"wpcf7-list-item-label\">Profesyonel Hizmetler<\/span><\/label><\/span><\/span><\/span>\n\t\t<\/p>\n\t<\/div>\n\t<div class=\"col-md-12 col-12 become-label\">\n\t\t<p><label> *\u00c7al\u0131\u015fmak \u0130stedi\u011finiz \u0130\u015f Orta\u011f\u0131 Modeli<br \/>\n<span class=\"wpcf7-form-control-wrap\" data-name=\"Pismodeli\"><select class=\"wpcf7-form-control wpcf7-select wpcf7-validates-as-required\" aria-required=\"true\" aria-invalid=\"false\" name=\"Pismodeli\"><option value=\"\">\u00c7al\u0131\u015fmak istedi\u011finiz i\u015f orta\u011f\u0131 modeli se\u00e7iniz<\/option><option value=\"Distrib\u00fct\u00f6r\">Distrib\u00fct\u00f6r<\/option><option value=\"Proje Bazl\u0131 \u0130\u015f Orta\u011f\u0131\">Proje Bazl\u0131 \u0130\u015f Orta\u011f\u0131<\/option><\/select><\/span> <\/label>\n\t\t<\/p>\n\t<\/div>\n\t<div class=\"col-md-12 col-12\">\n\t\t<p><label> *Bize nereden ula\u015ft\u0131n\u0131z?<br \/>\n<span class=\"wpcf7-form-control-wrap\" data-name=\"bize-nerden-ulastiniz\"><select class=\"wpcf7-form-control wpcf7-select wpcf7-validates-as-required\" aria-required=\"true\" aria-invalid=\"false\" name=\"bize-nerden-ulastiniz\"><option value=\"\">Bize nereden ula\u015ft\u0131n\u0131z?<\/option><option value=\"Linkedin\">Linkedin<\/option><option value=\"Twitter\">Twitter<\/option><option value=\"Fuar\">Fuar<\/option><option value=\"Profen Websiteleri\">Profen Websiteleri<\/option><option value=\"Webinar\">Webinar<\/option><option value=\"Medya\">Medya<\/option><option value=\"Tavsiye\">Tavsiye<\/option><\/select><\/span> <\/label>\n\t\t<\/p>\n\t<\/div>\n<\/div>\n<div class=\"row\">\n\t<div class=\"col-12  send-btn\">\n\t\t<p><input class=\"wpcf7-form-control wpcf7-submit has-spinner\" type=\"submit\" value=\"G\u00f6nder\" \/>\n\t\t<\/p>\n\t<\/div>\n\t<div class=\"col-12\">\n\t\t<p><span class=\"wpcf7-form-control-wrap\" data-name=\"onay-1\"><span class=\"wpcf7-form-control wpcf7-acceptance\"><span class=\"wpcf7-list-item\"><label><input type=\"checkbox\" name=\"onay-1\" value=\"1\" aria-invalid=\"false\" \/><span class=\"wpcf7-list-item-label\">\u015eirket ad\u0131na anla\u015fmaya yetkili oldu\u011fumu onayl\u0131yorum.<\/span><\/label><\/span><\/span><\/span><br \/>\n<span class=\"wpcf7-form-control-wrap\" data-name=\"onay-2\"><span class=\"wpcf7-form-control wpcf7-acceptance\"><span class=\"wpcf7-list-item\"><label><input type=\"checkbox\" name=\"onay-2\" value=\"1\" aria-invalid=\"false\" \/><span class=\"wpcf7-list-item-label\">Ki\u015fisel bilgilerimin Profen taraf\u0131ndan kullan\u0131laca\u011f\u0131n\u0131 ve ilgimi \u00e7ekebilecek \u00fcr\u00fcn ve hizmetler hakk\u0131nda Profen'den pazarlama ileti\u015fimleri almay\u0131 kabul ediyorum. Bu t\u00fcr e-postalarda sa\u011flanan bir ba\u011flant\u0131y\u0131 kullanarak abonelikten \u00e7\u0131karak veya talebimi marketing@profen.com'a g\u00f6ndererek herhangi bir zamanda pazarlama ileti\u015fimleri alma iznimi geri \u00e7ekebilirim.<\/span><\/label><\/span><\/span><\/span>\n\t\t<\/p>\n\t<\/div>\n<\/div>\n<p><button type=\"button\" class=\"cf7mls_back action-button\" name=\"cf7mls_back\" id=\"cf7mls-back-btn-cf7mls_step-2\">Geri<\/button>\n<\/p><\/fieldset><\/div><div class=\"wpcf7-response-output\" aria-hidden=\"true\"><\/div>\n<\/form>\n<\/div>\n[\/vc_column][\/vc_row]<\/p>\n<\/div>","protected":false},"excerpt":{"rendered":"<p>[vc_row el_class=&#8221;container-fluid become-a-partner-form&#8221;][vc_column width=&#8221;1\/3&#8243;][vc_column_text css=&#8221;&#8221;] Kay\u0131t Formu ICT Telekom\u00fcnikasyon \u0130\u015f Orta\u011f\u0131 Ekosistemi\u2019ne g\u00f6sterdi\u011finiz ilgi i\u00e7in te\u015fekk\u00fcr ederiz. L\u00fctfen bize kendiniz, [&hellip;]<\/p>\n","protected":false},"author":1,"featured_media":0,"parent":0,"menu_order":0,"comment_status":"closed","ping_status":"closed","template":"page-become-partner.php","meta":{"_acf_changed":false,"footnotes":""},"class_list":["post-4035","page","type-page","status-publish","hentry"],"acf":[],"yoast_head":"<!-- This site is optimized with the Yoast SEO plugin v27.2 - https:\/\/yoast.com\/product\/yoast-seo-wordpress\/ -->\n<title>\u0130\u015f Orta\u011f\u0131m\u0131z Olun Form<\/title>\n<meta name=\"description\" content=\"ICT Telekom\u00fcnikasyon \u0130\u015f Orta\u011f\u0131 Ekosistemi\u2019ne g\u00f6sterdi\u011finiz ilgi i\u00e7in te\u015fekk\u00fcr ederiz.\" \/>\n<meta name=\"robots\" content=\"noindex, nofollow\" \/>\n<meta property=\"og:locale\" content=\"tr_TR\" \/>\n<meta property=\"og:type\" content=\"article\" \/>\n<meta property=\"og:title\" content=\"\u0130\u015f Orta\u011f\u0131m\u0131z Olun Form\" \/>\n<meta property=\"og:description\" content=\"ICT Telekom\u00fcnikasyon \u0130\u015f Orta\u011f\u0131 Ekosistemi\u2019ne g\u00f6sterdi\u011finiz ilgi i\u00e7in te\u015fekk\u00fcr ederiz.\" \/>\n<meta property=\"og:url\" content=\"https:\/\/ict.com.tr\/tr\/is-ortagimiz-olun-form\/\" \/>\n<meta property=\"og:site_name\" content=\"ICT Telekom\u00fcnikasyon\" \/>\n<meta property=\"article:modified_time\" content=\"2025-10-13T13:23:43+00:00\" \/>\n<meta property=\"og:image\" content=\"https:\/\/ict.com.tr\/wp-content\/uploads\/2023\/10\/ict-logo-1.png\" \/>\n\t<meta property=\"og:image:width\" content=\"80\" \/>\n\t<meta property=\"og:image:height\" content=\"55\" \/>\n\t<meta property=\"og:image:type\" content=\"image\/png\" \/>\n<meta name=\"twitter:card\" content=\"summary_large_image\" \/>\n<meta name=\"twitter:label1\" content=\"Tahmini okuma s\u00fcresi\" \/>\n\t<meta name=\"twitter:data1\" content=\"1 dakika\" \/>\n<script type=\"application\/ld+json\" class=\"yoast-schema-graph\">{\"@context\":\"https:\/\/schema.org\",\"@graph\":[{\"@type\":\"WebPage\",\"@id\":\"https:\/\/ict.com.tr\/tr\/is-ortagimiz-olun-form\/\",\"url\":\"https:\/\/ict.com.tr\/tr\/is-ortagimiz-olun-form\/\",\"name\":\"\u0130\u015f Orta\u011f\u0131m\u0131z Olun Form\",\"isPartOf\":{\"@id\":\"https:\/\/ict.com.tr\/#website\"},\"datePublished\":\"2022-03-29T11:45:42+00:00\",\"dateModified\":\"2025-10-13T13:23:43+00:00\",\"description\":\"ICT Telekom\u00fcnikasyon \u0130\u015f Orta\u011f\u0131 Ekosistemi\u2019ne g\u00f6sterdi\u011finiz ilgi i\u00e7in te\u015fekk\u00fcr ederiz.\",\"breadcrumb\":{\"@id\":\"https:\/\/ict.com.tr\/tr\/is-ortagimiz-olun-form\/#breadcrumb\"},\"inLanguage\":\"tr\",\"potentialAction\":[{\"@type\":\"ReadAction\",\"target\":[\"https:\/\/ict.com.tr\/tr\/is-ortagimiz-olun-form\/\"]}]},{\"@type\":\"BreadcrumbList\",\"@id\":\"https:\/\/ict.com.tr\/tr\/is-ortagimiz-olun-form\/#breadcrumb\",\"itemListElement\":[{\"@type\":\"ListItem\",\"position\":1,\"name\":\"Home\",\"item\":\"https:\/\/ict.com.tr\/tr\/\"},{\"@type\":\"ListItem\",\"position\":2,\"name\":\"\u0130\u015f Orta\u011f\u0131m\u0131z Olun Form\"}]},{\"@type\":\"WebSite\",\"@id\":\"https:\/\/ict.com.tr\/#website\",\"url\":\"https:\/\/ict.com.tr\/\",\"name\":\"ICT Telekom\u00fcnikasyon\",\"description\":\"\",\"potentialAction\":[{\"@type\":\"SearchAction\",\"target\":{\"@type\":\"EntryPoint\",\"urlTemplate\":\"https:\/\/ict.com.tr\/?s={search_term_string}\"},\"query-input\":{\"@type\":\"PropertyValueSpecification\",\"valueRequired\":true,\"valueName\":\"search_term_string\"}}],\"inLanguage\":\"tr\"}]}<\/script>\n<!-- \/ Yoast SEO plugin. -->","yoast_head_json":{"title":"\u0130\u015f Orta\u011f\u0131m\u0131z Olun Form","description":"ICT Telekom\u00fcnikasyon \u0130\u015f Orta\u011f\u0131 Ekosistemi\u2019ne g\u00f6sterdi\u011finiz ilgi i\u00e7in te\u015fekk\u00fcr ederiz.","robots":{"index":"noindex","follow":"nofollow"},"og_locale":"tr_TR","og_type":"article","og_title":"\u0130\u015f Orta\u011f\u0131m\u0131z Olun Form","og_description":"ICT Telekom\u00fcnikasyon \u0130\u015f Orta\u011f\u0131 Ekosistemi\u2019ne g\u00f6sterdi\u011finiz ilgi i\u00e7in te\u015fekk\u00fcr ederiz.","og_url":"https:\/\/ict.com.tr\/tr\/is-ortagimiz-olun-form\/","og_site_name":"ICT Telekom\u00fcnikasyon","article_modified_time":"2025-10-13T13:23:43+00:00","og_image":[{"width":80,"height":55,"url":"https:\/\/ict.com.tr\/wp-content\/uploads\/2023\/10\/ict-logo-1.png","type":"image\/png"}],"twitter_card":"summary_large_image","twitter_misc":{"Tahmini okuma s\u00fcresi":"1 dakika"},"schema":{"@context":"https:\/\/schema.org","@graph":[{"@type":"WebPage","@id":"https:\/\/ict.com.tr\/tr\/is-ortagimiz-olun-form\/","url":"https:\/\/ict.com.tr\/tr\/is-ortagimiz-olun-form\/","name":"\u0130\u015f Orta\u011f\u0131m\u0131z Olun Form","isPartOf":{"@id":"https:\/\/ict.com.tr\/#website"},"datePublished":"2022-03-29T11:45:42+00:00","dateModified":"2025-10-13T13:23:43+00:00","description":"ICT Telekom\u00fcnikasyon \u0130\u015f Orta\u011f\u0131 Ekosistemi\u2019ne g\u00f6sterdi\u011finiz ilgi i\u00e7in te\u015fekk\u00fcr ederiz.","breadcrumb":{"@id":"https:\/\/ict.com.tr\/tr\/is-ortagimiz-olun-form\/#breadcrumb"},"inLanguage":"tr","potentialAction":[{"@type":"ReadAction","target":["https:\/\/ict.com.tr\/tr\/is-ortagimiz-olun-form\/"]}]},{"@type":"BreadcrumbList","@id":"https:\/\/ict.com.tr\/tr\/is-ortagimiz-olun-form\/#breadcrumb","itemListElement":[{"@type":"ListItem","position":1,"name":"Home","item":"https:\/\/ict.com.tr\/tr\/"},{"@type":"ListItem","position":2,"name":"\u0130\u015f Orta\u011f\u0131m\u0131z Olun Form"}]},{"@type":"WebSite","@id":"https:\/\/ict.com.tr\/#website","url":"https:\/\/ict.com.tr\/","name":"ICT Telekom\u00fcnikasyon","description":"","potentialAction":[{"@type":"SearchAction","target":{"@type":"EntryPoint","urlTemplate":"https:\/\/ict.com.tr\/?s={search_term_string}"},"query-input":{"@type":"PropertyValueSpecification","valueRequired":true,"valueName":"search_term_string"}}],"inLanguage":"tr"}]}},"_links":{"self":[{"href":"https:\/\/ict.com.tr\/tr\/wp-json\/wp\/v2\/pages\/4035","targetHints":{"allow":["GET"]}}],"collection":[{"href":"https:\/\/ict.com.tr\/tr\/wp-json\/wp\/v2\/pages"}],"about":[{"href":"https:\/\/ict.com.tr\/tr\/wp-json\/wp\/v2\/types\/page"}],"author":[{"embeddable":true,"href":"https:\/\/ict.com.tr\/tr\/wp-json\/wp\/v2\/users\/1"}],"replies":[{"embeddable":true,"href":"https:\/\/ict.com.tr\/tr\/wp-json\/wp\/v2\/comments?post=4035"}],"version-history":[{"count":4,"href":"https:\/\/ict.com.tr\/tr\/wp-json\/wp\/v2\/pages\/4035\/revisions"}],"predecessor-version":[{"id":4303,"href":"https:\/\/ict.com.tr\/tr\/wp-json\/wp\/v2\/pages\/4035\/revisions\/4303"}],"wp:attachment":[{"href":"https:\/\/ict.com.tr\/tr\/wp-json\/wp\/v2\/media?parent=4035"}],"curies":[{"name":"wp","href":"https:\/\/api.w.org\/{rel}","templated":true}]}}