{"id":4022,"date":"2022-03-29T11:22:16","date_gmt":"2022-03-29T11:22:16","guid":{"rendered":"https:\/\/profenICT.com\/?page_id=4022"},"modified":"2025-10-13T13:23:04","modified_gmt":"2025-10-13T13:23:04","slug":"is-ortagimiz-olun","status":"publish","type":"page","link":"https:\/\/ict.com.tr\/tr\/is-ortagimiz-olun\/","title":{"rendered":"\u0130\u015f Orta\u011f\u0131m\u0131z Olun"},"content":{"rendered":"<div class=\"wpb-content-wrapper\"><p>[vc_row full_width=&#8221;stretch_row_content_no_spaces&#8221; el_class=&#8221;banner-home-top&#8221;][vc_column]\n        <div class=\"banner-lp-section-one\">\n        <div class=\"container-fluid\">\n            <div class=\"row\">\n                <div class=\"col-lg-6 solbanner\">\n                  <div class=\"banner-title\">ICT Telekom\u00fcnikasyon \u0130\u015f Orta\u011f\u0131 Olman\u0131n Tam Zaman\u0131 <\/div>\n                  <div class=\"banner-sub-title\">ICT Telekom\u00fcnikasyon \u0130\u015f Orta\u011f\u0131 olarak, sadece Sat\u0131\u015f, Teknik ve Pazarlama deste\u011fini i\u00e7eren Faydal\u0131 \u0130\u015f Orta\u011f\u0131 Program\u0131na kat\u0131lm\u0131\u015f olmayacak, ayn\u0131 zamanda eri\u015fiminizi ve gelirinizi art\u0131rmak i\u00e7in D\u00fcnya \u00e7ap\u0131ndaki di\u011fer \u0130\u015f Ortaklar\u0131 ile i\u015fbirli\u011fi yapma f\u0131rsat\u0131na da eri\u015feceksiniz. <\/div>\n                  <div class=\"banner-button\"><a href=\"\/tr\/is-ortagimiz-olun-form\/\"> Hemen \u015eimdi Kat\u0131l! <\/a> <\/div>\n                <\/div>\n                <div class=\"col-lg-6 sagbanner\">\n                  <img decoding=\"async\" src=\"https:\/\/ict.com.tr\/wp-content\/uploads\/2022\/03\/Photo-2.png\">\n                <\/div>\n            <\/div>\n          <\/div>\n        <\/div>\n\n\n\n\t\t[\/vc_column][\/vc_row][vc_row el_class=&#8221;container-fluid section-title&#8221; css=&#8221;.vc_custom_1648570550261{margin-bottom: 50px !important;}&#8221;][vc_column width=&#8221;2\/3&#8243;][vc_column_text css=&#8221;&#8221;]<\/p>\n<p class=\"model-1\">ICT Telekom\u00fcnikasyon \u0130\u015f Ortakl\u0131\u011f\u0131 F\u0131rsatlar\u0131ndan Yararlanmaya Hemen Ba\u015flay\u0131n<\/p>\n<p class=\"partner\">ICT Telekom\u00fcnikasyon \u0130\u015f Orta\u011f\u0131 olarak i\u015finize uygun \u0130\u015f Orta\u011f\u0131 Modeli\u2019ni se\u00e7erek bir\u00e7ok avantajdan yararlanacaks\u0131n\u0131z. Avantajlar kapsam\u0131nda ticari i\u015fbirlikleri, sponsorluklar, mali te\u015fvikler, sat\u0131\u015f ve pazarlama kaynaklar\u0131, teknik destek ve \u00e7ok daha fazlas\u0131na eri\u015fim sa\u011flayacaks\u0131n\u0131z.<\/p>\n<p>[\/vc_column_text][\/vc_column][vc_column width=&#8221;1\/3&#8243; offset=&#8221;vc_hidden-sm vc_hidden-xs&#8221;][vc_column_text]<\/p>\n<p><a class=\"ic-join-now_button\" href=\"\/tr\/is-ortagimiz-olun-form\/\">Hemen \u015eimdi Kat\u0131l!<\/a><\/p>\n<p>[\/vc_column_text][\/vc_column][\/vc_row][vc_row el_class=&#8221;container-fluid partnership-section&#8221;][vc_column width=&#8221;1\/2&#8243;]\n\n          <div class=\"partnership-section-three-kirmizi\">\n          <div class=\"row\">\n                  <div class=\"col-lg-4 col-md-6 partner-kirmizi\">\n                  <img decoding=\"async\" src=\"https:\/\/ict.com.tr\/wp-content\/uploads\/2022\/03\/business.svg\">\n                  <p class=\"title-partner\"> Ticari<\/p>\n                  <\/div>\n                  <div class=\"col-lg-8 col-md-6 partner-sag-section\">\n                   <p class=\"partner_paragraf\"> ICT Telekom\u00fcnikasyon \u0130\u015f Orta\u011f\u0131 Ekosistemi ile daha fazla m\u00fc\u015fteriye ula\u015farak i\u015finizi b\u00fcy\u00fct\u00fcn. <\/p>\n                    <p><img decoding=\"async\" src=\"https:\/\/ict.com.tr\/wp-content\/uploads\/2022\/03\/business-support.svg\">Ticari \u0130\u015f Birliktelikleri <\/p>\n                    <p><img decoding=\"async\" src=\"https:\/\/ict.com.tr\/wp-content\/uploads\/2022\/03\/Partner-Collaborations.svg\">Sponsor Destekleri <\/p>\n                    <p><img decoding=\"async\" src=\"https:\/\/ict.com.tr\/wp-content\/uploads\/2022\/03\/Sponsorship-Support.svg\">\u0130\u015f Ortaklar\u0131 A\u011f\u0131na Eri\u015fim <\/p>\n                  <\/div>\n            <\/div>\n          <\/div>\n      \t\t[\/vc_column][vc_column width=&#8221;1\/2&#8243;]\n\n          <div class=\"partnershipdark-section-three-dark\">\n          <div class=\"row\">\n                  <div class=\"col-lg-4 col-md-6 partner-dark\">\n                  <img decoding=\"async\" src=\"https:\/\/ict.com.tr\/wp-content\/uploads\/2022\/03\/technical.svg\">\n                  <p class=\"title-partner\"> Teknik<\/p>\n                  <\/div>\n                  <div class=\"col-lg-8 col-md-6 partner-sag-section\">\n                   <p class=\"partner_paragraf\">T\u00fcm y\u0131l boyunca ICT Telekom\u00fcnikasyon Donan\u0131m ve Yaz\u0131l\u0131m \u00e7\u00f6z\u00fcmleri i\u00e7in t\u00fcm e\u011fitimlere ve bilgiler \u00f6nce eri\u015fin. <\/p>\n                    <p> <img decoding=\"async\" src=\"https:\/\/ict.com.tr\/wp-content\/uploads\/2022\/03\/Technical-training-courses.svg\">Teknik E\u011fitimler <\/p>\n                    <p> <img decoding=\"async\" src=\"https:\/\/ict.com.tr\/wp-content\/uploads\/2022\/03\/Product-roadmaps.svg\">Yeni \u00dcr\u00fcn \u00d6nbildirimleri <\/p>\n                    <p> <img decoding=\"async\" src=\"https:\/\/ict.com.tr\/wp-content\/uploads\/2022\/03\/Product-webinars.svg\">Online Webinarlara Eri\u015fim <\/p>\n                  <\/div>\n            <\/div>\n          <\/div>\n      \t\t[\/vc_column][\/vc_row][vc_row el_class=&#8221;container-fluid partner-home-2 partnership-section&#8221;][vc_column width=&#8221;1\/2&#8243;]\n\n          <div class=\"partnershipdark-section-three-dark\">\n          <div class=\"row\">\n                  <div class=\"col-lg-4 col-md-6 partner-dark\">\n                  <img decoding=\"async\" src=\"https:\/\/ict.com.tr\/wp-content\/uploads\/2022\/03\/marketing.svg\">\n                  <p class=\"title-partner\"> Pazarlama<\/p>\n                  <\/div>\n                  <div class=\"col-lg-8 col-md-6 partner-sag-section\">\n                   <p class=\"partner_paragraf\">M\u00fc\u015fteri portf\u00f6y\u00fcn\u00fcz\u00fc geli\u015ftirmek i\u00e7in, ICT Telekom\u00fcnikasyon'un \u00e7ok \u00e7e\u015fitli pazarlama kaynaklar\u0131yla fark\u0131ndal\u0131\u011f\u0131n\u0131z\u0131 art\u0131r\u0131n. <\/p>\n                    <p> <img decoding=\"async\" src=\"https:\/\/ict.com.tr\/wp-content\/uploads\/2022\/03\/Marketing-campaigns.svg\">Pazarlama Kampanyalar\u0131 <\/p>\n                    <p> <img decoding=\"async\" src=\"https:\/\/ict.com.tr\/wp-content\/uploads\/2022\/03\/Co-branding.svg\">Ortak Marka \u00c7al\u0131\u015fmalar\u0131 <\/p>\n                    <p> <img decoding=\"async\" src=\"https:\/\/ict.com.tr\/wp-content\/uploads\/2022\/03\/Marketing-Funds.svg\">Pazarlama Deste\u011fi <\/p>\n                  <\/div>\n            <\/div>\n          <\/div>\n      \t\t[\/vc_column][vc_column width=&#8221;1\/2&#8243;]\n\n          <div class=\"partnership-section-three-kirmizi\">\n          <div class=\"row\">\n                  <div class=\"col-lg-4 col-md-6 partner-kirmizi\">\n                  <img decoding=\"async\" src=\"https:\/\/ict.com.tr\/wp-content\/uploads\/2022\/03\/sales.svg\">\n                  <p class=\"title-partner\"> Sat\u0131\u015f<\/p>\n                  <\/div>\n                  <div class=\"col-lg-8 col-md-6 partner-sag-section\">\n                   <p class=\"partner_paragraf\"> Sat\u0131\u015f bazl\u0131 avantajlar\u0131m\u0131z ile gelirinizi art\u0131r\u0131n ve i\u015finizi b\u00fcy\u00fct\u00fcn. <\/p>\n                    <p><img decoding=\"async\" src=\"https:\/\/ict.com.tr\/wp-content\/uploads\/2022\/03\/Partner-discounts.svg\">\u00d6zel \u0130ndirimler <\/p>\n                    <p><img decoding=\"async\" src=\"https:\/\/ict.com.tr\/wp-content\/uploads\/2022\/03\/Performance-incentives.svg\">Sat\u0131\u015f Promosyonlar\u0131 <\/p>\n                    <p><img decoding=\"async\" src=\"https:\/\/ict.com.tr\/wp-content\/uploads\/2022\/03\/Performance-incentives.svg\">Performansa Dayal\u0131 \u00d6d\u00fcller <\/p>\n                  <\/div>\n            <\/div>\n          <\/div>\n      \t\t[\/vc_column][\/vc_row][vc_row el_class=&#8221;partner-button-mobil&#8221;][vc_column offset=&#8221;vc_hidden-lg vc_hidden-md&#8221;][vc_column_text]<a class=\"ic-join-now_button\" href=\"\/tr\/is-ortagimiz-olun\/\">Hemen \u015eimdi Kat\u0131l<\/a>[\/vc_column_text][\/vc_column][\/vc_row][vc_row][vc_column][vc_empty_space height=&#8221;100px&#8221;][\/vc_column][\/vc_row][vc_row el_class=&#8221;container-fluid section-title&#8221; css=&#8221;.vc_custom_1648570556362{margin-bottom: 50px !important;}&#8221;][vc_column width=&#8221;2\/3&#8243;][vc_column_text css=&#8221;&#8221;]<\/p>\n<p class=\"model-1\">\u0130\u015f Ortakl\u0131\u011f\u0131 Modelinizi Se\u00e7in<\/p>\n<p class=\"partner\">ICT Telekom\u00fcnikasyon \u0130\u015f Orta\u011f\u0131, gereksinimlere ve i\u015fine g\u00f6re herhangi bir \u0130\u015f Ortakl\u0131\u011f\u0131 Modelini se\u00e7ebilir ve istedikleri zaman bir di\u011ferine ge\u00e7ebilirsiniz.<\/p>\n<p>[\/vc_column_text][\/vc_column][vc_column width=&#8221;1\/3&#8243; offset=&#8221;vc_hidden-sm vc_hidden-xs&#8221;][vc_column_text]<a class=\"ic-join-now_button\" href=\"\/tr\/is-ortagimiz-olun-form\/\">Hemen \u015eimdi Kat\u0131l!<\/a>[\/vc_column_text][\/vc_column][\/vc_row][vc_row el_class=&#8221;container-fluid model&#8221;][vc_column]\n\n          <div class=\"model-section-three-kirmizi\">\n          <div class=\"row\">\n                <img decoding=\"async\" src=\"https:\/\/ict.com.tr\/wp-content\/uploads\/2022\/03\/Photo-2.png\" class=\"model-section-img\">\n                  <div class=\"model-center\">\n                    <div class=\"\">\n                          <div class=\"col-lg-6 model-section\">\n                            <div class=\"model-genel\">\n                              <img decoding=\"async\" src=\"\/wp-content\/uploads\/2022\/03\/Distributor.svg\" class=\"model-img\">\n                              <p class=\"model_title\">Distrib\u00fct\u00f6r <\/p>\n                              <p class=\"model_sub_title\">Portf\u00f6y\u00fcne Profen \u00dcr\u00fcnlerini ekleyen ve \u2018M\u00fc\u015fterilerine ve\/veya Bayilerine Sat\u0131\u015f Yapan\u2019 Firmalar. <\/p>\n                            <\/div>\n                          <\/div>\n                          <div class=\"col-lg-6 model-section\">\n                            <div class=\"model-genel\">\n                              <img decoding=\"async\" src=\"\/wp-content\/uploads\/2022\/03\/project-partner.svg\" class=\"model-img\">\n                              <p class=\"model_title\">Proje Bazl\u0131 \u0130\u015f Orta\u011f\u0131 <\/p>\n                              <p class=\"model_sub_title\">ICT Telekom\u00fcnikasyon \u00dcr\u00fcnleri ile \u2018Dan\u0131\u015fmanl\u0131k Hizmeti\u2019 veren ve \u2018M\u00fc\u015fteri Projelerini Y\u00f6neten\u2019 Firmalar. <\/p>\n                              <\/div>\n                          <\/div>\n                      <\/div>\n                  <\/div>\n            <\/div>\n          <\/div>\n      \t\t[\/vc_column][\/vc_row][vc_row el_class=&#8221;partner-button-mobil&#8221;][vc_column offset=&#8221;vc_hidden-lg vc_hidden-md&#8221;][vc_column_text]<a class=\"ic-join-now_button\" href=\"\/tr\/is-ortagimiz-olun\/\">Hemen \u015eimdi Kat\u0131l<\/a>[\/vc_column_text][\/vc_column][\/vc_row][vc_row][vc_column]\n\n        <div class=\"subscribe-section\">\n          <div class=\"row\">\n\n          <div class=\"col-lg-6 subscribe-section-sol\">\n              <p class=\"subscribe_title\">Ba\u011fl\u0131 kal\u0131n<\/p>\n              <p class=\"subscribe_sub_title\">ICT Telekom\u00fcnikasyon ve \u00fcr\u00fcnleri hakk\u0131nda daha fazla bilgi edinin.<\/p>\n            <a href=\"https:\/\/www.linkedin.com\/company\/profen-group\/\" class=\"subscribe_button\" target=\"_blank\">Linkedin\u2019 de Takip Edin.<\/a>\n            <\/div>\n\n            <div class=\"col-lg-6 subscribe-section-sag\">\n           \n<div class=\"wpcf7 no-js\" id=\"wpcf7-f3949-o1\" lang=\"en-US\" dir=\"ltr\" data-wpcf7-id=\"3949\">\n<div class=\"screen-reader-response\"><p role=\"status\" aria-live=\"polite\" aria-atomic=\"true\"><\/p> <ul><\/ul><\/div>\n<form action=\"\/tr\/wp-json\/wp\/v2\/pages\/4022#wpcf7-f3949-o1\" method=\"post\" class=\"wpcf7-form init cf7mls-no-scroll cf7mls-no-moving-animation\" aria-label=\"Contact form\" novalidate=\"novalidate\" data-status=\"init\">\n<fieldset class=\"hidden-fields-container\"><input type=\"hidden\" name=\"_wpcf7\" value=\"3949\" \/><input type=\"hidden\" name=\"_wpcf7_version\" value=\"6.1.5\" \/><input type=\"hidden\" name=\"_wpcf7_locale\" value=\"en_US\" \/><input type=\"hidden\" name=\"_wpcf7_unit_tag\" value=\"wpcf7-f3949-o1\" \/><input type=\"hidden\" name=\"_wpcf7_container_post\" value=\"0\" \/><input type=\"hidden\" name=\"_wpcf7_posted_data_hash\" value=\"\" \/><input type=\"hidden\" name=\"_wpcf7_recaptcha_response\" value=\"\" \/>\n<\/fieldset>\n<div class=\"subscribe-title\">\n\t<p>Abone Olun!\n\t<\/p>\n<\/div>\n<div class=\"subscribe-subtitle\">\n\t<p>Profen Grup\u2019 tan haberler ve duyurular ile g\u00fcncel kal\u0131n.\n\t<\/p>\n<\/div>\n<p><label> *E-Mail<br \/>\n<\/label><br \/>\n<span class=\"wpcf7-form-control-wrap\" data-name=\"your-email\"><input size=\"40\" maxlength=\"400\" class=\"wpcf7-form-control wpcf7-email wpcf7-validates-as-required wpcf7-text wpcf7-validates-as-email\" aria-required=\"true\" aria-invalid=\"false\" placeholder=\"Email Adresiniz Giriniz\" value=\"\" type=\"email\" name=\"your-email\" \/><\/span><input class=\"wpcf7-form-control wpcf7-submit has-spinner\" type=\"submit\" value=\"Abone Olun\" \/><br \/>\n<span class=\"wpcf7-form-control-wrap\" data-name=\"veri-onay\"><span class=\"wpcf7-form-control wpcf7-acceptance\"><span class=\"wpcf7-list-item\"><label><input type=\"checkbox\" name=\"veri-onay\" value=\"1\" aria-invalid=\"false\" \/><span class=\"wpcf7-list-item-label\"><a href=\"\/kvkk\/\" target=\"_blank\">KVKK<\/a>'y\u0131 okudum, kabul ediyorum.<\/span><\/label><\/span><\/span><\/span>\n<\/p><div class=\"wpcf7-response-output\" aria-hidden=\"true\"><\/div>\n<\/form>\n<\/div>\n\n              <\/div>\n            <\/div>\n          <\/div>\n      \t\t[\/vc_column][\/vc_row]<\/p>\n<\/div>","protected":false},"excerpt":{"rendered":"<p>[vc_row full_width=&#8221;stretch_row_content_no_spaces&#8221; el_class=&#8221;banner-home-top&#8221;][vc_column][\/vc_column][\/vc_row][vc_row el_class=&#8221;container-fluid section-title&#8221; css=&#8221;.vc_custom_1648570550261{margin-bottom: 50px !important;}&#8221;][vc_column width=&#8221;2\/3&#8243;][vc_column_text css=&#8221;&#8221;] ICT Telekom\u00fcnikasyon \u0130\u015f Ortakl\u0131\u011f\u0131 F\u0131rsatlar\u0131ndan Yararlanmaya Hemen Ba\u015flay\u0131n ICT Telekom\u00fcnikasyon [&hellip;]<\/p>\n","protected":false},"author":1,"featured_media":0,"parent":0,"menu_order":0,"comment_status":"closed","ping_status":"closed","template":"page-become-partner.php","meta":{"_acf_changed":false,"footnotes":""},"class_list":["post-4022","page","type-page","status-publish","hentry"],"acf":[],"yoast_head":"<!-- This site is optimized with the Yoast SEO plugin v27.2 - https:\/\/yoast.com\/product\/yoast-seo-wordpress\/ -->\n<title>\u0130\u015f Orta\u011f\u0131m\u0131z Olun<\/title>\n<meta name=\"description\" content=\"ICT Telekom\u00fcnikasyon \u0130\u015f Orta\u011f\u0131 olarak, sadece Sat\u0131\u015f, Teknik ve Pazarlama deste\u011fini i\u00e7eren Faydal\u0131 \u0130\u015f Orta\u011f\u0131 Program\u0131na kat\u0131lm\u0131\u015f olmayacak, ayn\u0131 zamanda eri\u015fiminizi ve gelirinizi art\u0131rmak i\u00e7in D\u00fcnya \u00e7ap\u0131ndaki di\u011fer \u0130\u015f Ortaklar\u0131 ile i\u015fbirli\u011fi yapma f\u0131rsat\u0131na da eri\u015feceksiniz.\" \/>\n<meta name=\"robots\" content=\"index, follow, max-snippet:-1, max-image-preview:large, max-video-preview:-1\" \/>\n<link rel=\"canonical\" href=\"https:\/\/ict.com.tr\/tr\/is-ortagimiz-olun\/\" \/>\n<meta property=\"og:locale\" content=\"tr_TR\" \/>\n<meta property=\"og:type\" content=\"article\" \/>\n<meta property=\"og:title\" content=\"\u0130\u015f Orta\u011f\u0131m\u0131z Olun\" \/>\n<meta property=\"og:description\" content=\"ICT Telekom\u00fcnikasyon \u0130\u015f Orta\u011f\u0131 olarak, sadece Sat\u0131\u015f, Teknik ve Pazarlama deste\u011fini i\u00e7eren Faydal\u0131 \u0130\u015f Orta\u011f\u0131 Program\u0131na kat\u0131lm\u0131\u015f olmayacak, ayn\u0131 zamanda eri\u015fiminizi ve gelirinizi art\u0131rmak i\u00e7in D\u00fcnya \u00e7ap\u0131ndaki di\u011fer \u0130\u015f Ortaklar\u0131 ile i\u015fbirli\u011fi yapma f\u0131rsat\u0131na da eri\u015feceksiniz.\" \/>\n<meta property=\"og:url\" content=\"https:\/\/ict.com.tr\/tr\/is-ortagimiz-olun\/\" \/>\n<meta property=\"og:site_name\" content=\"ICT Telekom\u00fcnikasyon\" \/>\n<meta property=\"article:modified_time\" content=\"2025-10-13T13:23:04+00:00\" \/>\n<meta property=\"og:image\" content=\"https:\/\/ict.com.tr\/wp-content\/uploads\/2023\/10\/ict-logo-1.png\" \/>\n\t<meta property=\"og:image:width\" content=\"80\" \/>\n\t<meta property=\"og:image:height\" content=\"55\" \/>\n\t<meta property=\"og:image:type\" content=\"image\/png\" \/>\n<meta name=\"twitter:card\" content=\"summary_large_image\" \/>\n<meta name=\"twitter:label1\" content=\"Tahmini okuma s\u00fcresi\" \/>\n\t<meta name=\"twitter:data1\" content=\"6 dakika\" \/>\n<script type=\"application\/ld+json\" class=\"yoast-schema-graph\">{\"@context\":\"https:\/\/schema.org\",\"@graph\":[{\"@type\":\"WebPage\",\"@id\":\"https:\/\/ict.com.tr\/tr\/is-ortagimiz-olun\/\",\"url\":\"https:\/\/ict.com.tr\/tr\/is-ortagimiz-olun\/\",\"name\":\"\u0130\u015f Orta\u011f\u0131m\u0131z Olun\",\"isPartOf\":{\"@id\":\"https:\/\/ict.com.tr\/#website\"},\"datePublished\":\"2022-03-29T11:22:16+00:00\",\"dateModified\":\"2025-10-13T13:23:04+00:00\",\"description\":\"ICT Telekom\u00fcnikasyon \u0130\u015f Orta\u011f\u0131 olarak, sadece Sat\u0131\u015f, Teknik ve Pazarlama deste\u011fini i\u00e7eren Faydal\u0131 \u0130\u015f Orta\u011f\u0131 Program\u0131na kat\u0131lm\u0131\u015f olmayacak, ayn\u0131 zamanda eri\u015fiminizi ve gelirinizi art\u0131rmak i\u00e7in D\u00fcnya \u00e7ap\u0131ndaki di\u011fer \u0130\u015f Ortaklar\u0131 ile i\u015fbirli\u011fi yapma f\u0131rsat\u0131na da eri\u015feceksiniz.\",\"breadcrumb\":{\"@id\":\"https:\/\/ict.com.tr\/tr\/is-ortagimiz-olun\/#breadcrumb\"},\"inLanguage\":\"tr\",\"potentialAction\":[{\"@type\":\"ReadAction\",\"target\":[\"https:\/\/ict.com.tr\/tr\/is-ortagimiz-olun\/\"]}]},{\"@type\":\"BreadcrumbList\",\"@id\":\"https:\/\/ict.com.tr\/tr\/is-ortagimiz-olun\/#breadcrumb\",\"itemListElement\":[{\"@type\":\"ListItem\",\"position\":1,\"name\":\"Home\",\"item\":\"https:\/\/ict.com.tr\/tr\/\"},{\"@type\":\"ListItem\",\"position\":2,\"name\":\"\u0130\u015f Orta\u011f\u0131m\u0131z Olun\"}]},{\"@type\":\"WebSite\",\"@id\":\"https:\/\/ict.com.tr\/#website\",\"url\":\"https:\/\/ict.com.tr\/\",\"name\":\"ICT Telekom\u00fcnikasyon\",\"description\":\"\",\"potentialAction\":[{\"@type\":\"SearchAction\",\"target\":{\"@type\":\"EntryPoint\",\"urlTemplate\":\"https:\/\/ict.com.tr\/?s={search_term_string}\"},\"query-input\":{\"@type\":\"PropertyValueSpecification\",\"valueRequired\":true,\"valueName\":\"search_term_string\"}}],\"inLanguage\":\"tr\"}]}<\/script>\n<!-- \/ Yoast SEO plugin. -->","yoast_head_json":{"title":"\u0130\u015f Orta\u011f\u0131m\u0131z Olun","description":"ICT Telekom\u00fcnikasyon \u0130\u015f Orta\u011f\u0131 olarak, sadece Sat\u0131\u015f, Teknik ve Pazarlama deste\u011fini i\u00e7eren Faydal\u0131 \u0130\u015f Orta\u011f\u0131 Program\u0131na kat\u0131lm\u0131\u015f olmayacak, ayn\u0131 zamanda eri\u015fiminizi ve gelirinizi art\u0131rmak i\u00e7in D\u00fcnya \u00e7ap\u0131ndaki di\u011fer \u0130\u015f Ortaklar\u0131 ile i\u015fbirli\u011fi yapma f\u0131rsat\u0131na da eri\u015feceksiniz.","robots":{"index":"index","follow":"follow","max-snippet":"max-snippet:-1","max-image-preview":"max-image-preview:large","max-video-preview":"max-video-preview:-1"},"canonical":"https:\/\/ict.com.tr\/tr\/is-ortagimiz-olun\/","og_locale":"tr_TR","og_type":"article","og_title":"\u0130\u015f Orta\u011f\u0131m\u0131z Olun","og_description":"ICT Telekom\u00fcnikasyon \u0130\u015f Orta\u011f\u0131 olarak, sadece Sat\u0131\u015f, Teknik ve Pazarlama deste\u011fini i\u00e7eren Faydal\u0131 \u0130\u015f Orta\u011f\u0131 Program\u0131na kat\u0131lm\u0131\u015f olmayacak, ayn\u0131 zamanda eri\u015fiminizi ve gelirinizi art\u0131rmak i\u00e7in D\u00fcnya \u00e7ap\u0131ndaki di\u011fer \u0130\u015f Ortaklar\u0131 ile i\u015fbirli\u011fi yapma f\u0131rsat\u0131na da eri\u015feceksiniz.","og_url":"https:\/\/ict.com.tr\/tr\/is-ortagimiz-olun\/","og_site_name":"ICT Telekom\u00fcnikasyon","article_modified_time":"2025-10-13T13:23:04+00:00","og_image":[{"width":80,"height":55,"url":"https:\/\/ict.com.tr\/wp-content\/uploads\/2023\/10\/ict-logo-1.png","type":"image\/png"}],"twitter_card":"summary_large_image","twitter_misc":{"Tahmini okuma s\u00fcresi":"6 dakika"},"schema":{"@context":"https:\/\/schema.org","@graph":[{"@type":"WebPage","@id":"https:\/\/ict.com.tr\/tr\/is-ortagimiz-olun\/","url":"https:\/\/ict.com.tr\/tr\/is-ortagimiz-olun\/","name":"\u0130\u015f Orta\u011f\u0131m\u0131z Olun","isPartOf":{"@id":"https:\/\/ict.com.tr\/#website"},"datePublished":"2022-03-29T11:22:16+00:00","dateModified":"2025-10-13T13:23:04+00:00","description":"ICT Telekom\u00fcnikasyon \u0130\u015f Orta\u011f\u0131 olarak, sadece Sat\u0131\u015f, Teknik ve Pazarlama deste\u011fini i\u00e7eren Faydal\u0131 \u0130\u015f Orta\u011f\u0131 Program\u0131na kat\u0131lm\u0131\u015f olmayacak, ayn\u0131 zamanda eri\u015fiminizi ve gelirinizi art\u0131rmak i\u00e7in D\u00fcnya \u00e7ap\u0131ndaki di\u011fer \u0130\u015f Ortaklar\u0131 ile i\u015fbirli\u011fi yapma f\u0131rsat\u0131na da eri\u015feceksiniz.","breadcrumb":{"@id":"https:\/\/ict.com.tr\/tr\/is-ortagimiz-olun\/#breadcrumb"},"inLanguage":"tr","potentialAction":[{"@type":"ReadAction","target":["https:\/\/ict.com.tr\/tr\/is-ortagimiz-olun\/"]}]},{"@type":"BreadcrumbList","@id":"https:\/\/ict.com.tr\/tr\/is-ortagimiz-olun\/#breadcrumb","itemListElement":[{"@type":"ListItem","position":1,"name":"Home","item":"https:\/\/ict.com.tr\/tr\/"},{"@type":"ListItem","position":2,"name":"\u0130\u015f Orta\u011f\u0131m\u0131z Olun"}]},{"@type":"WebSite","@id":"https:\/\/ict.com.tr\/#website","url":"https:\/\/ict.com.tr\/","name":"ICT Telekom\u00fcnikasyon","description":"","potentialAction":[{"@type":"SearchAction","target":{"@type":"EntryPoint","urlTemplate":"https:\/\/ict.com.tr\/?s={search_term_string}"},"query-input":{"@type":"PropertyValueSpecification","valueRequired":true,"valueName":"search_term_string"}}],"inLanguage":"tr"}]}},"_links":{"self":[{"href":"https:\/\/ict.com.tr\/tr\/wp-json\/wp\/v2\/pages\/4022","targetHints":{"allow":["GET"]}}],"collection":[{"href":"https:\/\/ict.com.tr\/tr\/wp-json\/wp\/v2\/pages"}],"about":[{"href":"https:\/\/ict.com.tr\/tr\/wp-json\/wp\/v2\/types\/page"}],"author":[{"embeddable":true,"href":"https:\/\/ict.com.tr\/tr\/wp-json\/wp\/v2\/users\/1"}],"replies":[{"embeddable":true,"href":"https:\/\/ict.com.tr\/tr\/wp-json\/wp\/v2\/comments?post=4022"}],"version-history":[{"count":14,"href":"https:\/\/ict.com.tr\/tr\/wp-json\/wp\/v2\/pages\/4022\/revisions"}],"predecessor-version":[{"id":4302,"href":"https:\/\/ict.com.tr\/tr\/wp-json\/wp\/v2\/pages\/4022\/revisions\/4302"}],"wp:attachment":[{"href":"https:\/\/ict.com.tr\/tr\/wp-json\/wp\/v2\/media?parent=4022"}],"curies":[{"name":"wp","href":"https:\/\/api.w.org\/{rel}","templated":true}]}}