{"id":3614,"date":"2020-12-11T10:27:39","date_gmt":"2020-12-11T10:27:39","guid":{"rendered":"http:\/\/profenICT.com\/thank-you\/"},"modified":"2025-10-13T13:45:45","modified_gmt":"2025-10-13T13:45:45","slug":"tesekkurler","status":"publish","type":"page","link":"https:\/\/ict.com.tr\/tr\/tesekkurler\/","title":{"rendered":"Te\u015fekk\u00fcrler"},"content":{"rendered":"<div class=\"wpb-content-wrapper\"><p>[vc_row][vc_column][vc_column_text css=&#8221;&#8221;]<\/p>\n<p style=\"text-align: center;\"><img loading=\"lazy\" decoding=\"async\" class=\"alignnone size-medium wp-image-3608 aligncenter\" src=\"\/wp-content\/uploads\/2020\/12\/gif-300x225.gif\" alt=\"\" width=\"300\" height=\"225\" \/><br \/>\nMesaj\u0131n\u0131z Ba\u015far\u0131yla G\u00f6nderilmi\u015ftir<\/p>\n<p>[\/vc_column_text][\/vc_column][\/vc_row]<\/p>\n<\/div>","protected":false},"excerpt":{"rendered":"<p>[vc_row][vc_column][vc_column_text css=&#8221;&#8221;] Mesaj\u0131n\u0131z Ba\u015far\u0131yla G\u00f6nderilmi\u015ftir [\/vc_column_text][\/vc_column][\/vc_row]<\/p>\n","protected":false},"author":1,"featured_media":3202,"parent":0,"menu_order":0,"comment_status":"closed","ping_status":"closed","template":"","meta":{"_acf_changed":false,"footnotes":""},"class_list":["post-3614","page","type-page","status-publish","has-post-thumbnail","hentry"],"acf":[],"yoast_head":"<!-- This site is optimized with the Yoast SEO plugin v27.2 - https:\/\/yoast.com\/product\/yoast-seo-wordpress\/ -->\n<title>ICT Telekom\u00fcnikasyon - Te\u015fekk\u00fcrler<\/title>\n<meta name=\"description\" content=\"Mesaj\u0131n\u0131z ba\u015far\u0131 ile g\u00f6nderilmi\u015ftir. Bize ula\u015ft\u0131\u011f\u0131n\u0131z i\u00e7in telekk\u00fcrler.\" \/>\n<meta name=\"robots\" content=\"index, follow, max-snippet:-1, max-image-preview:large, max-video-preview:-1\" \/>\n<link rel=\"canonical\" href=\"https:\/\/ict.com.tr\/tr\/tesekkurler\/\" \/>\n<meta property=\"og:locale\" content=\"tr_TR\" \/>\n<meta property=\"og:type\" content=\"article\" \/>\n<meta property=\"og:title\" content=\"ICT Telekom\u00fcnikasyon - Te\u015fekk\u00fcrler\" \/>\n<meta property=\"og:description\" content=\"Mesaj\u0131n\u0131z ba\u015far\u0131 ile g\u00f6nderilmi\u015ftir. Bize ula\u015ft\u0131\u011f\u0131n\u0131z i\u00e7in telekk\u00fcrler.\" \/>\n<meta property=\"og:url\" content=\"https:\/\/ict.com.tr\/tr\/tesekkurler\/\" \/>\n<meta property=\"og:site_name\" content=\"ICT Telekom\u00fcnikasyon\" \/>\n<meta property=\"article:modified_time\" content=\"2025-10-13T13:45:45+00:00\" \/>\n<meta property=\"og:image\" content=\"https:\/\/ict.com.tr\/wp-content\/uploads\/2020\/12\/medya-merkezi-background-1-1.jpg\" \/>\n\t<meta property=\"og:image:width\" content=\"1920\" \/>\n\t<meta property=\"og:image:height\" content=\"500\" \/>\n\t<meta property=\"og:image:type\" content=\"image\/jpeg\" \/>\n<meta name=\"twitter:card\" content=\"summary_large_image\" \/>\n<meta name=\"twitter:label1\" content=\"Tahmini okuma s\u00fcresi\" \/>\n\t<meta name=\"twitter:data1\" content=\"1 dakika\" \/>\n<script type=\"application\/ld+json\" class=\"yoast-schema-graph\">{\"@context\":\"https:\/\/schema.org\",\"@graph\":[{\"@type\":\"WebPage\",\"@id\":\"https:\/\/ict.com.tr\/tr\/tesekkurler\/\",\"url\":\"https:\/\/ict.com.tr\/tr\/tesekkurler\/\",\"name\":\"ICT Telekom\u00fcnikasyon - Te\u015fekk\u00fcrler\",\"isPartOf\":{\"@id\":\"https:\/\/ict.com.tr\/#website\"},\"primaryImageOfPage\":{\"@id\":\"https:\/\/ict.com.tr\/tr\/tesekkurler\/#primaryimage\"},\"image\":{\"@id\":\"https:\/\/ict.com.tr\/tr\/tesekkurler\/#primaryimage\"},\"thumbnailUrl\":\"https:\/\/ict.com.tr\/wp-content\/uploads\/2020\/12\/medya-merkezi-background-1-1.jpg\",\"datePublished\":\"2020-12-11T10:27:39+00:00\",\"dateModified\":\"2025-10-13T13:45:45+00:00\",\"description\":\"Mesaj\u0131n\u0131z ba\u015far\u0131 ile g\u00f6nderilmi\u015ftir. Bize ula\u015ft\u0131\u011f\u0131n\u0131z i\u00e7in telekk\u00fcrler.\",\"breadcrumb\":{\"@id\":\"https:\/\/ict.com.tr\/tr\/tesekkurler\/#breadcrumb\"},\"inLanguage\":\"tr\",\"potentialAction\":[{\"@type\":\"ReadAction\",\"target\":[\"https:\/\/ict.com.tr\/tr\/tesekkurler\/\"]}]},{\"@type\":\"ImageObject\",\"inLanguage\":\"tr\",\"@id\":\"https:\/\/ict.com.tr\/tr\/tesekkurler\/#primaryimage\",\"url\":\"https:\/\/ict.com.tr\/wp-content\/uploads\/2020\/12\/medya-merkezi-background-1-1.jpg\",\"contentUrl\":\"https:\/\/ict.com.tr\/wp-content\/uploads\/2020\/12\/medya-merkezi-background-1-1.jpg\",\"width\":1920,\"height\":500},{\"@type\":\"BreadcrumbList\",\"@id\":\"https:\/\/ict.com.tr\/tr\/tesekkurler\/#breadcrumb\",\"itemListElement\":[{\"@type\":\"ListItem\",\"position\":1,\"name\":\"Home\",\"item\":\"https:\/\/ict.com.tr\/tr\/\"},{\"@type\":\"ListItem\",\"position\":2,\"name\":\"Te\u015fekk\u00fcrler\"}]},{\"@type\":\"WebSite\",\"@id\":\"https:\/\/ict.com.tr\/#website\",\"url\":\"https:\/\/ict.com.tr\/\",\"name\":\"ICT Telekom\u00fcnikasyon\",\"description\":\"\",\"potentialAction\":[{\"@type\":\"SearchAction\",\"target\":{\"@type\":\"EntryPoint\",\"urlTemplate\":\"https:\/\/ict.com.tr\/?s={search_term_string}\"},\"query-input\":{\"@type\":\"PropertyValueSpecification\",\"valueRequired\":true,\"valueName\":\"search_term_string\"}}],\"inLanguage\":\"tr\"}]}<\/script>\n<!-- \/ Yoast SEO plugin. -->","yoast_head_json":{"title":"ICT Telekom\u00fcnikasyon - Te\u015fekk\u00fcrler","description":"Mesaj\u0131n\u0131z ba\u015far\u0131 ile g\u00f6nderilmi\u015ftir. Bize ula\u015ft\u0131\u011f\u0131n\u0131z i\u00e7in telekk\u00fcrler.","robots":{"index":"index","follow":"follow","max-snippet":"max-snippet:-1","max-image-preview":"max-image-preview:large","max-video-preview":"max-video-preview:-1"},"canonical":"https:\/\/ict.com.tr\/tr\/tesekkurler\/","og_locale":"tr_TR","og_type":"article","og_title":"ICT Telekom\u00fcnikasyon - Te\u015fekk\u00fcrler","og_description":"Mesaj\u0131n\u0131z ba\u015far\u0131 ile g\u00f6nderilmi\u015ftir. Bize ula\u015ft\u0131\u011f\u0131n\u0131z i\u00e7in telekk\u00fcrler.","og_url":"https:\/\/ict.com.tr\/tr\/tesekkurler\/","og_site_name":"ICT Telekom\u00fcnikasyon","article_modified_time":"2025-10-13T13:45:45+00:00","og_image":[{"width":1920,"height":500,"url":"https:\/\/ict.com.tr\/wp-content\/uploads\/2020\/12\/medya-merkezi-background-1-1.jpg","type":"image\/jpeg"}],"twitter_card":"summary_large_image","twitter_misc":{"Tahmini okuma s\u00fcresi":"1 dakika"},"schema":{"@context":"https:\/\/schema.org","@graph":[{"@type":"WebPage","@id":"https:\/\/ict.com.tr\/tr\/tesekkurler\/","url":"https:\/\/ict.com.tr\/tr\/tesekkurler\/","name":"ICT Telekom\u00fcnikasyon - Te\u015fekk\u00fcrler","isPartOf":{"@id":"https:\/\/ict.com.tr\/#website"},"primaryImageOfPage":{"@id":"https:\/\/ict.com.tr\/tr\/tesekkurler\/#primaryimage"},"image":{"@id":"https:\/\/ict.com.tr\/tr\/tesekkurler\/#primaryimage"},"thumbnailUrl":"https:\/\/ict.com.tr\/wp-content\/uploads\/2020\/12\/medya-merkezi-background-1-1.jpg","datePublished":"2020-12-11T10:27:39+00:00","dateModified":"2025-10-13T13:45:45+00:00","description":"Mesaj\u0131n\u0131z ba\u015far\u0131 ile g\u00f6nderilmi\u015ftir. Bize ula\u015ft\u0131\u011f\u0131n\u0131z i\u00e7in telekk\u00fcrler.","breadcrumb":{"@id":"https:\/\/ict.com.tr\/tr\/tesekkurler\/#breadcrumb"},"inLanguage":"tr","potentialAction":[{"@type":"ReadAction","target":["https:\/\/ict.com.tr\/tr\/tesekkurler\/"]}]},{"@type":"ImageObject","inLanguage":"tr","@id":"https:\/\/ict.com.tr\/tr\/tesekkurler\/#primaryimage","url":"https:\/\/ict.com.tr\/wp-content\/uploads\/2020\/12\/medya-merkezi-background-1-1.jpg","contentUrl":"https:\/\/ict.com.tr\/wp-content\/uploads\/2020\/12\/medya-merkezi-background-1-1.jpg","width":1920,"height":500},{"@type":"BreadcrumbList","@id":"https:\/\/ict.com.tr\/tr\/tesekkurler\/#breadcrumb","itemListElement":[{"@type":"ListItem","position":1,"name":"Home","item":"https:\/\/ict.com.tr\/tr\/"},{"@type":"ListItem","position":2,"name":"Te\u015fekk\u00fcrler"}]},{"@type":"WebSite","@id":"https:\/\/ict.com.tr\/#website","url":"https:\/\/ict.com.tr\/","name":"ICT Telekom\u00fcnikasyon","description":"","potentialAction":[{"@type":"SearchAction","target":{"@type":"EntryPoint","urlTemplate":"https:\/\/ict.com.tr\/?s={search_term_string}"},"query-input":{"@type":"PropertyValueSpecification","valueRequired":true,"valueName":"search_term_string"}}],"inLanguage":"tr"}]}},"_links":{"self":[{"href":"https:\/\/ict.com.tr\/tr\/wp-json\/wp\/v2\/pages\/3614","targetHints":{"allow":["GET"]}}],"collection":[{"href":"https:\/\/ict.com.tr\/tr\/wp-json\/wp\/v2\/pages"}],"about":[{"href":"https:\/\/ict.com.tr\/tr\/wp-json\/wp\/v2\/types\/page"}],"author":[{"embeddable":true,"href":"https:\/\/ict.com.tr\/tr\/wp-json\/wp\/v2\/users\/1"}],"replies":[{"embeddable":true,"href":"https:\/\/ict.com.tr\/tr\/wp-json\/wp\/v2\/comments?post=3614"}],"version-history":[{"count":4,"href":"https:\/\/ict.com.tr\/tr\/wp-json\/wp\/v2\/pages\/3614\/revisions"}],"predecessor-version":[{"id":4329,"href":"https:\/\/ict.com.tr\/tr\/wp-json\/wp\/v2\/pages\/3614\/revisions\/4329"}],"wp:featuredmedia":[{"embeddable":true,"href":"https:\/\/ict.com.tr\/tr\/wp-json\/wp\/v2\/media\/3202"}],"wp:attachment":[{"href":"https:\/\/ict.com.tr\/tr\/wp-json\/wp\/v2\/media?parent=3614"}],"curies":[{"name":"wp","href":"https:\/\/api.w.org\/{rel}","templated":true}]}}