{"id":3432,"date":"2020-12-09T12:25:32","date_gmt":"2020-12-09T12:25:32","guid":{"rendered":"http:\/\/profenict.bootests.com\/?page_id=3432"},"modified":"2025-10-13T13:04:03","modified_gmt":"2025-10-13T13:04:03","slug":"calisan-adayi-acik-riza-metni","status":"publish","type":"page","link":"https:\/\/ict.com.tr\/tr\/calisan-adayi-acik-riza-metni\/","title":{"rendered":"\u00c7al\u0131\u015fan Aday\u0131 A\u00e7\u0131k R\u0131za Metni"},"content":{"rendered":"<div class=\"wpb-content-wrapper\"><p>[vc_row][vc_column][vc_column_text css=&#8221;&#8221;]<\/p>\n<h2>ICT TELEKOM\u00dcN\u0130KASYON VE H\u0130Z. SAN. T\u0130C. A.\u015e. \u0130NTERNET S\u0130TES\u0130 \u00dcZER\u0130NDEN \u0130\u015e BA\u015eVURUSU YAPAN \u00c7ALI\u015eAN ADAYI A\u00c7IK RIZA METN\u0130<\/h2>\n<p>\u201cKi\u015fisel verileriniz, \u015eirketimiz veya \u015eirketimiz ad\u0131na veri i\u015fleyen ger\u00e7ek ya da t\u00fczel ki\u015filer taraf\u0131ndan; \u015eirkete ait internet sitesindeki \u201cEkibimize Kat\u0131l\u0131n\u201d b\u00f6l\u00fcm\u00fc arac\u0131l\u0131\u011f\u0131yla i\u015f ba\u015fvurunuz ve \u00f6zge\u00e7mi\u015finiz arac\u0131l\u0131\u011f\u0131yla elektronik kanallarla toplanmakta ve a\u015fa\u011f\u0131da belirtilen hallerde a\u00e7\u0131k r\u0131zan\u0131z ile belirtilen ki\u015filere aktar\u0131lmakta ve \u015eirketimiz ile birlikte bu ki\u015filer taraf\u0131ndan i\u015flenmektedir. Bu bilgiler, i\u015fbu a\u00e7\u0131k r\u0131za metninde ve bilgilerinize sunulan \u201c\u0130nternet Sitesi \u00dczerinden \u0130\u015f Ba\u015fvurusu Yapan \u00c7al\u0131\u015fan Aday\u0131 Ayd\u0131nlatma Metni\u201d nde belirtilen ama\u00e7larla i\u015flenmektedir.<\/p>\n<p>Ki\u015fisel verileriniz, Kanun\u2019da a\u00e7\u0131k\u00e7a belirtilmedik\u00e7e, verinin saklanmas\u0131 i\u00e7in ge\u00e7erli sebebin varl\u0131\u011f\u0131n\u0131n devam etmesi haline kadar ve en fazla 2 y\u0131l saklanacakt\u0131r. Ki\u015fisel verinin korunmas\u0131na ve i\u015flenmesine art\u0131k gerek kalmamas\u0131 durumunda, o veri derhal silinecek veya anonim hale getirilecektir.\u201d<br \/>\n\u0130\u015fbu a\u00e7\u0131k r\u0131za metnini imzalayarak, a\u015fa\u011f\u0131da belirtilen kategorilere ili\u015fkin verilerimin, ICT Telekom\u00fcnikasyon ve Hiz. San. Tic. A.\u015e. (\u2018\u2019\u015eirket\u2019\u2019) veya yetkilendirdi\u011fi \u00fc\u00e7\u00fcnc\u00fc \u015fah\u0131slar taraf\u0131ndan gizlilik politikalar\u0131na uygun olarak burada belirtilen ama\u00e7larla i\u015flenmesi ve i\u015flenmek \u00fczere yurt d\u0131\u015f\u0131na aktar\u0131lmas\u0131 hususunda a\u00e7\u0131k ve kesin olarak onay veriyorum.<\/p>\n<ul>\n<li>\u0130\u015fbu a\u00e7\u0131k r\u0131za metni kapsam\u0131nda \u015eirket, a\u015fa\u011f\u0131daki tabloda belirtilen ki\u015fisel verilerim,<\/li>\n<li>\u0130\u015f ba\u015fvuru s\u00fcrecinizin y\u00fcr\u00fct\u00fclmesi,<\/li>\n<li>\u0130\u015f g\u00f6r\u00fc\u015fmesi s\u00fcrecinin planlanmas\u0131 ve taraf\u0131n\u0131zla i\u015f g\u00f6r\u00fc\u015fmeleri ile m\u00fclakatlar i\u00e7in irtibata ge\u00e7ilmesi, i\u015f g\u00f6r\u00fc\u015fmesi neticelerinden haberdar edilmeniz,<\/li>\n<li>\u0130\u015f g\u00f6r\u00fc\u015fmesi ve m\u00fclakat g\u00f6r\u00fc\u015fmeleri \u00f6ncesi ya da sonras\u0131nda taraf\u0131n\u0131za yaz\u0131l\u0131 ya da s\u00f6zl\u00fc m\u00fclakat s\u0131nav\u0131 uygulamas\u0131,<\/li>\n<li>Taraf\u0131n\u0131zla m\u00fclakatlar ger\u00e7ekle\u015ftirilmesi ve testler uygulanmas\u0131,<\/li>\n<li>Taraf\u0131n\u0131zla kurulabilecek s\u00f6zle\u015fmesel ili\u015fkinin ifas\u0131 ile bu s\u00f6zle\u015fmelerden do\u011fan hukuki y\u00fck\u00fcml\u00fcl\u00fc\u011f\u00fcm\u00fcz\u00fc yerine getirebilmemiz,<\/li>\n<li>\u015eirkete verdi\u011finiz ki\u015fisel verilerinize istinaden \u015eirketin ihtiya\u00e7lar\u0131 do\u011frultusunda en uygun pozisyon i\u00e7in organizasyonel, finansal ve idari planlamalar yap\u0131lmas\u0131,<\/li>\n<li>Yetkili ki\u015fi, kurum ve kurulu\u015flara bilgi verilmesi<\/li>\n<\/ul>\n<p>ama\u00e7lar\u0131 ile i\u015fleyebilir. Ayr\u0131ca a\u015fa\u011f\u0131da yer alan t\u00fcm ki\u015fisel verilerim, \u2018\u2019a\u00e7\u0131k r\u0131za\u2019\u2019 hukuki sebebine dayal\u0131 olarak sunucular\u0131 yurt d\u0131\u015f\u0131nda bulunan e-posta hizmet sa\u011flay\u0131c\u0131lar\u0131 arac\u0131l\u0131\u011f\u0131yla \u015eirket\u2019in hizmet ald\u0131\u011f\u0131 hukuk b\u00fcrosuna ve mevcut durumdaki en uygun i\u015f pozisyonun de\u011ferlendirilebilmesi amac\u0131yla \u015firketin aralar\u0131nda organik ba\u011f bulunan i\u015f ortaklar\u0131na aktar\u0131labilir. E-posta g\u00f6nderimi i\u00e7in hizmet al\u0131nan e-posta hizmet sa\u011flay\u0131c\u0131lar\u0131n\u0131n sunucular\u0131n\u0131n yurt d\u0131\u015f\u0131nda olmas\u0131n\u0131n bu e-posta g\u00f6nderimlerinin yurt d\u0131\u015f\u0131na veri aktar\u0131m\u0131 niteli\u011finde olmas\u0131na neden oldu\u011funu bilmekteyim.<\/p>\n<table>\n<tbody>\n<tr>\n<td width=\"301\">Veri Kategorileri<\/td>\n<td width=\"303\">Veri Kategorisi Kapsam\u0131nda \u0130\u015flenen Ki\u015fisel Veriler<\/td>\n<\/tr>\n<tr>\n<td width=\"301\">Kimlik Verisi<\/td>\n<td width=\"303\">Ad\u0131n\u0131z-Soyad\u0131n\u0131z<\/td>\n<\/tr>\n<tr>\n<td width=\"301\">Mesleki Deneyim Verisi<\/td>\n<td width=\"303\">Ba\u015fvurdu\u011funuz Pozisyon<\/td>\n<\/tr>\n<tr>\n<td width=\"301\">\u0130leti\u015fim Verisi<\/td>\n<td width=\"303\">Telefon Numaran\u0131zMail Adresiniz<\/p>\n<p>Linkedin Adresiniz<\/td>\n<\/tr>\n<tr>\n<td width=\"301\">\u00d6zge\u00e7mi\u015f Verileri<\/td>\n<td width=\"303\">\u00d6zge\u00e7mi\u015finizde Yer Verdi\u011finiz Bilgiler<\/td>\n<\/tr>\n<\/tbody>\n<\/table>\n<p>hususlara ek olarak, 6698 say\u0131l\u0131 Ki\u015fisel Verilerin Korunmas\u0131 Kanun\u2019unun (\u2018\u2019Kanun\u2019\u2019) 11. maddesindeki haklar\u0131m hususunda bilgilendirildi\u011fimi beyan ederim. Kanun\u2019un 11. maddesinde say\u0131lan haklardan birini kullanmak istedi\u011fimde, 6698 say\u0131l\u0131 Ki\u015fisel Verilerin Korunmas\u0131 Kanunu hakk\u0131nda ya da ki\u015fisel verilerimin i\u015flenmesi hususunda herhangi bir sorum oldu\u011fu takdirde, \u015eirket\u2019 e taraf\u0131ma yap\u0131lan ayd\u0131nlatma s\u0131ras\u0131nda belirtilen y\u00f6ntemlerle ve ayr\u0131ca Veri Sorumlusuna Ba\u015fvuru Usul ve Esaslar\u0131 Hakk\u0131nda Tebli\u011f\u2019 de \u00f6ng\u00f6r\u00fclen y\u00f6ntemlerle ba\u015fvuru yapabilirim.[\/vc_column_text][\/vc_column][\/vc_row]<\/p>\n<\/div>","protected":false},"excerpt":{"rendered":"<p>[vc_row][vc_column][vc_column_text css=&#8221;&#8221;] ICT TELEKOM\u00dcN\u0130KASYON VE H\u0130Z. SAN. T\u0130C. A.\u015e. \u0130NTERNET S\u0130TES\u0130 \u00dcZER\u0130NDEN \u0130\u015e BA\u015eVURUSU YAPAN \u00c7ALI\u015eAN ADAYI A\u00c7IK RIZA METN\u0130 [&hellip;]<\/p>\n","protected":false},"author":1,"featured_media":3202,"parent":0,"menu_order":0,"comment_status":"closed","ping_status":"closed","template":"","meta":{"_acf_changed":false,"footnotes":""},"class_list":["post-3432","page","type-page","status-publish","has-post-thumbnail","hentry"],"acf":[],"yoast_head":"<!-- This site is optimized with the Yoast SEO plugin v27.4 - https:\/\/yoast.com\/product\/yoast-seo-wordpress\/ -->\n<title>ICT Telekom\u00fcnikasyon - \u00c7al\u0131\u015fan Aday\u0131 A\u00e7\u0131k R\u0131za Metni<\/title>\n<meta name=\"description\" content=\"A\u00e7\u0131k r\u0131za metninde ve bilgilerinize sunulan \u201c \u0130\u015f Ba\u015fvurusu Yapan \u00c7al\u0131\u015fan Aday\u0131 Ayd\u0131nlatma Metni\u201d nde belirtilen ama\u00e7larla i\u015flenmektedir.\" \/>\n<meta name=\"robots\" content=\"index, follow, max-snippet:-1, max-image-preview:large, max-video-preview:-1\" \/>\n<link rel=\"canonical\" href=\"https:\/\/ict.com.tr\/tr\/calisan-adayi-acik-riza-metni\/\" \/>\n<meta property=\"og:locale\" content=\"tr_TR\" \/>\n<meta property=\"og:type\" content=\"article\" \/>\n<meta property=\"og:title\" content=\"ICT Telekom\u00fcnikasyon - \u00c7al\u0131\u015fan Aday\u0131 A\u00e7\u0131k R\u0131za Metni\" \/>\n<meta property=\"og:description\" content=\"A\u00e7\u0131k r\u0131za metninde ve bilgilerinize sunulan \u201c \u0130\u015f Ba\u015fvurusu Yapan \u00c7al\u0131\u015fan Aday\u0131 Ayd\u0131nlatma Metni\u201d nde belirtilen ama\u00e7larla i\u015flenmektedir.\" \/>\n<meta property=\"og:url\" content=\"https:\/\/ict.com.tr\/tr\/calisan-adayi-acik-riza-metni\/\" \/>\n<meta property=\"og:site_name\" content=\"ICT Telekom\u00fcnikasyon\" \/>\n<meta property=\"article:modified_time\" content=\"2025-10-13T13:04:03+00:00\" \/>\n<meta property=\"og:image\" content=\"https:\/\/ict.com.tr\/wp-content\/uploads\/2020\/12\/medya-merkezi-background-1-1.jpg\" \/>\n\t<meta property=\"og:image:width\" content=\"1920\" \/>\n\t<meta property=\"og:image:height\" content=\"500\" \/>\n\t<meta property=\"og:image:type\" content=\"image\/jpeg\" \/>\n<meta name=\"twitter:card\" content=\"summary_large_image\" \/>\n<meta name=\"twitter:label1\" content=\"Tahmini okuma s\u00fcresi\" \/>\n\t<meta name=\"twitter:data1\" content=\"3 dakika\" \/>\n<script type=\"application\/ld+json\" class=\"yoast-schema-graph\">{\"@context\":\"https:\\\/\\\/schema.org\",\"@graph\":[{\"@type\":\"WebPage\",\"@id\":\"https:\\\/\\\/ict.com.tr\\\/tr\\\/calisan-adayi-acik-riza-metni\\\/\",\"url\":\"https:\\\/\\\/ict.com.tr\\\/tr\\\/calisan-adayi-acik-riza-metni\\\/\",\"name\":\"ICT Telekom\u00fcnikasyon - \u00c7al\u0131\u015fan Aday\u0131 A\u00e7\u0131k R\u0131za Metni\",\"isPartOf\":{\"@id\":\"https:\\\/\\\/ict.com.tr\\\/#website\"},\"primaryImageOfPage\":{\"@id\":\"https:\\\/\\\/ict.com.tr\\\/tr\\\/calisan-adayi-acik-riza-metni\\\/#primaryimage\"},\"image\":{\"@id\":\"https:\\\/\\\/ict.com.tr\\\/tr\\\/calisan-adayi-acik-riza-metni\\\/#primaryimage\"},\"thumbnailUrl\":\"https:\\\/\\\/ict.com.tr\\\/wp-content\\\/uploads\\\/2020\\\/12\\\/medya-merkezi-background-1-1.jpg\",\"datePublished\":\"2020-12-09T12:25:32+00:00\",\"dateModified\":\"2025-10-13T13:04:03+00:00\",\"description\":\"A\u00e7\u0131k r\u0131za metninde ve bilgilerinize sunulan \u201c \u0130\u015f Ba\u015fvurusu Yapan \u00c7al\u0131\u015fan Aday\u0131 Ayd\u0131nlatma Metni\u201d nde belirtilen ama\u00e7larla i\u015flenmektedir.\",\"breadcrumb\":{\"@id\":\"https:\\\/\\\/ict.com.tr\\\/tr\\\/calisan-adayi-acik-riza-metni\\\/#breadcrumb\"},\"inLanguage\":\"tr\",\"potentialAction\":[{\"@type\":\"ReadAction\",\"target\":[\"https:\\\/\\\/ict.com.tr\\\/tr\\\/calisan-adayi-acik-riza-metni\\\/\"]}]},{\"@type\":\"ImageObject\",\"inLanguage\":\"tr\",\"@id\":\"https:\\\/\\\/ict.com.tr\\\/tr\\\/calisan-adayi-acik-riza-metni\\\/#primaryimage\",\"url\":\"https:\\\/\\\/ict.com.tr\\\/wp-content\\\/uploads\\\/2020\\\/12\\\/medya-merkezi-background-1-1.jpg\",\"contentUrl\":\"https:\\\/\\\/ict.com.tr\\\/wp-content\\\/uploads\\\/2020\\\/12\\\/medya-merkezi-background-1-1.jpg\",\"width\":1920,\"height\":500},{\"@type\":\"BreadcrumbList\",\"@id\":\"https:\\\/\\\/ict.com.tr\\\/tr\\\/calisan-adayi-acik-riza-metni\\\/#breadcrumb\",\"itemListElement\":[{\"@type\":\"ListItem\",\"position\":1,\"name\":\"Home\",\"item\":\"https:\\\/\\\/ict.com.tr\\\/tr\\\/\"},{\"@type\":\"ListItem\",\"position\":2,\"name\":\"\u00c7al\u0131\u015fan Aday\u0131 A\u00e7\u0131k R\u0131za Metni\"}]},{\"@type\":\"WebSite\",\"@id\":\"https:\\\/\\\/ict.com.tr\\\/#website\",\"url\":\"https:\\\/\\\/ict.com.tr\\\/\",\"name\":\"ICT Telekom\u00fcnikasyon\",\"description\":\"\",\"potentialAction\":[{\"@type\":\"SearchAction\",\"target\":{\"@type\":\"EntryPoint\",\"urlTemplate\":\"https:\\\/\\\/ict.com.tr\\\/?s={search_term_string}\"},\"query-input\":{\"@type\":\"PropertyValueSpecification\",\"valueRequired\":true,\"valueName\":\"search_term_string\"}}],\"inLanguage\":\"tr\"}]}<\/script>\n<!-- \/ Yoast SEO plugin. -->","yoast_head_json":{"title":"ICT Telekom\u00fcnikasyon - \u00c7al\u0131\u015fan Aday\u0131 A\u00e7\u0131k R\u0131za Metni","description":"A\u00e7\u0131k r\u0131za metninde ve bilgilerinize sunulan \u201c \u0130\u015f Ba\u015fvurusu Yapan \u00c7al\u0131\u015fan Aday\u0131 Ayd\u0131nlatma Metni\u201d nde belirtilen ama\u00e7larla i\u015flenmektedir.","robots":{"index":"index","follow":"follow","max-snippet":"max-snippet:-1","max-image-preview":"max-image-preview:large","max-video-preview":"max-video-preview:-1"},"canonical":"https:\/\/ict.com.tr\/tr\/calisan-adayi-acik-riza-metni\/","og_locale":"tr_TR","og_type":"article","og_title":"ICT Telekom\u00fcnikasyon - \u00c7al\u0131\u015fan Aday\u0131 A\u00e7\u0131k R\u0131za Metni","og_description":"A\u00e7\u0131k r\u0131za metninde ve bilgilerinize sunulan \u201c \u0130\u015f Ba\u015fvurusu Yapan \u00c7al\u0131\u015fan Aday\u0131 Ayd\u0131nlatma Metni\u201d nde belirtilen ama\u00e7larla i\u015flenmektedir.","og_url":"https:\/\/ict.com.tr\/tr\/calisan-adayi-acik-riza-metni\/","og_site_name":"ICT Telekom\u00fcnikasyon","article_modified_time":"2025-10-13T13:04:03+00:00","og_image":[{"width":1920,"height":500,"url":"https:\/\/ict.com.tr\/wp-content\/uploads\/2020\/12\/medya-merkezi-background-1-1.jpg","type":"image\/jpeg"}],"twitter_card":"summary_large_image","twitter_misc":{"Tahmini okuma s\u00fcresi":"3 dakika"},"schema":{"@context":"https:\/\/schema.org","@graph":[{"@type":"WebPage","@id":"https:\/\/ict.com.tr\/tr\/calisan-adayi-acik-riza-metni\/","url":"https:\/\/ict.com.tr\/tr\/calisan-adayi-acik-riza-metni\/","name":"ICT Telekom\u00fcnikasyon - \u00c7al\u0131\u015fan Aday\u0131 A\u00e7\u0131k R\u0131za Metni","isPartOf":{"@id":"https:\/\/ict.com.tr\/#website"},"primaryImageOfPage":{"@id":"https:\/\/ict.com.tr\/tr\/calisan-adayi-acik-riza-metni\/#primaryimage"},"image":{"@id":"https:\/\/ict.com.tr\/tr\/calisan-adayi-acik-riza-metni\/#primaryimage"},"thumbnailUrl":"https:\/\/ict.com.tr\/wp-content\/uploads\/2020\/12\/medya-merkezi-background-1-1.jpg","datePublished":"2020-12-09T12:25:32+00:00","dateModified":"2025-10-13T13:04:03+00:00","description":"A\u00e7\u0131k r\u0131za metninde ve bilgilerinize sunulan \u201c \u0130\u015f Ba\u015fvurusu Yapan \u00c7al\u0131\u015fan Aday\u0131 Ayd\u0131nlatma Metni\u201d nde belirtilen ama\u00e7larla i\u015flenmektedir.","breadcrumb":{"@id":"https:\/\/ict.com.tr\/tr\/calisan-adayi-acik-riza-metni\/#breadcrumb"},"inLanguage":"tr","potentialAction":[{"@type":"ReadAction","target":["https:\/\/ict.com.tr\/tr\/calisan-adayi-acik-riza-metni\/"]}]},{"@type":"ImageObject","inLanguage":"tr","@id":"https:\/\/ict.com.tr\/tr\/calisan-adayi-acik-riza-metni\/#primaryimage","url":"https:\/\/ict.com.tr\/wp-content\/uploads\/2020\/12\/medya-merkezi-background-1-1.jpg","contentUrl":"https:\/\/ict.com.tr\/wp-content\/uploads\/2020\/12\/medya-merkezi-background-1-1.jpg","width":1920,"height":500},{"@type":"BreadcrumbList","@id":"https:\/\/ict.com.tr\/tr\/calisan-adayi-acik-riza-metni\/#breadcrumb","itemListElement":[{"@type":"ListItem","position":1,"name":"Home","item":"https:\/\/ict.com.tr\/tr\/"},{"@type":"ListItem","position":2,"name":"\u00c7al\u0131\u015fan Aday\u0131 A\u00e7\u0131k R\u0131za Metni"}]},{"@type":"WebSite","@id":"https:\/\/ict.com.tr\/#website","url":"https:\/\/ict.com.tr\/","name":"ICT Telekom\u00fcnikasyon","description":"","potentialAction":[{"@type":"SearchAction","target":{"@type":"EntryPoint","urlTemplate":"https:\/\/ict.com.tr\/?s={search_term_string}"},"query-input":{"@type":"PropertyValueSpecification","valueRequired":true,"valueName":"search_term_string"}}],"inLanguage":"tr"}]}},"_links":{"self":[{"href":"https:\/\/ict.com.tr\/tr\/wp-json\/wp\/v2\/pages\/3432","targetHints":{"allow":["GET"]}}],"collection":[{"href":"https:\/\/ict.com.tr\/tr\/wp-json\/wp\/v2\/pages"}],"about":[{"href":"https:\/\/ict.com.tr\/tr\/wp-json\/wp\/v2\/types\/page"}],"author":[{"embeddable":true,"href":"https:\/\/ict.com.tr\/tr\/wp-json\/wp\/v2\/users\/1"}],"replies":[{"embeddable":true,"href":"https:\/\/ict.com.tr\/tr\/wp-json\/wp\/v2\/comments?post=3432"}],"version-history":[{"count":3,"href":"https:\/\/ict.com.tr\/tr\/wp-json\/wp\/v2\/pages\/3432\/revisions"}],"predecessor-version":[{"id":4268,"href":"https:\/\/ict.com.tr\/tr\/wp-json\/wp\/v2\/pages\/3432\/revisions\/4268"}],"wp:featuredmedia":[{"embeddable":true,"href":"https:\/\/ict.com.tr\/tr\/wp-json\/wp\/v2\/media\/3202"}],"wp:attachment":[{"href":"https:\/\/ict.com.tr\/tr\/wp-json\/wp\/v2\/media?parent=3432"}],"curies":[{"name":"wp","href":"https:\/\/api.w.org\/{rel}","templated":true}]}}