{"id":118,"date":"2020-08-21T12:26:26","date_gmt":"2020-08-21T12:26:26","guid":{"rendered":"http:\/\/ict-kurumsal.lc\/solutions\/"},"modified":"2023-10-30T12:24:32","modified_gmt":"2023-10-30T12:24:32","slug":"cozumler","status":"publish","type":"page","link":"https:\/\/ict.com.tr\/tr\/cozumler\/","title":{"rendered":"\u00c7\u00f6z\u00fcmler"},"content":{"rendered":"<div class=\"wpb-content-wrapper\"><p>[vc_row][vc_column][vc_column_text]<div id=\"section_posts\" class=\"row \">\n                <div class=\"col-xl-3 col-lg-3 col-12  animate__animated wow animate__zoomIn animate__faster empty\" data-wow-delay=\"000ms\">\n                    <a href=\"https:\/\/ict.com.tr\/tr\/cozumler\/havacilik\/\">\n\n                            <div>\n                                <img decoding=\"async\" src=\"data:image\/gif;base64,R0lGODlhAQABAIAAAAAAAP\/\/\/yH5BAEAAAAALAAAAAABAAEAAAIBRAA7\" style=\"background: url('https:\/\/ict.com.tr\/wp-content\/uploads\/2020\/11\/havacilik-bg.jpg') no-repeat center center;  width: 100%; height:210px\"  >\n                                <p class=\"arsiv_content_title\">Havac\u0131l\u0131k<\/p>\n                            <\/div>\n\n\n                    <\/a>\n                <\/div>\n            \n                <div class=\"col-xl-3 col-lg-3 col-12  animate__animated wow animate__zoomIn animate__faster empty\" data-wow-delay=\"500ms\">\n                    <a href=\"https:\/\/ict.com.tr\/tr\/cozumler\/uzaktan-ogrenim-egitim\/\">\n\n                            <div>\n                                <img decoding=\"async\" src=\"data:image\/gif;base64,R0lGODlhAQABAIAAAAAAAP\/\/\/yH5BAEAAAAALAAAAAABAAEAAAIBRAA7\" style=\"background: url('https:\/\/ict.com.tr\/wp-content\/uploads\/2020\/11\/egitim-bg.jpg') no-repeat center center;  width: 100%; height:210px\"  >\n                                <p class=\"arsiv_content_title\">Uzaktan \u00d6\u011frenim \/ E\u011fitim<\/p>\n                            <\/div>\n\n\n                    <\/a>\n                <\/div>\n            \n                <div class=\"col-xl-3 col-lg-3 col-12  animate__animated wow animate__zoomIn animate__faster empty\" data-wow-delay=\"1000ms\">\n                    <a href=\"https:\/\/ict.com.tr\/tr\/cozumler\/madencilik\/\">\n\n                            <div>\n                                <img decoding=\"async\" src=\"data:image\/gif;base64,R0lGODlhAQABAIAAAAAAAP\/\/\/yH5BAEAAAAALAAAAAABAAEAAAIBRAA7\" style=\"background: url('https:\/\/ict.com.tr\/wp-content\/uploads\/2020\/12\/madencilik-bg.jpg') no-repeat center center;  width: 100%; height:210px\"  >\n                                <p class=\"arsiv_content_title\">Madencilik<\/p>\n                            <\/div>\n\n\n                    <\/a>\n                <\/div>\n            \n                <div class=\"col-xl-3 col-lg-3 col-12  animate__animated wow animate__zoomIn animate__faster empty\" data-wow-delay=\"1500ms\">\n                    <a href=\"https:\/\/ict.com.tr\/tr\/cozumler\/insaat\/\">\n\n                            <div>\n                                <img decoding=\"async\" src=\"data:image\/gif;base64,R0lGODlhAQABAIAAAAAAAP\/\/\/yH5BAEAAAAALAAAAAABAAEAAAIBRAA7\" style=\"background: url('https:\/\/ict.com.tr\/wp-content\/uploads\/2020\/11\/insaat-background-1.jpg') no-repeat center center;  width: 100%; height:210px\"  >\n                                <p class=\"arsiv_content_title\">\u0130n\u015faat<\/p>\n                            <\/div>\n\n\n                    <\/a>\n                <\/div>\n            \n                <div class=\"col-xl-3 col-lg-3 col-12  animate__animated wow animate__zoomIn animate__faster empty\" data-wow-delay=\"2000ms\">\n                    <a href=\"https:\/\/ict.com.tr\/tr\/cozumler\/enerji\/\">\n\n                            <div>\n                                <img decoding=\"async\" src=\"data:image\/gif;base64,R0lGODlhAQABAIAAAAAAAP\/\/\/yH5BAEAAAAALAAAAAABAAEAAAIBRAA7\" style=\"background: url('https:\/\/ict.com.tr\/wp-content\/uploads\/2020\/11\/enerji.jpg') no-repeat center center;  width: 100%; height:210px\"  >\n                                <p class=\"arsiv_content_title\">Enerji<\/p>\n                            <\/div>\n\n\n                    <\/a>\n                <\/div>\n            \n                <div class=\"col-xl-3 col-lg-3 col-12  animate__animated wow animate__zoomIn animate__faster empty\" data-wow-delay=\"2500ms\">\n                    <a href=\"https:\/\/ict.com.tr\/tr\/cozumler\/denizcilik\/\">\n\n                            <div>\n                                <img decoding=\"async\" src=\"data:image\/gif;base64,R0lGODlhAQABAIAAAAAAAP\/\/\/yH5BAEAAAAALAAAAAABAAEAAAIBRAA7\" style=\"background: url('https:\/\/ict.com.tr\/wp-content\/uploads\/2020\/11\/denizcilik-bg.jpg') no-repeat center center;  width: 100%; height:210px\"  >\n                                <p class=\"arsiv_content_title\">Denizcilik<\/p>\n                            <\/div>\n\n\n                    <\/a>\n                <\/div>\n            \n                <div class=\"col-xl-3 col-lg-3 col-12  animate__animated wow animate__zoomIn animate__faster empty\" data-wow-delay=\"3000ms\">\n                    <a href=\"https:\/\/ict.com.tr\/tr\/cozumler\/issler\/\">\n\n                            <div>\n                                <img decoding=\"async\" src=\"data:image\/gif;base64,R0lGODlhAQABAIAAAAAAAP\/\/\/yH5BAEAAAAALAAAAAABAAEAAAIBRAA7\" style=\"background: url('https:\/\/ict.com.tr\/wp-content\/uploads\/2020\/11\/\u0131sp.jpg') no-repeat center center;  width: 100%; height:210px\"  >\n                                <p class=\"arsiv_content_title\">ISS&#8217;ler<\/p>\n                            <\/div>\n\n\n                    <\/a>\n                <\/div>\n            \n                <div class=\"col-xl-3 col-lg-3 col-12  animate__animated wow animate__zoomIn animate__faster empty\" data-wow-delay=\"3500ms\">\n                    <a href=\"https:\/\/ict.com.tr\/tr\/cozumler\/petrol-gaz\/\">\n\n                            <div>\n                                <img decoding=\"async\" src=\"data:image\/gif;base64,R0lGODlhAQABAIAAAAAAAP\/\/\/yH5BAEAAAAALAAAAAABAAEAAAIBRAA7\" style=\"background: url('https:\/\/ict.com.tr\/wp-content\/uploads\/2020\/11\/petrol-bg.jpg') no-repeat center center;  width: 100%; height:210px\"  >\n                                <p class=\"arsiv_content_title\">Petrol &#038; Gaz<\/p>\n                            <\/div>\n\n\n                    <\/a>\n                <\/div>\n            \n                <div class=\"col-xl-3 col-lg-3 col-12  animate__animated wow animate__zoomIn animate__faster empty\" data-wow-delay=\"4000ms\">\n                    <a href=\"https:\/\/ict.com.tr\/tr\/cozumler\/saglik\/\">\n\n                            <div>\n                                <img decoding=\"async\" src=\"data:image\/gif;base64,R0lGODlhAQABAIAAAAAAAP\/\/\/yH5BAEAAAAALAAAAAABAAEAAAIBRAA7\" style=\"background: url('https:\/\/ict.com.tr\/wp-content\/uploads\/2020\/11\/saglik-bg.jpg') no-repeat center center;  width: 100%; height:210px\"  >\n                                <p class=\"arsiv_content_title\">Sa\u011fl\u0131k<\/p>\n                            <\/div>\n\n\n                    <\/a>\n                <\/div>\n            \n                <div class=\"col-xl-3 col-lg-3 col-12  animate__animated wow animate__zoomIn animate__faster empty\" data-wow-delay=\"4500ms\">\n                    <a href=\"https:\/\/ict.com.tr\/tr\/cozumler\/devlet-askeri\/\">\n\n                            <div>\n                                <img decoding=\"async\" src=\"data:image\/gif;base64,R0lGODlhAQABAIAAAAAAAP\/\/\/yH5BAEAAAAALAAAAAABAAEAAAIBRAA7\" style=\"background: url('https:\/\/ict.com.tr\/wp-content\/uploads\/2020\/11\/askeri-savunma-background-2-1.jpg') no-repeat center center;  width: 100%; height:210px\"  >\n                                <p class=\"arsiv_content_title\">Devlet &#038; Askeri<\/p>\n                            <\/div>\n\n\n                    <\/a>\n                <\/div>\n            \n                <div class=\"col-xl-3 col-lg-3 col-12  animate__animated wow animate__zoomIn animate__faster empty\" data-wow-delay=\"5000ms\">\n                    <a href=\"https:\/\/ict.com.tr\/tr\/cozumler\/kurumsal\/\">\n\n                            <div>\n                                <img decoding=\"async\" src=\"data:image\/gif;base64,R0lGODlhAQABAIAAAAAAAP\/\/\/yH5BAEAAAAALAAAAAABAAEAAAIBRAA7\" style=\"background: url('https:\/\/ict.com.tr\/wp-content\/uploads\/2020\/11\/surdurulebilirlik-background-1-2.jpg') no-repeat center center;  width: 100%; height:210px\"  >\n                                <p class=\"arsiv_content_title\">Kurumsal<\/p>\n                            <\/div>\n\n\n                    <\/a>\n                <\/div>\n            <\/div> <p><\/p>[\/vc_column_text][\/vc_column][\/vc_row]<\/p>\n<\/div>","protected":false},"excerpt":{"rendered":"<p>[vc_row][vc_column][vc_column_text][\/vc_column_text][\/vc_column][\/vc_row]<\/p>\n","protected":false},"author":1,"featured_media":2682,"parent":0,"menu_order":0,"comment_status":"closed","ping_status":"closed","template":"","meta":{"_acf_changed":false,"footnotes":""},"class_list":["post-118","page","type-page","status-publish","has-post-thumbnail","hentry"],"acf":[],"yoast_head":"<!-- This site is optimized with the Yoast SEO plugin v27.2 - https:\/\/yoast.com\/product\/yoast-seo-wordpress\/ -->\n<title>ICT Telekom\u00fcnikasyon - \u00c7\u00f6z\u00fcmler<\/title>\n<meta name=\"description\" content=\"Sat\u0131\u015f elemanlar\u0131m\u0131zdan birinin sizinle ileti\u015fime ge\u00e7ebilmesi i\u00e7in l\u00fctfen bize kendinizden ve i\u015f ihtiya\u00e7lar\u0131n\u0131zdan bahsedin.\" \/>\n<meta name=\"robots\" content=\"index, follow, max-snippet:-1, max-image-preview:large, max-video-preview:-1\" \/>\n<link rel=\"canonical\" href=\"https:\/\/ict.com.tr\/tr\/cozumler\/\" \/>\n<meta property=\"og:locale\" content=\"tr_TR\" \/>\n<meta property=\"og:type\" content=\"article\" \/>\n<meta property=\"og:title\" content=\"ICT Telekom\u00fcnikasyon - \u00c7\u00f6z\u00fcmler\" \/>\n<meta property=\"og:description\" content=\"Sat\u0131\u015f elemanlar\u0131m\u0131zdan birinin sizinle ileti\u015fime ge\u00e7ebilmesi i\u00e7in l\u00fctfen bize kendinizden ve i\u015f ihtiya\u00e7lar\u0131n\u0131zdan bahsedin.\" \/>\n<meta property=\"og:url\" content=\"https:\/\/ict.com.tr\/tr\/cozumler\/\" \/>\n<meta property=\"og:site_name\" content=\"ICT Telekom\u00fcnikasyon\" \/>\n<meta property=\"article:modified_time\" content=\"2023-10-30T12:24:32+00:00\" \/>\n<meta property=\"og:image\" content=\"https:\/\/ict.com.tr\/wp-content\/uploads\/2020\/11\/sektorler-4.jpg\" \/>\n\t<meta property=\"og:image:width\" content=\"1920\" \/>\n\t<meta property=\"og:image:height\" content=\"500\" \/>\n\t<meta property=\"og:image:type\" content=\"image\/jpeg\" \/>\n<meta name=\"twitter:card\" content=\"summary_large_image\" \/>\n<meta name=\"twitter:label1\" content=\"Tahmini okuma s\u00fcresi\" \/>\n\t<meta name=\"twitter:data1\" content=\"1 dakika\" \/>\n<script type=\"application\/ld+json\" class=\"yoast-schema-graph\">{\"@context\":\"https:\/\/schema.org\",\"@graph\":[{\"@type\":\"WebPage\",\"@id\":\"https:\/\/ict.com.tr\/tr\/cozumler\/\",\"url\":\"https:\/\/ict.com.tr\/tr\/cozumler\/\",\"name\":\"ICT Telekom\u00fcnikasyon - \u00c7\u00f6z\u00fcmler\",\"isPartOf\":{\"@id\":\"https:\/\/ict.com.tr\/#website\"},\"primaryImageOfPage\":{\"@id\":\"https:\/\/ict.com.tr\/tr\/cozumler\/#primaryimage\"},\"image\":{\"@id\":\"https:\/\/ict.com.tr\/tr\/cozumler\/#primaryimage\"},\"thumbnailUrl\":\"https:\/\/ict.com.tr\/wp-content\/uploads\/2020\/11\/sektorler-4.jpg\",\"datePublished\":\"2020-08-21T12:26:26+00:00\",\"dateModified\":\"2023-10-30T12:24:32+00:00\",\"description\":\"Sat\u0131\u015f elemanlar\u0131m\u0131zdan birinin sizinle ileti\u015fime ge\u00e7ebilmesi i\u00e7in l\u00fctfen bize kendinizden ve i\u015f ihtiya\u00e7lar\u0131n\u0131zdan bahsedin.\",\"breadcrumb\":{\"@id\":\"https:\/\/ict.com.tr\/tr\/cozumler\/#breadcrumb\"},\"inLanguage\":\"tr\",\"potentialAction\":[{\"@type\":\"ReadAction\",\"target\":[\"https:\/\/ict.com.tr\/tr\/cozumler\/\"]}]},{\"@type\":\"ImageObject\",\"inLanguage\":\"tr\",\"@id\":\"https:\/\/ict.com.tr\/tr\/cozumler\/#primaryimage\",\"url\":\"https:\/\/ict.com.tr\/wp-content\/uploads\/2020\/11\/sektorler-4.jpg\",\"contentUrl\":\"https:\/\/ict.com.tr\/wp-content\/uploads\/2020\/11\/sektorler-4.jpg\",\"width\":1920,\"height\":500},{\"@type\":\"BreadcrumbList\",\"@id\":\"https:\/\/ict.com.tr\/tr\/cozumler\/#breadcrumb\",\"itemListElement\":[{\"@type\":\"ListItem\",\"position\":1,\"name\":\"Home\",\"item\":\"https:\/\/ict.com.tr\/tr\/\"},{\"@type\":\"ListItem\",\"position\":2,\"name\":\"\u00c7\u00f6z\u00fcmler\"}]},{\"@type\":\"WebSite\",\"@id\":\"https:\/\/ict.com.tr\/#website\",\"url\":\"https:\/\/ict.com.tr\/\",\"name\":\"ICT Telekom\u00fcnikasyon\",\"description\":\"\",\"potentialAction\":[{\"@type\":\"SearchAction\",\"target\":{\"@type\":\"EntryPoint\",\"urlTemplate\":\"https:\/\/ict.com.tr\/?s={search_term_string}\"},\"query-input\":{\"@type\":\"PropertyValueSpecification\",\"valueRequired\":true,\"valueName\":\"search_term_string\"}}],\"inLanguage\":\"tr\"}]}<\/script>\n<!-- \/ Yoast SEO plugin. -->","yoast_head_json":{"title":"ICT Telekom\u00fcnikasyon - \u00c7\u00f6z\u00fcmler","description":"Sat\u0131\u015f elemanlar\u0131m\u0131zdan birinin sizinle ileti\u015fime ge\u00e7ebilmesi i\u00e7in l\u00fctfen bize kendinizden ve i\u015f ihtiya\u00e7lar\u0131n\u0131zdan bahsedin.","robots":{"index":"index","follow":"follow","max-snippet":"max-snippet:-1","max-image-preview":"max-image-preview:large","max-video-preview":"max-video-preview:-1"},"canonical":"https:\/\/ict.com.tr\/tr\/cozumler\/","og_locale":"tr_TR","og_type":"article","og_title":"ICT Telekom\u00fcnikasyon - \u00c7\u00f6z\u00fcmler","og_description":"Sat\u0131\u015f elemanlar\u0131m\u0131zdan birinin sizinle ileti\u015fime ge\u00e7ebilmesi i\u00e7in l\u00fctfen bize kendinizden ve i\u015f ihtiya\u00e7lar\u0131n\u0131zdan bahsedin.","og_url":"https:\/\/ict.com.tr\/tr\/cozumler\/","og_site_name":"ICT Telekom\u00fcnikasyon","article_modified_time":"2023-10-30T12:24:32+00:00","og_image":[{"width":1920,"height":500,"url":"https:\/\/ict.com.tr\/wp-content\/uploads\/2020\/11\/sektorler-4.jpg","type":"image\/jpeg"}],"twitter_card":"summary_large_image","twitter_misc":{"Tahmini okuma s\u00fcresi":"1 dakika"},"schema":{"@context":"https:\/\/schema.org","@graph":[{"@type":"WebPage","@id":"https:\/\/ict.com.tr\/tr\/cozumler\/","url":"https:\/\/ict.com.tr\/tr\/cozumler\/","name":"ICT Telekom\u00fcnikasyon - \u00c7\u00f6z\u00fcmler","isPartOf":{"@id":"https:\/\/ict.com.tr\/#website"},"primaryImageOfPage":{"@id":"https:\/\/ict.com.tr\/tr\/cozumler\/#primaryimage"},"image":{"@id":"https:\/\/ict.com.tr\/tr\/cozumler\/#primaryimage"},"thumbnailUrl":"https:\/\/ict.com.tr\/wp-content\/uploads\/2020\/11\/sektorler-4.jpg","datePublished":"2020-08-21T12:26:26+00:00","dateModified":"2023-10-30T12:24:32+00:00","description":"Sat\u0131\u015f elemanlar\u0131m\u0131zdan birinin sizinle ileti\u015fime ge\u00e7ebilmesi i\u00e7in l\u00fctfen bize kendinizden ve i\u015f ihtiya\u00e7lar\u0131n\u0131zdan bahsedin.","breadcrumb":{"@id":"https:\/\/ict.com.tr\/tr\/cozumler\/#breadcrumb"},"inLanguage":"tr","potentialAction":[{"@type":"ReadAction","target":["https:\/\/ict.com.tr\/tr\/cozumler\/"]}]},{"@type":"ImageObject","inLanguage":"tr","@id":"https:\/\/ict.com.tr\/tr\/cozumler\/#primaryimage","url":"https:\/\/ict.com.tr\/wp-content\/uploads\/2020\/11\/sektorler-4.jpg","contentUrl":"https:\/\/ict.com.tr\/wp-content\/uploads\/2020\/11\/sektorler-4.jpg","width":1920,"height":500},{"@type":"BreadcrumbList","@id":"https:\/\/ict.com.tr\/tr\/cozumler\/#breadcrumb","itemListElement":[{"@type":"ListItem","position":1,"name":"Home","item":"https:\/\/ict.com.tr\/tr\/"},{"@type":"ListItem","position":2,"name":"\u00c7\u00f6z\u00fcmler"}]},{"@type":"WebSite","@id":"https:\/\/ict.com.tr\/#website","url":"https:\/\/ict.com.tr\/","name":"ICT Telekom\u00fcnikasyon","description":"","potentialAction":[{"@type":"SearchAction","target":{"@type":"EntryPoint","urlTemplate":"https:\/\/ict.com.tr\/?s={search_term_string}"},"query-input":{"@type":"PropertyValueSpecification","valueRequired":true,"valueName":"search_term_string"}}],"inLanguage":"tr"}]}},"_links":{"self":[{"href":"https:\/\/ict.com.tr\/tr\/wp-json\/wp\/v2\/pages\/118","targetHints":{"allow":["GET"]}}],"collection":[{"href":"https:\/\/ict.com.tr\/tr\/wp-json\/wp\/v2\/pages"}],"about":[{"href":"https:\/\/ict.com.tr\/tr\/wp-json\/wp\/v2\/types\/page"}],"author":[{"embeddable":true,"href":"https:\/\/ict.com.tr\/tr\/wp-json\/wp\/v2\/users\/1"}],"replies":[{"embeddable":true,"href":"https:\/\/ict.com.tr\/tr\/wp-json\/wp\/v2\/comments?post=118"}],"version-history":[{"count":23,"href":"https:\/\/ict.com.tr\/tr\/wp-json\/wp\/v2\/pages\/118\/revisions"}],"predecessor-version":[{"id":3657,"href":"https:\/\/ict.com.tr\/tr\/wp-json\/wp\/v2\/pages\/118\/revisions\/3657"}],"wp:featuredmedia":[{"embeddable":true,"href":"https:\/\/ict.com.tr\/tr\/wp-json\/wp\/v2\/media\/2682"}],"wp:attachment":[{"href":"https:\/\/ict.com.tr\/tr\/wp-json\/wp\/v2\/media?parent=118"}],"curies":[{"name":"wp","href":"https:\/\/api.w.org\/{rel}","templated":true}]}}