{"id":116,"date":"2020-08-21T12:26:10","date_gmt":"2020-08-21T12:26:10","guid":{"rendered":"http:\/\/ict-kurumsal.lc\/services\/"},"modified":"2025-10-13T13:18:01","modified_gmt":"2025-10-13T13:18:01","slug":"hizmetlerimiz","status":"publish","type":"page","link":"https:\/\/ict.com.tr\/tr\/hizmetlerimiz\/","title":{"rendered":"Hizmetlerimiz"},"content":{"rendered":"<div class=\"wpb-content-wrapper\"><p>[vc_row][vc_column][vc_custom_heading text=&#8221;Hizmetlerimiz&#8221;][vc_column_text css=&#8221;&#8221;]<span style=\"font-weight: 400;\">ICT Telekom\u00fcnikasyon, Medya &amp; Yay\u0131nc\u0131l\u0131k, Uydu Networkleri, Teleport, TV da\u011f\u0131t\u0131m\u0131 ve Uplink &amp; Downlink faaliyet alanlar\u0131nda \u00fcr\u00fcn ve hizmet sunar.<\/span>[\/vc_column_text][vc_empty_space height=&#8221;30px&#8221;][vc_column_text css=&#8221;.vc_custom_1606116082617{margin-top: 30px !important;}&#8221;]<div id=\"section_posts\" class=\"row \">\n                <div class=\"col-xl-3 col-lg-3 col-12  animate__animated wow animate__zoomIn animate__faster empty\" data-wow-delay=\"000ms\">\n                    <a href=\"https:\/\/ict.com.tr\/tr\/hizmetlerimiz\/uydu-ag-hizmetleri\/teleport-hizmetleri\/\">\n\n                            <div>\n                                <img decoding=\"async\" src=\"data:image\/gif;base64,R0lGODlhAQABAIAAAAAAAP\/\/\/yH5BAEAAAAALAAAAAABAAEAAAIBRAA7\" style=\"background: url('https:\/\/ict.com.tr\/wp-content\/uploads\/2020\/11\/teleport-uydu-network-hizmetleri-background-1-1.jpg') no-repeat center center;  width: 100%; height:210px\"  >\n                                <p class=\"arsiv_content_title\">Teleport Hizmetleri<\/p>\n                            <\/div>\n\n\n                    <\/a>\n                <\/div>\n            \n                <div class=\"col-xl-3 col-lg-3 col-12  animate__animated wow animate__zoomIn animate__faster empty\" data-wow-delay=\"500ms\">\n                    <a href=\"https:\/\/ict.com.tr\/tr\/hizmetlerimiz\/uydu-ag-hizmetleri\/\">\n\n                            <div>\n                                <img decoding=\"async\" src=\"data:image\/gif;base64,R0lGODlhAQABAIAAAAAAAP\/\/\/yH5BAEAAAAALAAAAAABAAEAAAIBRAA7\" style=\"background: url('https:\/\/ict.com.tr\/wp-content\/uploads\/2020\/11\/haberlesme-teknolojileri-background-1.jpg') no-repeat center center;  width: 100%; height:210px\"  >\n                                <p class=\"arsiv_content_title\">Uydu A\u011f Hizmetleri<\/p>\n                            <\/div>\n\n\n                    <\/a>\n                <\/div>\n            <\/div> <p><\/p>[\/vc_column_text][\/vc_column][\/vc_row]<\/p>\n<\/div>","protected":false},"excerpt":{"rendered":"<p>[vc_row][vc_column][vc_custom_heading text=&#8221;Hizmetlerimiz&#8221;][vc_column_text css=&#8221;&#8221;]ICT Telekom\u00fcnikasyon, Medya &amp; Yay\u0131nc\u0131l\u0131k, Uydu Networkleri, Teleport, TV da\u011f\u0131t\u0131m\u0131 ve Uplink &amp; Downlink faaliyet alanlar\u0131nda \u00fcr\u00fcn ve [&hellip;]<\/p>\n","protected":false},"author":1,"featured_media":2679,"parent":0,"menu_order":0,"comment_status":"closed","ping_status":"closed","template":"","meta":{"_acf_changed":false,"footnotes":""},"class_list":["post-116","page","type-page","status-publish","has-post-thumbnail","hentry"],"acf":[],"yoast_head":"<!-- This site is optimized with the Yoast SEO plugin v27.2 - https:\/\/yoast.com\/product\/yoast-seo-wordpress\/ -->\n<title>ICT Telekom\u00fcnikasyon - Hizmetlerimiz<\/title>\n<meta name=\"description\" content=\"ICT Telekom\u00fcnikasyon, Medya &amp; Yay\u0131nc\u0131l\u0131k, Uydu Networkleri, Teleport, TV da\u011f\u0131t\u0131m\u0131 faaliyet alanlar\u0131nda \u00fcr\u00fcn ve hizmet sunar.\" \/>\n<meta name=\"robots\" content=\"index, follow, max-snippet:-1, max-image-preview:large, max-video-preview:-1\" \/>\n<link rel=\"canonical\" href=\"https:\/\/ict.com.tr\/tr\/hizmetlerimiz\/\" \/>\n<meta property=\"og:locale\" content=\"tr_TR\" \/>\n<meta property=\"og:type\" content=\"article\" \/>\n<meta property=\"og:title\" content=\"ICT Telekom\u00fcnikasyon - Hizmetlerimiz\" \/>\n<meta property=\"og:description\" content=\"ICT Telekom\u00fcnikasyon, Medya &amp; Yay\u0131nc\u0131l\u0131k, Uydu Networkleri, Teleport, TV da\u011f\u0131t\u0131m\u0131 faaliyet alanlar\u0131nda \u00fcr\u00fcn ve hizmet sunar.\" \/>\n<meta property=\"og:url\" content=\"https:\/\/ict.com.tr\/tr\/hizmetlerimiz\/\" \/>\n<meta property=\"og:site_name\" content=\"ICT Telekom\u00fcnikasyon\" \/>\n<meta property=\"article:modified_time\" content=\"2025-10-13T13:18:01+00:00\" \/>\n<meta property=\"og:image\" content=\"https:\/\/ict.com.tr\/wp-content\/uploads\/2020\/11\/faliyet-alani-4.jpg\" \/>\n\t<meta property=\"og:image:width\" content=\"1920\" \/>\n\t<meta property=\"og:image:height\" content=\"500\" \/>\n\t<meta property=\"og:image:type\" content=\"image\/jpeg\" \/>\n<meta name=\"twitter:card\" content=\"summary_large_image\" \/>\n<meta name=\"twitter:label1\" content=\"Tahmini okuma s\u00fcresi\" \/>\n\t<meta name=\"twitter:data1\" content=\"1 dakika\" \/>\n<script type=\"application\/ld+json\" class=\"yoast-schema-graph\">{\"@context\":\"https:\/\/schema.org\",\"@graph\":[{\"@type\":\"WebPage\",\"@id\":\"https:\/\/ict.com.tr\/tr\/hizmetlerimiz\/\",\"url\":\"https:\/\/ict.com.tr\/tr\/hizmetlerimiz\/\",\"name\":\"ICT Telekom\u00fcnikasyon - Hizmetlerimiz\",\"isPartOf\":{\"@id\":\"https:\/\/ict.com.tr\/#website\"},\"primaryImageOfPage\":{\"@id\":\"https:\/\/ict.com.tr\/tr\/hizmetlerimiz\/#primaryimage\"},\"image\":{\"@id\":\"https:\/\/ict.com.tr\/tr\/hizmetlerimiz\/#primaryimage\"},\"thumbnailUrl\":\"https:\/\/ict.com.tr\/wp-content\/uploads\/2020\/11\/faliyet-alani-4.jpg\",\"datePublished\":\"2020-08-21T12:26:10+00:00\",\"dateModified\":\"2025-10-13T13:18:01+00:00\",\"description\":\"ICT Telekom\u00fcnikasyon, Medya & Yay\u0131nc\u0131l\u0131k, Uydu Networkleri, Teleport, TV da\u011f\u0131t\u0131m\u0131 faaliyet alanlar\u0131nda \u00fcr\u00fcn ve hizmet sunar.\",\"breadcrumb\":{\"@id\":\"https:\/\/ict.com.tr\/tr\/hizmetlerimiz\/#breadcrumb\"},\"inLanguage\":\"tr\",\"potentialAction\":[{\"@type\":\"ReadAction\",\"target\":[\"https:\/\/ict.com.tr\/tr\/hizmetlerimiz\/\"]}]},{\"@type\":\"ImageObject\",\"inLanguage\":\"tr\",\"@id\":\"https:\/\/ict.com.tr\/tr\/hizmetlerimiz\/#primaryimage\",\"url\":\"https:\/\/ict.com.tr\/wp-content\/uploads\/2020\/11\/faliyet-alani-4.jpg\",\"contentUrl\":\"https:\/\/ict.com.tr\/wp-content\/uploads\/2020\/11\/faliyet-alani-4.jpg\",\"width\":1920,\"height\":500},{\"@type\":\"BreadcrumbList\",\"@id\":\"https:\/\/ict.com.tr\/tr\/hizmetlerimiz\/#breadcrumb\",\"itemListElement\":[{\"@type\":\"ListItem\",\"position\":1,\"name\":\"Home\",\"item\":\"https:\/\/ict.com.tr\/tr\/\"},{\"@type\":\"ListItem\",\"position\":2,\"name\":\"Hizmetlerimiz\"}]},{\"@type\":\"WebSite\",\"@id\":\"https:\/\/ict.com.tr\/#website\",\"url\":\"https:\/\/ict.com.tr\/\",\"name\":\"ICT Telekom\u00fcnikasyon\",\"description\":\"\",\"potentialAction\":[{\"@type\":\"SearchAction\",\"target\":{\"@type\":\"EntryPoint\",\"urlTemplate\":\"https:\/\/ict.com.tr\/?s={search_term_string}\"},\"query-input\":{\"@type\":\"PropertyValueSpecification\",\"valueRequired\":true,\"valueName\":\"search_term_string\"}}],\"inLanguage\":\"tr\"}]}<\/script>\n<!-- \/ Yoast SEO plugin. -->","yoast_head_json":{"title":"ICT Telekom\u00fcnikasyon - Hizmetlerimiz","description":"ICT Telekom\u00fcnikasyon, Medya & Yay\u0131nc\u0131l\u0131k, Uydu Networkleri, Teleport, TV da\u011f\u0131t\u0131m\u0131 faaliyet alanlar\u0131nda \u00fcr\u00fcn ve hizmet sunar.","robots":{"index":"index","follow":"follow","max-snippet":"max-snippet:-1","max-image-preview":"max-image-preview:large","max-video-preview":"max-video-preview:-1"},"canonical":"https:\/\/ict.com.tr\/tr\/hizmetlerimiz\/","og_locale":"tr_TR","og_type":"article","og_title":"ICT Telekom\u00fcnikasyon - Hizmetlerimiz","og_description":"ICT Telekom\u00fcnikasyon, Medya & Yay\u0131nc\u0131l\u0131k, Uydu Networkleri, Teleport, TV da\u011f\u0131t\u0131m\u0131 faaliyet alanlar\u0131nda \u00fcr\u00fcn ve hizmet sunar.","og_url":"https:\/\/ict.com.tr\/tr\/hizmetlerimiz\/","og_site_name":"ICT Telekom\u00fcnikasyon","article_modified_time":"2025-10-13T13:18:01+00:00","og_image":[{"width":1920,"height":500,"url":"https:\/\/ict.com.tr\/wp-content\/uploads\/2020\/11\/faliyet-alani-4.jpg","type":"image\/jpeg"}],"twitter_card":"summary_large_image","twitter_misc":{"Tahmini okuma s\u00fcresi":"1 dakika"},"schema":{"@context":"https:\/\/schema.org","@graph":[{"@type":"WebPage","@id":"https:\/\/ict.com.tr\/tr\/hizmetlerimiz\/","url":"https:\/\/ict.com.tr\/tr\/hizmetlerimiz\/","name":"ICT Telekom\u00fcnikasyon - Hizmetlerimiz","isPartOf":{"@id":"https:\/\/ict.com.tr\/#website"},"primaryImageOfPage":{"@id":"https:\/\/ict.com.tr\/tr\/hizmetlerimiz\/#primaryimage"},"image":{"@id":"https:\/\/ict.com.tr\/tr\/hizmetlerimiz\/#primaryimage"},"thumbnailUrl":"https:\/\/ict.com.tr\/wp-content\/uploads\/2020\/11\/faliyet-alani-4.jpg","datePublished":"2020-08-21T12:26:10+00:00","dateModified":"2025-10-13T13:18:01+00:00","description":"ICT Telekom\u00fcnikasyon, Medya & Yay\u0131nc\u0131l\u0131k, Uydu Networkleri, Teleport, TV da\u011f\u0131t\u0131m\u0131 faaliyet alanlar\u0131nda \u00fcr\u00fcn ve hizmet sunar.","breadcrumb":{"@id":"https:\/\/ict.com.tr\/tr\/hizmetlerimiz\/#breadcrumb"},"inLanguage":"tr","potentialAction":[{"@type":"ReadAction","target":["https:\/\/ict.com.tr\/tr\/hizmetlerimiz\/"]}]},{"@type":"ImageObject","inLanguage":"tr","@id":"https:\/\/ict.com.tr\/tr\/hizmetlerimiz\/#primaryimage","url":"https:\/\/ict.com.tr\/wp-content\/uploads\/2020\/11\/faliyet-alani-4.jpg","contentUrl":"https:\/\/ict.com.tr\/wp-content\/uploads\/2020\/11\/faliyet-alani-4.jpg","width":1920,"height":500},{"@type":"BreadcrumbList","@id":"https:\/\/ict.com.tr\/tr\/hizmetlerimiz\/#breadcrumb","itemListElement":[{"@type":"ListItem","position":1,"name":"Home","item":"https:\/\/ict.com.tr\/tr\/"},{"@type":"ListItem","position":2,"name":"Hizmetlerimiz"}]},{"@type":"WebSite","@id":"https:\/\/ict.com.tr\/#website","url":"https:\/\/ict.com.tr\/","name":"ICT Telekom\u00fcnikasyon","description":"","potentialAction":[{"@type":"SearchAction","target":{"@type":"EntryPoint","urlTemplate":"https:\/\/ict.com.tr\/?s={search_term_string}"},"query-input":{"@type":"PropertyValueSpecification","valueRequired":true,"valueName":"search_term_string"}}],"inLanguage":"tr"}]}},"_links":{"self":[{"href":"https:\/\/ict.com.tr\/tr\/wp-json\/wp\/v2\/pages\/116","targetHints":{"allow":["GET"]}}],"collection":[{"href":"https:\/\/ict.com.tr\/tr\/wp-json\/wp\/v2\/pages"}],"about":[{"href":"https:\/\/ict.com.tr\/tr\/wp-json\/wp\/v2\/types\/page"}],"author":[{"embeddable":true,"href":"https:\/\/ict.com.tr\/tr\/wp-json\/wp\/v2\/users\/1"}],"replies":[{"embeddable":true,"href":"https:\/\/ict.com.tr\/tr\/wp-json\/wp\/v2\/comments?post=116"}],"version-history":[{"count":19,"href":"https:\/\/ict.com.tr\/tr\/wp-json\/wp\/v2\/pages\/116\/revisions"}],"predecessor-version":[{"id":4288,"href":"https:\/\/ict.com.tr\/tr\/wp-json\/wp\/v2\/pages\/116\/revisions\/4288"}],"wp:featuredmedia":[{"embeddable":true,"href":"https:\/\/ict.com.tr\/tr\/wp-json\/wp\/v2\/media\/2679"}],"wp:attachment":[{"href":"https:\/\/ict.com.tr\/tr\/wp-json\/wp\/v2\/media?parent=116"}],"curies":[{"name":"wp","href":"https:\/\/api.w.org\/{rel}","templated":true}]}}