{"id":108,"date":"2020-08-21T09:43:03","date_gmt":"2020-08-21T09:43:03","guid":{"rendered":"http:\/\/ict-kurumsal.lc\/sample-page\/"},"modified":"2025-12-16T07:31:00","modified_gmt":"2025-12-16T07:31:00","slug":"kurumsal","status":"publish","type":"page","link":"https:\/\/ict.com.tr\/tr\/kurumsal\/","title":{"rendered":"Kurumsal"},"content":{"rendered":"<div class=\"wpb-content-wrapper\"><p>[vc_row][vc_column width=&#8221;1\/2&#8243;][vc_column_text css=&#8221;&#8221;]\u201c2002 y\u0131l\u0131nda kurulan ICT Telekom\u00fcnikasyon; T\u00fcrkiye, Ortado\u011fu, T\u00fcrki Cumhuriyetler ve Afrika pazar\u0131nda uydu teknolojisine dayal\u0131 radyo ve televizyon yay\u0131nc\u0131l\u0131k hizmetleri, geni\u015fbant Internet ve veri iletim servisleri, bu servislere ait sistem ve altyap\u0131 entegrasyon hizmetleri sunar.<\/p>\n<p>Uydu ileti\u015fim teknolojileriyle ilgili her alanda faaliyetlerini geni\u015fleten ICT Telekom\u00fcnikasyon, radyo ve televizyon yay\u0131nc\u0131l\u0131\u011f\u0131 alan\u0131nda s\u00fcrekli veya ge\u00e7ici kapasite servislerinin yan\u0131nda lisans dan\u0131\u015fmanl\u0131k hizmetleri, uplink sistemleri, A\/V aktar\u0131m \u00e7\u00f6z\u00fcmleri, SNG hizmetleri, CDN (Web Streaming) ve IP TV \u00e7\u00f6z\u00fcmlerini i\u00e7eren geni\u015f bir yelpazeye sahiptir. T\u00fcrkiye\u2019de, BTK taraf\u0131ndan lisansl\u0131 yasal bir sa\u011flay\u0131c\u0131 olarak geni\u015fbant Internet ve data hizmetleri sunmakla beraber, VSAT \u00e7\u00f6z\u00fcmleri i\u00e7erisinde SCPC, TDMA teknolojilerini kullanarak kurumsal ileti\u015fim servisleri sa\u011flamaktad\u0131r. Ayn\u0131 zamanda SOTM teknolojisi ile birlikte Mobil VSAT hizmetleri de sunmaktad\u0131r.\u201d[\/vc_column_text][\/vc_column][vc_column width=&#8221;1\/2&#8243;][vc_single_image image=&#8221;4333&#8243; img_size=&#8221;full&#8221; css=&#8221;&#8221;][\/vc_column][\/vc_row]<\/p>\n<\/div>","protected":false},"excerpt":{"rendered":"<p>[vc_row][vc_column width=&#8221;1\/2&#8243;][vc_column_text css=&#8221;&#8221;]\u201c2002 y\u0131l\u0131nda kurulan ICT Telekom\u00fcnikasyon; T\u00fcrkiye, Ortado\u011fu, T\u00fcrki Cumhuriyetler ve Afrika pazar\u0131nda uydu teknolojisine dayal\u0131 radyo ve televizyon [&hellip;]<\/p>\n","protected":false},"author":1,"featured_media":2671,"parent":0,"menu_order":0,"comment_status":"closed","ping_status":"closed","template":"","meta":{"_acf_changed":false,"footnotes":""},"class_list":["post-108","page","type-page","status-publish","has-post-thumbnail","hentry"],"acf":[],"yoast_head":"<!-- This site is optimized with the Yoast SEO plugin v27.2 - https:\/\/yoast.com\/product\/yoast-seo-wordpress\/ -->\n<title>ICT Telekom\u00fcnikasyon - Kurumsal<\/title>\n<meta name=\"description\" content=\"2002 y\u0131l\u0131nda kurulan ICT Telekom\u00fcnikasyon; T\u00fcrkiye, Ortado\u011fu, T\u00fcrki Cumhuriyetler ve Afrika pazar\u0131nda ba\u015flad\u0131.\" \/>\n<meta name=\"robots\" content=\"index, follow, max-snippet:-1, max-image-preview:large, max-video-preview:-1\" \/>\n<link rel=\"canonical\" href=\"https:\/\/ict.com.tr\/tr\/kurumsal\/\" \/>\n<meta property=\"og:locale\" content=\"tr_TR\" \/>\n<meta property=\"og:type\" content=\"article\" \/>\n<meta property=\"og:title\" content=\"ICT Telekom\u00fcnikasyon - Kurumsal\" \/>\n<meta property=\"og:description\" content=\"2002 y\u0131l\u0131nda kurulan ICT Telekom\u00fcnikasyon; T\u00fcrkiye, Ortado\u011fu, T\u00fcrki Cumhuriyetler ve Afrika pazar\u0131nda ba\u015flad\u0131.\" \/>\n<meta property=\"og:url\" content=\"https:\/\/ict.com.tr\/tr\/kurumsal\/\" \/>\n<meta property=\"og:site_name\" content=\"ICT Telekom\u00fcnikasyon\" \/>\n<meta property=\"article:modified_time\" content=\"2025-12-16T07:31:00+00:00\" \/>\n<meta property=\"og:image\" content=\"https:\/\/ict.com.tr\/wp-content\/uploads\/2020\/11\/surdurulebilirlik-background-1-2.jpg\" \/>\n\t<meta property=\"og:image:width\" content=\"1920\" \/>\n\t<meta property=\"og:image:height\" content=\"500\" \/>\n\t<meta property=\"og:image:type\" content=\"image\/jpeg\" \/>\n<meta name=\"twitter:card\" content=\"summary_large_image\" \/>\n<meta name=\"twitter:label1\" content=\"Tahmini okuma s\u00fcresi\" \/>\n\t<meta name=\"twitter:data1\" content=\"1 dakika\" \/>\n<script type=\"application\/ld+json\" class=\"yoast-schema-graph\">{\"@context\":\"https:\/\/schema.org\",\"@graph\":[{\"@type\":\"WebPage\",\"@id\":\"https:\/\/ict.com.tr\/tr\/kurumsal\/\",\"url\":\"https:\/\/ict.com.tr\/tr\/kurumsal\/\",\"name\":\"ICT Telekom\u00fcnikasyon - Kurumsal\",\"isPartOf\":{\"@id\":\"https:\/\/ict.com.tr\/#website\"},\"primaryImageOfPage\":{\"@id\":\"https:\/\/ict.com.tr\/tr\/kurumsal\/#primaryimage\"},\"image\":{\"@id\":\"https:\/\/ict.com.tr\/tr\/kurumsal\/#primaryimage\"},\"thumbnailUrl\":\"https:\/\/ict.com.tr\/wp-content\/uploads\/2020\/11\/surdurulebilirlik-background-1-2.jpg\",\"datePublished\":\"2020-08-21T09:43:03+00:00\",\"dateModified\":\"2025-12-16T07:31:00+00:00\",\"description\":\"2002 y\u0131l\u0131nda kurulan ICT Telekom\u00fcnikasyon; T\u00fcrkiye, Ortado\u011fu, T\u00fcrki Cumhuriyetler ve Afrika pazar\u0131nda ba\u015flad\u0131.\",\"breadcrumb\":{\"@id\":\"https:\/\/ict.com.tr\/tr\/kurumsal\/#breadcrumb\"},\"inLanguage\":\"tr\",\"potentialAction\":[{\"@type\":\"ReadAction\",\"target\":[\"https:\/\/ict.com.tr\/tr\/kurumsal\/\"]}]},{\"@type\":\"ImageObject\",\"inLanguage\":\"tr\",\"@id\":\"https:\/\/ict.com.tr\/tr\/kurumsal\/#primaryimage\",\"url\":\"https:\/\/ict.com.tr\/wp-content\/uploads\/2020\/11\/surdurulebilirlik-background-1-2.jpg\",\"contentUrl\":\"https:\/\/ict.com.tr\/wp-content\/uploads\/2020\/11\/surdurulebilirlik-background-1-2.jpg\",\"width\":1920,\"height\":500},{\"@type\":\"BreadcrumbList\",\"@id\":\"https:\/\/ict.com.tr\/tr\/kurumsal\/#breadcrumb\",\"itemListElement\":[{\"@type\":\"ListItem\",\"position\":1,\"name\":\"Home\",\"item\":\"https:\/\/ict.com.tr\/tr\/\"},{\"@type\":\"ListItem\",\"position\":2,\"name\":\"Kurumsal\"}]},{\"@type\":\"WebSite\",\"@id\":\"https:\/\/ict.com.tr\/#website\",\"url\":\"https:\/\/ict.com.tr\/\",\"name\":\"ICT Telekom\u00fcnikasyon\",\"description\":\"\",\"potentialAction\":[{\"@type\":\"SearchAction\",\"target\":{\"@type\":\"EntryPoint\",\"urlTemplate\":\"https:\/\/ict.com.tr\/?s={search_term_string}\"},\"query-input\":{\"@type\":\"PropertyValueSpecification\",\"valueRequired\":true,\"valueName\":\"search_term_string\"}}],\"inLanguage\":\"tr\"}]}<\/script>\n<!-- \/ Yoast SEO plugin. -->","yoast_head_json":{"title":"ICT Telekom\u00fcnikasyon - Kurumsal","description":"2002 y\u0131l\u0131nda kurulan ICT Telekom\u00fcnikasyon; T\u00fcrkiye, Ortado\u011fu, T\u00fcrki Cumhuriyetler ve Afrika pazar\u0131nda ba\u015flad\u0131.","robots":{"index":"index","follow":"follow","max-snippet":"max-snippet:-1","max-image-preview":"max-image-preview:large","max-video-preview":"max-video-preview:-1"},"canonical":"https:\/\/ict.com.tr\/tr\/kurumsal\/","og_locale":"tr_TR","og_type":"article","og_title":"ICT Telekom\u00fcnikasyon - Kurumsal","og_description":"2002 y\u0131l\u0131nda kurulan ICT Telekom\u00fcnikasyon; T\u00fcrkiye, Ortado\u011fu, T\u00fcrki Cumhuriyetler ve Afrika pazar\u0131nda ba\u015flad\u0131.","og_url":"https:\/\/ict.com.tr\/tr\/kurumsal\/","og_site_name":"ICT Telekom\u00fcnikasyon","article_modified_time":"2025-12-16T07:31:00+00:00","og_image":[{"width":1920,"height":500,"url":"https:\/\/ict.com.tr\/wp-content\/uploads\/2020\/11\/surdurulebilirlik-background-1-2.jpg","type":"image\/jpeg"}],"twitter_card":"summary_large_image","twitter_misc":{"Tahmini okuma s\u00fcresi":"1 dakika"},"schema":{"@context":"https:\/\/schema.org","@graph":[{"@type":"WebPage","@id":"https:\/\/ict.com.tr\/tr\/kurumsal\/","url":"https:\/\/ict.com.tr\/tr\/kurumsal\/","name":"ICT Telekom\u00fcnikasyon - Kurumsal","isPartOf":{"@id":"https:\/\/ict.com.tr\/#website"},"primaryImageOfPage":{"@id":"https:\/\/ict.com.tr\/tr\/kurumsal\/#primaryimage"},"image":{"@id":"https:\/\/ict.com.tr\/tr\/kurumsal\/#primaryimage"},"thumbnailUrl":"https:\/\/ict.com.tr\/wp-content\/uploads\/2020\/11\/surdurulebilirlik-background-1-2.jpg","datePublished":"2020-08-21T09:43:03+00:00","dateModified":"2025-12-16T07:31:00+00:00","description":"2002 y\u0131l\u0131nda kurulan ICT Telekom\u00fcnikasyon; T\u00fcrkiye, Ortado\u011fu, T\u00fcrki Cumhuriyetler ve Afrika pazar\u0131nda ba\u015flad\u0131.","breadcrumb":{"@id":"https:\/\/ict.com.tr\/tr\/kurumsal\/#breadcrumb"},"inLanguage":"tr","potentialAction":[{"@type":"ReadAction","target":["https:\/\/ict.com.tr\/tr\/kurumsal\/"]}]},{"@type":"ImageObject","inLanguage":"tr","@id":"https:\/\/ict.com.tr\/tr\/kurumsal\/#primaryimage","url":"https:\/\/ict.com.tr\/wp-content\/uploads\/2020\/11\/surdurulebilirlik-background-1-2.jpg","contentUrl":"https:\/\/ict.com.tr\/wp-content\/uploads\/2020\/11\/surdurulebilirlik-background-1-2.jpg","width":1920,"height":500},{"@type":"BreadcrumbList","@id":"https:\/\/ict.com.tr\/tr\/kurumsal\/#breadcrumb","itemListElement":[{"@type":"ListItem","position":1,"name":"Home","item":"https:\/\/ict.com.tr\/tr\/"},{"@type":"ListItem","position":2,"name":"Kurumsal"}]},{"@type":"WebSite","@id":"https:\/\/ict.com.tr\/#website","url":"https:\/\/ict.com.tr\/","name":"ICT Telekom\u00fcnikasyon","description":"","potentialAction":[{"@type":"SearchAction","target":{"@type":"EntryPoint","urlTemplate":"https:\/\/ict.com.tr\/?s={search_term_string}"},"query-input":{"@type":"PropertyValueSpecification","valueRequired":true,"valueName":"search_term_string"}}],"inLanguage":"tr"}]}},"_links":{"self":[{"href":"https:\/\/ict.com.tr\/tr\/wp-json\/wp\/v2\/pages\/108","targetHints":{"allow":["GET"]}}],"collection":[{"href":"https:\/\/ict.com.tr\/tr\/wp-json\/wp\/v2\/pages"}],"about":[{"href":"https:\/\/ict.com.tr\/tr\/wp-json\/wp\/v2\/types\/page"}],"author":[{"embeddable":true,"href":"https:\/\/ict.com.tr\/tr\/wp-json\/wp\/v2\/users\/1"}],"replies":[{"embeddable":true,"href":"https:\/\/ict.com.tr\/tr\/wp-json\/wp\/v2\/comments?post=108"}],"version-history":[{"count":10,"href":"https:\/\/ict.com.tr\/tr\/wp-json\/wp\/v2\/pages\/108\/revisions"}],"predecessor-version":[{"id":4349,"href":"https:\/\/ict.com.tr\/tr\/wp-json\/wp\/v2\/pages\/108\/revisions\/4349"}],"wp:featuredmedia":[{"embeddable":true,"href":"https:\/\/ict.com.tr\/tr\/wp-json\/wp\/v2\/media\/2671"}],"wp:attachment":[{"href":"https:\/\/ict.com.tr\/tr\/wp-json\/wp\/v2\/media?parent=108"}],"curies":[{"name":"wp","href":"https:\/\/api.w.org\/{rel}","templated":true}]}}