{"id":1052,"date":"2020-11-11T14:05:39","date_gmt":"2020-11-11T14:05:39","guid":{"rendered":"http:\/\/profenict.bootests.com\/?page_id=1052"},"modified":"2023-10-30T13:12:16","modified_gmt":"2023-10-30T13:12:16","slug":"%d9%88%d8%b8%d8%a7%d8%a6%d9%81","status":"publish","type":"page","link":"https:\/\/ict.com.tr\/ar\/%d9%83%d9%88%d8%b1%d9%88%d9%85%d8%b3%d8%a7%d9%84\/%d9%88%d8%b8%d8%a7%d8%a6%d9%81\/","title":{"rendered":"\u0648\u0638\u0627\u0626\u0641"},"content":{"rendered":"<div class=\"wpb-content-wrapper\"><p>[vc_row css=&#8221;.vc_custom_1605511818729{background-color: #e5e5e5 !important;}&#8221;][vc_column][vc_row_inner][vc_column_inner width=&#8221;1\/2&#8243;][vc_custom_heading text=&#8221;General Application&#8221; font_container=&#8221;tag:h2|text_align:right&#8221;][vc_column_text]The General Application is not for a given specific position.<\/p>\n<p>If we do not have a vacancy in the field you want to apply for, you can write the field, position, location information you wish to be evaluated in the \u201cWhat You Want to Add\u201d section.<\/p>\n<p>If your qualifications and career expectations match our requirements, you will be contacted. Your applications will only be examined by Profen Human Resources and all applications will be evaluated on the basis of confidentiality.<\/p>\n<p>We would like to thank you for your interest and we wish you success in your working life.[\/vc_column_text][\/vc_column_inner][vc_column_inner width=&#8221;1\/2&#8243;][vc_custom_heading text=&#8221;Internship Application&#8221; font_container=&#8221;tag:h2|text_align:right&#8221;][vc_column_text]We offer the opportunity to prepare future generations for the \u201cWorld of Tomorrow\u201d and show their potential.[\/vc_column_text][\/vc_column_inner][\/vc_row_inner][vc_empty_space height=&#8221;50px&#8221;][\/vc_column][\/vc_row][vc_row][vc_column]<div class=\"container\">\n\n\n\n            <div class=\"tctf row\">\n\n                <div class=\"tctf__form col-lg-8\">\n\n                    <span class=\"contactform-title\"><\/span>\n\n                    <p><\/p>\n\n                    <div class=\"tctf__form-shortcode\">\n<div class=\"wpcf7 no-js\" id=\"wpcf7-f1333-o1\" lang=\"en-US\" dir=\"ltr\" data-wpcf7-id=\"1333\">\n<div class=\"screen-reader-response\"><p role=\"status\" aria-live=\"polite\" aria-atomic=\"true\"><\/p> <ul><\/ul><\/div>\n<form action=\"\/ar\/wp-json\/wp\/v2\/pages\/1052#wpcf7-f1333-o1\" method=\"post\" class=\"wpcf7-form init cf7mls-no-scroll cf7mls-no-moving-animation\" aria-label=\"Contact form\" enctype=\"multipart\/form-data\" novalidate=\"novalidate\" data-status=\"init\">\n<fieldset class=\"hidden-fields-container\"><input type=\"hidden\" name=\"_wpcf7\" value=\"1333\" \/><input type=\"hidden\" name=\"_wpcf7_version\" value=\"6.1.5\" \/><input type=\"hidden\" name=\"_wpcf7_locale\" value=\"en_US\" \/><input type=\"hidden\" name=\"_wpcf7_unit_tag\" value=\"wpcf7-f1333-o1\" \/><input type=\"hidden\" name=\"_wpcf7_container_post\" value=\"0\" \/><input type=\"hidden\" name=\"_wpcf7_posted_data_hash\" value=\"\" \/><input type=\"hidden\" name=\"_wpcf7_recaptcha_response\" value=\"\" \/>\n<\/fieldset>\n<div class=\"profen-contact-form\">\n\t<div class=\"row\">\n\t\t<div class=\"col-lg-6 col-12\">\n\t\t\t<p><label> **\u0627\u0633\u0645 \u0627\u0644\u0644\u0642\u0628<br \/>\n<span class=\"wpcf7-form-control-wrap\" data-name=\"your-name\"><input size=\"40\" maxlength=\"400\" class=\"wpcf7-form-control wpcf7-text wpcf7-validates-as-required alphaonly\" aria-required=\"true\" aria-invalid=\"false\" value=\"\" type=\"text\" name=\"your-name\" \/><\/span><\/label>\n\t\t\t<\/p>\n\t\t<\/div>\n\t\t<div class=\"col-lg-6 col-12\">\n\t\t\t<p><label> *\u0628\u0631\u064a\u062f<br \/>\n<span class=\"wpcf7-form-control-wrap\" data-name=\"your-email\"><input size=\"40\" maxlength=\"400\" class=\"wpcf7-form-control wpcf7-email wpcf7-validates-as-required wpcf7-text wpcf7-validates-as-email\" aria-required=\"true\" aria-invalid=\"false\" value=\"\" type=\"email\" name=\"your-email\" \/><\/span> <\/label>\n\t\t\t<\/p>\n\t\t<\/div>\n\t<\/div>\n\t<div class=\"row\">\n\t\t<div class=\"col-lg-6 col-12\">\n\t\t\t<p><label> *\u0647\u0627\u062a\u0641<br \/>\n<span class=\"wpcf7-form-control-wrap\" data-name=\"phone\"><input size=\"40\" maxlength=\"400\" class=\"wpcf7-form-control wpcf7-tel wpcf7-validates-as-required wpcf7-text wpcf7-validates-as-tel\" aria-required=\"true\" aria-invalid=\"false\" value=\"\" type=\"tel\" name=\"phone\" \/><\/span><\/label>\n\t\t\t<\/p>\n\t\t<\/div>\n\t\t<div class=\"col-lg-6 col-12\">\n\t\t\t<p><label> *\u0645\u0648\u0642\u0641 \u0627\u0644\u062a\u0637\u0628\u064a\u0642<br \/>\n<span class=\"wpcf7-form-control-wrap\" data-name=\"basvuru-pozisyonu\"><input size=\"40\" maxlength=\"400\" class=\"wpcf7-form-control wpcf7-text wpcf7-validates-as-required\" aria-required=\"true\" aria-invalid=\"false\" value=\"\" type=\"text\" name=\"basvuru-pozisyonu\" \/><\/span><\/label>\n\t\t\t<\/p>\n\t\t<\/div>\n\t<\/div>\n\t<div class=\"row\">\n\t\t<div class=\"col-lg-6 col-12\">\n\t\t\t<p><label> *\u0639\u0646\u0648\u0627\u0646 \u0644\u064a\u0646\u0643\u062f \u0625\u0646<br \/>\n<span class=\"wpcf7-form-control-wrap\" data-name=\"linkedin-adresi\"><input size=\"40\" maxlength=\"400\" class=\"wpcf7-form-control wpcf7-text wpcf7-validates-as-required\" aria-required=\"true\" aria-invalid=\"false\" value=\"\" type=\"text\" name=\"linkedin-adresi\" \/><\/span><\/label>\n\t\t\t<\/p>\n\t\t<\/div>\n\t\t<div class=\"col-lg-6 col-12\">\n\t\t\t<p><label> *\u0627\u0644\u0633\u064a\u0631\u0629 \u0627\u0644\u0630\u0627\u062a\u064a\u0629 (pdf | png | jpg | jpeg) <\/label><br \/>\n<span class=\"wpcf7-form-control-wrap\" data-name=\"id:cv-yukleme\"><input size=\"40\" class=\"wpcf7-form-control wpcf7-file wpcf7-validates-as-required\" accept=\".pdf,.png,.jpg,.jpeg\" aria-required=\"true\" aria-invalid=\"false\" type=\"file\" name=\"id:cv-yukleme\" \/><\/span>\n\t\t\t<\/p>\n\t\t<\/div>\n\t<\/div>\n\t<div class=\"row\">\n\t\t<div class=\"col-12 textarea\">\n\t\t\t<p><label> \u0631\u0633\u0627\u0644\u0629<\/label><br \/>\n<span class=\"wpcf7-form-control-wrap\" data-name=\"your-message\"><textarea cols=\"40\" rows=\"1\" maxlength=\"1500\" minlength=\"10\" class=\"wpcf7-form-control wpcf7-textarea\" aria-invalid=\"false\" name=\"your-message\"><\/textarea><\/span>\n\t\t\t<\/p>\n\t\t<\/div>\n\t<\/div>\n\t<div class=\"row\">\n\t<\/div>\n\t<div class=\"row\">\n\t\t<div class=\"col-12 textarea\">\n\t\t\t<p><span class=\"wpcf7-form-control-wrap\" data-name=\"veri-onay\"><span class=\"wpcf7-form-control wpcf7-acceptance\"><span class=\"wpcf7-list-item\"><label><input type=\"checkbox\" name=\"veri-onay\" value=\"1\" aria-invalid=\"false\" \/><span class=\"wpcf7-list-item-label\">I have read and accept the <a href=\"\/en\/gdpr\/\" target=\"_blank\">GDPR<\/a>.<\/span><\/label><\/span><\/span><\/span>\n\t\t\t<\/p>\n\t\t<\/div>\n\t<\/div>\n\t<div class=\"row\">\n\t\t<div class=\"col-12 text-lg-left send-btn\">\n\t\t\t<p><input class=\"wpcf7-form-control wpcf7-submit has-spinner\" type=\"submit\" value=\"\u0625\u0631\u0633\u0627\u0644\" \/>\n\t\t\t<\/p>\n\t\t<\/div>\n\t<\/div>\n<\/div><div class=\"wpcf7-response-output\" aria-hidden=\"true\"><\/div>\n<\/form>\n<\/div>\n<\/div>\n\n                <\/div>\n\n                <div class=\"tctf__dtls col-lg-4\">\n\n                    <div class=\"row title\">\n\n                        <div class=\"col-12\">\n\n                            <h3><\/h3>\n\n                        <\/div>\n\n                    <\/div>\n\n\n\n                    <div class=\"row\">\n\n                        <div class=\"col-2\">\n\n                            <img decoding=\"async\" class=\"m-0\" src=\"https:\/\/ict.com.tr\/wp-content\/themes\/ict-profen\/assets\/icon\/phone.svg\" style=\"width: 26px; height: 26px;\" alt=\"phone\">\n\n                        <\/div>\n\n                        <div class=\"col-10\">\n\n                            <p> Phone <\/p>\n\n                            <a href=\"tel:+90 (212) 210 27 70\">+90 (212) 210 27 70<\/a>\n\n                        <\/div>\n\n                    <\/div>\n\n\n\n               \n\n\n\n                    <div class=\"row\">\n\n                        <div class=\"col-2\">\n\n                            <img decoding=\"async\" class=\"m-0\" src=\"https:\/\/ict.com.tr\/wp-content\/themes\/ict-profen\/assets\/icon\/home.svg\" style=\"width: 26px; height: 27px;\" alt=\"address\">\n\n                        <\/div>\n\n                        <div class=\"col-10\">\n\n                            <p> Addres <\/p>\n\n                            <span>Piyalepa\u015fa Bulvar\u0131 Famas Plaza C Blok, \u015ei\u015fli \/ \u0130stanbul<\/span>\n\n                        <\/div>\n\n                    <\/div>\n\n\n\n                <\/div>\n\n            <\/div>\n\n        \n\n        <\/div>[\/vc_column][\/vc_row]<\/p>\n<\/div>","protected":false},"excerpt":{"rendered":"<p>[vc_row css=&#8221;.vc_custom_1605511818729{background-color: #e5e5e5 !important;}&#8221;][vc_column][vc_row_inner][vc_column_inner width=&#8221;1\/2&#8243;][vc_custom_heading text=&#8221;General Application&#8221; font_container=&#8221;tag:h2|text_align:right&#8221;][vc_column_text]The General Application is not for a given specific position. If we do [&hellip;]<\/p>\n","protected":false},"author":1,"featured_media":2651,"parent":1048,"menu_order":0,"comment_status":"closed","ping_status":"closed","template":"","meta":{"_acf_changed":false,"footnotes":""},"class_list":["post-1052","page","type-page","status-publish","has-post-thumbnail","hentry"],"acf":[],"yoast_head":"<!-- This site is optimized with the Yoast SEO plugin v27.2 - https:\/\/yoast.com\/product\/yoast-seo-wordpress\/ -->\n<title>ICT Telecommunication - \u0648\u0638\u0627\u0626\u0641<\/title>\n<meta name=\"description\" content=\"We offer the opportunity to prepare future generations for the \u201cWorld of Tomorrow\u201d and show their potential.\" \/>\n<meta name=\"robots\" content=\"index, follow, max-snippet:-1, max-image-preview:large, max-video-preview:-1\" \/>\n<link rel=\"canonical\" href=\"https:\/\/ict.com.tr\/ar\/\u0643\u0648\u0631\u0648\u0645\u0633\u0627\u0644\/\u0648\u0638\u0627\u0626\u0641\/\" \/>\n<meta property=\"og:locale\" content=\"ar_AR\" \/>\n<meta property=\"og:type\" content=\"article\" \/>\n<meta property=\"og:title\" content=\"ICT Telecommunication - \u0648\u0638\u0627\u0626\u0641\" \/>\n<meta property=\"og:description\" content=\"We offer the opportunity to prepare future generations for the \u201cWorld of Tomorrow\u201d and show their potential.\" \/>\n<meta property=\"og:url\" content=\"https:\/\/ict.com.tr\/ar\/\u0643\u0648\u0631\u0648\u0645\u0633\u0627\u0644\/\u0648\u0638\u0627\u0626\u0641\/\" \/>\n<meta property=\"og:site_name\" content=\"ICT Telecommunication\" \/>\n<meta property=\"article:modified_time\" content=\"2023-10-30T13:12:16+00:00\" \/>\n<meta property=\"og:image\" content=\"https:\/\/ict.com.tr\/wp-content\/uploads\/2020\/11\/ekibimize-katilin-background-1-2.jpg\" \/>\n\t<meta property=\"og:image:width\" content=\"1920\" \/>\n\t<meta property=\"og:image:height\" content=\"500\" \/>\n\t<meta property=\"og:image:type\" content=\"image\/jpeg\" \/>\n<meta name=\"twitter:card\" content=\"summary_large_image\" \/>\n<meta name=\"twitter:label1\" content=\"\u0648\u0642\u062a \u0627\u0644\u0642\u0631\u0627\u0621\u0629 \u0627\u0644\u0645\u064f\u0642\u062f\u0651\u0631\" \/>\n\t<meta name=\"twitter:data1\" content=\"1 \u062f\u0642\u064a\u0642\u0629\" \/>\n<script type=\"application\/ld+json\" class=\"yoast-schema-graph\">{\"@context\":\"https:\/\/schema.org\",\"@graph\":[{\"@type\":\"WebPage\",\"@id\":\"https:\/\/ict.com.tr\/ar\/%d9%83%d9%88%d8%b1%d9%88%d9%85%d8%b3%d8%a7%d9%84\/%d9%88%d8%b8%d8%a7%d8%a6%d9%81\/\",\"url\":\"https:\/\/ict.com.tr\/ar\/%d9%83%d9%88%d8%b1%d9%88%d9%85%d8%b3%d8%a7%d9%84\/%d9%88%d8%b8%d8%a7%d8%a6%d9%81\/\",\"name\":\"ICT Telecommunication - \u0648\u0638\u0627\u0626\u0641\",\"isPartOf\":{\"@id\":\"https:\/\/ict.com.tr\/#website\"},\"primaryImageOfPage\":{\"@id\":\"https:\/\/ict.com.tr\/ar\/%d9%83%d9%88%d8%b1%d9%88%d9%85%d8%b3%d8%a7%d9%84\/%d9%88%d8%b8%d8%a7%d8%a6%d9%81\/#primaryimage\"},\"image\":{\"@id\":\"https:\/\/ict.com.tr\/ar\/%d9%83%d9%88%d8%b1%d9%88%d9%85%d8%b3%d8%a7%d9%84\/%d9%88%d8%b8%d8%a7%d8%a6%d9%81\/#primaryimage\"},\"thumbnailUrl\":\"https:\/\/ict.com.tr\/wp-content\/uploads\/2020\/11\/ekibimize-katilin-background-1-2.jpg\",\"datePublished\":\"2020-11-11T14:05:39+00:00\",\"dateModified\":\"2023-10-30T13:12:16+00:00\",\"description\":\"We offer the opportunity to prepare future generations for the \u201cWorld of Tomorrow\u201d and show their potential.\",\"breadcrumb\":{\"@id\":\"https:\/\/ict.com.tr\/ar\/%d9%83%d9%88%d8%b1%d9%88%d9%85%d8%b3%d8%a7%d9%84\/%d9%88%d8%b8%d8%a7%d8%a6%d9%81\/#breadcrumb\"},\"inLanguage\":\"ar\",\"potentialAction\":[{\"@type\":\"ReadAction\",\"target\":[\"https:\/\/ict.com.tr\/ar\/%d9%83%d9%88%d8%b1%d9%88%d9%85%d8%b3%d8%a7%d9%84\/%d9%88%d8%b8%d8%a7%d8%a6%d9%81\/\"]}]},{\"@type\":\"ImageObject\",\"inLanguage\":\"ar\",\"@id\":\"https:\/\/ict.com.tr\/ar\/%d9%83%d9%88%d8%b1%d9%88%d9%85%d8%b3%d8%a7%d9%84\/%d9%88%d8%b8%d8%a7%d8%a6%d9%81\/#primaryimage\",\"url\":\"https:\/\/ict.com.tr\/wp-content\/uploads\/2020\/11\/ekibimize-katilin-background-1-2.jpg\",\"contentUrl\":\"https:\/\/ict.com.tr\/wp-content\/uploads\/2020\/11\/ekibimize-katilin-background-1-2.jpg\",\"width\":1920,\"height\":500},{\"@type\":\"BreadcrumbList\",\"@id\":\"https:\/\/ict.com.tr\/ar\/%d9%83%d9%88%d8%b1%d9%88%d9%85%d8%b3%d8%a7%d9%84\/%d9%88%d8%b8%d8%a7%d8%a6%d9%81\/#breadcrumb\",\"itemListElement\":[{\"@type\":\"ListItem\",\"position\":1,\"name\":\"Home\",\"item\":\"https:\/\/ict.com.tr\/ar\/\"},{\"@type\":\"ListItem\",\"position\":2,\"name\":\"\u0643\u0648\u0631\u0648\u0645\u0633\u0627\u0644\",\"item\":\"https:\/\/ict.com.tr\/ar\/%d9%83%d9%88%d8%b1%d9%88%d9%85%d8%b3%d8%a7%d9%84\/\"},{\"@type\":\"ListItem\",\"position\":3,\"name\":\"\u0648\u0638\u0627\u0626\u0641\"}]},{\"@type\":\"WebSite\",\"@id\":\"https:\/\/ict.com.tr\/#website\",\"url\":\"https:\/\/ict.com.tr\/\",\"name\":\"ICT Telekom\u00fcnikasyon\",\"description\":\"\",\"potentialAction\":[{\"@type\":\"SearchAction\",\"target\":{\"@type\":\"EntryPoint\",\"urlTemplate\":\"https:\/\/ict.com.tr\/?s={search_term_string}\"},\"query-input\":{\"@type\":\"PropertyValueSpecification\",\"valueRequired\":true,\"valueName\":\"search_term_string\"}}],\"inLanguage\":\"ar\"}]}<\/script>\n<!-- \/ Yoast SEO plugin. -->","yoast_head_json":{"title":"ICT Telecommunication - \u0648\u0638\u0627\u0626\u0641","description":"We offer the opportunity to prepare future generations for the \u201cWorld of Tomorrow\u201d and show their potential.","robots":{"index":"index","follow":"follow","max-snippet":"max-snippet:-1","max-image-preview":"max-image-preview:large","max-video-preview":"max-video-preview:-1"},"canonical":"https:\/\/ict.com.tr\/ar\/\u0643\u0648\u0631\u0648\u0645\u0633\u0627\u0644\/\u0648\u0638\u0627\u0626\u0641\/","og_locale":"ar_AR","og_type":"article","og_title":"ICT Telecommunication - \u0648\u0638\u0627\u0626\u0641","og_description":"We offer the opportunity to prepare future generations for the \u201cWorld of Tomorrow\u201d and show their potential.","og_url":"https:\/\/ict.com.tr\/ar\/\u0643\u0648\u0631\u0648\u0645\u0633\u0627\u0644\/\u0648\u0638\u0627\u0626\u0641\/","og_site_name":"ICT Telecommunication","article_modified_time":"2023-10-30T13:12:16+00:00","og_image":[{"width":1920,"height":500,"url":"https:\/\/ict.com.tr\/wp-content\/uploads\/2020\/11\/ekibimize-katilin-background-1-2.jpg","type":"image\/jpeg"}],"twitter_card":"summary_large_image","twitter_misc":{"\u0648\u0642\u062a \u0627\u0644\u0642\u0631\u0627\u0621\u0629 \u0627\u0644\u0645\u064f\u0642\u062f\u0651\u0631":"1 \u062f\u0642\u064a\u0642\u0629"},"schema":{"@context":"https:\/\/schema.org","@graph":[{"@type":"WebPage","@id":"https:\/\/ict.com.tr\/ar\/%d9%83%d9%88%d8%b1%d9%88%d9%85%d8%b3%d8%a7%d9%84\/%d9%88%d8%b8%d8%a7%d8%a6%d9%81\/","url":"https:\/\/ict.com.tr\/ar\/%d9%83%d9%88%d8%b1%d9%88%d9%85%d8%b3%d8%a7%d9%84\/%d9%88%d8%b8%d8%a7%d8%a6%d9%81\/","name":"ICT Telecommunication - \u0648\u0638\u0627\u0626\u0641","isPartOf":{"@id":"https:\/\/ict.com.tr\/#website"},"primaryImageOfPage":{"@id":"https:\/\/ict.com.tr\/ar\/%d9%83%d9%88%d8%b1%d9%88%d9%85%d8%b3%d8%a7%d9%84\/%d9%88%d8%b8%d8%a7%d8%a6%d9%81\/#primaryimage"},"image":{"@id":"https:\/\/ict.com.tr\/ar\/%d9%83%d9%88%d8%b1%d9%88%d9%85%d8%b3%d8%a7%d9%84\/%d9%88%d8%b8%d8%a7%d8%a6%d9%81\/#primaryimage"},"thumbnailUrl":"https:\/\/ict.com.tr\/wp-content\/uploads\/2020\/11\/ekibimize-katilin-background-1-2.jpg","datePublished":"2020-11-11T14:05:39+00:00","dateModified":"2023-10-30T13:12:16+00:00","description":"We offer the opportunity to prepare future generations for the \u201cWorld of Tomorrow\u201d and show their potential.","breadcrumb":{"@id":"https:\/\/ict.com.tr\/ar\/%d9%83%d9%88%d8%b1%d9%88%d9%85%d8%b3%d8%a7%d9%84\/%d9%88%d8%b8%d8%a7%d8%a6%d9%81\/#breadcrumb"},"inLanguage":"ar","potentialAction":[{"@type":"ReadAction","target":["https:\/\/ict.com.tr\/ar\/%d9%83%d9%88%d8%b1%d9%88%d9%85%d8%b3%d8%a7%d9%84\/%d9%88%d8%b8%d8%a7%d8%a6%d9%81\/"]}]},{"@type":"ImageObject","inLanguage":"ar","@id":"https:\/\/ict.com.tr\/ar\/%d9%83%d9%88%d8%b1%d9%88%d9%85%d8%b3%d8%a7%d9%84\/%d9%88%d8%b8%d8%a7%d8%a6%d9%81\/#primaryimage","url":"https:\/\/ict.com.tr\/wp-content\/uploads\/2020\/11\/ekibimize-katilin-background-1-2.jpg","contentUrl":"https:\/\/ict.com.tr\/wp-content\/uploads\/2020\/11\/ekibimize-katilin-background-1-2.jpg","width":1920,"height":500},{"@type":"BreadcrumbList","@id":"https:\/\/ict.com.tr\/ar\/%d9%83%d9%88%d8%b1%d9%88%d9%85%d8%b3%d8%a7%d9%84\/%d9%88%d8%b8%d8%a7%d8%a6%d9%81\/#breadcrumb","itemListElement":[{"@type":"ListItem","position":1,"name":"Home","item":"https:\/\/ict.com.tr\/ar\/"},{"@type":"ListItem","position":2,"name":"\u0643\u0648\u0631\u0648\u0645\u0633\u0627\u0644","item":"https:\/\/ict.com.tr\/ar\/%d9%83%d9%88%d8%b1%d9%88%d9%85%d8%b3%d8%a7%d9%84\/"},{"@type":"ListItem","position":3,"name":"\u0648\u0638\u0627\u0626\u0641"}]},{"@type":"WebSite","@id":"https:\/\/ict.com.tr\/#website","url":"https:\/\/ict.com.tr\/","name":"ICT Telekom\u00fcnikasyon","description":"","potentialAction":[{"@type":"SearchAction","target":{"@type":"EntryPoint","urlTemplate":"https:\/\/ict.com.tr\/?s={search_term_string}"},"query-input":{"@type":"PropertyValueSpecification","valueRequired":true,"valueName":"search_term_string"}}],"inLanguage":"ar"}]}},"_links":{"self":[{"href":"https:\/\/ict.com.tr\/ar\/wp-json\/wp\/v2\/pages\/1052","targetHints":{"allow":["GET"]}}],"collection":[{"href":"https:\/\/ict.com.tr\/ar\/wp-json\/wp\/v2\/pages"}],"about":[{"href":"https:\/\/ict.com.tr\/ar\/wp-json\/wp\/v2\/types\/page"}],"author":[{"embeddable":true,"href":"https:\/\/ict.com.tr\/ar\/wp-json\/wp\/v2\/users\/1"}],"replies":[{"embeddable":true,"href":"https:\/\/ict.com.tr\/ar\/wp-json\/wp\/v2\/comments?post=1052"}],"version-history":[{"count":10,"href":"https:\/\/ict.com.tr\/ar\/wp-json\/wp\/v2\/pages\/1052\/revisions"}],"predecessor-version":[{"id":4219,"href":"https:\/\/ict.com.tr\/ar\/wp-json\/wp\/v2\/pages\/1052\/revisions\/4219"}],"up":[{"embeddable":true,"href":"https:\/\/ict.com.tr\/ar\/wp-json\/wp\/v2\/pages\/1048"}],"wp:featuredmedia":[{"embeddable":true,"href":"https:\/\/ict.com.tr\/ar\/wp-json\/wp\/v2\/media\/2651"}],"wp:attachment":[{"href":"https:\/\/ict.com.tr\/ar\/wp-json\/wp\/v2\/media?parent=1052"}],"curies":[{"name":"wp","href":"https:\/\/api.w.org\/{rel}","templated":true}]}}